{"id":40693,"date":"2022-11-30T12:54:34","date_gmt":"2022-11-30T10:54:34","guid":{"rendered":"https:\/\/www.nordtec.se\/produkt\/uncategorized\/testo-560i-refrigerant-scale-with-solenoid-valve\/"},"modified":"2025-11-27T10:32:00","modified_gmt":"2025-11-27T08:32:00","slug":"testo-560i-refrigerant-scale-with-solenoid-valve","status":"publish","type":"product","link":"https:\/\/www.nordtec.se\/en\/product\/measuring-instruments\/cooling-and-heat-pump-instruments\/testo-560i-refrigerant-scale-with-solenoid-valve\/","title":{"rendered":"testo 560i &#8211; Refrigerant scale with solenoid valve"},"content":{"rendered":"<h2>testo 560i &#8211; Refrigerant scale, bag and solenoid valve<\/h2>\n<p>Faster and more accurate filling of cooling systems and heat pumps. An interaction between the testo 560i wireless refrigerant scale, the intelligent solenoid valve, a Testo digital manometer rack and\/or the testo Smart app. Simply enter your desired filling program and target values for weight, overheating or undercooling in the pressure gauge rack or app and the scale and valve will do the rest for you. You save time and get an accurate charge of refrigerant in the system.<\/p>\n<ul>\n<li>Included in the measurement kit: the testo 560i digital refrigerant scale and an intelligent solenoid valve (both with Bluetooth), shoulder bag, batteries.<\/li>\n<li>Automatic and accurate charging of refrigerant using the scale, valve and the Testo pressure gauge stand and\/or the testo Smart app<\/li>\n<li>Easy management via the testo pressure gauge stand or the testo Smart app with automatic filling programs controlled by target weight, overheating or undercooling values<\/li>\n<li>Flexible in crowded environments: scale and valve automatically connect via Bluetooth to the manometer stands and the app on your mobile\/tablet.<\/li>\n<li>All measured values during the filling process can be read on the manometer site and in the app (with storage of measurement data in the app).<\/li>\n<li>Compatible with the testo 557s\/550s\/550i and testo 557\/550, the SmartProbes sensors testo 115i\/549i\/605i and the testo Smart app for Android and iOS.<\/li>\n<\/ul>\n<h2>Advantages of the testo 560i refrigerant scale<\/h2>\n<ul>\n<li>High measurement accuracy of \u00b1 10 g and display in kg<\/li>\n<li>Holds up to 100 kg for all standard refrigerant cylinders<\/li>\n<li>Long Bluetooth range of up to 150 m with a Testo manometer stand (up to 30 m without a manometer stand).<\/li>\n<li>Safe handling: 3D corners for precise placement of the refrigerant bottle and textured rubber surface for stable grip<\/li>\n<li>Very robust and high protection class (IP44)<\/li>\n<li>Particularly handy thanks to compact housing, low weight, practical carrying handle and robust shoulder bag<\/li>\n<li>Long battery life of up to 70 hours thanks to replaceable AA batteries and automatic shutdown function<\/li>\n<li>High flexibility in outdoor use at temperatures from -10 to +50\u00b0C<\/li>\n<\/ul>\n<h2>Advantages of the solenoid valve<\/h2>\n<ul>\n<li>Protection class IP54<\/li>\n<li>Long Bluetooth range of up to 150 m with a Testo manometer stand (up to 50 m without the manometer stand).<\/li>\n<li>Long battery life of over 60 hours and replaceable 9V battery<\/li>\n<li>Very practical thanks to the robust hook<\/li>\n<\/ul>\n<h2>Included in delivery<\/h2>\n<ul>\n<li>testo 560i, digital refrigerant scale with Bluetooth<\/li>\n<li>Solenoid valve with Bluetooth<\/li>\n<li>Shoulder strap bag<\/li>\n<li>4 AA batteries<\/li>\n<li>1 x 9V battery (6LR61)<\/li>\n<li>Instructions for use<\/li>\n<\/ul>\n<p><span class=\"ui-provider ed ayd aye ayf ayg ayh ayi ayj ayk ayl aym ayn ayo ayp ayq ayr ays ayt ayu ayv ayw ayx ayy ayz aza azb azc azd aze azf azg azh azi azj azk\" dir=\"ltr\"><strong>Fabriksprotokoll:<\/strong>\u00a0utf\u00e4rdas p\u00e5 fabriken efter en kontroll av att produkten fungerar och uppfyller angiven m\u00e4tnoggrannhet. L\u00e4s om <a href=\"https:\/\/www.nordtec.se\/kalibrering\/iso-9001-kraver-kalibrerad-matutrustning\/\"><u>skillnaden mellan fabriksprotokoll och ackrediterad kalibrering<\/u><\/a>.<\/span><\/p>\n","protected":false},"excerpt":{"rendered":"<p style=\"text-align: left;\">Measuring kit with bag for automatic filling of chillers and heat pumps<\/p>\n<ul>\n<li>Automatic and precise charging of refrigerant to a set target value for weight, superheat or subcooling thanks to an intelligent solenoid valve.<\/li>\n<li>Wireless connection and function with the Testo manometer stand and the testo Smart app via Bluetooth<\/li>\n<li>All measured values during the filling process can be easily read and saved in the testo Smart app.<\/li>\n<li>Practical thanks to compact housing, low weight, practical carrying handle and robust shoulder bag<\/li>\n<\/ul>\n","protected":false},"featured_media":39777,"template":"","meta":{"_kad_blocks_custom_css":"","_kad_blocks_head_custom_js":"","_kad_blocks_body_custom_js":"","_kad_blocks_footer_custom_js":"","footnotes":""},"product_brand":[1435],"product_cat":[788,768,1426],"product_tag":[984,985,850,882,958],"class_list":{"0":"post-40693","1":"product","2":"type-product","3":"status-publish","4":"has-post-thumbnail","6":"product_brand-testo","7":"product_cat-cooling-and-heat-pump-instruments","8":"product_cat-measuring-instruments","9":"product_cat-testo-smart-app","10":"product_tag-0564-5702-en","11":"product_tag-0564-5704-en","12":"product_tag-bluetooth-en","13":"product_tag-koldmedievag-en","14":"product_tag-testo-560i-en","16":"first","17":"instock","18":"taxable","19":"shipping-taxable","20":"purchasable","21":"product-type-simple"},"yoast_head":"<!-- This site is optimized with the Yoast SEO Premium plugin v27.3 (Yoast SEO v27.5) - https:\/\/yoast.com\/product\/yoast-seo-premium-wordpress\/ -->\n<title>testo 560i - Refrigerant scale with solenoid valve | Nordtec<\/title>\n<meta name=\"description\" content=\"Unique scale and solenoid valve. Charges exactly the right amount of refrigerant based on target superheat, subcooling or weight. Practical bag included.\" \/>\n<meta name=\"robots\" content=\"index, follow, max-snippet:-1, max-image-preview:large, max-video-preview:-1\" \/>\n<link rel=\"canonical\" href=\"https:\/\/www.nordtec.se\/en\/product\/measuring-instruments\/cooling-and-heat-pump-instruments\/testo-560i-refrigerant-scale-with-solenoid-valve\/\" \/>\n<meta property=\"og:locale\" content=\"en_US\" \/>\n<meta property=\"og:type\" content=\"article\" \/>\n<meta property=\"og:title\" content=\"testo 560i - Refrigerant scale with solenoid valve\" \/>\n<meta property=\"og:description\" content=\"Unique scale and solenoid valve. Charges exactly the right amount of refrigerant based on target superheat, subcooling or weight. Practical bag included.\" \/>\n<meta property=\"og:url\" content=\"https:\/\/www.nordtec.se\/en\/product\/measuring-instruments\/cooling-and-heat-pump-instruments\/testo-560i-refrigerant-scale-with-solenoid-valve\/\" \/>\n<meta property=\"og:site_name\" content=\"Nordtec\" \/>\n<meta property=\"article:publisher\" content=\"https:\/\/www.facebook.com\/nordtecinstrument\" \/>\n<meta property=\"article:modified_time\" content=\"2025-11-27T08:32:00+00:00\" \/>\n<meta property=\"og:image\" content=\"https:\/\/www.nordtec.se\/wp-content\/uploads\/2022\/11\/testo-560i-front-0564-2560_800px.png\" \/>\n\t<meta property=\"og:image:width\" content=\"800\" \/>\n\t<meta property=\"og:image:height\" content=\"800\" \/>\n\t<meta property=\"og:image:type\" content=\"image\/png\" \/>\n<meta name=\"twitter:card\" content=\"summary_large_image\" \/>\n<meta name=\"twitter:label1\" content=\"Est. reading time\" \/>\n\t<meta name=\"twitter:data1\" content=\"3 minutes\" \/>\n<script type=\"application\/ld+json\" class=\"yoast-schema-graph\">{\"@context\":\"https:\\\/\\\/schema.org\",\"@graph\":[{\"@type\":[\"WebPage\",\"ItemPage\"],\"@id\":\"https:\\\/\\\/www.nordtec.se\\\/en\\\/product\\\/measuring-instruments\\\/cooling-and-heat-pump-instruments\\\/testo-560i-refrigerant-scale-with-solenoid-valve\\\/\",\"url\":\"https:\\\/\\\/www.nordtec.se\\\/en\\\/product\\\/measuring-instruments\\\/cooling-and-heat-pump-instruments\\\/testo-560i-refrigerant-scale-with-solenoid-valve\\\/\",\"name\":\"testo 560i - Refrigerant scale with solenoid valve | Nordtec\",\"isPartOf\":{\"@id\":\"https:\\\/\\\/www.nordtec.se\\\/en\\\/#website\"},\"primaryImageOfPage\":{\"@id\":\"https:\\\/\\\/www.nordtec.se\\\/en\\\/product\\\/measuring-instruments\\\/cooling-and-heat-pump-instruments\\\/testo-560i-refrigerant-scale-with-solenoid-valve\\\/#primaryimage\"},\"image\":{\"@id\":\"https:\\\/\\\/www.nordtec.se\\\/en\\\/product\\\/measuring-instruments\\\/cooling-and-heat-pump-instruments\\\/testo-560i-refrigerant-scale-with-solenoid-valve\\\/#primaryimage\"},\"thumbnailUrl\":\"https:\\\/\\\/www.nordtec.se\\\/wp-content\\\/uploads\\\/2022\\\/11\\\/testo-560i-front-0564-2560_800px.png\",\"datePublished\":\"2022-11-30T10:54:34+00:00\",\"dateModified\":\"2025-11-27T08:32:00+00:00\",\"description\":\"Unique scale and solenoid valve. Charges exactly the right amount of refrigerant based on target superheat, subcooling or weight. Practical bag included.\",\"breadcrumb\":{\"@id\":\"https:\\\/\\\/www.nordtec.se\\\/en\\\/product\\\/measuring-instruments\\\/cooling-and-heat-pump-instruments\\\/testo-560i-refrigerant-scale-with-solenoid-valve\\\/#breadcrumb\"},\"inLanguage\":\"en-US\",\"potentialAction\":[{\"@type\":\"ReadAction\",\"target\":[\"https:\\\/\\\/www.nordtec.se\\\/en\\\/product\\\/measuring-instruments\\\/cooling-and-heat-pump-instruments\\\/testo-560i-refrigerant-scale-with-solenoid-valve\\\/\"]}]},{\"@type\":\"ImageObject\",\"inLanguage\":\"en-US\",\"@id\":\"https:\\\/\\\/www.nordtec.se\\\/en\\\/product\\\/measuring-instruments\\\/cooling-and-heat-pump-instruments\\\/testo-560i-refrigerant-scale-with-solenoid-valve\\\/#primaryimage\",\"url\":\"https:\\\/\\\/www.nordtec.se\\\/wp-content\\\/uploads\\\/2022\\\/11\\\/testo-560i-front-0564-2560_800px.png\",\"contentUrl\":\"https:\\\/\\\/www.nordtec.se\\\/wp-content\\\/uploads\\\/2022\\\/11\\\/testo-560i-front-0564-2560_800px.png\",\"width\":800,\"height\":800,\"caption\":\"testo 560i 0564 2560 Front scale and valve\"},{\"@type\":\"BreadcrumbList\",\"@id\":\"https:\\\/\\\/www.nordtec.se\\\/en\\\/product\\\/measuring-instruments\\\/cooling-and-heat-pump-instruments\\\/testo-560i-refrigerant-scale-with-solenoid-valve\\\/#breadcrumb\",\"itemListElement\":[{\"@type\":\"ListItem\",\"position\":1,\"name\":\"Hem\",\"item\":\"https:\\\/\\\/www.nordtec.se\\\/en\\\/\"},{\"@type\":\"ListItem\",\"position\":2,\"name\":\"Shop\",\"item\":\"https:\\\/\\\/www.nordtec.se\\\/shop\\\/?lang=en\"},{\"@type\":\"ListItem\",\"position\":3,\"name\":\"testo 560i &#8211; Refrigerant scale with solenoid valve\"}]},{\"@type\":\"WebSite\",\"@id\":\"https:\\\/\\\/www.nordtec.se\\\/en\\\/#website\",\"url\":\"https:\\\/\\\/www.nordtec.se\\\/en\\\/\",\"name\":\"Nordtec\",\"description\":\"Din partner inom m\u00e4tteknik\",\"publisher\":{\"@id\":\"https:\\\/\\\/www.nordtec.se\\\/en\\\/#organization\"},\"potentialAction\":[{\"@type\":\"SearchAction\",\"target\":{\"@type\":\"EntryPoint\",\"urlTemplate\":\"https:\\\/\\\/www.nordtec.se\\\/en\\\/?s={search_term_string}\"},\"query-input\":{\"@type\":\"PropertyValueSpecification\",\"valueRequired\":true,\"valueName\":\"search_term_string\"}}],\"inLanguage\":\"en-US\"},{\"@type\":\"Organization\",\"@id\":\"https:\\\/\\\/www.nordtec.se\\\/en\\\/#organization\",\"name\":\"Nordtec Instrument AB\",\"url\":\"https:\\\/\\\/www.nordtec.se\\\/en\\\/\",\"logo\":{\"@type\":\"ImageObject\",\"inLanguage\":\"en-US\",\"@id\":\"https:\\\/\\\/www.nordtec.se\\\/en\\\/#\\\/schema\\\/logo\\\/image\\\/\",\"url\":\"https:\\\/\\\/www.nordtec.se\\\/wp-content\\\/uploads\\\/2021\\\/08\\\/nordtec_logo_rgb-340px.png\",\"contentUrl\":\"https:\\\/\\\/www.nordtec.se\\\/wp-content\\\/uploads\\\/2021\\\/08\\\/nordtec_logo_rgb-340px.png\",\"width\":340,\"height\":75,\"caption\":\"Nordtec Instrument AB\"},\"image\":{\"@id\":\"https:\\\/\\\/www.nordtec.se\\\/en\\\/#\\\/schema\\\/logo\\\/image\\\/\"},\"sameAs\":[\"https:\\\/\\\/www.facebook.com\\\/nordtecinstrument\",\"https:\\\/\\\/www.instagram.com\\\/nordtec_instrument\\\/\",\"https:\\\/\\\/www.linkedin.com\\\/company\\\/nordtec-instrument-ab\\\/\",\"https:\\\/\\\/www.youtube.com\\\/channel\\\/UCbmAq3ZmfBKOGg7_igFURng\"]}]}<\/script>\n<!-- \/ Yoast SEO Premium plugin. -->","yoast_head_json":{"title":"testo 560i - Refrigerant scale with solenoid valve | Nordtec","description":"Unique scale and solenoid valve. Charges exactly the right amount of refrigerant based on target superheat, subcooling or weight. Practical bag included.","robots":{"index":"index","follow":"follow","max-snippet":"max-snippet:-1","max-image-preview":"max-image-preview:large","max-video-preview":"max-video-preview:-1"},"canonical":"https:\/\/www.nordtec.se\/en\/product\/measuring-instruments\/cooling-and-heat-pump-instruments\/testo-560i-refrigerant-scale-with-solenoid-valve\/","og_locale":"en_US","og_type":"article","og_title":"testo 560i - Refrigerant scale with solenoid valve","og_description":"Unique scale and solenoid valve. Charges exactly the right amount of refrigerant based on target superheat, subcooling or weight. Practical bag included.","og_url":"https:\/\/www.nordtec.se\/en\/product\/measuring-instruments\/cooling-and-heat-pump-instruments\/testo-560i-refrigerant-scale-with-solenoid-valve\/","og_site_name":"Nordtec","article_publisher":"https:\/\/www.facebook.com\/nordtecinstrument","article_modified_time":"2025-11-27T08:32:00+00:00","og_image":[{"width":800,"height":800,"url":"https:\/\/www.nordtec.se\/wp-content\/uploads\/2022\/11\/testo-560i-front-0564-2560_800px.png","type":"image\/png"}],"twitter_card":"summary_large_image","twitter_misc":{"Est. reading time":"3 minutes"},"schema":{"@context":"https:\/\/schema.org","@graph":[{"@type":["WebPage","ItemPage"],"@id":"https:\/\/www.nordtec.se\/en\/product\/measuring-instruments\/cooling-and-heat-pump-instruments\/testo-560i-refrigerant-scale-with-solenoid-valve\/","url":"https:\/\/www.nordtec.se\/en\/product\/measuring-instruments\/cooling-and-heat-pump-instruments\/testo-560i-refrigerant-scale-with-solenoid-valve\/","name":"testo 560i - Refrigerant scale with solenoid valve | Nordtec","isPartOf":{"@id":"https:\/\/www.nordtec.se\/en\/#website"},"primaryImageOfPage":{"@id":"https:\/\/www.nordtec.se\/en\/product\/measuring-instruments\/cooling-and-heat-pump-instruments\/testo-560i-refrigerant-scale-with-solenoid-valve\/#primaryimage"},"image":{"@id":"https:\/\/www.nordtec.se\/en\/product\/measuring-instruments\/cooling-and-heat-pump-instruments\/testo-560i-refrigerant-scale-with-solenoid-valve\/#primaryimage"},"thumbnailUrl":"https:\/\/www.nordtec.se\/wp-content\/uploads\/2022\/11\/testo-560i-front-0564-2560_800px.png","datePublished":"2022-11-30T10:54:34+00:00","dateModified":"2025-11-27T08:32:00+00:00","description":"Unique scale and solenoid valve. Charges exactly the right amount of refrigerant based on target superheat, subcooling or weight. Practical bag included.","breadcrumb":{"@id":"https:\/\/www.nordtec.se\/en\/product\/measuring-instruments\/cooling-and-heat-pump-instruments\/testo-560i-refrigerant-scale-with-solenoid-valve\/#breadcrumb"},"inLanguage":"en-US","potentialAction":[{"@type":"ReadAction","target":["https:\/\/www.nordtec.se\/en\/product\/measuring-instruments\/cooling-and-heat-pump-instruments\/testo-560i-refrigerant-scale-with-solenoid-valve\/"]}]},{"@type":"ImageObject","inLanguage":"en-US","@id":"https:\/\/www.nordtec.se\/en\/product\/measuring-instruments\/cooling-and-heat-pump-instruments\/testo-560i-refrigerant-scale-with-solenoid-valve\/#primaryimage","url":"https:\/\/www.nordtec.se\/wp-content\/uploads\/2022\/11\/testo-560i-front-0564-2560_800px.png","contentUrl":"https:\/\/www.nordtec.se\/wp-content\/uploads\/2022\/11\/testo-560i-front-0564-2560_800px.png","width":800,"height":800,"caption":"testo 560i 0564 2560 Front scale and valve"},{"@type":"BreadcrumbList","@id":"https:\/\/www.nordtec.se\/en\/product\/measuring-instruments\/cooling-and-heat-pump-instruments\/testo-560i-refrigerant-scale-with-solenoid-valve\/#breadcrumb","itemListElement":[{"@type":"ListItem","position":1,"name":"Hem","item":"https:\/\/www.nordtec.se\/en\/"},{"@type":"ListItem","position":2,"name":"Shop","item":"https:\/\/www.nordtec.se\/shop\/?lang=en"},{"@type":"ListItem","position":3,"name":"testo 560i &#8211; Refrigerant scale with solenoid valve"}]},{"@type":"WebSite","@id":"https:\/\/www.nordtec.se\/en\/#website","url":"https:\/\/www.nordtec.se\/en\/","name":"Nordtec","description":"Din partner inom m\u00e4tteknik","publisher":{"@id":"https:\/\/www.nordtec.se\/en\/#organization"},"potentialAction":[{"@type":"SearchAction","target":{"@type":"EntryPoint","urlTemplate":"https:\/\/www.nordtec.se\/en\/?s={search_term_string}"},"query-input":{"@type":"PropertyValueSpecification","valueRequired":true,"valueName":"search_term_string"}}],"inLanguage":"en-US"},{"@type":"Organization","@id":"https:\/\/www.nordtec.se\/en\/#organization","name":"Nordtec Instrument AB","url":"https:\/\/www.nordtec.se\/en\/","logo":{"@type":"ImageObject","inLanguage":"en-US","@id":"https:\/\/www.nordtec.se\/en\/#\/schema\/logo\/image\/","url":"https:\/\/www.nordtec.se\/wp-content\/uploads\/2021\/08\/nordtec_logo_rgb-340px.png","contentUrl":"https:\/\/www.nordtec.se\/wp-content\/uploads\/2021\/08\/nordtec_logo_rgb-340px.png","width":340,"height":75,"caption":"Nordtec Instrument AB"},"image":{"@id":"https:\/\/www.nordtec.se\/en\/#\/schema\/logo\/image\/"},"sameAs":["https:\/\/www.facebook.com\/nordtecinstrument","https:\/\/www.instagram.com\/nordtec_instrument\/","https:\/\/www.linkedin.com\/company\/nordtec-instrument-ab\/","https:\/\/www.youtube.com\/channel\/UCbmAq3ZmfBKOGg7_igFURng"]}]}},"taxonomy_info":{"product_brand":[{"value":1435,"label":"Testo"}],"product_cat":[{"value":788,"label":"Cooling and heat pump instruments"},{"value":768,"label":"Measuring instruments"},{"value":1426,"label":"testo Smart App"}],"product_tag":[{"value":984,"label":"0564 5702"},{"value":985,"label":"0564 5704"},{"value":850,"label":"Bluetooth"},{"value":882,"label":"K\u00f6ldmediev\u00e5g"},{"value":958,"label":"testo 560i"}]},"featured_image_src_large":["https:\/\/www.nordtec.se\/wp-content\/uploads\/2022\/11\/testo-560i-front-0564-2560_800px.png",800,800,false],"author_info":[],"comment_info":"","_links":{"self":[{"href":"https:\/\/www.nordtec.se\/en\/wp-json\/wp\/v2\/product\/40693","targetHints":{"allow":["GET"]}}],"collection":[{"href":"https:\/\/www.nordtec.se\/en\/wp-json\/wp\/v2\/product"}],"about":[{"href":"https:\/\/www.nordtec.se\/en\/wp-json\/wp\/v2\/types\/product"}],"version-history":[{"count":1,"href":"https:\/\/www.nordtec.se\/en\/wp-json\/wp\/v2\/product\/40693\/revisions"}],"predecessor-version":[{"id":45052,"href":"https:\/\/www.nordtec.se\/en\/wp-json\/wp\/v2\/product\/40693\/revisions\/45052"}],"wp:featuredmedia":[{"embeddable":true,"href":"https:\/\/www.nordtec.se\/en\/wp-json\/wp\/v2\/media\/39777"}],"wp:attachment":[{"href":"https:\/\/www.nordtec.se\/en\/wp-json\/wp\/v2\/media?parent=40693"}],"wp:term":[{"taxonomy":"product_brand","embeddable":true,"href":"https:\/\/www.nordtec.se\/en\/wp-json\/wp\/v2\/product_brand?post=40693"},{"taxonomy":"product_cat","embeddable":true,"href":"https:\/\/www.nordtec.se\/en\/wp-json\/wp\/v2\/product_cat?post=40693"},{"taxonomy":"product_tag","embeddable":true,"href":"https:\/\/www.nordtec.se\/en\/wp-json\/wp\/v2\/product_tag?post=40693"}],"curies":[{"name":"wp","href":"https:\/\/api.w.org\/{rel}","templated":true}]}}