{"id":40733,"date":"2022-03-31T16:50:40","date_gmt":"2022-03-31T14:50:40","guid":{"rendered":"https:\/\/www.nordtec.se\/produkt\/uncategorized\/celsicom-tc603-concrete-computer\/"},"modified":"2026-03-13T17:59:51","modified_gmt":"2026-03-13T15:59:51","slug":"celsicom-tc603-concrete-computer","status":"publish","type":"product","link":"https:\/\/www.nordtec.se\/en\/product\/measurement-systems\/celsicom-en\/celsicom-tc603-concrete-computer\/","title":{"rendered":"Celsicom TC603 &#8211; concrete computer"},"content":{"rendered":"<h2>Celsicom TC603 &#8211; mobile-connected remote monitoring of concrete strength<\/h2>\n<p>The TC603 concrete computer has a robust and durable enclosure and is intended for use with 2 external thermocouple sensors. Several types can be used and the default setting is type T (ordered separately), which is easily mounted with pole screws. It also has 1 built-in internal ambient temperature sensor. A typical application is concrete temperature measurement and strength calculations. <a href=\"https:\/\/www.nordtec.se\/en\/presentation-of-measurement-systems\/presentation-of-celsicom\/?lang=en\">Learn more about the different parts of the Celsicom system<\/a>.<\/p>\n<ul>\n<li>For concrete temperature and concrete strength<\/li>\n<li>Mobile-connected temperature monitoring in concrete<\/li>\n<li>Inputs for 2 external wire sensors (ordered separately)<\/li>\n<li>Internal ambient temperature sensor<\/li>\n<li>Measurement range: depending on thermocouple type (external sensors), -30 \u00b0C to +70 \u00b0C (internal sensor)<\/li>\n<li>Low price on unlimited cloud storage<\/li>\n<\/ul>\n<h2>The main advantages of TC603<\/h2>\n<p><strong>No gateway or base station needed<\/strong><\/p>\n<p>All loggers in the new Celsicom generation have a direct, secure transfer of data to the cloud without detouring around a base station or gateway. The data traffic is sent on a licensed frequency exclusively for NB-IoT on Telia&#8217;s existing mobile network. Coverage is excellent and the risk of interference is virtually zero.<\/p>\n<p><strong>Easy to get started<\/strong><\/p>\n<p>After scanning the QR code on your first logger, a window will open on your phone where you can create a new cloud service account. After filling in your details and naming the logger, you&#8217;ll be up and running in no time and can instantly see the logger readings on your phone, tablet or computer. If you already have an account, log in and name the new logger.  <\/p>\n<p><strong>Molntj\u00e4nsten Celsiview<\/strong><br \/>Alla m\u00e4tv\u00e4rden lagras automatiskt i molntj\u00e4nsten Celsiview som n\u00e5s via webbl\u00e4saren p\u00e5 en mobil, surfplatta eller dator. Priset f\u00f6r molnlagringen \u00e4r 25 kr i m\u00e5naden per logger. D\u00e5 ing\u00e5r ocks\u00e5 kostnaden f\u00f6r all datatrafik. En obegr\u00e4nsad m\u00e4ngd data lagras i molnet s\u00e5 l\u00e4nge abonnemanget fortl\u00f6per.<\/p>\r\n<p><a class=\"button\" href=\"https:\/\/app.celsiview.se\" target=\"_blank\" rel=\"noopener\">Till Celsiview<\/a><\/p>\n<p>If you want to use a concrete recipe (either your own or existing in Celsiview) and follow the strength, there is a monthly fee per logger.<\/p>\n<p><strong>Backup memory<\/strong><\/p>\n<p>In addition to sending all measurements to the cloud service, they are also stored in a backup memory in each logger. However, if there is a disruption, all measurement data is sent at the next transmission time.<\/p>\n<p><strong>Concrete strength<\/strong><\/p>\n<p>The graph below is an example of what the graph on your phone, tablet or computer might look like during a concrete pour. By selecting concrete recipes in the cloud service, you get a strength calculation and can plan when to demolish the forms more efficiently. You can even add your own concrete recipes if none of the standard recipes already entered can be used for your application.<\/p>\n<p><a href=\"\/wp-content\/uploads\/2022\/03\/betongkurva-800px.jpg\"><img loading=\"lazy\" decoding=\"async\" class=\"alignnone size-full wp-image-24132\" src=\"\/wp-content\/uploads\/2022\/03\/betongkurva-800px.jpg\" alt=\"Concrete strength curve\" width=\"800\" height=\"800\" srcset=\"https:\/\/www.nordtec.se\/wp-content\/uploads\/2022\/03\/betongkurva-800px.jpg 800w, https:\/\/www.nordtec.se\/wp-content\/uploads\/2022\/03\/betongkurva-800px-300x300.jpg 300w, https:\/\/www.nordtec.se\/wp-content\/uploads\/2022\/03\/betongkurva-800px-150x150.jpg 150w, https:\/\/www.nordtec.se\/wp-content\/uploads\/2022\/03\/betongkurva-800px-768x768.jpg 768w, https:\/\/www.nordtec.se\/wp-content\/uploads\/2022\/03\/betongkurva-800px-324x324.jpg 324w, https:\/\/www.nordtec.se\/wp-content\/uploads\/2022\/03\/betongkurva-800px-416x416.jpg 416w, https:\/\/www.nordtec.se\/wp-content\/uploads\/2022\/03\/betongkurva-800px-100x100.jpg 100w, https:\/\/www.nordtec.se\/wp-content\/uploads\/2022\/03\/betongkurva-800px-64x64.jpg 64w\" sizes=\"auto, (max-width: 800px) 100vw, 800px\" \/><\/a><\/p>\n<p><strong>Celsiview &#8211; the cloud service packed with smart features<\/strong><\/p>\n<p>Celsiview offers a variety of ready-made concrete recipes to choose from. If your recipe is not included in the standard recipes, you can easily add your own recipe based on pressure-tested concrete cubes.<\/p>\n<p><img loading=\"lazy\" decoding=\"async\" class=\"alignnone wp-image-36666 size-full\" src=\"\/wp-content\/uploads\/2024\/01\/Celsicom_svensk_kurva_808x653.jpg\" alt=\"Celsicom TC603 Curve fitting simple concrete recipes\" width=\"896\" height=\"631\"><\/p>\n<p>In the detailed report view, you can easily retrieve current measurement values that can be downloaded and sent as PDF or Excel to any recipient.<\/p>\n<p><img loading=\"lazy\" decoding=\"async\" class=\"alignnone wp-image-36671 size-full\" src=\"\/wp-content\/uploads\/2022\/03\/Rapport_Gjutning.png\" alt=\"Celsicom TC603 Report Casting\" width=\"1207\" height=\"689\"><\/p>\n<p>After logging in to the home page, you will immediately see a summary of important parameters for your active castings.<\/p>\n<p><img loading=\"lazy\" decoding=\"async\" class=\"alignnone wp-image-36672 size-full\" src=\"\/wp-content\/uploads\/2022\/03\/Widget-NY.png\" alt=\"Celsiview Celsicom TC603 Widget\" width=\"1066\" height=\"488\"><\/p>\n<p>[show_related_featured_videos]<\/p>\n<h2>Included in delivery<\/h2>\n<p>Celsicom Easy Connect TC603, 2 x TE type T + 1 x int.temp, 2 x AA\/LR6 1.5V batteries<\/p>\n","protected":false},"excerpt":{"rendered":"<p style=\"text-align: left;\">Mobile-connected temperature monitoring in concrete<\/p>\n<ul>\n<li style=\"text-align: left;\">Inputs for 2 external wire sensors (ordered separately)<\/li>\n<li style=\"text-align: left;\">Internal ambient temperature sensor<\/li>\n<li style=\"text-align: left;\">  -30\u00b0C to +70\u00b0C (internal sensor)<\/li>\n<li>Low price on unlimited cloud storage<\/li>\n<\/ul>\n","protected":false},"featured_media":54681,"template":"","meta":{"_kad_blocks_custom_css":"","_kad_blocks_head_custom_js":"","_kad_blocks_body_custom_js":"","_kad_blocks_footer_custom_js":"","footnotes":""},"product_brand":[],"product_cat":[775,777,827,769,841,844,828],"product_tag":[892,964,914,930],"class_list":{"0":"post-40733","1":"product","2":"type-product","3":"status-publish","4":"has-post-thumbnail","6":"product_cat-celsicom-en","7":"product_cat-celsicom-easy-connect-en","8":"product_cat-concrete-computers","9":"product_cat-data-loggers","10":"product_cat-measurement-systems","11":"product_cat-mobile-connected-loggers","12":"product_cat-temperature-loggers","13":"product_tag-mobilnat-en","14":"product_tag-over-50-grader-en","15":"product_tag-temperatur-en","16":"product_tag-under-minus-20-grader-en","18":"first","19":"instock","20":"taxable","21":"shipping-taxable","22":"purchasable","23":"product-type-simple"},"yoast_head":"<!-- This site is optimized with the Yoast SEO Premium plugin v27.3 (Yoast SEO v27.5) - https:\/\/yoast.com\/product\/yoast-seo-premium-wordpress\/ -->\n<title>Celsicom TC603 - concrete computer | Nordtec<\/title>\n<meta name=\"description\" content=\"Mobile-connected temperature monitoring in concrete \u1405 TC603 \u2713 Inputs for 2 external wire sensors \u2713 Internal sensor for ambient temperature -30\u00b0C to +70\u00b0C\" \/>\n<meta name=\"robots\" content=\"index, follow, max-snippet:-1, max-image-preview:large, max-video-preview:-1\" \/>\n<link rel=\"canonical\" href=\"https:\/\/www.nordtec.se\/en\/product\/measurement-systems\/celsicom-en\/celsicom-tc603-concrete-computer\/\" \/>\n<meta property=\"og:locale\" content=\"en_US\" \/>\n<meta property=\"og:type\" content=\"article\" \/>\n<meta property=\"og:title\" content=\"Celsicom TC603 - concrete computer\" \/>\n<meta property=\"og:description\" content=\"Mobile-connected temperature monitoring in concrete \u1405 TC603 \u2713 Inputs for 2 external wire sensors \u2713 Internal sensor for ambient temperature -30\u00b0C to +70\u00b0C\" \/>\n<meta property=\"og:url\" content=\"https:\/\/www.nordtec.se\/en\/product\/measurement-systems\/celsicom-en\/celsicom-tc603-concrete-computer\/\" \/>\n<meta property=\"og:site_name\" content=\"Nordtec\" \/>\n<meta property=\"article:publisher\" content=\"https:\/\/www.facebook.com\/nordtecinstrument\" \/>\n<meta property=\"article:modified_time\" content=\"2026-03-13T15:59:51+00:00\" \/>\n<meta property=\"og:image\" content=\"https:\/\/www.nordtec.se\/wp-content\/uploads\/2022\/03\/Celsicom-TC603-from-side-DSC01945-2025_800px.png\" \/>\n\t<meta property=\"og:image:width\" content=\"800\" \/>\n\t<meta property=\"og:image:height\" content=\"800\" \/>\n\t<meta property=\"og:image:type\" content=\"image\/png\" \/>\n<meta name=\"twitter:card\" content=\"summary_large_image\" \/>\n<meta name=\"twitter:label1\" content=\"Est. reading time\" \/>\n\t<meta name=\"twitter:data1\" content=\"4 minutes\" \/>\n<script type=\"application\/ld+json\" class=\"yoast-schema-graph\">{\"@context\":\"https:\\\/\\\/schema.org\",\"@graph\":[{\"@type\":[\"WebPage\",\"ItemPage\"],\"@id\":\"https:\\\/\\\/www.nordtec.se\\\/en\\\/product\\\/measurement-systems\\\/celsicom-en\\\/celsicom-tc603-concrete-computer\\\/\",\"url\":\"https:\\\/\\\/www.nordtec.se\\\/en\\\/product\\\/measurement-systems\\\/celsicom-en\\\/celsicom-tc603-concrete-computer\\\/\",\"name\":\"Celsicom TC603 - concrete computer | Nordtec\",\"isPartOf\":{\"@id\":\"https:\\\/\\\/www.nordtec.se\\\/en\\\/#website\"},\"primaryImageOfPage\":{\"@id\":\"https:\\\/\\\/www.nordtec.se\\\/en\\\/product\\\/measurement-systems\\\/celsicom-en\\\/celsicom-tc603-concrete-computer\\\/#primaryimage\"},\"image\":{\"@id\":\"https:\\\/\\\/www.nordtec.se\\\/en\\\/product\\\/measurement-systems\\\/celsicom-en\\\/celsicom-tc603-concrete-computer\\\/#primaryimage\"},\"thumbnailUrl\":\"https:\\\/\\\/www.nordtec.se\\\/wp-content\\\/uploads\\\/2022\\\/03\\\/Celsicom-TC603-from-side-DSC01945-2025_800px.png\",\"datePublished\":\"2022-03-31T14:50:40+00:00\",\"dateModified\":\"2026-03-13T15:59:51+00:00\",\"description\":\"Mobile-connected temperature monitoring in concrete \u1405 TC603 \u2713 Inputs for 2 external wire sensors \u2713 Internal sensor for ambient temperature -30\u00b0C to +70\u00b0C\",\"breadcrumb\":{\"@id\":\"https:\\\/\\\/www.nordtec.se\\\/en\\\/product\\\/measurement-systems\\\/celsicom-en\\\/celsicom-tc603-concrete-computer\\\/#breadcrumb\"},\"inLanguage\":\"en-US\",\"potentialAction\":[{\"@type\":\"ReadAction\",\"target\":[\"https:\\\/\\\/www.nordtec.se\\\/en\\\/product\\\/measurement-systems\\\/celsicom-en\\\/celsicom-tc603-concrete-computer\\\/\"]}]},{\"@type\":\"ImageObject\",\"inLanguage\":\"en-US\",\"@id\":\"https:\\\/\\\/www.nordtec.se\\\/en\\\/product\\\/measurement-systems\\\/celsicom-en\\\/celsicom-tc603-concrete-computer\\\/#primaryimage\",\"url\":\"https:\\\/\\\/www.nordtec.se\\\/wp-content\\\/uploads\\\/2022\\\/03\\\/Celsicom-TC603-from-side-DSC01945-2025_800px.png\",\"contentUrl\":\"https:\\\/\\\/www.nordtec.se\\\/wp-content\\\/uploads\\\/2022\\\/03\\\/Celsicom-TC603-from-side-DSC01945-2025_800px.png\",\"width\":800,\"height\":800,\"caption\":\"Celsicom TC603 concrete computer from the front\"},{\"@type\":\"BreadcrumbList\",\"@id\":\"https:\\\/\\\/www.nordtec.se\\\/en\\\/product\\\/measurement-systems\\\/celsicom-en\\\/celsicom-tc603-concrete-computer\\\/#breadcrumb\",\"itemListElement\":[{\"@type\":\"ListItem\",\"position\":1,\"name\":\"Hem\",\"item\":\"https:\\\/\\\/www.nordtec.se\\\/en\\\/\"},{\"@type\":\"ListItem\",\"position\":2,\"name\":\"Shop\",\"item\":\"https:\\\/\\\/www.nordtec.se\\\/shop\\\/?lang=en\"},{\"@type\":\"ListItem\",\"position\":3,\"name\":\"Celsicom TC603 &#8211; concrete computer\"}]},{\"@type\":\"WebSite\",\"@id\":\"https:\\\/\\\/www.nordtec.se\\\/en\\\/#website\",\"url\":\"https:\\\/\\\/www.nordtec.se\\\/en\\\/\",\"name\":\"Nordtec\",\"description\":\"Din partner inom m\u00e4tteknik\",\"publisher\":{\"@id\":\"https:\\\/\\\/www.nordtec.se\\\/en\\\/#organization\"},\"potentialAction\":[{\"@type\":\"SearchAction\",\"target\":{\"@type\":\"EntryPoint\",\"urlTemplate\":\"https:\\\/\\\/www.nordtec.se\\\/en\\\/?s={search_term_string}\"},\"query-input\":{\"@type\":\"PropertyValueSpecification\",\"valueRequired\":true,\"valueName\":\"search_term_string\"}}],\"inLanguage\":\"en-US\"},{\"@type\":\"Organization\",\"@id\":\"https:\\\/\\\/www.nordtec.se\\\/en\\\/#organization\",\"name\":\"Nordtec Instrument AB\",\"url\":\"https:\\\/\\\/www.nordtec.se\\\/en\\\/\",\"logo\":{\"@type\":\"ImageObject\",\"inLanguage\":\"en-US\",\"@id\":\"https:\\\/\\\/www.nordtec.se\\\/en\\\/#\\\/schema\\\/logo\\\/image\\\/\",\"url\":\"https:\\\/\\\/www.nordtec.se\\\/wp-content\\\/uploads\\\/2021\\\/08\\\/nordtec_logo_rgb-340px.png\",\"contentUrl\":\"https:\\\/\\\/www.nordtec.se\\\/wp-content\\\/uploads\\\/2021\\\/08\\\/nordtec_logo_rgb-340px.png\",\"width\":340,\"height\":75,\"caption\":\"Nordtec Instrument AB\"},\"image\":{\"@id\":\"https:\\\/\\\/www.nordtec.se\\\/en\\\/#\\\/schema\\\/logo\\\/image\\\/\"},\"sameAs\":[\"https:\\\/\\\/www.facebook.com\\\/nordtecinstrument\",\"https:\\\/\\\/www.instagram.com\\\/nordtec_instrument\\\/\",\"https:\\\/\\\/www.linkedin.com\\\/company\\\/nordtec-instrument-ab\\\/\",\"https:\\\/\\\/www.youtube.com\\\/channel\\\/UCbmAq3ZmfBKOGg7_igFURng\"]}]}<\/script>\n<!-- \/ Yoast SEO Premium plugin. -->","yoast_head_json":{"title":"Celsicom TC603 - concrete computer | Nordtec","description":"Mobile-connected temperature monitoring in concrete \u1405 TC603 \u2713 Inputs for 2 external wire sensors \u2713 Internal sensor for ambient temperature -30\u00b0C to +70\u00b0C","robots":{"index":"index","follow":"follow","max-snippet":"max-snippet:-1","max-image-preview":"max-image-preview:large","max-video-preview":"max-video-preview:-1"},"canonical":"https:\/\/www.nordtec.se\/en\/product\/measurement-systems\/celsicom-en\/celsicom-tc603-concrete-computer\/","og_locale":"en_US","og_type":"article","og_title":"Celsicom TC603 - concrete computer","og_description":"Mobile-connected temperature monitoring in concrete \u1405 TC603 \u2713 Inputs for 2 external wire sensors \u2713 Internal sensor for ambient temperature -30\u00b0C to +70\u00b0C","og_url":"https:\/\/www.nordtec.se\/en\/product\/measurement-systems\/celsicom-en\/celsicom-tc603-concrete-computer\/","og_site_name":"Nordtec","article_publisher":"https:\/\/www.facebook.com\/nordtecinstrument","article_modified_time":"2026-03-13T15:59:51+00:00","og_image":[{"width":800,"height":800,"url":"https:\/\/www.nordtec.se\/wp-content\/uploads\/2022\/03\/Celsicom-TC603-from-side-DSC01945-2025_800px.png","type":"image\/png"}],"twitter_card":"summary_large_image","twitter_misc":{"Est. reading time":"4 minutes"},"schema":{"@context":"https:\/\/schema.org","@graph":[{"@type":["WebPage","ItemPage"],"@id":"https:\/\/www.nordtec.se\/en\/product\/measurement-systems\/celsicom-en\/celsicom-tc603-concrete-computer\/","url":"https:\/\/www.nordtec.se\/en\/product\/measurement-systems\/celsicom-en\/celsicom-tc603-concrete-computer\/","name":"Celsicom TC603 - concrete computer | Nordtec","isPartOf":{"@id":"https:\/\/www.nordtec.se\/en\/#website"},"primaryImageOfPage":{"@id":"https:\/\/www.nordtec.se\/en\/product\/measurement-systems\/celsicom-en\/celsicom-tc603-concrete-computer\/#primaryimage"},"image":{"@id":"https:\/\/www.nordtec.se\/en\/product\/measurement-systems\/celsicom-en\/celsicom-tc603-concrete-computer\/#primaryimage"},"thumbnailUrl":"https:\/\/www.nordtec.se\/wp-content\/uploads\/2022\/03\/Celsicom-TC603-from-side-DSC01945-2025_800px.png","datePublished":"2022-03-31T14:50:40+00:00","dateModified":"2026-03-13T15:59:51+00:00","description":"Mobile-connected temperature monitoring in concrete \u1405 TC603 \u2713 Inputs for 2 external wire sensors \u2713 Internal sensor for ambient temperature -30\u00b0C to +70\u00b0C","breadcrumb":{"@id":"https:\/\/www.nordtec.se\/en\/product\/measurement-systems\/celsicom-en\/celsicom-tc603-concrete-computer\/#breadcrumb"},"inLanguage":"en-US","potentialAction":[{"@type":"ReadAction","target":["https:\/\/www.nordtec.se\/en\/product\/measurement-systems\/celsicom-en\/celsicom-tc603-concrete-computer\/"]}]},{"@type":"ImageObject","inLanguage":"en-US","@id":"https:\/\/www.nordtec.se\/en\/product\/measurement-systems\/celsicom-en\/celsicom-tc603-concrete-computer\/#primaryimage","url":"https:\/\/www.nordtec.se\/wp-content\/uploads\/2022\/03\/Celsicom-TC603-from-side-DSC01945-2025_800px.png","contentUrl":"https:\/\/www.nordtec.se\/wp-content\/uploads\/2022\/03\/Celsicom-TC603-from-side-DSC01945-2025_800px.png","width":800,"height":800,"caption":"Celsicom TC603 concrete computer from the front"},{"@type":"BreadcrumbList","@id":"https:\/\/www.nordtec.se\/en\/product\/measurement-systems\/celsicom-en\/celsicom-tc603-concrete-computer\/#breadcrumb","itemListElement":[{"@type":"ListItem","position":1,"name":"Hem","item":"https:\/\/www.nordtec.se\/en\/"},{"@type":"ListItem","position":2,"name":"Shop","item":"https:\/\/www.nordtec.se\/shop\/?lang=en"},{"@type":"ListItem","position":3,"name":"Celsicom TC603 &#8211; concrete computer"}]},{"@type":"WebSite","@id":"https:\/\/www.nordtec.se\/en\/#website","url":"https:\/\/www.nordtec.se\/en\/","name":"Nordtec","description":"Din partner inom m\u00e4tteknik","publisher":{"@id":"https:\/\/www.nordtec.se\/en\/#organization"},"potentialAction":[{"@type":"SearchAction","target":{"@type":"EntryPoint","urlTemplate":"https:\/\/www.nordtec.se\/en\/?s={search_term_string}"},"query-input":{"@type":"PropertyValueSpecification","valueRequired":true,"valueName":"search_term_string"}}],"inLanguage":"en-US"},{"@type":"Organization","@id":"https:\/\/www.nordtec.se\/en\/#organization","name":"Nordtec Instrument AB","url":"https:\/\/www.nordtec.se\/en\/","logo":{"@type":"ImageObject","inLanguage":"en-US","@id":"https:\/\/www.nordtec.se\/en\/#\/schema\/logo\/image\/","url":"https:\/\/www.nordtec.se\/wp-content\/uploads\/2021\/08\/nordtec_logo_rgb-340px.png","contentUrl":"https:\/\/www.nordtec.se\/wp-content\/uploads\/2021\/08\/nordtec_logo_rgb-340px.png","width":340,"height":75,"caption":"Nordtec Instrument AB"},"image":{"@id":"https:\/\/www.nordtec.se\/en\/#\/schema\/logo\/image\/"},"sameAs":["https:\/\/www.facebook.com\/nordtecinstrument","https:\/\/www.instagram.com\/nordtec_instrument\/","https:\/\/www.linkedin.com\/company\/nordtec-instrument-ab\/","https:\/\/www.youtube.com\/channel\/UCbmAq3ZmfBKOGg7_igFURng"]}]}},"taxonomy_info":{"product_cat":[{"value":775,"label":"Celsicom"},{"value":777,"label":"Celsicom Easy Connect"},{"value":827,"label":"Concrete computers"},{"value":769,"label":"Data loggers"},{"value":841,"label":"Measurement systems"},{"value":844,"label":"Mobile-connected loggers"},{"value":828,"label":"Temperature loggers"}],"product_tag":[{"value":892,"label":"Mobiln\u00e4t"},{"value":964,"label":"\u00d6ver +50 \u00b0C"},{"value":914,"label":"Temperatur"},{"value":930,"label":"Under -20 \u00b0C"}]},"featured_image_src_large":["https:\/\/www.nordtec.se\/wp-content\/uploads\/2022\/03\/Celsicom-TC603-from-side-DSC01945-2025_800px.png",800,800,false],"author_info":[],"comment_info":"","_links":{"self":[{"href":"https:\/\/www.nordtec.se\/en\/wp-json\/wp\/v2\/product\/40733","targetHints":{"allow":["GET"]}}],"collection":[{"href":"https:\/\/www.nordtec.se\/en\/wp-json\/wp\/v2\/product"}],"about":[{"href":"https:\/\/www.nordtec.se\/en\/wp-json\/wp\/v2\/types\/product"}],"version-history":[{"count":11,"href":"https:\/\/www.nordtec.se\/en\/wp-json\/wp\/v2\/product\/40733\/revisions"}],"predecessor-version":[{"id":59011,"href":"https:\/\/www.nordtec.se\/en\/wp-json\/wp\/v2\/product\/40733\/revisions\/59011"}],"wp:featuredmedia":[{"embeddable":true,"href":"https:\/\/www.nordtec.se\/en\/wp-json\/wp\/v2\/media\/54681"}],"wp:attachment":[{"href":"https:\/\/www.nordtec.se\/en\/wp-json\/wp\/v2\/media?parent=40733"}],"wp:term":[{"taxonomy":"product_brand","embeddable":true,"href":"https:\/\/www.nordtec.se\/en\/wp-json\/wp\/v2\/product_brand?post=40733"},{"taxonomy":"product_cat","embeddable":true,"href":"https:\/\/www.nordtec.se\/en\/wp-json\/wp\/v2\/product_cat?post=40733"},{"taxonomy":"product_tag","embeddable":true,"href":"https:\/\/www.nordtec.se\/en\/wp-json\/wp\/v2\/product_tag?post=40733"}],"curies":[{"name":"wp","href":"https:\/\/api.w.org\/{rel}","templated":true}]}}