{"id":40744,"date":"2022-03-31T16:50:40","date_gmt":"2022-03-31T14:50:40","guid":{"rendered":"https:\/\/www.nordtec.se\/produkt\/uncategorized\/celsicom-th601b-2-m-cable-temperature-humidity-sensor\/"},"modified":"2026-03-10T15:51:49","modified_gmt":"2026-03-10T13:51:49","slug":"celsicom-th601b-2-m-cable-temperature-humidity-sensor","status":"publish","type":"product","link":"https:\/\/www.nordtec.se\/en\/product\/measurement-systems\/celsicom-en\/celsicom-th601b-2-m-cable-temperature-humidity-sensor\/","title":{"rendered":"Celsicom TH601B &#8211; 2 m cable temperature\/humidity sensor"},"content":{"rendered":"<h2>TH601B &#8211; Directly connected humidity and temperature monitor<\/h2>\n<p>The Celsicom TH601B data logger has a compact, moisture-resistant housing and a fixed external cable sensor for temperature and humidity measurement (2 meter cable length). Measurements are automatically transmitted via the mobile network to the Celsiview cloud service, where you can follow the measurements in real time, receive alarms if something deviates and create reports &#8211; no matter where you are. Typical applications for this logger in <a href=\"https:\/\/www.nordtec.se\/en\/presentation-of-measurement-systems\/presentation-of-celsicom\/?lang=en\">the Celsicom system<\/a> can be remote monitoring of temperature, %RH, vapor content and dew point during moisture remediation, building moisture and more.   Suitable for applications above 80 %RH, e.g. when dehumidifying concrete slabs.<\/p>\n<h2>The main benefits<\/h2>\n<p><strong>No gateway or base station needed<br \/>\n<\/strong>All new generation Celsicom loggers have a direct, secure transfer of data to the cloud without detouring around a base station or gateway. The data traffic is sent on a licensed frequency exclusively for NB-IoT on Telia&#8217;s existing mobile network. Coverage is excellent and the risk of interference is virtually zero.<\/p>\n<p><strong>Easy to get started<\/strong><br \/>\nAfter scanning the QR code on your first logger, a window will open on your phone where you can create a new cloud service account. After filling in your details and naming the logger, you&#8217;ll be up and running in no time and can instantly view the logger readings on your phone, tablet or computer. If you already have an account, log in and name the new logger.  <\/p>\n<p><strong>Molntj\u00e4nsten Celsiview<\/strong><br \/>Alla m\u00e4tv\u00e4rden lagras automatiskt i molntj\u00e4nsten Celsiview som n\u00e5s via webbl\u00e4saren p\u00e5 en mobil, surfplatta eller dator. Priset f\u00f6r molnlagringen \u00e4r 25 kr i m\u00e5naden per logger. D\u00e5 ing\u00e5r ocks\u00e5 kostnaden f\u00f6r all datatrafik. En obegr\u00e4nsad m\u00e4ngd data lagras i molnet s\u00e5 l\u00e4nge abonnemanget fortl\u00f6per.<\/p>\r\n<p><a class=\"button\" href=\"https:\/\/app.celsiview.se\" target=\"_blank\" rel=\"noopener\">Till Celsiview<\/a><\/p>\n<p>&nbsp;<\/p>\n<p><strong>Backup memory<br \/>\n<\/strong>In addition to sending all measurements to the cloud service, they are also stored in a backup memory in each logger. However, if there is a disruption, all measurement data is sent at the next transmission time.<\/p>\n<p><strong>Temperature and humidity curve<br \/>\n<\/strong>The curves below are an example of what it can look like in the mobile phone, tablet or computer when monitoring temperature and humidity in the same measuring point.<\/p>\n<p><a href=\"https:\/\/www.nordtec.se\/wp-content\/uploads\/2022\/03\/temperatur-fukt-kurva-600px.jpg\"><img loading=\"lazy\" decoding=\"async\" class=\"alignnone size-full wp-image-16901\" src=\"https:\/\/www.nordtec.se\/wp-content\/uploads\/2022\/03\/temperatur-fukt-kurva-600px.jpg\" alt=\"CEC Temp-humidity curve\" width=\"600\" height=\"300\" srcset=\"https:\/\/www.nordtec.se\/wp-content\/uploads\/2022\/03\/temperatur-fukt-kurva-600px.jpg 600w, https:\/\/www.nordtec.se\/wp-content\/uploads\/2022\/03\/temperatur-fukt-kurva-600px-300x150.jpg 300w, https:\/\/www.nordtec.se\/wp-content\/uploads\/2022\/03\/temperatur-fukt-kurva-600px-416x208.jpg 416w, https:\/\/www.nordtec.se\/wp-content\/uploads\/2022\/03\/temperatur-fukt-kurva-600px-64x32.jpg 64w\" sizes=\"auto, (max-width: 600px) 100vw, 600px\" \/><\/a><\/p>\n<p>[show_related_featured_videos]<\/p>\n<h2>Included in delivery<\/h2>\n<p>Celsicom Easy Connect TH601B, temp\/humidity sensor 2 m cable<\/p>\n<p><strong>ATTENTION!<\/strong><br \/>\n&#8211; Don&#8217;t forget to buy batteries. Two pieces are needed for each logger (see under the Accessories tab).<br \/>\n&#8211; If the box is to be mounted on metal, use bracket 7040 0060 (see under the Accessories tab).<\/p>\n","protected":false},"excerpt":{"rendered":"<p>Logger with fixed cable sensor for temperature and humidity measurement (2 meters)<\/p>\n<ul>\n<li>Measuring range: -30\u00b0C &#8230; +70\u00b0C, 0 &#8230; 100 %RH<\/li>\n<li>Also suitable for applications with high moisture values<\/li>\n<li>Adjusted for building moisture applications<\/li>\n<li>Low price on unlimited cloud storage<\/li>\n<\/ul>\n","protected":false},"featured_media":38138,"template":"","meta":{"_kad_blocks_custom_css":"","_kad_blocks_head_custom_js":"","_kad_blocks_body_custom_js":"","_kad_blocks_footer_custom_js":"","footnotes":""},"product_brand":[1436],"product_cat":[775,777,823,769,841,844],"product_tag":[892],"class_list":{"0":"post-40744","1":"product","2":"type-product","3":"status-publish","4":"has-post-thumbnail","6":"product_brand-celsicom","7":"product_cat-celsicom-en","8":"product_cat-celsicom-easy-connect-en","9":"product_cat-concrete-moisture-loggers","10":"product_cat-data-loggers","11":"product_cat-measurement-systems","12":"product_cat-mobile-connected-loggers","13":"product_tag-mobilnat-en","15":"first","16":"instock","17":"taxable","18":"shipping-taxable","19":"purchasable","20":"product-type-simple"},"yoast_head":"<!-- This site is optimized with the Yoast SEO Premium plugin v27.3 (Yoast SEO v27.4) - https:\/\/yoast.com\/product\/yoast-seo-premium-wordpress\/ -->\n<title>Celsicom TH601B - 2 m cable temperature\/humidity sensor | Nordtec<\/title>\n<meta name=\"description\" content=\"Logger with fixed cable sensor for temperature and humidity measurement \u1405 Celsicom TH601B \u2713 Measurement range: -30\u00b0C ... +70\u00b0C, 0 ... 100 %RH \u2713 2 meter cable sensor\" \/>\n<meta name=\"robots\" content=\"index, follow, max-snippet:-1, max-image-preview:large, max-video-preview:-1\" \/>\n<link rel=\"canonical\" href=\"https:\/\/www.nordtec.se\/en\/product\/measurement-systems\/celsicom-en\/celsicom-th601b-2-m-cable-temperature-humidity-sensor\/\" \/>\n<meta property=\"og:locale\" content=\"en_US\" \/>\n<meta property=\"og:type\" content=\"article\" \/>\n<meta property=\"og:title\" content=\"Celsicom TH601B - 2 m cable temperature\/humidity sensor\" \/>\n<meta property=\"og:description\" content=\"Logger with fixed cable sensor for temperature and humidity measurement \u1405 Celsicom TH601B \u2713 Measurement range: -30\u00b0C ... +70\u00b0C, 0 ... 100 %RH \u2713 2 meter cable sensor\" \/>\n<meta property=\"og:url\" content=\"https:\/\/www.nordtec.se\/en\/product\/measurement-systems\/celsicom-en\/celsicom-th601b-2-m-cable-temperature-humidity-sensor\/\" \/>\n<meta property=\"og:site_name\" content=\"Nordtec\" \/>\n<meta property=\"article:publisher\" content=\"https:\/\/www.facebook.com\/nordtecinstrument\" \/>\n<meta property=\"article:modified_time\" content=\"2026-03-10T13:51:49+00:00\" \/>\n<meta property=\"og:image\" content=\"https:\/\/www.nordtec.se\/wp-content\/uploads\/2022\/03\/TH601A_sensor_2_800px.png\" \/>\n\t<meta property=\"og:image:width\" content=\"800\" \/>\n\t<meta property=\"og:image:height\" content=\"800\" \/>\n\t<meta property=\"og:image:type\" content=\"image\/png\" \/>\n<meta name=\"twitter:card\" content=\"summary_large_image\" \/>\n<meta name=\"twitter:label1\" content=\"Est. reading time\" \/>\n\t<meta name=\"twitter:data1\" content=\"3 minutes\" \/>\n<script type=\"application\/ld+json\" class=\"yoast-schema-graph\">{\"@context\":\"https:\\\/\\\/schema.org\",\"@graph\":[{\"@type\":[\"WebPage\",\"ItemPage\"],\"@id\":\"https:\\\/\\\/www.nordtec.se\\\/en\\\/product\\\/measurement-systems\\\/celsicom-en\\\/celsicom-th601b-2-m-cable-temperature-humidity-sensor\\\/\",\"url\":\"https:\\\/\\\/www.nordtec.se\\\/en\\\/product\\\/measurement-systems\\\/celsicom-en\\\/celsicom-th601b-2-m-cable-temperature-humidity-sensor\\\/\",\"name\":\"Celsicom TH601B - 2 m cable temperature\\\/humidity sensor | Nordtec\",\"isPartOf\":{\"@id\":\"https:\\\/\\\/www.nordtec.se\\\/en\\\/#website\"},\"primaryImageOfPage\":{\"@id\":\"https:\\\/\\\/www.nordtec.se\\\/en\\\/product\\\/measurement-systems\\\/celsicom-en\\\/celsicom-th601b-2-m-cable-temperature-humidity-sensor\\\/#primaryimage\"},\"image\":{\"@id\":\"https:\\\/\\\/www.nordtec.se\\\/en\\\/product\\\/measurement-systems\\\/celsicom-en\\\/celsicom-th601b-2-m-cable-temperature-humidity-sensor\\\/#primaryimage\"},\"thumbnailUrl\":\"https:\\\/\\\/www.nordtec.se\\\/wp-content\\\/uploads\\\/2022\\\/03\\\/TH601A_sensor_2_800px.png\",\"datePublished\":\"2022-03-31T14:50:40+00:00\",\"dateModified\":\"2026-03-10T13:51:49+00:00\",\"description\":\"Logger with fixed cable sensor for temperature and humidity measurement \u1405 Celsicom TH601B \u2713 Measurement range: -30\u00b0C ... +70\u00b0C, 0 ... 100 %RH \u2713 2 meter cable sensor\",\"breadcrumb\":{\"@id\":\"https:\\\/\\\/www.nordtec.se\\\/en\\\/product\\\/measurement-systems\\\/celsicom-en\\\/celsicom-th601b-2-m-cable-temperature-humidity-sensor\\\/#breadcrumb\"},\"inLanguage\":\"en-US\",\"potentialAction\":[{\"@type\":\"ReadAction\",\"target\":[\"https:\\\/\\\/www.nordtec.se\\\/en\\\/product\\\/measurement-systems\\\/celsicom-en\\\/celsicom-th601b-2-m-cable-temperature-humidity-sensor\\\/\"]}]},{\"@type\":\"ImageObject\",\"inLanguage\":\"en-US\",\"@id\":\"https:\\\/\\\/www.nordtec.se\\\/en\\\/product\\\/measurement-systems\\\/celsicom-en\\\/celsicom-th601b-2-m-cable-temperature-humidity-sensor\\\/#primaryimage\",\"url\":\"https:\\\/\\\/www.nordtec.se\\\/wp-content\\\/uploads\\\/2022\\\/03\\\/TH601A_sensor_2_800px.png\",\"contentUrl\":\"https:\\\/\\\/www.nordtec.se\\\/wp-content\\\/uploads\\\/2022\\\/03\\\/TH601A_sensor_2_800px.png\",\"width\":800,\"height\":800,\"caption\":\"Celsicom Easy Connect TH601A-B\"},{\"@type\":\"BreadcrumbList\",\"@id\":\"https:\\\/\\\/www.nordtec.se\\\/en\\\/product\\\/measurement-systems\\\/celsicom-en\\\/celsicom-th601b-2-m-cable-temperature-humidity-sensor\\\/#breadcrumb\",\"itemListElement\":[{\"@type\":\"ListItem\",\"position\":1,\"name\":\"Hem\",\"item\":\"https:\\\/\\\/www.nordtec.se\\\/en\\\/\"},{\"@type\":\"ListItem\",\"position\":2,\"name\":\"Shop\",\"item\":\"https:\\\/\\\/www.nordtec.se\\\/shop\\\/?lang=en\"},{\"@type\":\"ListItem\",\"position\":3,\"name\":\"Celsicom TH601B &#8211; 2 m cable temperature\\\/humidity sensor\"}]},{\"@type\":\"WebSite\",\"@id\":\"https:\\\/\\\/www.nordtec.se\\\/en\\\/#website\",\"url\":\"https:\\\/\\\/www.nordtec.se\\\/en\\\/\",\"name\":\"Nordtec\",\"description\":\"Din partner inom m\u00e4tteknik\",\"publisher\":{\"@id\":\"https:\\\/\\\/www.nordtec.se\\\/en\\\/#organization\"},\"potentialAction\":[{\"@type\":\"SearchAction\",\"target\":{\"@type\":\"EntryPoint\",\"urlTemplate\":\"https:\\\/\\\/www.nordtec.se\\\/en\\\/?s={search_term_string}\"},\"query-input\":{\"@type\":\"PropertyValueSpecification\",\"valueRequired\":true,\"valueName\":\"search_term_string\"}}],\"inLanguage\":\"en-US\"},{\"@type\":\"Organization\",\"@id\":\"https:\\\/\\\/www.nordtec.se\\\/en\\\/#organization\",\"name\":\"Nordtec Instrument AB\",\"url\":\"https:\\\/\\\/www.nordtec.se\\\/en\\\/\",\"logo\":{\"@type\":\"ImageObject\",\"inLanguage\":\"en-US\",\"@id\":\"https:\\\/\\\/www.nordtec.se\\\/en\\\/#\\\/schema\\\/logo\\\/image\\\/\",\"url\":\"https:\\\/\\\/www.nordtec.se\\\/wp-content\\\/uploads\\\/2021\\\/08\\\/nordtec_logo_rgb-340px.png\",\"contentUrl\":\"https:\\\/\\\/www.nordtec.se\\\/wp-content\\\/uploads\\\/2021\\\/08\\\/nordtec_logo_rgb-340px.png\",\"width\":340,\"height\":75,\"caption\":\"Nordtec Instrument AB\"},\"image\":{\"@id\":\"https:\\\/\\\/www.nordtec.se\\\/en\\\/#\\\/schema\\\/logo\\\/image\\\/\"},\"sameAs\":[\"https:\\\/\\\/www.facebook.com\\\/nordtecinstrument\",\"https:\\\/\\\/www.instagram.com\\\/nordtec_instrument\\\/\",\"https:\\\/\\\/www.linkedin.com\\\/company\\\/nordtec-instrument-ab\\\/\",\"https:\\\/\\\/www.youtube.com\\\/channel\\\/UCbmAq3ZmfBKOGg7_igFURng\"]}]}<\/script>\n<!-- \/ Yoast SEO Premium plugin. -->","yoast_head_json":{"title":"Celsicom TH601B - 2 m cable temperature\/humidity sensor | Nordtec","description":"Logger with fixed cable sensor for temperature and humidity measurement \u1405 Celsicom TH601B \u2713 Measurement range: -30\u00b0C ... +70\u00b0C, 0 ... 100 %RH \u2713 2 meter cable sensor","robots":{"index":"index","follow":"follow","max-snippet":"max-snippet:-1","max-image-preview":"max-image-preview:large","max-video-preview":"max-video-preview:-1"},"canonical":"https:\/\/www.nordtec.se\/en\/product\/measurement-systems\/celsicom-en\/celsicom-th601b-2-m-cable-temperature-humidity-sensor\/","og_locale":"en_US","og_type":"article","og_title":"Celsicom TH601B - 2 m cable temperature\/humidity sensor","og_description":"Logger with fixed cable sensor for temperature and humidity measurement \u1405 Celsicom TH601B \u2713 Measurement range: -30\u00b0C ... +70\u00b0C, 0 ... 100 %RH \u2713 2 meter cable sensor","og_url":"https:\/\/www.nordtec.se\/en\/product\/measurement-systems\/celsicom-en\/celsicom-th601b-2-m-cable-temperature-humidity-sensor\/","og_site_name":"Nordtec","article_publisher":"https:\/\/www.facebook.com\/nordtecinstrument","article_modified_time":"2026-03-10T13:51:49+00:00","og_image":[{"width":800,"height":800,"url":"https:\/\/www.nordtec.se\/wp-content\/uploads\/2022\/03\/TH601A_sensor_2_800px.png","type":"image\/png"}],"twitter_card":"summary_large_image","twitter_misc":{"Est. reading time":"3 minutes"},"schema":{"@context":"https:\/\/schema.org","@graph":[{"@type":["WebPage","ItemPage"],"@id":"https:\/\/www.nordtec.se\/en\/product\/measurement-systems\/celsicom-en\/celsicom-th601b-2-m-cable-temperature-humidity-sensor\/","url":"https:\/\/www.nordtec.se\/en\/product\/measurement-systems\/celsicom-en\/celsicom-th601b-2-m-cable-temperature-humidity-sensor\/","name":"Celsicom TH601B - 2 m cable temperature\/humidity sensor | Nordtec","isPartOf":{"@id":"https:\/\/www.nordtec.se\/en\/#website"},"primaryImageOfPage":{"@id":"https:\/\/www.nordtec.se\/en\/product\/measurement-systems\/celsicom-en\/celsicom-th601b-2-m-cable-temperature-humidity-sensor\/#primaryimage"},"image":{"@id":"https:\/\/www.nordtec.se\/en\/product\/measurement-systems\/celsicom-en\/celsicom-th601b-2-m-cable-temperature-humidity-sensor\/#primaryimage"},"thumbnailUrl":"https:\/\/www.nordtec.se\/wp-content\/uploads\/2022\/03\/TH601A_sensor_2_800px.png","datePublished":"2022-03-31T14:50:40+00:00","dateModified":"2026-03-10T13:51:49+00:00","description":"Logger with fixed cable sensor for temperature and humidity measurement \u1405 Celsicom TH601B \u2713 Measurement range: -30\u00b0C ... +70\u00b0C, 0 ... 100 %RH \u2713 2 meter cable sensor","breadcrumb":{"@id":"https:\/\/www.nordtec.se\/en\/product\/measurement-systems\/celsicom-en\/celsicom-th601b-2-m-cable-temperature-humidity-sensor\/#breadcrumb"},"inLanguage":"en-US","potentialAction":[{"@type":"ReadAction","target":["https:\/\/www.nordtec.se\/en\/product\/measurement-systems\/celsicom-en\/celsicom-th601b-2-m-cable-temperature-humidity-sensor\/"]}]},{"@type":"ImageObject","inLanguage":"en-US","@id":"https:\/\/www.nordtec.se\/en\/product\/measurement-systems\/celsicom-en\/celsicom-th601b-2-m-cable-temperature-humidity-sensor\/#primaryimage","url":"https:\/\/www.nordtec.se\/wp-content\/uploads\/2022\/03\/TH601A_sensor_2_800px.png","contentUrl":"https:\/\/www.nordtec.se\/wp-content\/uploads\/2022\/03\/TH601A_sensor_2_800px.png","width":800,"height":800,"caption":"Celsicom Easy Connect TH601A-B"},{"@type":"BreadcrumbList","@id":"https:\/\/www.nordtec.se\/en\/product\/measurement-systems\/celsicom-en\/celsicom-th601b-2-m-cable-temperature-humidity-sensor\/#breadcrumb","itemListElement":[{"@type":"ListItem","position":1,"name":"Hem","item":"https:\/\/www.nordtec.se\/en\/"},{"@type":"ListItem","position":2,"name":"Shop","item":"https:\/\/www.nordtec.se\/shop\/?lang=en"},{"@type":"ListItem","position":3,"name":"Celsicom TH601B &#8211; 2 m cable temperature\/humidity sensor"}]},{"@type":"WebSite","@id":"https:\/\/www.nordtec.se\/en\/#website","url":"https:\/\/www.nordtec.se\/en\/","name":"Nordtec","description":"Din partner inom m\u00e4tteknik","publisher":{"@id":"https:\/\/www.nordtec.se\/en\/#organization"},"potentialAction":[{"@type":"SearchAction","target":{"@type":"EntryPoint","urlTemplate":"https:\/\/www.nordtec.se\/en\/?s={search_term_string}"},"query-input":{"@type":"PropertyValueSpecification","valueRequired":true,"valueName":"search_term_string"}}],"inLanguage":"en-US"},{"@type":"Organization","@id":"https:\/\/www.nordtec.se\/en\/#organization","name":"Nordtec Instrument AB","url":"https:\/\/www.nordtec.se\/en\/","logo":{"@type":"ImageObject","inLanguage":"en-US","@id":"https:\/\/www.nordtec.se\/en\/#\/schema\/logo\/image\/","url":"https:\/\/www.nordtec.se\/wp-content\/uploads\/2021\/08\/nordtec_logo_rgb-340px.png","contentUrl":"https:\/\/www.nordtec.se\/wp-content\/uploads\/2021\/08\/nordtec_logo_rgb-340px.png","width":340,"height":75,"caption":"Nordtec Instrument AB"},"image":{"@id":"https:\/\/www.nordtec.se\/en\/#\/schema\/logo\/image\/"},"sameAs":["https:\/\/www.facebook.com\/nordtecinstrument","https:\/\/www.instagram.com\/nordtec_instrument\/","https:\/\/www.linkedin.com\/company\/nordtec-instrument-ab\/","https:\/\/www.youtube.com\/channel\/UCbmAq3ZmfBKOGg7_igFURng"]}]}},"taxonomy_info":{"product_brand":[{"value":1436,"label":"Celsicom"}],"product_cat":[{"value":775,"label":"Celsicom"},{"value":777,"label":"Celsicom Easy Connect"},{"value":823,"label":"Concrete moisture loggers"},{"value":769,"label":"Data loggers"},{"value":841,"label":"Measurement systems"},{"value":844,"label":"Mobile-connected loggers"}],"product_tag":[{"value":892,"label":"Mobiln\u00e4t"}]},"featured_image_src_large":["https:\/\/www.nordtec.se\/wp-content\/uploads\/2022\/03\/TH601A_sensor_2_800px.png",800,800,false],"author_info":[],"comment_info":"","_links":{"self":[{"href":"https:\/\/www.nordtec.se\/en\/wp-json\/wp\/v2\/product\/40744","targetHints":{"allow":["GET"]}}],"collection":[{"href":"https:\/\/www.nordtec.se\/en\/wp-json\/wp\/v2\/product"}],"about":[{"href":"https:\/\/www.nordtec.se\/en\/wp-json\/wp\/v2\/types\/product"}],"version-history":[{"count":6,"href":"https:\/\/www.nordtec.se\/en\/wp-json\/wp\/v2\/product\/40744\/revisions"}],"predecessor-version":[{"id":58375,"href":"https:\/\/www.nordtec.se\/en\/wp-json\/wp\/v2\/product\/40744\/revisions\/58375"}],"wp:featuredmedia":[{"embeddable":true,"href":"https:\/\/www.nordtec.se\/en\/wp-json\/wp\/v2\/media\/38138"}],"wp:attachment":[{"href":"https:\/\/www.nordtec.se\/en\/wp-json\/wp\/v2\/media?parent=40744"}],"wp:term":[{"taxonomy":"product_brand","embeddable":true,"href":"https:\/\/www.nordtec.se\/en\/wp-json\/wp\/v2\/product_brand?post=40744"},{"taxonomy":"product_cat","embeddable":true,"href":"https:\/\/www.nordtec.se\/en\/wp-json\/wp\/v2\/product_cat?post=40744"},{"taxonomy":"product_tag","embeddable":true,"href":"https:\/\/www.nordtec.se\/en\/wp-json\/wp\/v2\/product_tag?post=40744"}],"curies":[{"name":"wp","href":"https:\/\/api.w.org\/{rel}","templated":true}]}}