{"id":40768,"date":"2022-03-31T16:35:40","date_gmt":"2022-03-31T14:35:40","guid":{"rendered":"https:\/\/www.nordtec.se\/produkt\/uncategorized\/testo-190-p1-pressure-logger-for-the-pharmaceutical-industry\/"},"modified":"2025-12-18T14:48:04","modified_gmt":"2025-12-18T12:48:04","slug":"testo-190-p1-pressure-logger-for-the-pharmaceutical-industry","status":"publish","type":"product","link":"https:\/\/www.nordtec.se\/en\/product\/measuring-instruments\/pressure-gauges\/pressure-loggers\/testo-190-p1-pressure-logger-for-the-pharmaceutical-industry\/","title":{"rendered":"testo 190-P1 &#8211; pressure logger for the pharmaceutical industry"},"content":{"rendered":"<h2>testo 190-P1 &#8211; Print data logger for the pharmaceutical industry<\/h2>\n<p><strong>testo 190-P1<\/strong> &#8211; highly efficient validation of sterilization and freeze-drying processes. The qualification and validation of sterilization processes is highly demanding and a key element of quality assurance in the pharmaceutical industry. Our reliable and robust CFR print data logger helps you meet these requirements effectively.<\/p>\n<p><strong>This is what the CFR pressure logger testo 190-P1 offers:<\/strong><\/p>\n<ul>\n<li><strong>High accuracy:<\/strong> CFR pressure logger for monitoring absolute pressure with a measurement memory of 60,000 measurements.<\/li>\n<li><strong>Small and agile design:<\/strong> with a diameter of 20 mm, the logger is ideal for use in confined spaces &#8211; e.g. in the office. in sterilization systems.<\/li>\n<li><strong>Robust and durable:<\/strong> high quality materials and innovative design make the CFR logger particularly robust and durable. With hermetically sealed measurement technology in a separate stainless steel housing, the CFR logger impresses with its reliability and robustness.<\/li>\n<li><strong>Battery change in seconds:<\/strong> the battery cover is threaded and can be quickly and securely screwed onto the CFR logger without tools.<\/li>\n<li><strong>Reliable and tight: <\/strong>the data logger remains 100% tight even after a battery change. The battery cover is coated with high temperature resistant polyester ether ketone (PEEK).<\/li>\n<li><strong>Flexible height: <\/strong>the size of the logger can be varied using two different battery types. The small battery significantly reduces the dimensions of the logger. The larger battery (included in the delivery) is suitable for measurements at low temperatures, for example in freezing facilities.<\/li>\n<\/ul>\n<h2>Programming, reading and analysis of the data logger<\/h2>\n<p>Very practical to use: in addition to storing the data loggers, the multifunction case (available in two different sizes) can also be used for parallel programming and reading of up to 8 data loggers simultaneously. This means you don&#8217;t need an extra reading device and you also save time. With the specially developed 21 CFR Part 11 compliant software (ordered separately) for the testo 190, you can program and read out the data logger, as well as analyze the measurement data on the computer. The clear program structure guides you intuitively through the process step by step. During entry, it provides assistance at critical points through warnings. The software enables even inexperienced users to easily perform the measurement process.<\/p>\n<h2>Included in delivery<\/h2>\n<p>1 testo 190-P1 CFR pressure logger including large battery, factory protocol and user manual.<\/p>\n<p><span class=\"ui-provider ed ayd aye ayf ayg ayh ayi ayj ayk ayl aym ayn ayo ayp ayq ayr ays ayt ayu ayv ayw ayx ayy ayz aza azb azc azd aze azf azg azh azi azj azk\" dir=\"ltr\"><strong>Fabriksprotokoll:<\/strong>\u00a0utf\u00e4rdas p\u00e5 fabriken efter en kontroll av att produkten fungerar och uppfyller angiven m\u00e4tnoggrannhet. L\u00e4s om <a href=\"https:\/\/www.nordtec.se\/kalibrering\/iso-9001-kraver-kalibrerad-matutrustning\/\"><u>skillnaden mellan fabriksprotokoll och ackrediterad kalibrering<\/u><\/a>.<\/span><\/p>\n<p>21 CFR Part 11 compliant software (ordered separately)<br \/>\nSimultaneous configuration and reading of multiple CFR data branches in the multifunction case (ordered separately)<\/p>\n<p><strong>ATTENTION!<\/strong>  The case and software are not included with the data logger. See these items under the Accessories tab. Contact us to build a tailor-made system to suit your application!<\/p>\n","protected":false},"excerpt":{"rendered":"<p>Highly accurate monitoring of absolute pressure in the range of 1 mbar &#8230; 4 bar<\/p>\n<ul>\n<li>Create full reports with a simple mouse click<\/li>\n<li>Durable, robust and fully sealed, even after a battery change<\/li>\n<li>It only takes a few seconds to change the battery, which saves a lot of time.<\/li>\n<\/ul>\n","protected":false},"featured_media":39758,"template":"","meta":{"_kad_blocks_custom_css":"","_kad_blocks_head_custom_js":"","_kad_blocks_body_custom_js":"","_kad_blocks_footer_custom_js":"","footnotes":""},"product_brand":[1435],"product_cat":[845,769,768,785,797,837,1446,1445],"product_tag":[],"class_list":{"0":"post-40768","1":"product","2":"type-product","3":"status-publish","4":"has-post-thumbnail","6":"product_brand-testo","7":"product_cat-autoclave-loggers","8":"product_cat-data-loggers","9":"product_cat-measuring-instruments","10":"product_cat-medicines","11":"product_cat-pressure-gauges","12":"product_cat-pressure-loggers","13":"product_cat-testo-190","14":"product_cat-testo-190-and-testo-191","16":"first","17":"onbackorder","18":"taxable","19":"shipping-taxable","20":"purchasable","21":"product-type-simple"},"yoast_head":"<!-- This site is optimized with the Yoast SEO Premium plugin v27.3 (Yoast SEO v27.4) - https:\/\/yoast.com\/product\/yoast-seo-premium-wordpress\/ -->\n<title>testo 190-P1 - pressure logger for the pharmaceutical industry | Nordtec<\/title>\n<meta name=\"description\" content=\"Highly accurate monitoring of absolute pressure in the range of 1 mbar ... 4 bar \u1405 testo 190-P1 \u2713 Durable, robust and completely sealed, even after a battery change\" \/>\n<meta name=\"robots\" content=\"index, follow, max-snippet:-1, max-image-preview:large, max-video-preview:-1\" \/>\n<link rel=\"canonical\" href=\"https:\/\/www.nordtec.se\/en\/product\/measuring-instruments\/pressure-gauges\/pressure-loggers\/testo-190-p1-pressure-logger-for-the-pharmaceutical-industry\/\" \/>\n<meta property=\"og:locale\" content=\"en_US\" \/>\n<meta property=\"og:type\" content=\"article\" \/>\n<meta property=\"og:title\" content=\"testo 190-P1 - pressure logger for the pharmaceutical industry\" \/>\n<meta property=\"og:description\" content=\"Highly accurate monitoring of absolute pressure in the range of 1 mbar ... 4 bar \u1405 testo 190-P1 \u2713 Durable, robust and completely sealed, even after a battery change\" \/>\n<meta property=\"og:url\" content=\"https:\/\/www.nordtec.se\/en\/product\/measuring-instruments\/pressure-gauges\/pressure-loggers\/testo-190-p1-pressure-logger-for-the-pharmaceutical-industry\/\" \/>\n<meta property=\"og:site_name\" content=\"Nordtec\" \/>\n<meta property=\"article:publisher\" content=\"https:\/\/www.facebook.com\/nordtecinstrument\" \/>\n<meta property=\"article:modified_time\" content=\"2025-12-18T12:48:04+00:00\" \/>\n<meta property=\"og:image\" content=\"https:\/\/www.nordtec.se\/wp-content\/uploads\/2022\/03\/0572-1900-testo-190-P1-large-battery-front_800px.png\" \/>\n\t<meta property=\"og:image:width\" content=\"800\" \/>\n\t<meta property=\"og:image:height\" content=\"800\" \/>\n\t<meta property=\"og:image:type\" content=\"image\/png\" \/>\n<meta name=\"twitter:card\" content=\"summary_large_image\" \/>\n<meta name=\"twitter:label1\" content=\"Est. reading time\" \/>\n\t<meta name=\"twitter:data1\" content=\"3 minutes\" \/>\n<script type=\"application\/ld+json\" class=\"yoast-schema-graph\">{\"@context\":\"https:\\\/\\\/schema.org\",\"@graph\":[{\"@type\":[\"WebPage\",\"ItemPage\"],\"@id\":\"https:\\\/\\\/www.nordtec.se\\\/en\\\/product\\\/measuring-instruments\\\/pressure-gauges\\\/pressure-loggers\\\/testo-190-p1-pressure-logger-for-the-pharmaceutical-industry\\\/\",\"url\":\"https:\\\/\\\/www.nordtec.se\\\/en\\\/product\\\/measuring-instruments\\\/pressure-gauges\\\/pressure-loggers\\\/testo-190-p1-pressure-logger-for-the-pharmaceutical-industry\\\/\",\"name\":\"testo 190-P1 - pressure logger for the pharmaceutical industry | Nordtec\",\"isPartOf\":{\"@id\":\"https:\\\/\\\/www.nordtec.se\\\/en\\\/#website\"},\"primaryImageOfPage\":{\"@id\":\"https:\\\/\\\/www.nordtec.se\\\/en\\\/product\\\/measuring-instruments\\\/pressure-gauges\\\/pressure-loggers\\\/testo-190-p1-pressure-logger-for-the-pharmaceutical-industry\\\/#primaryimage\"},\"image\":{\"@id\":\"https:\\\/\\\/www.nordtec.se\\\/en\\\/product\\\/measuring-instruments\\\/pressure-gauges\\\/pressure-loggers\\\/testo-190-p1-pressure-logger-for-the-pharmaceutical-industry\\\/#primaryimage\"},\"thumbnailUrl\":\"https:\\\/\\\/www.nordtec.se\\\/wp-content\\\/uploads\\\/2022\\\/03\\\/0572-1900-testo-190-P1-large-battery-front_800px.png\",\"datePublished\":\"2022-03-31T14:35:40+00:00\",\"dateModified\":\"2025-12-18T12:48:04+00:00\",\"description\":\"Highly accurate monitoring of absolute pressure in the range of 1 mbar ... 4 bar \u1405 testo 190-P1 \u2713 Durable, robust and completely sealed, even after a battery change\",\"breadcrumb\":{\"@id\":\"https:\\\/\\\/www.nordtec.se\\\/en\\\/product\\\/measuring-instruments\\\/pressure-gauges\\\/pressure-loggers\\\/testo-190-p1-pressure-logger-for-the-pharmaceutical-industry\\\/#breadcrumb\"},\"inLanguage\":\"en-US\",\"potentialAction\":[{\"@type\":\"ReadAction\",\"target\":[\"https:\\\/\\\/www.nordtec.se\\\/en\\\/product\\\/measuring-instruments\\\/pressure-gauges\\\/pressure-loggers\\\/testo-190-p1-pressure-logger-for-the-pharmaceutical-industry\\\/\"]}]},{\"@type\":\"ImageObject\",\"inLanguage\":\"en-US\",\"@id\":\"https:\\\/\\\/www.nordtec.se\\\/en\\\/product\\\/measuring-instruments\\\/pressure-gauges\\\/pressure-loggers\\\/testo-190-p1-pressure-logger-for-the-pharmaceutical-industry\\\/#primaryimage\",\"url\":\"https:\\\/\\\/www.nordtec.se\\\/wp-content\\\/uploads\\\/2022\\\/03\\\/0572-1900-testo-190-P1-large-battery-front_800px.png\",\"contentUrl\":\"https:\\\/\\\/www.nordtec.se\\\/wp-content\\\/uploads\\\/2022\\\/03\\\/0572-1900-testo-190-P1-large-battery-front_800px.png\",\"width\":800,\"height\":800,\"caption\":\"Autoclave logger testo 190-P1 large battery\"},{\"@type\":\"BreadcrumbList\",\"@id\":\"https:\\\/\\\/www.nordtec.se\\\/en\\\/product\\\/measuring-instruments\\\/pressure-gauges\\\/pressure-loggers\\\/testo-190-p1-pressure-logger-for-the-pharmaceutical-industry\\\/#breadcrumb\",\"itemListElement\":[{\"@type\":\"ListItem\",\"position\":1,\"name\":\"Hem\",\"item\":\"https:\\\/\\\/www.nordtec.se\\\/en\\\/\"},{\"@type\":\"ListItem\",\"position\":2,\"name\":\"Shop\",\"item\":\"https:\\\/\\\/www.nordtec.se\\\/shop\\\/?lang=en\"},{\"@type\":\"ListItem\",\"position\":3,\"name\":\"testo 190-P1 &#8211; pressure logger for the pharmaceutical industry\"}]},{\"@type\":\"WebSite\",\"@id\":\"https:\\\/\\\/www.nordtec.se\\\/en\\\/#website\",\"url\":\"https:\\\/\\\/www.nordtec.se\\\/en\\\/\",\"name\":\"Nordtec\",\"description\":\"Din partner inom m\u00e4tteknik\",\"publisher\":{\"@id\":\"https:\\\/\\\/www.nordtec.se\\\/en\\\/#organization\"},\"potentialAction\":[{\"@type\":\"SearchAction\",\"target\":{\"@type\":\"EntryPoint\",\"urlTemplate\":\"https:\\\/\\\/www.nordtec.se\\\/en\\\/?s={search_term_string}\"},\"query-input\":{\"@type\":\"PropertyValueSpecification\",\"valueRequired\":true,\"valueName\":\"search_term_string\"}}],\"inLanguage\":\"en-US\"},{\"@type\":\"Organization\",\"@id\":\"https:\\\/\\\/www.nordtec.se\\\/en\\\/#organization\",\"name\":\"Nordtec Instrument AB\",\"url\":\"https:\\\/\\\/www.nordtec.se\\\/en\\\/\",\"logo\":{\"@type\":\"ImageObject\",\"inLanguage\":\"en-US\",\"@id\":\"https:\\\/\\\/www.nordtec.se\\\/en\\\/#\\\/schema\\\/logo\\\/image\\\/\",\"url\":\"https:\\\/\\\/www.nordtec.se\\\/wp-content\\\/uploads\\\/2021\\\/08\\\/nordtec_logo_rgb-340px.png\",\"contentUrl\":\"https:\\\/\\\/www.nordtec.se\\\/wp-content\\\/uploads\\\/2021\\\/08\\\/nordtec_logo_rgb-340px.png\",\"width\":340,\"height\":75,\"caption\":\"Nordtec Instrument AB\"},\"image\":{\"@id\":\"https:\\\/\\\/www.nordtec.se\\\/en\\\/#\\\/schema\\\/logo\\\/image\\\/\"},\"sameAs\":[\"https:\\\/\\\/www.facebook.com\\\/nordtecinstrument\",\"https:\\\/\\\/www.instagram.com\\\/nordtec_instrument\\\/\",\"https:\\\/\\\/www.linkedin.com\\\/company\\\/nordtec-instrument-ab\\\/\",\"https:\\\/\\\/www.youtube.com\\\/channel\\\/UCbmAq3ZmfBKOGg7_igFURng\"]}]}<\/script>\n<!-- \/ Yoast SEO Premium plugin. -->","yoast_head_json":{"title":"testo 190-P1 - pressure logger for the pharmaceutical industry | Nordtec","description":"Highly accurate monitoring of absolute pressure in the range of 1 mbar ... 4 bar \u1405 testo 190-P1 \u2713 Durable, robust and completely sealed, even after a battery change","robots":{"index":"index","follow":"follow","max-snippet":"max-snippet:-1","max-image-preview":"max-image-preview:large","max-video-preview":"max-video-preview:-1"},"canonical":"https:\/\/www.nordtec.se\/en\/product\/measuring-instruments\/pressure-gauges\/pressure-loggers\/testo-190-p1-pressure-logger-for-the-pharmaceutical-industry\/","og_locale":"en_US","og_type":"article","og_title":"testo 190-P1 - pressure logger for the pharmaceutical industry","og_description":"Highly accurate monitoring of absolute pressure in the range of 1 mbar ... 4 bar \u1405 testo 190-P1 \u2713 Durable, robust and completely sealed, even after a battery change","og_url":"https:\/\/www.nordtec.se\/en\/product\/measuring-instruments\/pressure-gauges\/pressure-loggers\/testo-190-p1-pressure-logger-for-the-pharmaceutical-industry\/","og_site_name":"Nordtec","article_publisher":"https:\/\/www.facebook.com\/nordtecinstrument","article_modified_time":"2025-12-18T12:48:04+00:00","og_image":[{"width":800,"height":800,"url":"https:\/\/www.nordtec.se\/wp-content\/uploads\/2022\/03\/0572-1900-testo-190-P1-large-battery-front_800px.png","type":"image\/png"}],"twitter_card":"summary_large_image","twitter_misc":{"Est. reading time":"3 minutes"},"schema":{"@context":"https:\/\/schema.org","@graph":[{"@type":["WebPage","ItemPage"],"@id":"https:\/\/www.nordtec.se\/en\/product\/measuring-instruments\/pressure-gauges\/pressure-loggers\/testo-190-p1-pressure-logger-for-the-pharmaceutical-industry\/","url":"https:\/\/www.nordtec.se\/en\/product\/measuring-instruments\/pressure-gauges\/pressure-loggers\/testo-190-p1-pressure-logger-for-the-pharmaceutical-industry\/","name":"testo 190-P1 - pressure logger for the pharmaceutical industry | Nordtec","isPartOf":{"@id":"https:\/\/www.nordtec.se\/en\/#website"},"primaryImageOfPage":{"@id":"https:\/\/www.nordtec.se\/en\/product\/measuring-instruments\/pressure-gauges\/pressure-loggers\/testo-190-p1-pressure-logger-for-the-pharmaceutical-industry\/#primaryimage"},"image":{"@id":"https:\/\/www.nordtec.se\/en\/product\/measuring-instruments\/pressure-gauges\/pressure-loggers\/testo-190-p1-pressure-logger-for-the-pharmaceutical-industry\/#primaryimage"},"thumbnailUrl":"https:\/\/www.nordtec.se\/wp-content\/uploads\/2022\/03\/0572-1900-testo-190-P1-large-battery-front_800px.png","datePublished":"2022-03-31T14:35:40+00:00","dateModified":"2025-12-18T12:48:04+00:00","description":"Highly accurate monitoring of absolute pressure in the range of 1 mbar ... 4 bar \u1405 testo 190-P1 \u2713 Durable, robust and completely sealed, even after a battery change","breadcrumb":{"@id":"https:\/\/www.nordtec.se\/en\/product\/measuring-instruments\/pressure-gauges\/pressure-loggers\/testo-190-p1-pressure-logger-for-the-pharmaceutical-industry\/#breadcrumb"},"inLanguage":"en-US","potentialAction":[{"@type":"ReadAction","target":["https:\/\/www.nordtec.se\/en\/product\/measuring-instruments\/pressure-gauges\/pressure-loggers\/testo-190-p1-pressure-logger-for-the-pharmaceutical-industry\/"]}]},{"@type":"ImageObject","inLanguage":"en-US","@id":"https:\/\/www.nordtec.se\/en\/product\/measuring-instruments\/pressure-gauges\/pressure-loggers\/testo-190-p1-pressure-logger-for-the-pharmaceutical-industry\/#primaryimage","url":"https:\/\/www.nordtec.se\/wp-content\/uploads\/2022\/03\/0572-1900-testo-190-P1-large-battery-front_800px.png","contentUrl":"https:\/\/www.nordtec.se\/wp-content\/uploads\/2022\/03\/0572-1900-testo-190-P1-large-battery-front_800px.png","width":800,"height":800,"caption":"Autoclave logger testo 190-P1 large battery"},{"@type":"BreadcrumbList","@id":"https:\/\/www.nordtec.se\/en\/product\/measuring-instruments\/pressure-gauges\/pressure-loggers\/testo-190-p1-pressure-logger-for-the-pharmaceutical-industry\/#breadcrumb","itemListElement":[{"@type":"ListItem","position":1,"name":"Hem","item":"https:\/\/www.nordtec.se\/en\/"},{"@type":"ListItem","position":2,"name":"Shop","item":"https:\/\/www.nordtec.se\/shop\/?lang=en"},{"@type":"ListItem","position":3,"name":"testo 190-P1 &#8211; pressure logger for the pharmaceutical industry"}]},{"@type":"WebSite","@id":"https:\/\/www.nordtec.se\/en\/#website","url":"https:\/\/www.nordtec.se\/en\/","name":"Nordtec","description":"Din partner inom m\u00e4tteknik","publisher":{"@id":"https:\/\/www.nordtec.se\/en\/#organization"},"potentialAction":[{"@type":"SearchAction","target":{"@type":"EntryPoint","urlTemplate":"https:\/\/www.nordtec.se\/en\/?s={search_term_string}"},"query-input":{"@type":"PropertyValueSpecification","valueRequired":true,"valueName":"search_term_string"}}],"inLanguage":"en-US"},{"@type":"Organization","@id":"https:\/\/www.nordtec.se\/en\/#organization","name":"Nordtec Instrument AB","url":"https:\/\/www.nordtec.se\/en\/","logo":{"@type":"ImageObject","inLanguage":"en-US","@id":"https:\/\/www.nordtec.se\/en\/#\/schema\/logo\/image\/","url":"https:\/\/www.nordtec.se\/wp-content\/uploads\/2021\/08\/nordtec_logo_rgb-340px.png","contentUrl":"https:\/\/www.nordtec.se\/wp-content\/uploads\/2021\/08\/nordtec_logo_rgb-340px.png","width":340,"height":75,"caption":"Nordtec Instrument AB"},"image":{"@id":"https:\/\/www.nordtec.se\/en\/#\/schema\/logo\/image\/"},"sameAs":["https:\/\/www.facebook.com\/nordtecinstrument","https:\/\/www.instagram.com\/nordtec_instrument\/","https:\/\/www.linkedin.com\/company\/nordtec-instrument-ab\/","https:\/\/www.youtube.com\/channel\/UCbmAq3ZmfBKOGg7_igFURng"]}]}},"taxonomy_info":{"product_brand":[{"value":1435,"label":"Testo"}],"product_cat":[{"value":845,"label":"Autoclave loggers"},{"value":769,"label":"Data loggers"},{"value":768,"label":"Measuring instruments"},{"value":785,"label":"Medicines"},{"value":797,"label":"Pressure gauges"},{"value":837,"label":"Pressure loggers"},{"value":1446,"label":"testo 190"},{"value":1445,"label":"testo 190 and testo 191"}]},"featured_image_src_large":["https:\/\/www.nordtec.se\/wp-content\/uploads\/2022\/03\/0572-1900-testo-190-P1-large-battery-front_800px.png",800,800,false],"author_info":[],"comment_info":"","_links":{"self":[{"href":"https:\/\/www.nordtec.se\/en\/wp-json\/wp\/v2\/product\/40768","targetHints":{"allow":["GET"]}}],"collection":[{"href":"https:\/\/www.nordtec.se\/en\/wp-json\/wp\/v2\/product"}],"about":[{"href":"https:\/\/www.nordtec.se\/en\/wp-json\/wp\/v2\/types\/product"}],"version-history":[{"count":2,"href":"https:\/\/www.nordtec.se\/en\/wp-json\/wp\/v2\/product\/40768\/revisions"}],"predecessor-version":[{"id":57017,"href":"https:\/\/www.nordtec.se\/en\/wp-json\/wp\/v2\/product\/40768\/revisions\/57017"}],"wp:featuredmedia":[{"embeddable":true,"href":"https:\/\/www.nordtec.se\/en\/wp-json\/wp\/v2\/media\/39758"}],"wp:attachment":[{"href":"https:\/\/www.nordtec.se\/en\/wp-json\/wp\/v2\/media?parent=40768"}],"wp:term":[{"taxonomy":"product_brand","embeddable":true,"href":"https:\/\/www.nordtec.se\/en\/wp-json\/wp\/v2\/product_brand?post=40768"},{"taxonomy":"product_cat","embeddable":true,"href":"https:\/\/www.nordtec.se\/en\/wp-json\/wp\/v2\/product_cat?post=40768"},{"taxonomy":"product_tag","embeddable":true,"href":"https:\/\/www.nordtec.se\/en\/wp-json\/wp\/v2\/product_tag?post=40768"}],"curies":[{"name":"wp","href":"https:\/\/api.w.org\/{rel}","templated":true}]}}