{"id":40787,"date":"2022-03-31T16:28:33","date_gmt":"2022-03-31T14:28:33","guid":{"rendered":"https:\/\/www.nordtec.se\/produkt\/uncategorized\/testo-175-t1-1-channel-temperature-logger\/"},"modified":"2025-05-06T14:33:38","modified_gmt":"2025-05-06T12:33:38","slug":"testo-175-t1-1-channel-temperature-logger","status":"publish","type":"product","link":"https:\/\/www.nordtec.se\/en\/product\/measuring-instruments\/temperature-gauges\/temperature-loggers\/testo-175-t1-1-channel-temperature-logger\/","title":{"rendered":"testo 175 T1 &#8211; 1-channel temperature logger"},"content":{"rendered":"<h2>testo 175 T1 &#8211; temperature data logger with internal sensor<\/h2>\n<p>The testo 175 T1 temperature logger has an internal sensor and is ideal for monitoring and logging temperatures in cold stores, freezers and various types of warehouses.<\/p>\n<h2>Technical features and practical benefits<\/h2>\n<ul>\n<li>Efficient readout via USB or SD card<\/li>\n<li>-35 &#8230; +55\u00b0C<\/li>\n<li>Large clear display<\/li>\n<li>Secured measurement data at low battery voltage<\/li>\n<li>User-friendly Swedish software &#8211; free download<\/li>\n<li>Alarm, MIN\/MAX function<\/li>\n<li>Memory for 1 million readings<\/li>\n<li>Battery indication<\/li>\n<\/ul>\n<h2>State-of-the-art technology. High data security.<\/h2>\n<p>The temperature logger display provides you with a wide range of valuable information including current readings, exceeded limits, min\/max values and remaining battery power. As you can read all this information directly on the display, there is no need to boot up your computer. In addition to these valuable features, the logger also has a super large data memory that can store up to 1 million measurements and an exceptionally long battery life of up to 3 years. This gives you the freedom to read out measurement data at longer intervals even when measurement cycles are shorter. The user can change the supplied AAA batteries himself.<\/p>\n<h2>Program the logger and analyze the measurement data<\/h2>\n<p>Select one of three software versions to program or read out your logger or to analyze the measurement data you have transferred to your computer:<\/p>\n<ul>\n<li>The ComSoft Basic software &#8211; available for free download &#8211; allows you to program your logger and analyze the measurement data quickly and easily<\/li>\n<li>The optional ComSoft Professional software gives you additional possibilities and a more detailed analysis of the measured values<\/li>\n<\/ul>\n<h2>Inspected and certified for use in the food sector<\/h2>\n<ul>\n<li>Tested according to DIN EN 12830<\/li>\n<li>HACCP compliant and HACCP International certified<\/li>\n<li>IP65 protected: the temperature logger can remain at the measurement site during cleaning of premises<\/li>\n<\/ul>\n<h2>Included in delivery<\/h2>\n<p>Data logger testo 175 T1 with internal sensor (NTC), including wall bracket, lock, batteries and factory protocol. NOTE! To program the data logger, you need a USB cable, which is not included in the delivery but can be ordered under the accessories tab. The measurement data can be transferred to the PC via the USB cable or to an optional SD card. Download the ComSoft Basic PC software from the &#8220;Files&#8221; tab above.<\/p>\n<h2>K\u00f6p med kalibrering<\/h2>\r\n<p>Beh\u00f6ver du ett kalibrerat m\u00e4tinstrument? V\u00e4lj \u00f6nskad produktvariant ovanf\u00f6r k\u00f6pknappen.\u00a0<\/p>\r\n<p><a class=\"button\" href=\"\/kalibrering\">L\u00e4s mer om kalibrering<\/a><\/p>\n","protected":false},"excerpt":{"rendered":"<p style=\"text-align: left;\">1-channel temperature data logger with internal sensor<\/p>\n<ul>\n<li style=\"text-align: left;\">Efficient readout via USB or SD card<\/li>\n<li style=\"text-align: left;\">-35 &#8230; +55\u00b0C<\/li>\n<li style=\"text-align: left;\">Large clear display<\/li>\n<\/ul>\n","protected":false},"featured_media":37903,"template":"","meta":{"_kad_blocks_custom_css":"","_kad_blocks_head_custom_js":"","_kad_blocks_body_custom_js":"","_kad_blocks_footer_custom_js":"","footnotes":""},"product_brand":[1435],"product_cat":[769,768,842,778,828],"product_tag":[964,914,930],"class_list":{"0":"post-40787","1":"product","2":"type-product","3":"status-publish","4":"has-post-thumbnail","6":"product_brand-testo","7":"product_cat-data-loggers","8":"product_cat-measuring-instruments","9":"product_cat-standard-loggers","10":"product_cat-temperature-gauges","11":"product_cat-temperature-loggers","12":"product_tag-over-50-grader-en","13":"product_tag-temperatur-en","14":"product_tag-under-minus-20-grader-en","16":"first","17":"instock","18":"taxable","19":"shipping-taxable","20":"purchasable","21":"product-type-simple"},"yoast_head":"<!-- This site is optimized with the Yoast SEO Premium plugin v27.3 (Yoast SEO v27.4) - https:\/\/yoast.com\/product\/yoast-seo-premium-wordpress\/ -->\n<title>testo 175 T1 - 1-channel temperature logger | Nordtec<\/title>\n<meta name=\"description\" content=\"1-channel temperature logger with internal sensor \u1405 testo 175 T1 \u2713 Efficient readout via USB or SD card \u2713 Measuring range -35 ... +55\u00b0C \u2713 Large clear display\" \/>\n<meta name=\"robots\" content=\"index, follow, max-snippet:-1, max-image-preview:large, max-video-preview:-1\" \/>\n<link rel=\"canonical\" href=\"https:\/\/www.nordtec.se\/en\/product\/measuring-instruments\/temperature-gauges\/temperature-loggers\/testo-175-t1-1-channel-temperature-logger\/\" \/>\n<meta property=\"og:locale\" content=\"en_US\" \/>\n<meta property=\"og:type\" content=\"article\" \/>\n<meta property=\"og:title\" content=\"testo 175 T1 - 1-channel temperature logger\" \/>\n<meta property=\"og:description\" content=\"1-channel temperature logger with internal sensor \u1405 testo 175 T1 \u2713 Efficient readout via USB or SD card \u2713 Measuring range -35 ... +55\u00b0C \u2713 Large clear display\" \/>\n<meta property=\"og:url\" content=\"https:\/\/www.nordtec.se\/en\/product\/measuring-instruments\/temperature-gauges\/temperature-loggers\/testo-175-t1-1-channel-temperature-logger\/\" \/>\n<meta property=\"og:site_name\" content=\"Nordtec\" \/>\n<meta property=\"article:publisher\" content=\"https:\/\/www.facebook.com\/nordtecinstrument\" \/>\n<meta property=\"article:modified_time\" content=\"2025-05-06T12:33:38+00:00\" \/>\n<meta property=\"og:image\" content=\"https:\/\/www.nordtec.se\/wp-content\/uploads\/2022\/03\/testo-175T1-frontal-0572-1751-INT_800px.png\" \/>\n\t<meta property=\"og:image:width\" content=\"800\" \/>\n\t<meta property=\"og:image:height\" content=\"800\" \/>\n\t<meta property=\"og:image:type\" content=\"image\/png\" \/>\n<meta name=\"twitter:card\" content=\"summary_large_image\" \/>\n<meta name=\"twitter:label1\" content=\"Est. reading time\" \/>\n\t<meta name=\"twitter:data1\" content=\"3 minutes\" \/>\n<script type=\"application\/ld+json\" class=\"yoast-schema-graph\">{\"@context\":\"https:\\\/\\\/schema.org\",\"@graph\":[{\"@type\":[\"WebPage\",\"ItemPage\"],\"@id\":\"https:\\\/\\\/www.nordtec.se\\\/en\\\/product\\\/measuring-instruments\\\/temperature-gauges\\\/temperature-loggers\\\/testo-175-t1-1-channel-temperature-logger\\\/\",\"url\":\"https:\\\/\\\/www.nordtec.se\\\/en\\\/product\\\/measuring-instruments\\\/temperature-gauges\\\/temperature-loggers\\\/testo-175-t1-1-channel-temperature-logger\\\/\",\"name\":\"testo 175 T1 - 1-channel temperature logger | Nordtec\",\"isPartOf\":{\"@id\":\"https:\\\/\\\/www.nordtec.se\\\/en\\\/#website\"},\"primaryImageOfPage\":{\"@id\":\"https:\\\/\\\/www.nordtec.se\\\/en\\\/product\\\/measuring-instruments\\\/temperature-gauges\\\/temperature-loggers\\\/testo-175-t1-1-channel-temperature-logger\\\/#primaryimage\"},\"image\":{\"@id\":\"https:\\\/\\\/www.nordtec.se\\\/en\\\/product\\\/measuring-instruments\\\/temperature-gauges\\\/temperature-loggers\\\/testo-175-t1-1-channel-temperature-logger\\\/#primaryimage\"},\"thumbnailUrl\":\"https:\\\/\\\/www.nordtec.se\\\/wp-content\\\/uploads\\\/2022\\\/03\\\/testo-175T1-frontal-0572-1751-INT_800px.png\",\"datePublished\":\"2022-03-31T14:28:33+00:00\",\"dateModified\":\"2025-05-06T12:33:38+00:00\",\"description\":\"1-channel temperature logger with internal sensor \u1405 testo 175 T1 \u2713 Efficient readout via USB or SD card \u2713 Measuring range -35 ... +55\u00b0C \u2713 Large clear display\",\"breadcrumb\":{\"@id\":\"https:\\\/\\\/www.nordtec.se\\\/en\\\/product\\\/measuring-instruments\\\/temperature-gauges\\\/temperature-loggers\\\/testo-175-t1-1-channel-temperature-logger\\\/#breadcrumb\"},\"inLanguage\":\"en-US\",\"potentialAction\":[{\"@type\":\"ReadAction\",\"target\":[\"https:\\\/\\\/www.nordtec.se\\\/en\\\/product\\\/measuring-instruments\\\/temperature-gauges\\\/temperature-loggers\\\/testo-175-t1-1-channel-temperature-logger\\\/\"]}]},{\"@type\":\"ImageObject\",\"inLanguage\":\"en-US\",\"@id\":\"https:\\\/\\\/www.nordtec.se\\\/en\\\/product\\\/measuring-instruments\\\/temperature-gauges\\\/temperature-loggers\\\/testo-175-t1-1-channel-temperature-logger\\\/#primaryimage\",\"url\":\"https:\\\/\\\/www.nordtec.se\\\/wp-content\\\/uploads\\\/2022\\\/03\\\/testo-175T1-frontal-0572-1751-INT_800px.png\",\"contentUrl\":\"https:\\\/\\\/www.nordtec.se\\\/wp-content\\\/uploads\\\/2022\\\/03\\\/testo-175T1-frontal-0572-1751-INT_800px.png\",\"width\":800,\"height\":800,\"caption\":\"Datalogger testo 175 T1\"},{\"@type\":\"BreadcrumbList\",\"@id\":\"https:\\\/\\\/www.nordtec.se\\\/en\\\/product\\\/measuring-instruments\\\/temperature-gauges\\\/temperature-loggers\\\/testo-175-t1-1-channel-temperature-logger\\\/#breadcrumb\",\"itemListElement\":[{\"@type\":\"ListItem\",\"position\":1,\"name\":\"Hem\",\"item\":\"https:\\\/\\\/www.nordtec.se\\\/en\\\/home-page\\\/\"},{\"@type\":\"ListItem\",\"position\":2,\"name\":\"Shop\",\"item\":\"https:\\\/\\\/www.nordtec.se\\\/shop\\\/?lang=en\"},{\"@type\":\"ListItem\",\"position\":3,\"name\":\"testo 175 T1 &#8211; 1-channel temperature logger\"}]},{\"@type\":\"WebSite\",\"@id\":\"https:\\\/\\\/www.nordtec.se\\\/en\\\/#website\",\"url\":\"https:\\\/\\\/www.nordtec.se\\\/en\\\/\",\"name\":\"Nordtec\",\"description\":\"Din partner inom m\u00e4tteknik\",\"publisher\":{\"@id\":\"https:\\\/\\\/www.nordtec.se\\\/en\\\/#organization\"},\"potentialAction\":[{\"@type\":\"SearchAction\",\"target\":{\"@type\":\"EntryPoint\",\"urlTemplate\":\"https:\\\/\\\/www.nordtec.se\\\/en\\\/?s={search_term_string}\"},\"query-input\":{\"@type\":\"PropertyValueSpecification\",\"valueRequired\":true,\"valueName\":\"search_term_string\"}}],\"inLanguage\":\"en-US\"},{\"@type\":\"Organization\",\"@id\":\"https:\\\/\\\/www.nordtec.se\\\/en\\\/#organization\",\"name\":\"Nordtec Instrument AB\",\"url\":\"https:\\\/\\\/www.nordtec.se\\\/en\\\/\",\"logo\":{\"@type\":\"ImageObject\",\"inLanguage\":\"en-US\",\"@id\":\"https:\\\/\\\/www.nordtec.se\\\/en\\\/#\\\/schema\\\/logo\\\/image\\\/\",\"url\":\"https:\\\/\\\/www.nordtec.se\\\/wp-content\\\/uploads\\\/2021\\\/08\\\/nordtec_logo_rgb-340px.png\",\"contentUrl\":\"https:\\\/\\\/www.nordtec.se\\\/wp-content\\\/uploads\\\/2021\\\/08\\\/nordtec_logo_rgb-340px.png\",\"width\":340,\"height\":75,\"caption\":\"Nordtec Instrument AB\"},\"image\":{\"@id\":\"https:\\\/\\\/www.nordtec.se\\\/en\\\/#\\\/schema\\\/logo\\\/image\\\/\"},\"sameAs\":[\"https:\\\/\\\/www.facebook.com\\\/nordtecinstrument\",\"https:\\\/\\\/www.instagram.com\\\/nordtec_instrument\\\/\",\"https:\\\/\\\/www.linkedin.com\\\/company\\\/nordtec-instrument-ab\\\/\",\"https:\\\/\\\/www.youtube.com\\\/channel\\\/UCbmAq3ZmfBKOGg7_igFURng\"]}]}<\/script>\n<!-- \/ Yoast SEO Premium plugin. -->","yoast_head_json":{"title":"testo 175 T1 - 1-channel temperature logger | Nordtec","description":"1-channel temperature logger with internal sensor \u1405 testo 175 T1 \u2713 Efficient readout via USB or SD card \u2713 Measuring range -35 ... +55\u00b0C \u2713 Large clear display","robots":{"index":"index","follow":"follow","max-snippet":"max-snippet:-1","max-image-preview":"max-image-preview:large","max-video-preview":"max-video-preview:-1"},"canonical":"https:\/\/www.nordtec.se\/en\/product\/measuring-instruments\/temperature-gauges\/temperature-loggers\/testo-175-t1-1-channel-temperature-logger\/","og_locale":"en_US","og_type":"article","og_title":"testo 175 T1 - 1-channel temperature logger","og_description":"1-channel temperature logger with internal sensor \u1405 testo 175 T1 \u2713 Efficient readout via USB or SD card \u2713 Measuring range -35 ... +55\u00b0C \u2713 Large clear display","og_url":"https:\/\/www.nordtec.se\/en\/product\/measuring-instruments\/temperature-gauges\/temperature-loggers\/testo-175-t1-1-channel-temperature-logger\/","og_site_name":"Nordtec","article_publisher":"https:\/\/www.facebook.com\/nordtecinstrument","article_modified_time":"2025-05-06T12:33:38+00:00","og_image":[{"width":800,"height":800,"url":"https:\/\/www.nordtec.se\/wp-content\/uploads\/2022\/03\/testo-175T1-frontal-0572-1751-INT_800px.png","type":"image\/png"}],"twitter_card":"summary_large_image","twitter_misc":{"Est. reading time":"3 minutes"},"schema":{"@context":"https:\/\/schema.org","@graph":[{"@type":["WebPage","ItemPage"],"@id":"https:\/\/www.nordtec.se\/en\/product\/measuring-instruments\/temperature-gauges\/temperature-loggers\/testo-175-t1-1-channel-temperature-logger\/","url":"https:\/\/www.nordtec.se\/en\/product\/measuring-instruments\/temperature-gauges\/temperature-loggers\/testo-175-t1-1-channel-temperature-logger\/","name":"testo 175 T1 - 1-channel temperature logger | Nordtec","isPartOf":{"@id":"https:\/\/www.nordtec.se\/en\/#website"},"primaryImageOfPage":{"@id":"https:\/\/www.nordtec.se\/en\/product\/measuring-instruments\/temperature-gauges\/temperature-loggers\/testo-175-t1-1-channel-temperature-logger\/#primaryimage"},"image":{"@id":"https:\/\/www.nordtec.se\/en\/product\/measuring-instruments\/temperature-gauges\/temperature-loggers\/testo-175-t1-1-channel-temperature-logger\/#primaryimage"},"thumbnailUrl":"https:\/\/www.nordtec.se\/wp-content\/uploads\/2022\/03\/testo-175T1-frontal-0572-1751-INT_800px.png","datePublished":"2022-03-31T14:28:33+00:00","dateModified":"2025-05-06T12:33:38+00:00","description":"1-channel temperature logger with internal sensor \u1405 testo 175 T1 \u2713 Efficient readout via USB or SD card \u2713 Measuring range -35 ... +55\u00b0C \u2713 Large clear display","breadcrumb":{"@id":"https:\/\/www.nordtec.se\/en\/product\/measuring-instruments\/temperature-gauges\/temperature-loggers\/testo-175-t1-1-channel-temperature-logger\/#breadcrumb"},"inLanguage":"en-US","potentialAction":[{"@type":"ReadAction","target":["https:\/\/www.nordtec.se\/en\/product\/measuring-instruments\/temperature-gauges\/temperature-loggers\/testo-175-t1-1-channel-temperature-logger\/"]}]},{"@type":"ImageObject","inLanguage":"en-US","@id":"https:\/\/www.nordtec.se\/en\/product\/measuring-instruments\/temperature-gauges\/temperature-loggers\/testo-175-t1-1-channel-temperature-logger\/#primaryimage","url":"https:\/\/www.nordtec.se\/wp-content\/uploads\/2022\/03\/testo-175T1-frontal-0572-1751-INT_800px.png","contentUrl":"https:\/\/www.nordtec.se\/wp-content\/uploads\/2022\/03\/testo-175T1-frontal-0572-1751-INT_800px.png","width":800,"height":800,"caption":"Datalogger testo 175 T1"},{"@type":"BreadcrumbList","@id":"https:\/\/www.nordtec.se\/en\/product\/measuring-instruments\/temperature-gauges\/temperature-loggers\/testo-175-t1-1-channel-temperature-logger\/#breadcrumb","itemListElement":[{"@type":"ListItem","position":1,"name":"Hem","item":"https:\/\/www.nordtec.se\/en\/home-page\/"},{"@type":"ListItem","position":2,"name":"Shop","item":"https:\/\/www.nordtec.se\/shop\/?lang=en"},{"@type":"ListItem","position":3,"name":"testo 175 T1 &#8211; 1-channel temperature logger"}]},{"@type":"WebSite","@id":"https:\/\/www.nordtec.se\/en\/#website","url":"https:\/\/www.nordtec.se\/en\/","name":"Nordtec","description":"Din partner inom m\u00e4tteknik","publisher":{"@id":"https:\/\/www.nordtec.se\/en\/#organization"},"potentialAction":[{"@type":"SearchAction","target":{"@type":"EntryPoint","urlTemplate":"https:\/\/www.nordtec.se\/en\/?s={search_term_string}"},"query-input":{"@type":"PropertyValueSpecification","valueRequired":true,"valueName":"search_term_string"}}],"inLanguage":"en-US"},{"@type":"Organization","@id":"https:\/\/www.nordtec.se\/en\/#organization","name":"Nordtec Instrument AB","url":"https:\/\/www.nordtec.se\/en\/","logo":{"@type":"ImageObject","inLanguage":"en-US","@id":"https:\/\/www.nordtec.se\/en\/#\/schema\/logo\/image\/","url":"https:\/\/www.nordtec.se\/wp-content\/uploads\/2021\/08\/nordtec_logo_rgb-340px.png","contentUrl":"https:\/\/www.nordtec.se\/wp-content\/uploads\/2021\/08\/nordtec_logo_rgb-340px.png","width":340,"height":75,"caption":"Nordtec Instrument AB"},"image":{"@id":"https:\/\/www.nordtec.se\/en\/#\/schema\/logo\/image\/"},"sameAs":["https:\/\/www.facebook.com\/nordtecinstrument","https:\/\/www.instagram.com\/nordtec_instrument\/","https:\/\/www.linkedin.com\/company\/nordtec-instrument-ab\/","https:\/\/www.youtube.com\/channel\/UCbmAq3ZmfBKOGg7_igFURng"]}]}},"taxonomy_info":{"product_brand":[{"value":1435,"label":"Testo"}],"product_cat":[{"value":769,"label":"Data loggers"},{"value":768,"label":"Measuring instruments"},{"value":842,"label":"Standard loggers"},{"value":778,"label":"Temperature gauges"},{"value":828,"label":"Temperature loggers"}],"product_tag":[{"value":964,"label":"\u00d6ver +50 \u00b0C"},{"value":914,"label":"Temperatur"},{"value":930,"label":"Under -20 \u00b0C"}]},"featured_image_src_large":["https:\/\/www.nordtec.se\/wp-content\/uploads\/2022\/03\/testo-175T1-frontal-0572-1751-INT_800px.png",800,800,false],"author_info":[],"comment_info":"","_links":{"self":[{"href":"https:\/\/www.nordtec.se\/en\/wp-json\/wp\/v2\/product\/40787","targetHints":{"allow":["GET"]}}],"collection":[{"href":"https:\/\/www.nordtec.se\/en\/wp-json\/wp\/v2\/product"}],"about":[{"href":"https:\/\/www.nordtec.se\/en\/wp-json\/wp\/v2\/types\/product"}],"version-history":[{"count":4,"href":"https:\/\/www.nordtec.se\/en\/wp-json\/wp\/v2\/product\/40787\/revisions"}],"predecessor-version":[{"id":50167,"href":"https:\/\/www.nordtec.se\/en\/wp-json\/wp\/v2\/product\/40787\/revisions\/50167"}],"wp:featuredmedia":[{"embeddable":true,"href":"https:\/\/www.nordtec.se\/en\/wp-json\/wp\/v2\/media\/37903"}],"wp:attachment":[{"href":"https:\/\/www.nordtec.se\/en\/wp-json\/wp\/v2\/media?parent=40787"}],"wp:term":[{"taxonomy":"product_brand","embeddable":true,"href":"https:\/\/www.nordtec.se\/en\/wp-json\/wp\/v2\/product_brand?post=40787"},{"taxonomy":"product_cat","embeddable":true,"href":"https:\/\/www.nordtec.se\/en\/wp-json\/wp\/v2\/product_cat?post=40787"},{"taxonomy":"product_tag","embeddable":true,"href":"https:\/\/www.nordtec.se\/en\/wp-json\/wp\/v2\/product_tag?post=40787"}],"curies":[{"name":"wp","href":"https:\/\/api.w.org\/{rel}","templated":true}]}}