{"id":40806,"date":"2022-03-30T16:41:34","date_gmt":"2022-03-30T14:41:34","guid":{"rendered":"https:\/\/www.nordtec.se\/produkt\/uncategorized\/testo-745-non-contact-voltage-tester\/"},"modified":"2025-05-06T14:35:29","modified_gmt":"2025-05-06T12:35:29","slug":"testo-745-non-contact-voltage-tester","status":"publish","type":"product","link":"https:\/\/www.nordtec.se\/en\/product\/measuring-instruments\/electrical-measuring-instruments\/testo-745-non-contact-voltage-tester\/","title":{"rendered":"testo 745 &#8211; non-contact voltage tester"},"content":{"rendered":"<h2>testo 745 &#8211; non-contact voltage tester<\/h2>\n<p>The testo 745 non-contact voltage tester is suitable for quick initial checks of suspected sources of error. You can quickly and easily determine whether the voltage is on or off. Unlike most other models on the market, the testo 745 has a high frequency interference filter which allows for reliable voltage detection. If a voltage is detected, it emits a clear light or sound alarm.<\/p>\n<p>The sensitivity can be set in two steps: (1) for phase detection and (2) for voltage detection. The built-in measuring point illumination also helps in dark measuring locations. The 745 voltage tester is also water and dust proof according to protection class IP67.<\/p>\n<h2>Advantages of the testo 745<\/h2>\n<ul>\n<li>Voltage range up to 1 000 V<\/li>\n<li>Water and dust proof according to protection class IP67<\/li>\n<li>Can be set up for phase or voltage detection<\/li>\n<li>Sound and light alarms<\/li>\n<li>Filters against high-frequency interference signals<\/li>\n<li>Adjustable sensitivity<\/li>\n<li>Pocket size 55 x 104 x 32 mm<\/li>\n<li>Measurement point lighting<\/li>\n<li>Standards: EN 61010-1, IEC 61326<\/li>\n<\/ul>\n<p>[show_related_featured_videos]<\/p>\n<h2>Included in the delivery<\/h2>\n<p>The testo 745 voltage tester with batteries and factory protocol.<\/p>\n<p><span class=\"ui-provider ed ayd aye ayf ayg ayh ayi ayj ayk ayl aym ayn ayo ayp ayq ayr ays ayt ayu ayv ayw ayx ayy ayz aza azb azc azd aze azf azg azh azi azj azk\" dir=\"ltr\"><strong>Fabriksprotokoll:<\/strong>\u00a0utf\u00e4rdas p\u00e5 fabriken efter en kontroll av att produkten fungerar och uppfyller angiven m\u00e4tnoggrannhet. L\u00e4s om <a href=\"https:\/\/www.nordtec.se\/kalibrering\/iso-9001-kraver-kalibrerad-matutrustning\/\"><u>skillnaden mellan fabriksprotokoll och ackrediterad kalibrering<\/u><\/a>.<\/span><\/p>\n","protected":false},"excerpt":{"rendered":"<p style=\"text-align: left;\">Non-contact voltage testing up to 1 000 V<\/p>\n<ul>\n<li style=\"text-align: left;\">Filters against high-frequency interference signals<\/li>\n<li style=\"text-align: left;\">Adjustable sensitivity<\/li>\n<li style=\"text-align: left;\">Light and sound signal<\/li>\n<\/ul>\n","protected":false},"featured_media":38527,"template":"","meta":{"_kad_blocks_custom_css":"","_kad_blocks_head_custom_js":"","_kad_blocks_body_custom_js":"","_kad_blocks_footer_custom_js":"","footnotes":""},"product_brand":[1435],"product_cat":[801,768],"product_tag":[910],"class_list":{"0":"post-40806","1":"product","2":"type-product","3":"status-publish","4":"has-post-thumbnail","6":"product_brand-testo","7":"product_cat-electrical-measuring-instruments","8":"product_cat-measuring-instruments","9":"product_tag-spanningsprovare-en","11":"first","12":"instock","13":"taxable","14":"shipping-taxable","15":"purchasable","16":"product-type-simple"},"yoast_head":"<!-- This site is optimized with the Yoast SEO Premium plugin v27.3 (Yoast SEO v27.4) - https:\/\/yoast.com\/product\/yoast-seo-premium-wordpress\/ -->\n<title>testo 745 - non-contact voltage tester | Nordtec<\/title>\n<meta name=\"description\" content=\"testo 745 is the non-contact voltage tester \u1405 Up to 1000 V \u2713 Quick checks \u2713 Interference filter for high frequencies \u2713 Water and dust proof \u2713\" \/>\n<meta name=\"robots\" content=\"index, follow, max-snippet:-1, max-image-preview:large, max-video-preview:-1\" \/>\n<link rel=\"canonical\" href=\"https:\/\/www.nordtec.se\/en\/product\/measuring-instruments\/electrical-measuring-instruments\/testo-745-non-contact-voltage-tester\/\" \/>\n<meta property=\"og:locale\" content=\"en_US\" \/>\n<meta property=\"og:type\" content=\"article\" \/>\n<meta property=\"og:title\" content=\"testo 745 - non-contact voltage tester\" \/>\n<meta property=\"og:description\" content=\"testo 745 is the non-contact voltage tester \u1405 Up to 1000 V \u2713 Quick checks \u2713 Interference filter for high frequencies \u2713 Water and dust proof \u2713\" \/>\n<meta property=\"og:url\" content=\"https:\/\/www.nordtec.se\/en\/product\/measuring-instruments\/electrical-measuring-instruments\/testo-745-non-contact-voltage-tester\/\" \/>\n<meta property=\"og:site_name\" content=\"Nordtec\" \/>\n<meta property=\"article:publisher\" content=\"https:\/\/www.facebook.com\/nordtecinstrument\" \/>\n<meta property=\"article:modified_time\" content=\"2025-05-06T12:35:29+00:00\" \/>\n<meta property=\"og:image\" content=\"https:\/\/www.nordtec.se\/wp-content\/uploads\/2022\/03\/testo-745_p_in_oth_005845_800px.png\" \/>\n\t<meta property=\"og:image:width\" content=\"800\" \/>\n\t<meta property=\"og:image:height\" content=\"800\" \/>\n\t<meta property=\"og:image:type\" content=\"image\/png\" \/>\n<meta name=\"twitter:card\" content=\"summary_large_image\" \/>\n<meta name=\"twitter:label1\" content=\"Est. reading time\" \/>\n\t<meta name=\"twitter:data1\" content=\"2 minutes\" \/>\n<script type=\"application\/ld+json\" class=\"yoast-schema-graph\">{\"@context\":\"https:\\\/\\\/schema.org\",\"@graph\":[{\"@type\":[\"WebPage\",\"ItemPage\"],\"@id\":\"https:\\\/\\\/www.nordtec.se\\\/en\\\/product\\\/measuring-instruments\\\/electrical-measuring-instruments\\\/testo-745-non-contact-voltage-tester\\\/\",\"url\":\"https:\\\/\\\/www.nordtec.se\\\/en\\\/product\\\/measuring-instruments\\\/electrical-measuring-instruments\\\/testo-745-non-contact-voltage-tester\\\/\",\"name\":\"testo 745 - non-contact voltage tester | Nordtec\",\"isPartOf\":{\"@id\":\"https:\\\/\\\/www.nordtec.se\\\/en\\\/#website\"},\"primaryImageOfPage\":{\"@id\":\"https:\\\/\\\/www.nordtec.se\\\/en\\\/product\\\/measuring-instruments\\\/electrical-measuring-instruments\\\/testo-745-non-contact-voltage-tester\\\/#primaryimage\"},\"image\":{\"@id\":\"https:\\\/\\\/www.nordtec.se\\\/en\\\/product\\\/measuring-instruments\\\/electrical-measuring-instruments\\\/testo-745-non-contact-voltage-tester\\\/#primaryimage\"},\"thumbnailUrl\":\"https:\\\/\\\/www.nordtec.se\\\/wp-content\\\/uploads\\\/2022\\\/03\\\/testo-745_p_in_oth_005845_800px.png\",\"datePublished\":\"2022-03-30T14:41:34+00:00\",\"dateModified\":\"2025-05-06T12:35:29+00:00\",\"description\":\"testo 745 is the non-contact voltage tester \u1405 Up to 1000 V \u2713 Quick checks \u2713 Interference filter for high frequencies \u2713 Water and dust proof \u2713\",\"breadcrumb\":{\"@id\":\"https:\\\/\\\/www.nordtec.se\\\/en\\\/product\\\/measuring-instruments\\\/electrical-measuring-instruments\\\/testo-745-non-contact-voltage-tester\\\/#breadcrumb\"},\"inLanguage\":\"en-US\",\"potentialAction\":[{\"@type\":\"ReadAction\",\"target\":[\"https:\\\/\\\/www.nordtec.se\\\/en\\\/product\\\/measuring-instruments\\\/electrical-measuring-instruments\\\/testo-745-non-contact-voltage-tester\\\/\"]}]},{\"@type\":\"ImageObject\",\"inLanguage\":\"en-US\",\"@id\":\"https:\\\/\\\/www.nordtec.se\\\/en\\\/product\\\/measuring-instruments\\\/electrical-measuring-instruments\\\/testo-745-non-contact-voltage-tester\\\/#primaryimage\",\"url\":\"https:\\\/\\\/www.nordtec.se\\\/wp-content\\\/uploads\\\/2022\\\/03\\\/testo-745_p_in_oth_005845_800px.png\",\"contentUrl\":\"https:\\\/\\\/www.nordtec.se\\\/wp-content\\\/uploads\\\/2022\\\/03\\\/testo-745_p_in_oth_005845_800px.png\",\"width\":800,\"height\":800,\"caption\":\"Voltage tester testo 745 front\"},{\"@type\":\"BreadcrumbList\",\"@id\":\"https:\\\/\\\/www.nordtec.se\\\/en\\\/product\\\/measuring-instruments\\\/electrical-measuring-instruments\\\/testo-745-non-contact-voltage-tester\\\/#breadcrumb\",\"itemListElement\":[{\"@type\":\"ListItem\",\"position\":1,\"name\":\"Hem\",\"item\":\"https:\\\/\\\/www.nordtec.se\\\/en\\\/\"},{\"@type\":\"ListItem\",\"position\":2,\"name\":\"Shop\",\"item\":\"https:\\\/\\\/www.nordtec.se\\\/shop\\\/?lang=en\"},{\"@type\":\"ListItem\",\"position\":3,\"name\":\"testo 745 &#8211; non-contact voltage tester\"}]},{\"@type\":\"WebSite\",\"@id\":\"https:\\\/\\\/www.nordtec.se\\\/en\\\/#website\",\"url\":\"https:\\\/\\\/www.nordtec.se\\\/en\\\/\",\"name\":\"Nordtec\",\"description\":\"Din partner inom m\u00e4tteknik\",\"publisher\":{\"@id\":\"https:\\\/\\\/www.nordtec.se\\\/en\\\/#organization\"},\"potentialAction\":[{\"@type\":\"SearchAction\",\"target\":{\"@type\":\"EntryPoint\",\"urlTemplate\":\"https:\\\/\\\/www.nordtec.se\\\/en\\\/?s={search_term_string}\"},\"query-input\":{\"@type\":\"PropertyValueSpecification\",\"valueRequired\":true,\"valueName\":\"search_term_string\"}}],\"inLanguage\":\"en-US\"},{\"@type\":\"Organization\",\"@id\":\"https:\\\/\\\/www.nordtec.se\\\/en\\\/#organization\",\"name\":\"Nordtec Instrument AB\",\"url\":\"https:\\\/\\\/www.nordtec.se\\\/en\\\/\",\"logo\":{\"@type\":\"ImageObject\",\"inLanguage\":\"en-US\",\"@id\":\"https:\\\/\\\/www.nordtec.se\\\/en\\\/#\\\/schema\\\/logo\\\/image\\\/\",\"url\":\"https:\\\/\\\/www.nordtec.se\\\/wp-content\\\/uploads\\\/2021\\\/08\\\/nordtec_logo_rgb-340px.png\",\"contentUrl\":\"https:\\\/\\\/www.nordtec.se\\\/wp-content\\\/uploads\\\/2021\\\/08\\\/nordtec_logo_rgb-340px.png\",\"width\":340,\"height\":75,\"caption\":\"Nordtec Instrument AB\"},\"image\":{\"@id\":\"https:\\\/\\\/www.nordtec.se\\\/en\\\/#\\\/schema\\\/logo\\\/image\\\/\"},\"sameAs\":[\"https:\\\/\\\/www.facebook.com\\\/nordtecinstrument\",\"https:\\\/\\\/www.instagram.com\\\/nordtec_instrument\\\/\",\"https:\\\/\\\/www.linkedin.com\\\/company\\\/nordtec-instrument-ab\\\/\",\"https:\\\/\\\/www.youtube.com\\\/channel\\\/UCbmAq3ZmfBKOGg7_igFURng\"]}]}<\/script>\n<!-- \/ Yoast SEO Premium plugin. -->","yoast_head_json":{"title":"testo 745 - non-contact voltage tester | Nordtec","description":"testo 745 is the non-contact voltage tester \u1405 Up to 1000 V \u2713 Quick checks \u2713 Interference filter for high frequencies \u2713 Water and dust proof \u2713","robots":{"index":"index","follow":"follow","max-snippet":"max-snippet:-1","max-image-preview":"max-image-preview:large","max-video-preview":"max-video-preview:-1"},"canonical":"https:\/\/www.nordtec.se\/en\/product\/measuring-instruments\/electrical-measuring-instruments\/testo-745-non-contact-voltage-tester\/","og_locale":"en_US","og_type":"article","og_title":"testo 745 - non-contact voltage tester","og_description":"testo 745 is the non-contact voltage tester \u1405 Up to 1000 V \u2713 Quick checks \u2713 Interference filter for high frequencies \u2713 Water and dust proof \u2713","og_url":"https:\/\/www.nordtec.se\/en\/product\/measuring-instruments\/electrical-measuring-instruments\/testo-745-non-contact-voltage-tester\/","og_site_name":"Nordtec","article_publisher":"https:\/\/www.facebook.com\/nordtecinstrument","article_modified_time":"2025-05-06T12:35:29+00:00","og_image":[{"width":800,"height":800,"url":"https:\/\/www.nordtec.se\/wp-content\/uploads\/2022\/03\/testo-745_p_in_oth_005845_800px.png","type":"image\/png"}],"twitter_card":"summary_large_image","twitter_misc":{"Est. reading time":"2 minutes"},"schema":{"@context":"https:\/\/schema.org","@graph":[{"@type":["WebPage","ItemPage"],"@id":"https:\/\/www.nordtec.se\/en\/product\/measuring-instruments\/electrical-measuring-instruments\/testo-745-non-contact-voltage-tester\/","url":"https:\/\/www.nordtec.se\/en\/product\/measuring-instruments\/electrical-measuring-instruments\/testo-745-non-contact-voltage-tester\/","name":"testo 745 - non-contact voltage tester | Nordtec","isPartOf":{"@id":"https:\/\/www.nordtec.se\/en\/#website"},"primaryImageOfPage":{"@id":"https:\/\/www.nordtec.se\/en\/product\/measuring-instruments\/electrical-measuring-instruments\/testo-745-non-contact-voltage-tester\/#primaryimage"},"image":{"@id":"https:\/\/www.nordtec.se\/en\/product\/measuring-instruments\/electrical-measuring-instruments\/testo-745-non-contact-voltage-tester\/#primaryimage"},"thumbnailUrl":"https:\/\/www.nordtec.se\/wp-content\/uploads\/2022\/03\/testo-745_p_in_oth_005845_800px.png","datePublished":"2022-03-30T14:41:34+00:00","dateModified":"2025-05-06T12:35:29+00:00","description":"testo 745 is the non-contact voltage tester \u1405 Up to 1000 V \u2713 Quick checks \u2713 Interference filter for high frequencies \u2713 Water and dust proof \u2713","breadcrumb":{"@id":"https:\/\/www.nordtec.se\/en\/product\/measuring-instruments\/electrical-measuring-instruments\/testo-745-non-contact-voltage-tester\/#breadcrumb"},"inLanguage":"en-US","potentialAction":[{"@type":"ReadAction","target":["https:\/\/www.nordtec.se\/en\/product\/measuring-instruments\/electrical-measuring-instruments\/testo-745-non-contact-voltage-tester\/"]}]},{"@type":"ImageObject","inLanguage":"en-US","@id":"https:\/\/www.nordtec.se\/en\/product\/measuring-instruments\/electrical-measuring-instruments\/testo-745-non-contact-voltage-tester\/#primaryimage","url":"https:\/\/www.nordtec.se\/wp-content\/uploads\/2022\/03\/testo-745_p_in_oth_005845_800px.png","contentUrl":"https:\/\/www.nordtec.se\/wp-content\/uploads\/2022\/03\/testo-745_p_in_oth_005845_800px.png","width":800,"height":800,"caption":"Voltage tester testo 745 front"},{"@type":"BreadcrumbList","@id":"https:\/\/www.nordtec.se\/en\/product\/measuring-instruments\/electrical-measuring-instruments\/testo-745-non-contact-voltage-tester\/#breadcrumb","itemListElement":[{"@type":"ListItem","position":1,"name":"Hem","item":"https:\/\/www.nordtec.se\/en\/"},{"@type":"ListItem","position":2,"name":"Shop","item":"https:\/\/www.nordtec.se\/shop\/?lang=en"},{"@type":"ListItem","position":3,"name":"testo 745 &#8211; non-contact voltage tester"}]},{"@type":"WebSite","@id":"https:\/\/www.nordtec.se\/en\/#website","url":"https:\/\/www.nordtec.se\/en\/","name":"Nordtec","description":"Din partner inom m\u00e4tteknik","publisher":{"@id":"https:\/\/www.nordtec.se\/en\/#organization"},"potentialAction":[{"@type":"SearchAction","target":{"@type":"EntryPoint","urlTemplate":"https:\/\/www.nordtec.se\/en\/?s={search_term_string}"},"query-input":{"@type":"PropertyValueSpecification","valueRequired":true,"valueName":"search_term_string"}}],"inLanguage":"en-US"},{"@type":"Organization","@id":"https:\/\/www.nordtec.se\/en\/#organization","name":"Nordtec Instrument AB","url":"https:\/\/www.nordtec.se\/en\/","logo":{"@type":"ImageObject","inLanguage":"en-US","@id":"https:\/\/www.nordtec.se\/en\/#\/schema\/logo\/image\/","url":"https:\/\/www.nordtec.se\/wp-content\/uploads\/2021\/08\/nordtec_logo_rgb-340px.png","contentUrl":"https:\/\/www.nordtec.se\/wp-content\/uploads\/2021\/08\/nordtec_logo_rgb-340px.png","width":340,"height":75,"caption":"Nordtec Instrument AB"},"image":{"@id":"https:\/\/www.nordtec.se\/en\/#\/schema\/logo\/image\/"},"sameAs":["https:\/\/www.facebook.com\/nordtecinstrument","https:\/\/www.instagram.com\/nordtec_instrument\/","https:\/\/www.linkedin.com\/company\/nordtec-instrument-ab\/","https:\/\/www.youtube.com\/channel\/UCbmAq3ZmfBKOGg7_igFURng"]}]}},"taxonomy_info":{"product_brand":[{"value":1435,"label":"Testo"}],"product_cat":[{"value":801,"label":"Electrical measuring instruments"},{"value":768,"label":"Measuring instruments"}],"product_tag":[{"value":910,"label":"Sp\u00e4nningsprovare"}]},"featured_image_src_large":["https:\/\/www.nordtec.se\/wp-content\/uploads\/2022\/03\/testo-745_p_in_oth_005845_800px.png",800,800,false],"author_info":[],"comment_info":"","_links":{"self":[{"href":"https:\/\/www.nordtec.se\/en\/wp-json\/wp\/v2\/product\/40806","targetHints":{"allow":["GET"]}}],"collection":[{"href":"https:\/\/www.nordtec.se\/en\/wp-json\/wp\/v2\/product"}],"about":[{"href":"https:\/\/www.nordtec.se\/en\/wp-json\/wp\/v2\/types\/product"}],"version-history":[{"count":1,"href":"https:\/\/www.nordtec.se\/en\/wp-json\/wp\/v2\/product\/40806\/revisions"}],"predecessor-version":[{"id":45229,"href":"https:\/\/www.nordtec.se\/en\/wp-json\/wp\/v2\/product\/40806\/revisions\/45229"}],"wp:featuredmedia":[{"embeddable":true,"href":"https:\/\/www.nordtec.se\/en\/wp-json\/wp\/v2\/media\/38527"}],"wp:attachment":[{"href":"https:\/\/www.nordtec.se\/en\/wp-json\/wp\/v2\/media?parent=40806"}],"wp:term":[{"taxonomy":"product_brand","embeddable":true,"href":"https:\/\/www.nordtec.se\/en\/wp-json\/wp\/v2\/product_brand?post=40806"},{"taxonomy":"product_cat","embeddable":true,"href":"https:\/\/www.nordtec.se\/en\/wp-json\/wp\/v2\/product_cat?post=40806"},{"taxonomy":"product_tag","embeddable":true,"href":"https:\/\/www.nordtec.se\/en\/wp-json\/wp\/v2\/product_tag?post=40806"}],"curies":[{"name":"wp","href":"https:\/\/api.w.org\/{rel}","templated":true}]}}