{"id":40825,"date":"2022-03-30T16:38:10","date_gmt":"2022-03-30T14:38:10","guid":{"rendered":"https:\/\/www.nordtec.se\/produkt\/uncategorized\/testo-550i-app-controlled-manometer-stand-with-bluetooth\/"},"modified":"2025-11-27T10:29:12","modified_gmt":"2025-11-27T08:29:12","slug":"testo-550i-app-controlled-manometer-stand-with-bluetooth","status":"publish","type":"product","link":"https:\/\/www.nordtec.se\/en\/product\/measuring-instruments\/cooling-and-heat-pump-instruments\/testo-550i-app-controlled-manometer-stand-with-bluetooth\/","title":{"rendered":"testo 550i &#8211; app-controlled manometer stand with Bluetooth"},"content":{"rendered":"<h2>testo 550i &#8211; App-controlled digital manometer stand with Bluetooth and 2-way valve block<\/h2>\n<p>From measurement to documentation &#8211; thanks to the free testo Smart app, you can perform your daily service and maintenance work on your smartphone or tablet. The digital manometer stand testo 550i is equipped with Bluetooth, a 2-way valve block and a robust hook and can be fully controlled via an app on your smartphone or tablet &#8211; for flexible, fast measurements and digital documentation.<\/p>\n<ul>\n<li>The testo 550i is ideal for carrying out exceptionally fast, simple measurements on chillers, air conditioning systems and heat pumps.<\/li>\n<li>The testo Smart App: fully control your service and maintenance tasks via an app on your smartphone or tablet, benefit from clearly presented results and digital documentation, set your own favorites and always have access to the latest refrigerants.<\/li>\n<li>Maximum reliability and convenient handling in hard-to-reach environments thanks to an exceptionally compact, extremely robust instrument housing with IP54 protection class.<\/li>\n<li>Maximum flexibility for wireless work: Bluetooth sensors for temperature, pressure and humidity automatically connect to the measuring instrument via the testo Smart app.<\/li>\n<li>Continuously high performance in all conditions: You can rely on this manometer stand from Testo &#8211; it combines proven Testo quality with very robust properties.<\/li>\n<\/ul>\n<h2>Included in delivery<\/h2>\n<p>The digital manometer stand testo 550i with 2-way valve block incl.. 3 pcs. AAA batteries, factory protocol and user manual.<\/p>\n<p><span class=\"ui-provider ed ayd aye ayf ayg ayh ayi ayj ayk ayl aym ayn ayo ayp ayq ayr ays ayt ayu ayv ayw ayx ayy ayz aza azb azc azd aze azf azg azh azi azj azk\" dir=\"ltr\"><strong>Fabriksprotokoll:<\/strong>\u00a0utf\u00e4rdas p\u00e5 fabriken efter en kontroll av att produkten fungerar och uppfyller angiven m\u00e4tnoggrannhet. L\u00e4s om <a href=\"https:\/\/www.nordtec.se\/kalibrering\/iso-9001-kraver-kalibrerad-matutrustning\/\"><u>skillnaden mellan fabriksprotokoll och ackrediterad kalibrering<\/u><\/a>.<\/span><\/p>\n","protected":false},"excerpt":{"rendered":"<p style=\"text-align: left;\">The smallest digital pressure gauge stand on the market with Bluetooth<\/p>\n<ul>\n<li style=\"text-align: left;\">Everything from measurement to documentation, with the testo Smart app on your smartphone<\/li>\n<li style=\"text-align: left;\">Maximum reliability thanks to an extremely robust instrument housing with protection class IP54<\/li>\n<li style=\"text-align: left;\">Can be optionally supplemented with testo SmartProbes sensors for temperature, humidity and vacuum.<\/li>\n<\/ul>\n","protected":false},"featured_media":38453,"template":"","meta":{"_kad_blocks_custom_css":"","_kad_blocks_head_custom_js":"","_kad_blocks_body_custom_js":"","_kad_blocks_footer_custom_js":"","footnotes":""},"product_brand":[1435],"product_cat":[788,768,1426],"product_tag":[850,890],"class_list":{"0":"post-40825","1":"product","2":"type-product","3":"status-publish","4":"has-post-thumbnail","6":"product_brand-testo","7":"product_cat-cooling-and-heat-pump-instruments","8":"product_cat-measuring-instruments","9":"product_cat-testo-smart-app","10":"product_tag-bluetooth-en","11":"product_tag-manometerstall-en","13":"first","14":"instock","15":"taxable","16":"shipping-taxable","17":"purchasable","18":"product-type-simple"},"yoast_head":"<!-- This site is optimized with the Yoast SEO Premium plugin v27.3 (Yoast SEO v27.5) - https:\/\/yoast.com\/product\/yoast-seo-premium-wordpress\/ -->\n<title>testo 550i - app-controlled manometer stand with Bluetooth | Nordtec<\/title>\n<meta name=\"description\" content=\"The smallest digital manometer stand on the market with Bluetooth \u1405 testo 550i \u2713 Everything from measurement to documentation with the testo Smart app on your smartphone.\" \/>\n<meta name=\"robots\" content=\"index, follow, max-snippet:-1, max-image-preview:large, max-video-preview:-1\" \/>\n<link rel=\"canonical\" href=\"https:\/\/www.nordtec.se\/en\/product\/measuring-instruments\/cooling-and-heat-pump-instruments\/testo-550i-app-controlled-manometer-stand-with-bluetooth\/\" \/>\n<meta property=\"og:locale\" content=\"en_US\" \/>\n<meta property=\"og:type\" content=\"article\" \/>\n<meta property=\"og:title\" content=\"testo 550i - app-controlled manometer stand with Bluetooth\" \/>\n<meta property=\"og:description\" content=\"The smallest digital manometer stand on the market with Bluetooth \u1405 testo 550i \u2713 Everything from measurement to documentation with the testo Smart app on your smartphone.\" \/>\n<meta property=\"og:url\" content=\"https:\/\/www.nordtec.se\/en\/product\/measuring-instruments\/cooling-and-heat-pump-instruments\/testo-550i-app-controlled-manometer-stand-with-bluetooth\/\" \/>\n<meta property=\"og:site_name\" content=\"Nordtec\" \/>\n<meta property=\"article:publisher\" content=\"https:\/\/www.facebook.com\/nordtecinstrument\" \/>\n<meta property=\"article:modified_time\" content=\"2025-11-27T08:29:12+00:00\" \/>\n<meta property=\"og:image\" content=\"https:\/\/www.nordtec.se\/wp-content\/uploads\/2022\/03\/testo-550i-front_800px.png\" \/>\n\t<meta property=\"og:image:width\" content=\"800\" \/>\n\t<meta property=\"og:image:height\" content=\"800\" \/>\n\t<meta property=\"og:image:type\" content=\"image\/png\" \/>\n<meta name=\"twitter:card\" content=\"summary_large_image\" \/>\n<meta name=\"twitter:label1\" content=\"Est. reading time\" \/>\n\t<meta name=\"twitter:data1\" content=\"2 minutes\" \/>\n<script type=\"application\/ld+json\" class=\"yoast-schema-graph\">{\"@context\":\"https:\\\/\\\/schema.org\",\"@graph\":[{\"@type\":[\"WebPage\",\"ItemPage\"],\"@id\":\"https:\\\/\\\/www.nordtec.se\\\/en\\\/product\\\/measuring-instruments\\\/cooling-and-heat-pump-instruments\\\/testo-550i-app-controlled-manometer-stand-with-bluetooth\\\/\",\"url\":\"https:\\\/\\\/www.nordtec.se\\\/en\\\/product\\\/measuring-instruments\\\/cooling-and-heat-pump-instruments\\\/testo-550i-app-controlled-manometer-stand-with-bluetooth\\\/\",\"name\":\"testo 550i - app-controlled manometer stand with Bluetooth | Nordtec\",\"isPartOf\":{\"@id\":\"https:\\\/\\\/www.nordtec.se\\\/en\\\/#website\"},\"primaryImageOfPage\":{\"@id\":\"https:\\\/\\\/www.nordtec.se\\\/en\\\/product\\\/measuring-instruments\\\/cooling-and-heat-pump-instruments\\\/testo-550i-app-controlled-manometer-stand-with-bluetooth\\\/#primaryimage\"},\"image\":{\"@id\":\"https:\\\/\\\/www.nordtec.se\\\/en\\\/product\\\/measuring-instruments\\\/cooling-and-heat-pump-instruments\\\/testo-550i-app-controlled-manometer-stand-with-bluetooth\\\/#primaryimage\"},\"thumbnailUrl\":\"https:\\\/\\\/www.nordtec.se\\\/wp-content\\\/uploads\\\/2022\\\/03\\\/testo-550i-front_800px.png\",\"datePublished\":\"2022-03-30T14:38:10+00:00\",\"dateModified\":\"2025-11-27T08:29:12+00:00\",\"description\":\"The smallest digital manometer stand on the market with Bluetooth \u1405 testo 550i \u2713 Everything from measurement to documentation with the testo Smart app on your smartphone.\",\"breadcrumb\":{\"@id\":\"https:\\\/\\\/www.nordtec.se\\\/en\\\/product\\\/measuring-instruments\\\/cooling-and-heat-pump-instruments\\\/testo-550i-app-controlled-manometer-stand-with-bluetooth\\\/#breadcrumb\"},\"inLanguage\":\"en-US\",\"potentialAction\":[{\"@type\":\"ReadAction\",\"target\":[\"https:\\\/\\\/www.nordtec.se\\\/en\\\/product\\\/measuring-instruments\\\/cooling-and-heat-pump-instruments\\\/testo-550i-app-controlled-manometer-stand-with-bluetooth\\\/\"]}]},{\"@type\":\"ImageObject\",\"inLanguage\":\"en-US\",\"@id\":\"https:\\\/\\\/www.nordtec.se\\\/en\\\/product\\\/measuring-instruments\\\/cooling-and-heat-pump-instruments\\\/testo-550i-app-controlled-manometer-stand-with-bluetooth\\\/#primaryimage\",\"url\":\"https:\\\/\\\/www.nordtec.se\\\/wp-content\\\/uploads\\\/2022\\\/03\\\/testo-550i-front_800px.png\",\"contentUrl\":\"https:\\\/\\\/www.nordtec.se\\\/wp-content\\\/uploads\\\/2022\\\/03\\\/testo-550i-front_800px.png\",\"width\":800,\"height\":800,\"caption\":\"Pressure gauge rack testo 550i front\"},{\"@type\":\"BreadcrumbList\",\"@id\":\"https:\\\/\\\/www.nordtec.se\\\/en\\\/product\\\/measuring-instruments\\\/cooling-and-heat-pump-instruments\\\/testo-550i-app-controlled-manometer-stand-with-bluetooth\\\/#breadcrumb\",\"itemListElement\":[{\"@type\":\"ListItem\",\"position\":1,\"name\":\"Hem\",\"item\":\"https:\\\/\\\/www.nordtec.se\\\/en\\\/\"},{\"@type\":\"ListItem\",\"position\":2,\"name\":\"Shop\",\"item\":\"https:\\\/\\\/www.nordtec.se\\\/shop\\\/?lang=en\"},{\"@type\":\"ListItem\",\"position\":3,\"name\":\"testo 550i &#8211; app-controlled manometer stand with Bluetooth\"}]},{\"@type\":\"WebSite\",\"@id\":\"https:\\\/\\\/www.nordtec.se\\\/en\\\/#website\",\"url\":\"https:\\\/\\\/www.nordtec.se\\\/en\\\/\",\"name\":\"Nordtec\",\"description\":\"Din partner inom m\u00e4tteknik\",\"publisher\":{\"@id\":\"https:\\\/\\\/www.nordtec.se\\\/en\\\/#organization\"},\"potentialAction\":[{\"@type\":\"SearchAction\",\"target\":{\"@type\":\"EntryPoint\",\"urlTemplate\":\"https:\\\/\\\/www.nordtec.se\\\/en\\\/?s={search_term_string}\"},\"query-input\":{\"@type\":\"PropertyValueSpecification\",\"valueRequired\":true,\"valueName\":\"search_term_string\"}}],\"inLanguage\":\"en-US\"},{\"@type\":\"Organization\",\"@id\":\"https:\\\/\\\/www.nordtec.se\\\/en\\\/#organization\",\"name\":\"Nordtec Instrument AB\",\"url\":\"https:\\\/\\\/www.nordtec.se\\\/en\\\/\",\"logo\":{\"@type\":\"ImageObject\",\"inLanguage\":\"en-US\",\"@id\":\"https:\\\/\\\/www.nordtec.se\\\/en\\\/#\\\/schema\\\/logo\\\/image\\\/\",\"url\":\"https:\\\/\\\/www.nordtec.se\\\/wp-content\\\/uploads\\\/2021\\\/08\\\/nordtec_logo_rgb-340px.png\",\"contentUrl\":\"https:\\\/\\\/www.nordtec.se\\\/wp-content\\\/uploads\\\/2021\\\/08\\\/nordtec_logo_rgb-340px.png\",\"width\":340,\"height\":75,\"caption\":\"Nordtec Instrument AB\"},\"image\":{\"@id\":\"https:\\\/\\\/www.nordtec.se\\\/en\\\/#\\\/schema\\\/logo\\\/image\\\/\"},\"sameAs\":[\"https:\\\/\\\/www.facebook.com\\\/nordtecinstrument\",\"https:\\\/\\\/www.instagram.com\\\/nordtec_instrument\\\/\",\"https:\\\/\\\/www.linkedin.com\\\/company\\\/nordtec-instrument-ab\\\/\",\"https:\\\/\\\/www.youtube.com\\\/channel\\\/UCbmAq3ZmfBKOGg7_igFURng\"]}]}<\/script>\n<!-- \/ Yoast SEO Premium plugin. -->","yoast_head_json":{"title":"testo 550i - app-controlled manometer stand with Bluetooth | Nordtec","description":"The smallest digital manometer stand on the market with Bluetooth \u1405 testo 550i \u2713 Everything from measurement to documentation with the testo Smart app on your smartphone.","robots":{"index":"index","follow":"follow","max-snippet":"max-snippet:-1","max-image-preview":"max-image-preview:large","max-video-preview":"max-video-preview:-1"},"canonical":"https:\/\/www.nordtec.se\/en\/product\/measuring-instruments\/cooling-and-heat-pump-instruments\/testo-550i-app-controlled-manometer-stand-with-bluetooth\/","og_locale":"en_US","og_type":"article","og_title":"testo 550i - app-controlled manometer stand with Bluetooth","og_description":"The smallest digital manometer stand on the market with Bluetooth \u1405 testo 550i \u2713 Everything from measurement to documentation with the testo Smart app on your smartphone.","og_url":"https:\/\/www.nordtec.se\/en\/product\/measuring-instruments\/cooling-and-heat-pump-instruments\/testo-550i-app-controlled-manometer-stand-with-bluetooth\/","og_site_name":"Nordtec","article_publisher":"https:\/\/www.facebook.com\/nordtecinstrument","article_modified_time":"2025-11-27T08:29:12+00:00","og_image":[{"width":800,"height":800,"url":"https:\/\/www.nordtec.se\/wp-content\/uploads\/2022\/03\/testo-550i-front_800px.png","type":"image\/png"}],"twitter_card":"summary_large_image","twitter_misc":{"Est. reading time":"2 minutes"},"schema":{"@context":"https:\/\/schema.org","@graph":[{"@type":["WebPage","ItemPage"],"@id":"https:\/\/www.nordtec.se\/en\/product\/measuring-instruments\/cooling-and-heat-pump-instruments\/testo-550i-app-controlled-manometer-stand-with-bluetooth\/","url":"https:\/\/www.nordtec.se\/en\/product\/measuring-instruments\/cooling-and-heat-pump-instruments\/testo-550i-app-controlled-manometer-stand-with-bluetooth\/","name":"testo 550i - app-controlled manometer stand with Bluetooth | Nordtec","isPartOf":{"@id":"https:\/\/www.nordtec.se\/en\/#website"},"primaryImageOfPage":{"@id":"https:\/\/www.nordtec.se\/en\/product\/measuring-instruments\/cooling-and-heat-pump-instruments\/testo-550i-app-controlled-manometer-stand-with-bluetooth\/#primaryimage"},"image":{"@id":"https:\/\/www.nordtec.se\/en\/product\/measuring-instruments\/cooling-and-heat-pump-instruments\/testo-550i-app-controlled-manometer-stand-with-bluetooth\/#primaryimage"},"thumbnailUrl":"https:\/\/www.nordtec.se\/wp-content\/uploads\/2022\/03\/testo-550i-front_800px.png","datePublished":"2022-03-30T14:38:10+00:00","dateModified":"2025-11-27T08:29:12+00:00","description":"The smallest digital manometer stand on the market with Bluetooth \u1405 testo 550i \u2713 Everything from measurement to documentation with the testo Smart app on your smartphone.","breadcrumb":{"@id":"https:\/\/www.nordtec.se\/en\/product\/measuring-instruments\/cooling-and-heat-pump-instruments\/testo-550i-app-controlled-manometer-stand-with-bluetooth\/#breadcrumb"},"inLanguage":"en-US","potentialAction":[{"@type":"ReadAction","target":["https:\/\/www.nordtec.se\/en\/product\/measuring-instruments\/cooling-and-heat-pump-instruments\/testo-550i-app-controlled-manometer-stand-with-bluetooth\/"]}]},{"@type":"ImageObject","inLanguage":"en-US","@id":"https:\/\/www.nordtec.se\/en\/product\/measuring-instruments\/cooling-and-heat-pump-instruments\/testo-550i-app-controlled-manometer-stand-with-bluetooth\/#primaryimage","url":"https:\/\/www.nordtec.se\/wp-content\/uploads\/2022\/03\/testo-550i-front_800px.png","contentUrl":"https:\/\/www.nordtec.se\/wp-content\/uploads\/2022\/03\/testo-550i-front_800px.png","width":800,"height":800,"caption":"Pressure gauge rack testo 550i front"},{"@type":"BreadcrumbList","@id":"https:\/\/www.nordtec.se\/en\/product\/measuring-instruments\/cooling-and-heat-pump-instruments\/testo-550i-app-controlled-manometer-stand-with-bluetooth\/#breadcrumb","itemListElement":[{"@type":"ListItem","position":1,"name":"Hem","item":"https:\/\/www.nordtec.se\/en\/"},{"@type":"ListItem","position":2,"name":"Shop","item":"https:\/\/www.nordtec.se\/shop\/?lang=en"},{"@type":"ListItem","position":3,"name":"testo 550i &#8211; app-controlled manometer stand with Bluetooth"}]},{"@type":"WebSite","@id":"https:\/\/www.nordtec.se\/en\/#website","url":"https:\/\/www.nordtec.se\/en\/","name":"Nordtec","description":"Din partner inom m\u00e4tteknik","publisher":{"@id":"https:\/\/www.nordtec.se\/en\/#organization"},"potentialAction":[{"@type":"SearchAction","target":{"@type":"EntryPoint","urlTemplate":"https:\/\/www.nordtec.se\/en\/?s={search_term_string}"},"query-input":{"@type":"PropertyValueSpecification","valueRequired":true,"valueName":"search_term_string"}}],"inLanguage":"en-US"},{"@type":"Organization","@id":"https:\/\/www.nordtec.se\/en\/#organization","name":"Nordtec Instrument AB","url":"https:\/\/www.nordtec.se\/en\/","logo":{"@type":"ImageObject","inLanguage":"en-US","@id":"https:\/\/www.nordtec.se\/en\/#\/schema\/logo\/image\/","url":"https:\/\/www.nordtec.se\/wp-content\/uploads\/2021\/08\/nordtec_logo_rgb-340px.png","contentUrl":"https:\/\/www.nordtec.se\/wp-content\/uploads\/2021\/08\/nordtec_logo_rgb-340px.png","width":340,"height":75,"caption":"Nordtec Instrument AB"},"image":{"@id":"https:\/\/www.nordtec.se\/en\/#\/schema\/logo\/image\/"},"sameAs":["https:\/\/www.facebook.com\/nordtecinstrument","https:\/\/www.instagram.com\/nordtec_instrument\/","https:\/\/www.linkedin.com\/company\/nordtec-instrument-ab\/","https:\/\/www.youtube.com\/channel\/UCbmAq3ZmfBKOGg7_igFURng"]}]}},"taxonomy_info":{"product_brand":[{"value":1435,"label":"Testo"}],"product_cat":[{"value":788,"label":"Cooling and heat pump instruments"},{"value":768,"label":"Measuring instruments"},{"value":1426,"label":"testo Smart App"}],"product_tag":[{"value":850,"label":"Bluetooth"},{"value":890,"label":"Manometerst\u00e4ll"}]},"featured_image_src_large":["https:\/\/www.nordtec.se\/wp-content\/uploads\/2022\/03\/testo-550i-front_800px.png",800,800,false],"author_info":[],"comment_info":"","_links":{"self":[{"href":"https:\/\/www.nordtec.se\/en\/wp-json\/wp\/v2\/product\/40825","targetHints":{"allow":["GET"]}}],"collection":[{"href":"https:\/\/www.nordtec.se\/en\/wp-json\/wp\/v2\/product"}],"about":[{"href":"https:\/\/www.nordtec.se\/en\/wp-json\/wp\/v2\/types\/product"}],"version-history":[{"count":1,"href":"https:\/\/www.nordtec.se\/en\/wp-json\/wp\/v2\/product\/40825\/revisions"}],"predecessor-version":[{"id":44966,"href":"https:\/\/www.nordtec.se\/en\/wp-json\/wp\/v2\/product\/40825\/revisions\/44966"}],"wp:featuredmedia":[{"embeddable":true,"href":"https:\/\/www.nordtec.se\/en\/wp-json\/wp\/v2\/media\/38453"}],"wp:attachment":[{"href":"https:\/\/www.nordtec.se\/en\/wp-json\/wp\/v2\/media?parent=40825"}],"wp:term":[{"taxonomy":"product_brand","embeddable":true,"href":"https:\/\/www.nordtec.se\/en\/wp-json\/wp\/v2\/product_brand?post=40825"},{"taxonomy":"product_cat","embeddable":true,"href":"https:\/\/www.nordtec.se\/en\/wp-json\/wp\/v2\/product_cat?post=40825"},{"taxonomy":"product_tag","embeddable":true,"href":"https:\/\/www.nordtec.se\/en\/wp-json\/wp\/v2\/product_tag?post=40825"}],"curies":[{"name":"wp","href":"https:\/\/api.w.org\/{rel}","templated":true}]}}