{"id":40831,"date":"2022-03-30T16:41:34","date_gmt":"2022-03-30T14:41:34","guid":{"rendered":"https:\/\/www.nordtec.se\/produkt\/uncategorized\/testo-770-1-digital-seaweed-ammeter\/"},"modified":"2025-05-06T14:35:42","modified_gmt":"2025-05-06T12:35:42","slug":"testo-770-1-digital-seaweed-ammeter","status":"publish","type":"product","link":"https:\/\/www.nordtec.se\/en\/product\/measuring-instruments\/electrical-measuring-instruments\/testo-770-1-digital-seaweed-ammeter\/","title":{"rendered":"testo 770-1 &#8211; digital clamp ammeter"},"content":{"rendered":"<h2>testo 770-1 &#8211; digital clamp ammeter<\/h2>\n<p>The testo 770-1 model is the standard version of the testo 770 series. This current clamp is ideal for daily measurement tasks including measurement of starting current and non-contact current measurement in cabinets. One of the two gripping claws can be fully retracted into the instrument, making it easy to grip cables in tight cabinets. The automatic recognition of measurement parameters ensures a reliable measurement function. In the current and voltage range, the instrument can detect direct and alternating current. It can also automatically select other parameters such as resistance, continuity, diodes and capacitance. The values are clearly shown on the 2-line display.<\/p>\n<h2>Advantages of the testo 770-1<\/h2>\n<ul>\n<li>Fully retractable claw for maximum flexibility<\/li>\n<li>Auto AC-DC<\/li>\n<li>automatically selects parameters such as resistance, continuity, diodes and capacitance<\/li>\n<li>Clear 2-line display<\/li>\n<li>True effective value &#8211; TRMS<\/li>\n<li>Measurement of starting current<\/li>\n<\/ul>\n<p>[show_related_featured_videos]<\/p>\n<h2>Included in delivery<\/h2>\n<p>The testo 770-1 digital clamp ammeter, a set of measuring cables, factory protocols and batteries.<\/p>\n<p><span class=\"ui-provider ed ayd aye ayf ayg ayh ayi ayj ayk ayl aym ayn ayo ayp ayq ayr ays ayt ayu ayv ayw ayx ayy ayz aza azb azc azd aze azf azg azh azi azj azk\" dir=\"ltr\"><strong>Fabriksprotokoll:<\/strong>\u00a0utf\u00e4rdas p\u00e5 fabriken efter en kontroll av att produkten fungerar och uppfyller angiven m\u00e4tnoggrannhet. L\u00e4s om <a href=\"https:\/\/www.nordtec.se\/kalibrering\/iso-9001-kraver-kalibrerad-matutrustning\/\"><u>skillnaden mellan fabriksprotokoll och ackrediterad kalibrering<\/u><\/a>.<\/span><\/p>\n","protected":false},"excerpt":{"rendered":"<p style=\"text-align: left;\">Ideal for daily measurement tasks such as measuring starting current<\/p>\n<ul>\n<li style=\"text-align: left;\">Unique gripping mechanism &#8211; optimal for tight spaces<\/li>\n<li style=\"text-align: left;\">Auto AC\/DC for current and voltage<\/li>\n<li style=\"text-align: left;\">True effective value &#8211; TRMS<\/li>\n<\/ul>\n","protected":false},"featured_media":38551,"template":"","meta":{"_kad_blocks_custom_css":"","_kad_blocks_head_custom_js":"","_kad_blocks_body_custom_js":"","_kad_blocks_footer_custom_js":"","footnotes":""},"product_brand":[1435],"product_cat":[801,768],"product_tag":[928],"class_list":{"0":"post-40831","1":"product","2":"type-product","3":"status-publish","4":"has-post-thumbnail","6":"product_brand-testo","7":"product_cat-electrical-measuring-instruments","8":"product_cat-measuring-instruments","9":"product_tag-tangamperemetrar-en","11":"first","12":"instock","13":"taxable","14":"shipping-taxable","15":"purchasable","16":"product-type-simple"},"yoast_head":"<!-- This site is optimized with the Yoast SEO Premium plugin v27.3 (Yoast SEO v27.4) - https:\/\/yoast.com\/product\/yoast-seo-premium-wordpress\/ -->\n<title>testo 770-1 - digital clamp ammeter | Nordtec<\/title>\n<meta name=\"description\" content=\"Clamp ammeter testo 770-1 \u1405 Current clamp with TRMS \u2713 Unique gripping mechanism \u2713 Easy to use in confined spaces \u2713 Auto AC\/DC \u2713 Order here!\" \/>\n<meta name=\"robots\" content=\"index, follow, max-snippet:-1, max-image-preview:large, max-video-preview:-1\" \/>\n<link rel=\"canonical\" href=\"https:\/\/www.nordtec.se\/en\/product\/measuring-instruments\/electrical-measuring-instruments\/testo-770-1-digital-seaweed-ammeter\/\" \/>\n<meta property=\"og:locale\" content=\"en_US\" \/>\n<meta property=\"og:type\" content=\"article\" \/>\n<meta property=\"og:title\" content=\"testo 770-1 - digital clamp ammeter\" \/>\n<meta property=\"og:description\" content=\"Clamp ammeter testo 770-1 \u1405 Current clamp with TRMS \u2713 Unique gripping mechanism \u2713 Easy to use in confined spaces \u2713 Auto AC\/DC \u2713 Order here!\" \/>\n<meta property=\"og:url\" content=\"https:\/\/www.nordtec.se\/en\/product\/measuring-instruments\/electrical-measuring-instruments\/testo-770-1-digital-seaweed-ammeter\/\" \/>\n<meta property=\"og:site_name\" content=\"Nordtec\" \/>\n<meta property=\"article:publisher\" content=\"https:\/\/www.facebook.com\/nordtecinstrument\" \/>\n<meta property=\"article:modified_time\" content=\"2025-05-06T12:35:42+00:00\" \/>\n<meta property=\"og:image\" content=\"https:\/\/www.nordtec.se\/wp-content\/uploads\/2022\/03\/testo-770-1-400A_p_in_oth_005901_800px.png\" \/>\n\t<meta property=\"og:image:width\" content=\"800\" \/>\n\t<meta property=\"og:image:height\" content=\"800\" \/>\n\t<meta property=\"og:image:type\" content=\"image\/png\" \/>\n<meta name=\"twitter:card\" content=\"summary_large_image\" \/>\n<meta name=\"twitter:label1\" content=\"Est. reading time\" \/>\n\t<meta name=\"twitter:data1\" content=\"2 minutes\" \/>\n<script type=\"application\/ld+json\" class=\"yoast-schema-graph\">{\"@context\":\"https:\\\/\\\/schema.org\",\"@graph\":[{\"@type\":[\"WebPage\",\"ItemPage\"],\"@id\":\"https:\\\/\\\/www.nordtec.se\\\/en\\\/product\\\/measuring-instruments\\\/electrical-measuring-instruments\\\/testo-770-1-digital-seaweed-ammeter\\\/\",\"url\":\"https:\\\/\\\/www.nordtec.se\\\/en\\\/product\\\/measuring-instruments\\\/electrical-measuring-instruments\\\/testo-770-1-digital-seaweed-ammeter\\\/\",\"name\":\"testo 770-1 - digital clamp ammeter | Nordtec\",\"isPartOf\":{\"@id\":\"https:\\\/\\\/www.nordtec.se\\\/en\\\/#website\"},\"primaryImageOfPage\":{\"@id\":\"https:\\\/\\\/www.nordtec.se\\\/en\\\/product\\\/measuring-instruments\\\/electrical-measuring-instruments\\\/testo-770-1-digital-seaweed-ammeter\\\/#primaryimage\"},\"image\":{\"@id\":\"https:\\\/\\\/www.nordtec.se\\\/en\\\/product\\\/measuring-instruments\\\/electrical-measuring-instruments\\\/testo-770-1-digital-seaweed-ammeter\\\/#primaryimage\"},\"thumbnailUrl\":\"https:\\\/\\\/www.nordtec.se\\\/wp-content\\\/uploads\\\/2022\\\/03\\\/testo-770-1-400A_p_in_oth_005901_800px.png\",\"datePublished\":\"2022-03-30T14:41:34+00:00\",\"dateModified\":\"2025-05-06T12:35:42+00:00\",\"description\":\"Clamp ammeter testo 770-1 \u1405 Current clamp with TRMS \u2713 Unique gripping mechanism \u2713 Easy to use in confined spaces \u2713 Auto AC\\\/DC \u2713 Order here!\",\"breadcrumb\":{\"@id\":\"https:\\\/\\\/www.nordtec.se\\\/en\\\/product\\\/measuring-instruments\\\/electrical-measuring-instruments\\\/testo-770-1-digital-seaweed-ammeter\\\/#breadcrumb\"},\"inLanguage\":\"en-US\",\"potentialAction\":[{\"@type\":\"ReadAction\",\"target\":[\"https:\\\/\\\/www.nordtec.se\\\/en\\\/product\\\/measuring-instruments\\\/electrical-measuring-instruments\\\/testo-770-1-digital-seaweed-ammeter\\\/\"]}]},{\"@type\":\"ImageObject\",\"inLanguage\":\"en-US\",\"@id\":\"https:\\\/\\\/www.nordtec.se\\\/en\\\/product\\\/measuring-instruments\\\/electrical-measuring-instruments\\\/testo-770-1-digital-seaweed-ammeter\\\/#primaryimage\",\"url\":\"https:\\\/\\\/www.nordtec.se\\\/wp-content\\\/uploads\\\/2022\\\/03\\\/testo-770-1-400A_p_in_oth_005901_800px.png\",\"contentUrl\":\"https:\\\/\\\/www.nordtec.se\\\/wp-content\\\/uploads\\\/2022\\\/03\\\/testo-770-1-400A_p_in_oth_005901_800px.png\",\"width\":800,\"height\":800,\"caption\":\"Clamp ammeter testo 770-1 front\"},{\"@type\":\"BreadcrumbList\",\"@id\":\"https:\\\/\\\/www.nordtec.se\\\/en\\\/product\\\/measuring-instruments\\\/electrical-measuring-instruments\\\/testo-770-1-digital-seaweed-ammeter\\\/#breadcrumb\",\"itemListElement\":[{\"@type\":\"ListItem\",\"position\":1,\"name\":\"Hem\",\"item\":\"https:\\\/\\\/www.nordtec.se\\\/en\\\/\"},{\"@type\":\"ListItem\",\"position\":2,\"name\":\"Shop\",\"item\":\"https:\\\/\\\/www.nordtec.se\\\/shop\\\/?lang=en\"},{\"@type\":\"ListItem\",\"position\":3,\"name\":\"testo 770-1 &#8211; digital clamp ammeter\"}]},{\"@type\":\"WebSite\",\"@id\":\"https:\\\/\\\/www.nordtec.se\\\/en\\\/#website\",\"url\":\"https:\\\/\\\/www.nordtec.se\\\/en\\\/\",\"name\":\"Nordtec\",\"description\":\"Din partner inom m\u00e4tteknik\",\"publisher\":{\"@id\":\"https:\\\/\\\/www.nordtec.se\\\/en\\\/#organization\"},\"potentialAction\":[{\"@type\":\"SearchAction\",\"target\":{\"@type\":\"EntryPoint\",\"urlTemplate\":\"https:\\\/\\\/www.nordtec.se\\\/en\\\/?s={search_term_string}\"},\"query-input\":{\"@type\":\"PropertyValueSpecification\",\"valueRequired\":true,\"valueName\":\"search_term_string\"}}],\"inLanguage\":\"en-US\"},{\"@type\":\"Organization\",\"@id\":\"https:\\\/\\\/www.nordtec.se\\\/en\\\/#organization\",\"name\":\"Nordtec Instrument AB\",\"url\":\"https:\\\/\\\/www.nordtec.se\\\/en\\\/\",\"logo\":{\"@type\":\"ImageObject\",\"inLanguage\":\"en-US\",\"@id\":\"https:\\\/\\\/www.nordtec.se\\\/en\\\/#\\\/schema\\\/logo\\\/image\\\/\",\"url\":\"https:\\\/\\\/www.nordtec.se\\\/wp-content\\\/uploads\\\/2021\\\/08\\\/nordtec_logo_rgb-340px.png\",\"contentUrl\":\"https:\\\/\\\/www.nordtec.se\\\/wp-content\\\/uploads\\\/2021\\\/08\\\/nordtec_logo_rgb-340px.png\",\"width\":340,\"height\":75,\"caption\":\"Nordtec Instrument AB\"},\"image\":{\"@id\":\"https:\\\/\\\/www.nordtec.se\\\/en\\\/#\\\/schema\\\/logo\\\/image\\\/\"},\"sameAs\":[\"https:\\\/\\\/www.facebook.com\\\/nordtecinstrument\",\"https:\\\/\\\/www.instagram.com\\\/nordtec_instrument\\\/\",\"https:\\\/\\\/www.linkedin.com\\\/company\\\/nordtec-instrument-ab\\\/\",\"https:\\\/\\\/www.youtube.com\\\/channel\\\/UCbmAq3ZmfBKOGg7_igFURng\"]}]}<\/script>\n<!-- \/ Yoast SEO Premium plugin. -->","yoast_head_json":{"title":"testo 770-1 - digital clamp ammeter | Nordtec","description":"Clamp ammeter testo 770-1 \u1405 Current clamp with TRMS \u2713 Unique gripping mechanism \u2713 Easy to use in confined spaces \u2713 Auto AC\/DC \u2713 Order here!","robots":{"index":"index","follow":"follow","max-snippet":"max-snippet:-1","max-image-preview":"max-image-preview:large","max-video-preview":"max-video-preview:-1"},"canonical":"https:\/\/www.nordtec.se\/en\/product\/measuring-instruments\/electrical-measuring-instruments\/testo-770-1-digital-seaweed-ammeter\/","og_locale":"en_US","og_type":"article","og_title":"testo 770-1 - digital clamp ammeter","og_description":"Clamp ammeter testo 770-1 \u1405 Current clamp with TRMS \u2713 Unique gripping mechanism \u2713 Easy to use in confined spaces \u2713 Auto AC\/DC \u2713 Order here!","og_url":"https:\/\/www.nordtec.se\/en\/product\/measuring-instruments\/electrical-measuring-instruments\/testo-770-1-digital-seaweed-ammeter\/","og_site_name":"Nordtec","article_publisher":"https:\/\/www.facebook.com\/nordtecinstrument","article_modified_time":"2025-05-06T12:35:42+00:00","og_image":[{"width":800,"height":800,"url":"https:\/\/www.nordtec.se\/wp-content\/uploads\/2022\/03\/testo-770-1-400A_p_in_oth_005901_800px.png","type":"image\/png"}],"twitter_card":"summary_large_image","twitter_misc":{"Est. reading time":"2 minutes"},"schema":{"@context":"https:\/\/schema.org","@graph":[{"@type":["WebPage","ItemPage"],"@id":"https:\/\/www.nordtec.se\/en\/product\/measuring-instruments\/electrical-measuring-instruments\/testo-770-1-digital-seaweed-ammeter\/","url":"https:\/\/www.nordtec.se\/en\/product\/measuring-instruments\/electrical-measuring-instruments\/testo-770-1-digital-seaweed-ammeter\/","name":"testo 770-1 - digital clamp ammeter | Nordtec","isPartOf":{"@id":"https:\/\/www.nordtec.se\/en\/#website"},"primaryImageOfPage":{"@id":"https:\/\/www.nordtec.se\/en\/product\/measuring-instruments\/electrical-measuring-instruments\/testo-770-1-digital-seaweed-ammeter\/#primaryimage"},"image":{"@id":"https:\/\/www.nordtec.se\/en\/product\/measuring-instruments\/electrical-measuring-instruments\/testo-770-1-digital-seaweed-ammeter\/#primaryimage"},"thumbnailUrl":"https:\/\/www.nordtec.se\/wp-content\/uploads\/2022\/03\/testo-770-1-400A_p_in_oth_005901_800px.png","datePublished":"2022-03-30T14:41:34+00:00","dateModified":"2025-05-06T12:35:42+00:00","description":"Clamp ammeter testo 770-1 \u1405 Current clamp with TRMS \u2713 Unique gripping mechanism \u2713 Easy to use in confined spaces \u2713 Auto AC\/DC \u2713 Order here!","breadcrumb":{"@id":"https:\/\/www.nordtec.se\/en\/product\/measuring-instruments\/electrical-measuring-instruments\/testo-770-1-digital-seaweed-ammeter\/#breadcrumb"},"inLanguage":"en-US","potentialAction":[{"@type":"ReadAction","target":["https:\/\/www.nordtec.se\/en\/product\/measuring-instruments\/electrical-measuring-instruments\/testo-770-1-digital-seaweed-ammeter\/"]}]},{"@type":"ImageObject","inLanguage":"en-US","@id":"https:\/\/www.nordtec.se\/en\/product\/measuring-instruments\/electrical-measuring-instruments\/testo-770-1-digital-seaweed-ammeter\/#primaryimage","url":"https:\/\/www.nordtec.se\/wp-content\/uploads\/2022\/03\/testo-770-1-400A_p_in_oth_005901_800px.png","contentUrl":"https:\/\/www.nordtec.se\/wp-content\/uploads\/2022\/03\/testo-770-1-400A_p_in_oth_005901_800px.png","width":800,"height":800,"caption":"Clamp ammeter testo 770-1 front"},{"@type":"BreadcrumbList","@id":"https:\/\/www.nordtec.se\/en\/product\/measuring-instruments\/electrical-measuring-instruments\/testo-770-1-digital-seaweed-ammeter\/#breadcrumb","itemListElement":[{"@type":"ListItem","position":1,"name":"Hem","item":"https:\/\/www.nordtec.se\/en\/"},{"@type":"ListItem","position":2,"name":"Shop","item":"https:\/\/www.nordtec.se\/shop\/?lang=en"},{"@type":"ListItem","position":3,"name":"testo 770-1 &#8211; digital clamp ammeter"}]},{"@type":"WebSite","@id":"https:\/\/www.nordtec.se\/en\/#website","url":"https:\/\/www.nordtec.se\/en\/","name":"Nordtec","description":"Din partner inom m\u00e4tteknik","publisher":{"@id":"https:\/\/www.nordtec.se\/en\/#organization"},"potentialAction":[{"@type":"SearchAction","target":{"@type":"EntryPoint","urlTemplate":"https:\/\/www.nordtec.se\/en\/?s={search_term_string}"},"query-input":{"@type":"PropertyValueSpecification","valueRequired":true,"valueName":"search_term_string"}}],"inLanguage":"en-US"},{"@type":"Organization","@id":"https:\/\/www.nordtec.se\/en\/#organization","name":"Nordtec Instrument AB","url":"https:\/\/www.nordtec.se\/en\/","logo":{"@type":"ImageObject","inLanguage":"en-US","@id":"https:\/\/www.nordtec.se\/en\/#\/schema\/logo\/image\/","url":"https:\/\/www.nordtec.se\/wp-content\/uploads\/2021\/08\/nordtec_logo_rgb-340px.png","contentUrl":"https:\/\/www.nordtec.se\/wp-content\/uploads\/2021\/08\/nordtec_logo_rgb-340px.png","width":340,"height":75,"caption":"Nordtec Instrument AB"},"image":{"@id":"https:\/\/www.nordtec.se\/en\/#\/schema\/logo\/image\/"},"sameAs":["https:\/\/www.facebook.com\/nordtecinstrument","https:\/\/www.instagram.com\/nordtec_instrument\/","https:\/\/www.linkedin.com\/company\/nordtec-instrument-ab\/","https:\/\/www.youtube.com\/channel\/UCbmAq3ZmfBKOGg7_igFURng"]}]}},"taxonomy_info":{"product_brand":[{"value":1435,"label":"Testo"}],"product_cat":[{"value":801,"label":"Electrical measuring instruments"},{"value":768,"label":"Measuring instruments"}],"product_tag":[{"value":928,"label":"T\u00e5ngamperemetrar"}]},"featured_image_src_large":["https:\/\/www.nordtec.se\/wp-content\/uploads\/2022\/03\/testo-770-1-400A_p_in_oth_005901_800px.png",800,800,false],"author_info":[],"comment_info":"","_links":{"self":[{"href":"https:\/\/www.nordtec.se\/en\/wp-json\/wp\/v2\/product\/40831","targetHints":{"allow":["GET"]}}],"collection":[{"href":"https:\/\/www.nordtec.se\/en\/wp-json\/wp\/v2\/product"}],"about":[{"href":"https:\/\/www.nordtec.se\/en\/wp-json\/wp\/v2\/types\/product"}],"version-history":[{"count":1,"href":"https:\/\/www.nordtec.se\/en\/wp-json\/wp\/v2\/product\/40831\/revisions"}],"predecessor-version":[{"id":45163,"href":"https:\/\/www.nordtec.se\/en\/wp-json\/wp\/v2\/product\/40831\/revisions\/45163"}],"wp:featuredmedia":[{"embeddable":true,"href":"https:\/\/www.nordtec.se\/en\/wp-json\/wp\/v2\/media\/38551"}],"wp:attachment":[{"href":"https:\/\/www.nordtec.se\/en\/wp-json\/wp\/v2\/media?parent=40831"}],"wp:term":[{"taxonomy":"product_brand","embeddable":true,"href":"https:\/\/www.nordtec.se\/en\/wp-json\/wp\/v2\/product_brand?post=40831"},{"taxonomy":"product_cat","embeddable":true,"href":"https:\/\/www.nordtec.se\/en\/wp-json\/wp\/v2\/product_cat?post=40831"},{"taxonomy":"product_tag","embeddable":true,"href":"https:\/\/www.nordtec.se\/en\/wp-json\/wp\/v2\/product_tag?post=40831"}],"curies":[{"name":"wp","href":"https:\/\/api.w.org\/{rel}","templated":true}]}}