{"id":40833,"date":"2022-03-30T16:38:10","date_gmt":"2022-03-30T14:38:10","guid":{"rendered":"https:\/\/www.nordtec.se\/produkt\/uncategorized\/testo-557s-manometer-stand-with-4-way-valve-block\/"},"modified":"2025-05-06T14:33:09","modified_gmt":"2025-05-06T12:33:09","slug":"testo-557s-manometer-stand-with-4-way-valve-block","status":"publish","type":"product","link":"https:\/\/www.nordtec.se\/en\/product\/measuring-instruments\/cooling-and-heat-pump-instruments\/testo-557s-manometer-stand-with-4-way-valve-block\/","title":{"rendered":"testo 557s &#8211; manometer stand with 4-way valve block"},"content":{"rendered":"<h2>testo 557s &#8211; Smart digital manometer stand with Bluetooth and a 4-way valve block<\/h2>\n<p>Easier, more flexible measurement and documentation: With the digital manometer stand testo 557s with Bluetooth and a 4-way valve block, you are ideally equipped for your measurement tasks during commissioning, service and maintenance on refrigeration units, air conditioning systems and heat pumps.<\/p>\n<ul>\n<li>For exceptionally fast measurements on chillers, air conditioning systems and heat pumps.<\/li>\n<li>Large graphic display for easy reading of measurement results<\/li>\n<li>Ready-made measurement programs guide you through the measurements and allow you to automatically determine key system parameters such as overheating, pressure drop or deflation<\/li>\n<li>Easy to use with maximum flexibility for your applications: Bluetooth sensors for temperature, pressure and humidity are automatically connected to the pressure gauge stand.<\/li>\n<li>testo Smart app: create digital documentation directly on site, set your own favorites, always have access to the latest refrigerants thanks to automatic updates<\/li>\n<li>Continuously high performance in all conditions: You can rely on this manometer stand from Testo &#8211; it combines proven Testo quality with very robust properties.<\/li>\n<\/ul>\n<h2>Included in delivery<\/h2>\n<ul>\n<li>The digital 4-way manometer stand testo 557s incl.. 4 pcs. AA batteries and factory protocol<\/li>\n<li>The wireless vacuum sensor testo 552i (Bluetooth)<\/li>\n<li>2 pcs. wireless pipe temperature sensors of the model testo 115i<\/li>\n<li>Transport bag<\/li>\n<li>testo Smart app (free download)<\/li>\n<\/ul>\n<p><span class=\"ui-provider ed ayd aye ayf ayg ayh ayi ayj ayk ayl aym ayn ayo ayp ayq ayr ays ayt ayu ayv ayw ayx ayy ayz aza azb azc azd aze azf azg azh azi azj azk\" dir=\"ltr\"><strong>Fabriksprotokoll:<\/strong>\u00a0utf\u00e4rdas p\u00e5 fabriken efter en kontroll av att produkten fungerar och uppfyller angiven m\u00e4tnoggrannhet. L\u00e4s om <a href=\"https:\/\/www.nordtec.se\/kalibrering\/iso-9001-kraver-kalibrerad-matutrustning\/\"><u>skillnaden mellan fabriksprotokoll och ackrediterad kalibrering<\/u><\/a>.<\/span><\/p>\n","protected":false},"excerpt":{"rendered":"<p style=\"text-align: left;\">Smart digital manometer stand with Bluetooth and a 4-way valve block<\/p>\n<ul>\n<li style=\"text-align: left;\">Fully wireless measurements and quick overview of all measurement results: thanks to Bluetooth sensor and large graphic display.<\/li>\n<li style=\"text-align: left;\">Exceptionally compact and reliable thanks to the easy-to-handle, robust instrument housing with IP 54 protection class.<\/li>\n<li style=\"text-align: left;\">Simple, wireless and flexible measurement and documentation<\/li>\n<\/ul>\n","protected":false},"featured_media":38472,"template":"","meta":{"_kad_blocks_custom_css":"","_kad_blocks_head_custom_js":"","_kad_blocks_body_custom_js":"","_kad_blocks_footer_custom_js":"","footnotes":""},"product_brand":[1435],"product_cat":[788,768,1426],"product_tag":[850,890,935],"class_list":{"0":"post-40833","1":"product","2":"type-product","3":"status-publish","4":"has-post-thumbnail","6":"product_brand-testo","7":"product_cat-cooling-and-heat-pump-instruments","8":"product_cat-measuring-instruments","9":"product_cat-testo-smart-app","10":"product_tag-bluetooth-en","11":"product_tag-manometerstall-en","12":"product_tag-vakuummeter-en","14":"first","15":"onbackorder","16":"taxable","17":"shipping-taxable","18":"purchasable","19":"product-type-simple"},"yoast_head":"<!-- This site is optimized with the Yoast SEO Premium plugin v27.3 (Yoast SEO v27.5) - https:\/\/yoast.com\/product\/yoast-seo-premium-wordpress\/ -->\n<title>testo 557s - manometer stand with 4-way valve block | Nordtec<\/title>\n<meta name=\"description\" content=\"Smart digital manometer stand with Bluetooth and a 4-way valve block \u1405 testo 557s \u2713 Large graphic display \u2713 Wireless and flexible measurement and documentation\" \/>\n<meta name=\"robots\" content=\"index, follow, max-snippet:-1, max-image-preview:large, max-video-preview:-1\" \/>\n<link rel=\"canonical\" href=\"https:\/\/www.nordtec.se\/en\/product\/measuring-instruments\/cooling-and-heat-pump-instruments\/testo-557s-manometer-stand-with-4-way-valve-block\/\" \/>\n<meta property=\"og:locale\" content=\"en_US\" \/>\n<meta property=\"og:type\" content=\"article\" \/>\n<meta property=\"og:title\" content=\"testo 557s - manometer stand with 4-way valve block\" \/>\n<meta property=\"og:description\" content=\"Smart digital manometer stand with Bluetooth and a 4-way valve block \u1405 testo 557s \u2713 Large graphic display \u2713 Wireless and flexible measurement and documentation\" \/>\n<meta property=\"og:url\" content=\"https:\/\/www.nordtec.se\/en\/product\/measuring-instruments\/cooling-and-heat-pump-instruments\/testo-557s-manometer-stand-with-4-way-valve-block\/\" \/>\n<meta property=\"og:site_name\" content=\"Nordtec\" \/>\n<meta property=\"article:publisher\" content=\"https:\/\/www.facebook.com\/nordtecinstrument\" \/>\n<meta property=\"article:modified_time\" content=\"2025-05-06T12:33:09+00:00\" \/>\n<meta property=\"og:image\" content=\"https:\/\/www.nordtec.se\/wp-content\/uploads\/2022\/03\/0564-5571-557s-Smart-Vacuum-Kit-International-800px.png\" \/>\n\t<meta property=\"og:image:width\" content=\"800\" \/>\n\t<meta property=\"og:image:height\" content=\"800\" \/>\n\t<meta property=\"og:image:type\" content=\"image\/png\" \/>\n<meta name=\"twitter:card\" content=\"summary_large_image\" \/>\n<meta name=\"twitter:label1\" content=\"Est. reading time\" \/>\n\t<meta name=\"twitter:data1\" content=\"2 minutes\" \/>\n<script type=\"application\/ld+json\" class=\"yoast-schema-graph\">{\"@context\":\"https:\\\/\\\/schema.org\",\"@graph\":[{\"@type\":[\"WebPage\",\"ItemPage\"],\"@id\":\"https:\\\/\\\/www.nordtec.se\\\/en\\\/product\\\/measuring-instruments\\\/cooling-and-heat-pump-instruments\\\/testo-557s-manometer-stand-with-4-way-valve-block\\\/\",\"url\":\"https:\\\/\\\/www.nordtec.se\\\/en\\\/product\\\/measuring-instruments\\\/cooling-and-heat-pump-instruments\\\/testo-557s-manometer-stand-with-4-way-valve-block\\\/\",\"name\":\"testo 557s - manometer stand with 4-way valve block | Nordtec\",\"isPartOf\":{\"@id\":\"https:\\\/\\\/www.nordtec.se\\\/en\\\/#website\"},\"primaryImageOfPage\":{\"@id\":\"https:\\\/\\\/www.nordtec.se\\\/en\\\/product\\\/measuring-instruments\\\/cooling-and-heat-pump-instruments\\\/testo-557s-manometer-stand-with-4-way-valve-block\\\/#primaryimage\"},\"image\":{\"@id\":\"https:\\\/\\\/www.nordtec.se\\\/en\\\/product\\\/measuring-instruments\\\/cooling-and-heat-pump-instruments\\\/testo-557s-manometer-stand-with-4-way-valve-block\\\/#primaryimage\"},\"thumbnailUrl\":\"https:\\\/\\\/www.nordtec.se\\\/wp-content\\\/uploads\\\/2022\\\/03\\\/0564-5571-557s-Smart-Vacuum-Kit-International-800px.png\",\"datePublished\":\"2022-03-30T14:38:10+00:00\",\"dateModified\":\"2025-05-06T12:33:09+00:00\",\"description\":\"Smart digital manometer stand with Bluetooth and a 4-way valve block \u1405 testo 557s \u2713 Large graphic display \u2713 Wireless and flexible measurement and documentation\",\"breadcrumb\":{\"@id\":\"https:\\\/\\\/www.nordtec.se\\\/en\\\/product\\\/measuring-instruments\\\/cooling-and-heat-pump-instruments\\\/testo-557s-manometer-stand-with-4-way-valve-block\\\/#breadcrumb\"},\"inLanguage\":\"en-US\",\"potentialAction\":[{\"@type\":\"ReadAction\",\"target\":[\"https:\\\/\\\/www.nordtec.se\\\/en\\\/product\\\/measuring-instruments\\\/cooling-and-heat-pump-instruments\\\/testo-557s-manometer-stand-with-4-way-valve-block\\\/\"]}]},{\"@type\":\"ImageObject\",\"inLanguage\":\"en-US\",\"@id\":\"https:\\\/\\\/www.nordtec.se\\\/en\\\/product\\\/measuring-instruments\\\/cooling-and-heat-pump-instruments\\\/testo-557s-manometer-stand-with-4-way-valve-block\\\/#primaryimage\",\"url\":\"https:\\\/\\\/www.nordtec.se\\\/wp-content\\\/uploads\\\/2022\\\/03\\\/0564-5571-557s-Smart-Vacuum-Kit-International-800px.png\",\"contentUrl\":\"https:\\\/\\\/www.nordtec.se\\\/wp-content\\\/uploads\\\/2022\\\/03\\\/0564-5571-557s-Smart-Vacuum-Kit-International-800px.png\",\"width\":800,\"height\":800,\"caption\":\"testo 557s vacuum measuring kit\"},{\"@type\":\"BreadcrumbList\",\"@id\":\"https:\\\/\\\/www.nordtec.se\\\/en\\\/product\\\/measuring-instruments\\\/cooling-and-heat-pump-instruments\\\/testo-557s-manometer-stand-with-4-way-valve-block\\\/#breadcrumb\",\"itemListElement\":[{\"@type\":\"ListItem\",\"position\":1,\"name\":\"Hem\",\"item\":\"https:\\\/\\\/www.nordtec.se\\\/en\\\/\"},{\"@type\":\"ListItem\",\"position\":2,\"name\":\"Shop\",\"item\":\"https:\\\/\\\/www.nordtec.se\\\/shop\\\/?lang=en\"},{\"@type\":\"ListItem\",\"position\":3,\"name\":\"testo 557s &#8211; manometer stand with 4-way valve block\"}]},{\"@type\":\"WebSite\",\"@id\":\"https:\\\/\\\/www.nordtec.se\\\/en\\\/#website\",\"url\":\"https:\\\/\\\/www.nordtec.se\\\/en\\\/\",\"name\":\"Nordtec\",\"description\":\"Din partner inom m\u00e4tteknik\",\"publisher\":{\"@id\":\"https:\\\/\\\/www.nordtec.se\\\/en\\\/#organization\"},\"potentialAction\":[{\"@type\":\"SearchAction\",\"target\":{\"@type\":\"EntryPoint\",\"urlTemplate\":\"https:\\\/\\\/www.nordtec.se\\\/en\\\/?s={search_term_string}\"},\"query-input\":{\"@type\":\"PropertyValueSpecification\",\"valueRequired\":true,\"valueName\":\"search_term_string\"}}],\"inLanguage\":\"en-US\"},{\"@type\":\"Organization\",\"@id\":\"https:\\\/\\\/www.nordtec.se\\\/en\\\/#organization\",\"name\":\"Nordtec Instrument AB\",\"url\":\"https:\\\/\\\/www.nordtec.se\\\/en\\\/\",\"logo\":{\"@type\":\"ImageObject\",\"inLanguage\":\"en-US\",\"@id\":\"https:\\\/\\\/www.nordtec.se\\\/en\\\/#\\\/schema\\\/logo\\\/image\\\/\",\"url\":\"https:\\\/\\\/www.nordtec.se\\\/wp-content\\\/uploads\\\/2021\\\/08\\\/nordtec_logo_rgb-340px.png\",\"contentUrl\":\"https:\\\/\\\/www.nordtec.se\\\/wp-content\\\/uploads\\\/2021\\\/08\\\/nordtec_logo_rgb-340px.png\",\"width\":340,\"height\":75,\"caption\":\"Nordtec Instrument AB\"},\"image\":{\"@id\":\"https:\\\/\\\/www.nordtec.se\\\/en\\\/#\\\/schema\\\/logo\\\/image\\\/\"},\"sameAs\":[\"https:\\\/\\\/www.facebook.com\\\/nordtecinstrument\",\"https:\\\/\\\/www.instagram.com\\\/nordtec_instrument\\\/\",\"https:\\\/\\\/www.linkedin.com\\\/company\\\/nordtec-instrument-ab\\\/\",\"https:\\\/\\\/www.youtube.com\\\/channel\\\/UCbmAq3ZmfBKOGg7_igFURng\"]}]}<\/script>\n<!-- \/ Yoast SEO Premium plugin. -->","yoast_head_json":{"title":"testo 557s - manometer stand with 4-way valve block | Nordtec","description":"Smart digital manometer stand with Bluetooth and a 4-way valve block \u1405 testo 557s \u2713 Large graphic display \u2713 Wireless and flexible measurement and documentation","robots":{"index":"index","follow":"follow","max-snippet":"max-snippet:-1","max-image-preview":"max-image-preview:large","max-video-preview":"max-video-preview:-1"},"canonical":"https:\/\/www.nordtec.se\/en\/product\/measuring-instruments\/cooling-and-heat-pump-instruments\/testo-557s-manometer-stand-with-4-way-valve-block\/","og_locale":"en_US","og_type":"article","og_title":"testo 557s - manometer stand with 4-way valve block","og_description":"Smart digital manometer stand with Bluetooth and a 4-way valve block \u1405 testo 557s \u2713 Large graphic display \u2713 Wireless and flexible measurement and documentation","og_url":"https:\/\/www.nordtec.se\/en\/product\/measuring-instruments\/cooling-and-heat-pump-instruments\/testo-557s-manometer-stand-with-4-way-valve-block\/","og_site_name":"Nordtec","article_publisher":"https:\/\/www.facebook.com\/nordtecinstrument","article_modified_time":"2025-05-06T12:33:09+00:00","og_image":[{"width":800,"height":800,"url":"https:\/\/www.nordtec.se\/wp-content\/uploads\/2022\/03\/0564-5571-557s-Smart-Vacuum-Kit-International-800px.png","type":"image\/png"}],"twitter_card":"summary_large_image","twitter_misc":{"Est. reading time":"2 minutes"},"schema":{"@context":"https:\/\/schema.org","@graph":[{"@type":["WebPage","ItemPage"],"@id":"https:\/\/www.nordtec.se\/en\/product\/measuring-instruments\/cooling-and-heat-pump-instruments\/testo-557s-manometer-stand-with-4-way-valve-block\/","url":"https:\/\/www.nordtec.se\/en\/product\/measuring-instruments\/cooling-and-heat-pump-instruments\/testo-557s-manometer-stand-with-4-way-valve-block\/","name":"testo 557s - manometer stand with 4-way valve block | Nordtec","isPartOf":{"@id":"https:\/\/www.nordtec.se\/en\/#website"},"primaryImageOfPage":{"@id":"https:\/\/www.nordtec.se\/en\/product\/measuring-instruments\/cooling-and-heat-pump-instruments\/testo-557s-manometer-stand-with-4-way-valve-block\/#primaryimage"},"image":{"@id":"https:\/\/www.nordtec.se\/en\/product\/measuring-instruments\/cooling-and-heat-pump-instruments\/testo-557s-manometer-stand-with-4-way-valve-block\/#primaryimage"},"thumbnailUrl":"https:\/\/www.nordtec.se\/wp-content\/uploads\/2022\/03\/0564-5571-557s-Smart-Vacuum-Kit-International-800px.png","datePublished":"2022-03-30T14:38:10+00:00","dateModified":"2025-05-06T12:33:09+00:00","description":"Smart digital manometer stand with Bluetooth and a 4-way valve block \u1405 testo 557s \u2713 Large graphic display \u2713 Wireless and flexible measurement and documentation","breadcrumb":{"@id":"https:\/\/www.nordtec.se\/en\/product\/measuring-instruments\/cooling-and-heat-pump-instruments\/testo-557s-manometer-stand-with-4-way-valve-block\/#breadcrumb"},"inLanguage":"en-US","potentialAction":[{"@type":"ReadAction","target":["https:\/\/www.nordtec.se\/en\/product\/measuring-instruments\/cooling-and-heat-pump-instruments\/testo-557s-manometer-stand-with-4-way-valve-block\/"]}]},{"@type":"ImageObject","inLanguage":"en-US","@id":"https:\/\/www.nordtec.se\/en\/product\/measuring-instruments\/cooling-and-heat-pump-instruments\/testo-557s-manometer-stand-with-4-way-valve-block\/#primaryimage","url":"https:\/\/www.nordtec.se\/wp-content\/uploads\/2022\/03\/0564-5571-557s-Smart-Vacuum-Kit-International-800px.png","contentUrl":"https:\/\/www.nordtec.se\/wp-content\/uploads\/2022\/03\/0564-5571-557s-Smart-Vacuum-Kit-International-800px.png","width":800,"height":800,"caption":"testo 557s vacuum measuring kit"},{"@type":"BreadcrumbList","@id":"https:\/\/www.nordtec.se\/en\/product\/measuring-instruments\/cooling-and-heat-pump-instruments\/testo-557s-manometer-stand-with-4-way-valve-block\/#breadcrumb","itemListElement":[{"@type":"ListItem","position":1,"name":"Hem","item":"https:\/\/www.nordtec.se\/en\/"},{"@type":"ListItem","position":2,"name":"Shop","item":"https:\/\/www.nordtec.se\/shop\/?lang=en"},{"@type":"ListItem","position":3,"name":"testo 557s &#8211; manometer stand with 4-way valve block"}]},{"@type":"WebSite","@id":"https:\/\/www.nordtec.se\/en\/#website","url":"https:\/\/www.nordtec.se\/en\/","name":"Nordtec","description":"Din partner inom m\u00e4tteknik","publisher":{"@id":"https:\/\/www.nordtec.se\/en\/#organization"},"potentialAction":[{"@type":"SearchAction","target":{"@type":"EntryPoint","urlTemplate":"https:\/\/www.nordtec.se\/en\/?s={search_term_string}"},"query-input":{"@type":"PropertyValueSpecification","valueRequired":true,"valueName":"search_term_string"}}],"inLanguage":"en-US"},{"@type":"Organization","@id":"https:\/\/www.nordtec.se\/en\/#organization","name":"Nordtec Instrument AB","url":"https:\/\/www.nordtec.se\/en\/","logo":{"@type":"ImageObject","inLanguage":"en-US","@id":"https:\/\/www.nordtec.se\/en\/#\/schema\/logo\/image\/","url":"https:\/\/www.nordtec.se\/wp-content\/uploads\/2021\/08\/nordtec_logo_rgb-340px.png","contentUrl":"https:\/\/www.nordtec.se\/wp-content\/uploads\/2021\/08\/nordtec_logo_rgb-340px.png","width":340,"height":75,"caption":"Nordtec Instrument AB"},"image":{"@id":"https:\/\/www.nordtec.se\/en\/#\/schema\/logo\/image\/"},"sameAs":["https:\/\/www.facebook.com\/nordtecinstrument","https:\/\/www.instagram.com\/nordtec_instrument\/","https:\/\/www.linkedin.com\/company\/nordtec-instrument-ab\/","https:\/\/www.youtube.com\/channel\/UCbmAq3ZmfBKOGg7_igFURng"]}]}},"taxonomy_info":{"product_brand":[{"value":1435,"label":"Testo"}],"product_cat":[{"value":788,"label":"Cooling and heat pump instruments"},{"value":768,"label":"Measuring instruments"},{"value":1426,"label":"testo Smart App"}],"product_tag":[{"value":850,"label":"Bluetooth"},{"value":890,"label":"Manometerst\u00e4ll"},{"value":935,"label":"Vakuummeter"}]},"featured_image_src_large":["https:\/\/www.nordtec.se\/wp-content\/uploads\/2022\/03\/0564-5571-557s-Smart-Vacuum-Kit-International-800px.png",800,800,false],"author_info":[],"comment_info":"","_links":{"self":[{"href":"https:\/\/www.nordtec.se\/en\/wp-json\/wp\/v2\/product\/40833","targetHints":{"allow":["GET"]}}],"collection":[{"href":"https:\/\/www.nordtec.se\/en\/wp-json\/wp\/v2\/product"}],"about":[{"href":"https:\/\/www.nordtec.se\/en\/wp-json\/wp\/v2\/types\/product"}],"version-history":[{"count":1,"href":"https:\/\/www.nordtec.se\/en\/wp-json\/wp\/v2\/product\/40833\/revisions"}],"predecessor-version":[{"id":45041,"href":"https:\/\/www.nordtec.se\/en\/wp-json\/wp\/v2\/product\/40833\/revisions\/45041"}],"wp:featuredmedia":[{"embeddable":true,"href":"https:\/\/www.nordtec.se\/en\/wp-json\/wp\/v2\/media\/38472"}],"wp:attachment":[{"href":"https:\/\/www.nordtec.se\/en\/wp-json\/wp\/v2\/media?parent=40833"}],"wp:term":[{"taxonomy":"product_brand","embeddable":true,"href":"https:\/\/www.nordtec.se\/en\/wp-json\/wp\/v2\/product_brand?post=40833"},{"taxonomy":"product_cat","embeddable":true,"href":"https:\/\/www.nordtec.se\/en\/wp-json\/wp\/v2\/product_cat?post=40833"},{"taxonomy":"product_tag","embeddable":true,"href":"https:\/\/www.nordtec.se\/en\/wp-json\/wp\/v2\/product_tag?post=40833"}],"curies":[{"name":"wp","href":"https:\/\/api.w.org\/{rel}","templated":true}]}}