{"id":40836,"date":"2022-03-30T16:41:34","date_gmt":"2022-03-30T14:41:34","guid":{"rendered":"https:\/\/www.nordtec.se\/produkt\/uncategorized\/testo-755-2-measures-current-and-voltage-to-1-000-v\/"},"modified":"2025-05-06T14:35:37","modified_gmt":"2025-05-06T12:35:37","slug":"testo-755-2-measures-current-and-voltage-to-1-000-v","status":"publish","type":"product","link":"https:\/\/www.nordtec.se\/en\/product\/measuring-instruments\/electrical-measuring-instruments\/testo-755-2-measures-current-and-voltage-to-1-000-v\/","title":{"rendered":"testo 755-2 &#8211; measures current and voltage to 1&nbsp;000 V"},"content":{"rendered":"<h2>testo 755-2 &#8211; non-contact current measurement and voltage testing<\/h2>\n<p>Like the testo 755-1, the testo 755-2 can measure both current and voltage. The difference is that this instrument has a wider voltage range up to 1,000 V and can measure rotating magnetic fields. In addition, it has single-pole phase testing. The testo 755-2 ammeter\/voltage tester detects and selects the correct electrical measurement parameter automatically. You can just start measuring &#8211; without making any switches or settings.<\/p>\n<p>The measuring tips can be changed quickly and easily and are very user-friendly. This means you don&#8217;t have to replace the whole instrument if damage occurs. Measuring point lighting also helps when lighting is poor.<\/p>\n<p>Compared to the testo 755-1, the testo 755-2 ammeter\/voltage tester has a higher voltage range up to 1,000 V and can be used for measuring rotating magnetic fields. It also has a single-pole phase test for quick checks on whether conductors are live or not.<\/p>\n<h2>Advantages of the testo 755-2<\/h2>\n<ul>\n<li>Easy to use thanks to automatic detection of measurement parameters<\/li>\n<li>Complies with DIN EN 61243-3:2014 and DIN EN 61010-1:2011<\/li>\n<li>Voltage measurement up to 1 000 V<\/li>\n<li>Single-pole phase test<\/li>\n<li>Replaceable measuring tips<\/li>\n<li>Protective collar<\/li>\n<li>Ergonomic handle<\/li>\n<li>Suitable for almost all electrical measurements<\/li>\n<\/ul>\n<h2>Included in delivery<\/h2>\n<p>Ammeter\/voltage tester testo 755-2 with batteries, measuring tips, measuring tip caps and factory protocol.<\/p>\n<p><span class=\"ui-provider ed ayd aye ayf ayg ayh ayi ayj ayk ayl aym ayn ayo ayp ayq ayr ays ayt ayu ayv ayw ayx ayy ayz aza azb azc azd aze azf azg azh azi azj azk\" dir=\"ltr\"><strong>Fabriksprotokoll:<\/strong>\u00a0utf\u00e4rdas p\u00e5 fabriken efter en kontroll av att produkten fungerar och uppfyller angiven m\u00e4tnoggrannhet. L\u00e4s om <a href=\"https:\/\/www.nordtec.se\/kalibrering\/iso-9001-kraver-kalibrerad-matutrustning\/\"><u>skillnaden mellan fabriksprotokoll och ackrediterad kalibrering<\/u><\/a>.<\/span><\/p>\n","protected":false},"excerpt":{"rendered":"<p style=\"text-align: left;\">With voltage range up to 1 000 V<\/p>\n<ul>\n<li style=\"text-align: left;\">Automatic detection of measurement parameters<\/li>\n<li style=\"text-align: left;\">Single-pole phase test<\/li>\n<li style=\"text-align: left;\">Measurement of rotating magnetic fields<\/li>\n<\/ul>\n","protected":false},"featured_media":38502,"template":"","meta":{"_kad_blocks_custom_css":"","_kad_blocks_head_custom_js":"","_kad_blocks_body_custom_js":"","_kad_blocks_footer_custom_js":"","footnotes":""},"product_brand":[1435],"product_cat":[801,768],"product_tag":[910,928],"class_list":{"0":"post-40836","1":"product","2":"type-product","3":"status-publish","4":"has-post-thumbnail","6":"product_brand-testo","7":"product_cat-electrical-measuring-instruments","8":"product_cat-measuring-instruments","9":"product_tag-spanningsprovare-en","10":"product_tag-tangamperemetrar-en","12":"first","13":"instock","14":"taxable","15":"shipping-taxable","16":"purchasable","17":"product-type-simple"},"yoast_head":"<!-- This site is optimized with the Yoast SEO Premium plugin v27.3 (Yoast SEO v27.4) - https:\/\/yoast.com\/product\/yoast-seo-premium-wordpress\/ -->\n<title>testo 755-2 - measures current and voltage to 1&nbsp;000 V | Nordtec<\/title>\n<meta name=\"description\" content=\"Order the testo 755-2 \u1405 Ammeter that measures current &amp; voltage \u2713 Voltage range up to 1000 V \u2713 Measure rotating magnetic field \u2713 Single-pole phase test \u2713\" \/>\n<meta name=\"robots\" content=\"index, follow, max-snippet:-1, max-image-preview:large, max-video-preview:-1\" \/>\n<link rel=\"canonical\" href=\"https:\/\/www.nordtec.se\/en\/product\/measuring-instruments\/electrical-measuring-instruments\/testo-755-2-measures-current-and-voltage-to-1-000-v\/\" \/>\n<meta property=\"og:locale\" content=\"en_US\" \/>\n<meta property=\"og:type\" content=\"article\" \/>\n<meta property=\"og:title\" content=\"testo 755-2 - measures current and voltage to 1&nbsp;000 V\" \/>\n<meta property=\"og:description\" content=\"Order the testo 755-2 \u1405 Ammeter that measures current &amp; voltage \u2713 Voltage range up to 1000 V \u2713 Measure rotating magnetic field \u2713 Single-pole phase test \u2713\" \/>\n<meta property=\"og:url\" content=\"https:\/\/www.nordtec.se\/en\/product\/measuring-instruments\/electrical-measuring-instruments\/testo-755-2-measures-current-and-voltage-to-1-000-v\/\" \/>\n<meta property=\"og:site_name\" content=\"Nordtec\" \/>\n<meta property=\"article:publisher\" content=\"https:\/\/www.facebook.com\/nordtecinstrument\" \/>\n<meta property=\"article:modified_time\" content=\"2025-05-06T12:35:37+00:00\" \/>\n<meta property=\"og:image\" content=\"https:\/\/www.nordtec.se\/wp-content\/uploads\/2022\/03\/testo-755-2_p_in_oth_005872_800px.png\" \/>\n\t<meta property=\"og:image:width\" content=\"800\" \/>\n\t<meta property=\"og:image:height\" content=\"800\" \/>\n\t<meta property=\"og:image:type\" content=\"image\/png\" \/>\n<meta name=\"twitter:card\" content=\"summary_large_image\" \/>\n<meta name=\"twitter:label1\" content=\"Est. reading time\" \/>\n\t<meta name=\"twitter:data1\" content=\"2 minutes\" \/>\n<script type=\"application\/ld+json\" class=\"yoast-schema-graph\">{\"@context\":\"https:\\\/\\\/schema.org\",\"@graph\":[{\"@type\":[\"WebPage\",\"ItemPage\"],\"@id\":\"https:\\\/\\\/www.nordtec.se\\\/en\\\/product\\\/measuring-instruments\\\/electrical-measuring-instruments\\\/testo-755-2-measures-current-and-voltage-to-1-000-v\\\/\",\"url\":\"https:\\\/\\\/www.nordtec.se\\\/en\\\/product\\\/measuring-instruments\\\/electrical-measuring-instruments\\\/testo-755-2-measures-current-and-voltage-to-1-000-v\\\/\",\"name\":\"testo 755-2 - measures current and voltage to 1&nbsp;000 V | Nordtec\",\"isPartOf\":{\"@id\":\"https:\\\/\\\/www.nordtec.se\\\/en\\\/#website\"},\"primaryImageOfPage\":{\"@id\":\"https:\\\/\\\/www.nordtec.se\\\/en\\\/product\\\/measuring-instruments\\\/electrical-measuring-instruments\\\/testo-755-2-measures-current-and-voltage-to-1-000-v\\\/#primaryimage\"},\"image\":{\"@id\":\"https:\\\/\\\/www.nordtec.se\\\/en\\\/product\\\/measuring-instruments\\\/electrical-measuring-instruments\\\/testo-755-2-measures-current-and-voltage-to-1-000-v\\\/#primaryimage\"},\"thumbnailUrl\":\"https:\\\/\\\/www.nordtec.se\\\/wp-content\\\/uploads\\\/2022\\\/03\\\/testo-755-2_p_in_oth_005872_800px.png\",\"datePublished\":\"2022-03-30T14:41:34+00:00\",\"dateModified\":\"2025-05-06T12:35:37+00:00\",\"description\":\"Order the testo 755-2 \u1405 Ammeter that measures current & voltage \u2713 Voltage range up to 1000 V \u2713 Measure rotating magnetic field \u2713 Single-pole phase test \u2713\",\"breadcrumb\":{\"@id\":\"https:\\\/\\\/www.nordtec.se\\\/en\\\/product\\\/measuring-instruments\\\/electrical-measuring-instruments\\\/testo-755-2-measures-current-and-voltage-to-1-000-v\\\/#breadcrumb\"},\"inLanguage\":\"en-US\",\"potentialAction\":[{\"@type\":\"ReadAction\",\"target\":[\"https:\\\/\\\/www.nordtec.se\\\/en\\\/product\\\/measuring-instruments\\\/electrical-measuring-instruments\\\/testo-755-2-measures-current-and-voltage-to-1-000-v\\\/\"]}]},{\"@type\":\"ImageObject\",\"inLanguage\":\"en-US\",\"@id\":\"https:\\\/\\\/www.nordtec.se\\\/en\\\/product\\\/measuring-instruments\\\/electrical-measuring-instruments\\\/testo-755-2-measures-current-and-voltage-to-1-000-v\\\/#primaryimage\",\"url\":\"https:\\\/\\\/www.nordtec.se\\\/wp-content\\\/uploads\\\/2022\\\/03\\\/testo-755-2_p_in_oth_005872_800px.png\",\"contentUrl\":\"https:\\\/\\\/www.nordtec.se\\\/wp-content\\\/uploads\\\/2022\\\/03\\\/testo-755-2_p_in_oth_005872_800px.png\",\"width\":800,\"height\":800,\"caption\":\"Amperemeter\\\/voltage tester testo 755-2 front\"},{\"@type\":\"BreadcrumbList\",\"@id\":\"https:\\\/\\\/www.nordtec.se\\\/en\\\/product\\\/measuring-instruments\\\/electrical-measuring-instruments\\\/testo-755-2-measures-current-and-voltage-to-1-000-v\\\/#breadcrumb\",\"itemListElement\":[{\"@type\":\"ListItem\",\"position\":1,\"name\":\"Hem\",\"item\":\"https:\\\/\\\/www.nordtec.se\\\/en\\\/\"},{\"@type\":\"ListItem\",\"position\":2,\"name\":\"Shop\",\"item\":\"https:\\\/\\\/www.nordtec.se\\\/shop\\\/?lang=en\"},{\"@type\":\"ListItem\",\"position\":3,\"name\":\"testo 755-2 &#8211; measures current and voltage to 1&nbsp;000 V\"}]},{\"@type\":\"WebSite\",\"@id\":\"https:\\\/\\\/www.nordtec.se\\\/en\\\/#website\",\"url\":\"https:\\\/\\\/www.nordtec.se\\\/en\\\/\",\"name\":\"Nordtec\",\"description\":\"Din partner inom m\u00e4tteknik\",\"publisher\":{\"@id\":\"https:\\\/\\\/www.nordtec.se\\\/en\\\/#organization\"},\"potentialAction\":[{\"@type\":\"SearchAction\",\"target\":{\"@type\":\"EntryPoint\",\"urlTemplate\":\"https:\\\/\\\/www.nordtec.se\\\/en\\\/?s={search_term_string}\"},\"query-input\":{\"@type\":\"PropertyValueSpecification\",\"valueRequired\":true,\"valueName\":\"search_term_string\"}}],\"inLanguage\":\"en-US\"},{\"@type\":\"Organization\",\"@id\":\"https:\\\/\\\/www.nordtec.se\\\/en\\\/#organization\",\"name\":\"Nordtec Instrument AB\",\"url\":\"https:\\\/\\\/www.nordtec.se\\\/en\\\/\",\"logo\":{\"@type\":\"ImageObject\",\"inLanguage\":\"en-US\",\"@id\":\"https:\\\/\\\/www.nordtec.se\\\/en\\\/#\\\/schema\\\/logo\\\/image\\\/\",\"url\":\"https:\\\/\\\/www.nordtec.se\\\/wp-content\\\/uploads\\\/2021\\\/08\\\/nordtec_logo_rgb-340px.png\",\"contentUrl\":\"https:\\\/\\\/www.nordtec.se\\\/wp-content\\\/uploads\\\/2021\\\/08\\\/nordtec_logo_rgb-340px.png\",\"width\":340,\"height\":75,\"caption\":\"Nordtec Instrument AB\"},\"image\":{\"@id\":\"https:\\\/\\\/www.nordtec.se\\\/en\\\/#\\\/schema\\\/logo\\\/image\\\/\"},\"sameAs\":[\"https:\\\/\\\/www.facebook.com\\\/nordtecinstrument\",\"https:\\\/\\\/www.instagram.com\\\/nordtec_instrument\\\/\",\"https:\\\/\\\/www.linkedin.com\\\/company\\\/nordtec-instrument-ab\\\/\",\"https:\\\/\\\/www.youtube.com\\\/channel\\\/UCbmAq3ZmfBKOGg7_igFURng\"]}]}<\/script>\n<!-- \/ Yoast SEO Premium plugin. -->","yoast_head_json":{"title":"testo 755-2 - measures current and voltage to 1&nbsp;000 V | Nordtec","description":"Order the testo 755-2 \u1405 Ammeter that measures current & voltage \u2713 Voltage range up to 1000 V \u2713 Measure rotating magnetic field \u2713 Single-pole phase test \u2713","robots":{"index":"index","follow":"follow","max-snippet":"max-snippet:-1","max-image-preview":"max-image-preview:large","max-video-preview":"max-video-preview:-1"},"canonical":"https:\/\/www.nordtec.se\/en\/product\/measuring-instruments\/electrical-measuring-instruments\/testo-755-2-measures-current-and-voltage-to-1-000-v\/","og_locale":"en_US","og_type":"article","og_title":"testo 755-2 - measures current and voltage to 1&nbsp;000 V","og_description":"Order the testo 755-2 \u1405 Ammeter that measures current & voltage \u2713 Voltage range up to 1000 V \u2713 Measure rotating magnetic field \u2713 Single-pole phase test \u2713","og_url":"https:\/\/www.nordtec.se\/en\/product\/measuring-instruments\/electrical-measuring-instruments\/testo-755-2-measures-current-and-voltage-to-1-000-v\/","og_site_name":"Nordtec","article_publisher":"https:\/\/www.facebook.com\/nordtecinstrument","article_modified_time":"2025-05-06T12:35:37+00:00","og_image":[{"width":800,"height":800,"url":"https:\/\/www.nordtec.se\/wp-content\/uploads\/2022\/03\/testo-755-2_p_in_oth_005872_800px.png","type":"image\/png"}],"twitter_card":"summary_large_image","twitter_misc":{"Est. reading time":"2 minutes"},"schema":{"@context":"https:\/\/schema.org","@graph":[{"@type":["WebPage","ItemPage"],"@id":"https:\/\/www.nordtec.se\/en\/product\/measuring-instruments\/electrical-measuring-instruments\/testo-755-2-measures-current-and-voltage-to-1-000-v\/","url":"https:\/\/www.nordtec.se\/en\/product\/measuring-instruments\/electrical-measuring-instruments\/testo-755-2-measures-current-and-voltage-to-1-000-v\/","name":"testo 755-2 - measures current and voltage to 1&nbsp;000 V | Nordtec","isPartOf":{"@id":"https:\/\/www.nordtec.se\/en\/#website"},"primaryImageOfPage":{"@id":"https:\/\/www.nordtec.se\/en\/product\/measuring-instruments\/electrical-measuring-instruments\/testo-755-2-measures-current-and-voltage-to-1-000-v\/#primaryimage"},"image":{"@id":"https:\/\/www.nordtec.se\/en\/product\/measuring-instruments\/electrical-measuring-instruments\/testo-755-2-measures-current-and-voltage-to-1-000-v\/#primaryimage"},"thumbnailUrl":"https:\/\/www.nordtec.se\/wp-content\/uploads\/2022\/03\/testo-755-2_p_in_oth_005872_800px.png","datePublished":"2022-03-30T14:41:34+00:00","dateModified":"2025-05-06T12:35:37+00:00","description":"Order the testo 755-2 \u1405 Ammeter that measures current & voltage \u2713 Voltage range up to 1000 V \u2713 Measure rotating magnetic field \u2713 Single-pole phase test \u2713","breadcrumb":{"@id":"https:\/\/www.nordtec.se\/en\/product\/measuring-instruments\/electrical-measuring-instruments\/testo-755-2-measures-current-and-voltage-to-1-000-v\/#breadcrumb"},"inLanguage":"en-US","potentialAction":[{"@type":"ReadAction","target":["https:\/\/www.nordtec.se\/en\/product\/measuring-instruments\/electrical-measuring-instruments\/testo-755-2-measures-current-and-voltage-to-1-000-v\/"]}]},{"@type":"ImageObject","inLanguage":"en-US","@id":"https:\/\/www.nordtec.se\/en\/product\/measuring-instruments\/electrical-measuring-instruments\/testo-755-2-measures-current-and-voltage-to-1-000-v\/#primaryimage","url":"https:\/\/www.nordtec.se\/wp-content\/uploads\/2022\/03\/testo-755-2_p_in_oth_005872_800px.png","contentUrl":"https:\/\/www.nordtec.se\/wp-content\/uploads\/2022\/03\/testo-755-2_p_in_oth_005872_800px.png","width":800,"height":800,"caption":"Amperemeter\/voltage tester testo 755-2 front"},{"@type":"BreadcrumbList","@id":"https:\/\/www.nordtec.se\/en\/product\/measuring-instruments\/electrical-measuring-instruments\/testo-755-2-measures-current-and-voltage-to-1-000-v\/#breadcrumb","itemListElement":[{"@type":"ListItem","position":1,"name":"Hem","item":"https:\/\/www.nordtec.se\/en\/"},{"@type":"ListItem","position":2,"name":"Shop","item":"https:\/\/www.nordtec.se\/shop\/?lang=en"},{"@type":"ListItem","position":3,"name":"testo 755-2 &#8211; measures current and voltage to 1&nbsp;000 V"}]},{"@type":"WebSite","@id":"https:\/\/www.nordtec.se\/en\/#website","url":"https:\/\/www.nordtec.se\/en\/","name":"Nordtec","description":"Din partner inom m\u00e4tteknik","publisher":{"@id":"https:\/\/www.nordtec.se\/en\/#organization"},"potentialAction":[{"@type":"SearchAction","target":{"@type":"EntryPoint","urlTemplate":"https:\/\/www.nordtec.se\/en\/?s={search_term_string}"},"query-input":{"@type":"PropertyValueSpecification","valueRequired":true,"valueName":"search_term_string"}}],"inLanguage":"en-US"},{"@type":"Organization","@id":"https:\/\/www.nordtec.se\/en\/#organization","name":"Nordtec Instrument AB","url":"https:\/\/www.nordtec.se\/en\/","logo":{"@type":"ImageObject","inLanguage":"en-US","@id":"https:\/\/www.nordtec.se\/en\/#\/schema\/logo\/image\/","url":"https:\/\/www.nordtec.se\/wp-content\/uploads\/2021\/08\/nordtec_logo_rgb-340px.png","contentUrl":"https:\/\/www.nordtec.se\/wp-content\/uploads\/2021\/08\/nordtec_logo_rgb-340px.png","width":340,"height":75,"caption":"Nordtec Instrument AB"},"image":{"@id":"https:\/\/www.nordtec.se\/en\/#\/schema\/logo\/image\/"},"sameAs":["https:\/\/www.facebook.com\/nordtecinstrument","https:\/\/www.instagram.com\/nordtec_instrument\/","https:\/\/www.linkedin.com\/company\/nordtec-instrument-ab\/","https:\/\/www.youtube.com\/channel\/UCbmAq3ZmfBKOGg7_igFURng"]}]}},"taxonomy_info":{"product_brand":[{"value":1435,"label":"Testo"}],"product_cat":[{"value":801,"label":"Electrical measuring instruments"},{"value":768,"label":"Measuring instruments"}],"product_tag":[{"value":910,"label":"Sp\u00e4nningsprovare"},{"value":928,"label":"T\u00e5ngamperemetrar"}]},"featured_image_src_large":["https:\/\/www.nordtec.se\/wp-content\/uploads\/2022\/03\/testo-755-2_p_in_oth_005872_800px.png",800,800,false],"author_info":[],"comment_info":"","_links":{"self":[{"href":"https:\/\/www.nordtec.se\/en\/wp-json\/wp\/v2\/product\/40836","targetHints":{"allow":["GET"]}}],"collection":[{"href":"https:\/\/www.nordtec.se\/en\/wp-json\/wp\/v2\/product"}],"about":[{"href":"https:\/\/www.nordtec.se\/en\/wp-json\/wp\/v2\/types\/product"}],"version-history":[{"count":1,"href":"https:\/\/www.nordtec.se\/en\/wp-json\/wp\/v2\/product\/40836\/revisions"}],"predecessor-version":[{"id":45226,"href":"https:\/\/www.nordtec.se\/en\/wp-json\/wp\/v2\/product\/40836\/revisions\/45226"}],"wp:featuredmedia":[{"embeddable":true,"href":"https:\/\/www.nordtec.se\/en\/wp-json\/wp\/v2\/media\/38502"}],"wp:attachment":[{"href":"https:\/\/www.nordtec.se\/en\/wp-json\/wp\/v2\/media?parent=40836"}],"wp:term":[{"taxonomy":"product_brand","embeddable":true,"href":"https:\/\/www.nordtec.se\/en\/wp-json\/wp\/v2\/product_brand?post=40836"},{"taxonomy":"product_cat","embeddable":true,"href":"https:\/\/www.nordtec.se\/en\/wp-json\/wp\/v2\/product_cat?post=40836"},{"taxonomy":"product_tag","embeddable":true,"href":"https:\/\/www.nordtec.se\/en\/wp-json\/wp\/v2\/product_tag?post=40836"}],"curies":[{"name":"wp","href":"https:\/\/api.w.org\/{rel}","templated":true}]}}