{"id":40844,"date":"2022-03-30T16:28:54","date_gmt":"2022-03-30T14:28:54","guid":{"rendered":"https:\/\/www.nordtec.se\/produkt\/uncategorized\/wireless-measurement-kit-for-refrigeration-and-heat-pump-technology\/"},"modified":"2025-11-27T10:33:49","modified_gmt":"2025-11-27T08:33:49","slug":"wireless-measurement-kit-for-refrigeration-and-heat-pump-technology","status":"publish","type":"product","link":"https:\/\/www.nordtec.se\/en\/product\/measuring-instruments\/cooling-and-heat-pump-instruments\/wireless-measurement-kit-for-refrigeration-and-heat-pump-technology\/","title":{"rendered":"Wireless measurement kit for refrigeration and heat pump technology"},"content":{"rendered":"<h2>Wireless measurement kit for refrigeration and heat pump technicians<\/h2>\n<p>This compact measuring set contains the testo 549i pressure sensor and the testo 115i pipe temperature sensor (two of each). Both of these sensors have a 100 meter Bluetooth range for easy management of measuring points that are far apart.<\/p>\n<p>In combination with a smartphone or tablet, the refrigeration measurement kit is ideal for servicing, troubleshooting and installing cooling and heat pump systems. Both sensors can be quickly set up and quickly connected directly to the pressure connection or temperature measurement point. They also make it much easier to work with measuring points that are far apart, thanks to the wireless connection to a smartphone or tablet.<\/p>\n<p>The readings from both sensors are transferred via the Bluetooth connection to a free downloadable app on your phone. In the app, measurement parameters (e.g. temperature or pressure) can be deleted, added or sorted in a different order. It is also possible to quickly change which measurement parameters are displayed.<\/p>\n<p>The app also allows you to calculate the evaporating and condensing temperature automatically. All measurement data is displayed either as a graph or in table form. Measurement results can be emailed directly as a PDF or Excel file. Thanks to the practical SmartCase service case, the sensors can be easily transported and are always at hand when needed.<\/p>\n<ul>\n<li>0 &#8230; 60 bar<\/li>\n<li>-40 &#8230; +150 \u00b0C<\/li>\n<li>100 meter Bluetooth range between sensor and smartphone<\/li>\n<li>Calculation of overheating and undercooling.<\/li>\n<li>Little loss of refrigerant thanks to hose-less connection<\/li>\n<li>Quick and easy installation directly on the pressure connection<\/li>\n<li>Application-specific menus<\/li>\n<li>Free Bluetooth app<\/li>\n<li>Read out measurements on your phone<\/li>\n<li>SmartCase &#8211; a practical service case<\/li>\n<\/ul>\n<p>[show_related_featured_videos]<\/p>\n<h2>Included in delivery<\/h2>\n<p>2 pressure sensors testo 549i, 2 pipe temperature sensors testo 115i, bag, batteries and factory protocol.<\/p>\n<p><span class=\"ui-provider ed ayd aye ayf ayg ayh ayi ayj ayk ayl aym ayn ayo ayp ayq ayr ays ayt ayu ayv ayw ayx ayy ayz aza azb azc azd aze azf azg azh azi azj azk\" dir=\"ltr\"><strong>Fabriksprotokoll:<\/strong>\u00a0utf\u00e4rdas p\u00e5 fabriken efter en kontroll av att produkten fungerar och uppfyller angiven m\u00e4tnoggrannhet. L\u00e4s om <a href=\"https:\/\/www.nordtec.se\/kalibrering\/iso-9001-kraver-kalibrerad-matutrustning\/\"><u>skillnaden mellan fabriksprotokoll och ackrediterad kalibrering<\/u><\/a>.<\/span><\/p>\n<h2><\/h2>\n","protected":false},"excerpt":{"rendered":"<p style=\"text-align: left;\">Replaces your manometer stand &#8211; digital and wireless!<\/p>\n<ul>\n<li style=\"text-align: left;\">0 &#8230; 60 bar<\/li>\n<li style=\"text-align: left;\">-40 &#8230; +150 \u00b0C<\/li>\n<li style=\"text-align: left;\">100 meters Bluetooth range between sensor and smartphone<\/li>\n<\/ul>\n","protected":false},"featured_media":40131,"template":"","meta":{"_kad_blocks_custom_css":"","_kad_blocks_head_custom_js":"","_kad_blocks_body_custom_js":"","_kad_blocks_footer_custom_js":"","footnotes":""},"product_brand":[],"product_cat":[788,768,835,1426],"product_tag":[850,909,925],"class_list":{"0":"post-40844","1":"product","2":"type-product","3":"status-publish","4":"has-post-thumbnail","6":"product_cat-cooling-and-heat-pump-instruments","7":"product_cat-measuring-instruments","8":"product_cat-smartprobes-en","9":"product_cat-testo-smart-app","10":"product_tag-bluetooth-en","11":"product_tag-smartprobes-en","12":"product_tag-tryckgivare-en","14":"first","15":"instock","16":"taxable","17":"shipping-taxable","18":"purchasable","19":"product-type-simple"},"yoast_head":"<!-- This site is optimized with the Yoast SEO Premium plugin v27.3 (Yoast SEO v27.5) - https:\/\/yoast.com\/product\/yoast-seo-premium-wordpress\/ -->\n<title>Wireless measurement kit for refrigeration and heat pump technology | Nordtec<\/title>\n<meta name=\"description\" content=\"Replaces your manometer stand - digital and wireless! \u1405 Measurement set for cooling and heat pump technology \u2713 0 ... 60 bar \u2713 -40 ... +150 \u00b0C\" \/>\n<meta name=\"robots\" content=\"index, follow, max-snippet:-1, max-image-preview:large, max-video-preview:-1\" \/>\n<link rel=\"canonical\" href=\"https:\/\/www.nordtec.se\/en\/product\/measuring-instruments\/cooling-and-heat-pump-instruments\/wireless-measurement-kit-for-refrigeration-and-heat-pump-technology\/\" \/>\n<meta property=\"og:locale\" content=\"en_US\" \/>\n<meta property=\"og:type\" content=\"article\" \/>\n<meta property=\"og:title\" content=\"Wireless measurement kit for refrigeration and heat pump technology\" \/>\n<meta property=\"og:description\" content=\"Replaces your manometer stand - digital and wireless! \u1405 Measurement set for cooling and heat pump technology \u2713 0 ... 60 bar \u2713 -40 ... +150 \u00b0C\" \/>\n<meta property=\"og:url\" content=\"https:\/\/www.nordtec.se\/en\/product\/measuring-instruments\/cooling-and-heat-pump-instruments\/wireless-measurement-kit-for-refrigeration-and-heat-pump-technology\/\" \/>\n<meta property=\"og:site_name\" content=\"Nordtec\" \/>\n<meta property=\"article:publisher\" content=\"https:\/\/www.facebook.com\/nordtecinstrument\" \/>\n<meta property=\"article:modified_time\" content=\"2025-11-27T08:33:49+00:00\" \/>\n<meta property=\"og:image\" content=\"https:\/\/www.nordtec.se\/wp-content\/uploads\/2023\/01\/0563-0002-10-testo-smart-probes-set_800px.png\" \/>\n\t<meta property=\"og:image:width\" content=\"800\" \/>\n\t<meta property=\"og:image:height\" content=\"800\" \/>\n\t<meta property=\"og:image:type\" content=\"image\/png\" \/>\n<meta name=\"twitter:card\" content=\"summary_large_image\" \/>\n<meta name=\"twitter:label1\" content=\"Est. reading time\" \/>\n\t<meta name=\"twitter:data1\" content=\"2 minutes\" \/>\n<script type=\"application\/ld+json\" class=\"yoast-schema-graph\">{\"@context\":\"https:\\\/\\\/schema.org\",\"@graph\":[{\"@type\":[\"WebPage\",\"ItemPage\"],\"@id\":\"https:\\\/\\\/www.nordtec.se\\\/en\\\/product\\\/measuring-instruments\\\/cooling-and-heat-pump-instruments\\\/wireless-measurement-kit-for-refrigeration-and-heat-pump-technology\\\/\",\"url\":\"https:\\\/\\\/www.nordtec.se\\\/en\\\/product\\\/measuring-instruments\\\/cooling-and-heat-pump-instruments\\\/wireless-measurement-kit-for-refrigeration-and-heat-pump-technology\\\/\",\"name\":\"Wireless measurement kit for refrigeration and heat pump technology | Nordtec\",\"isPartOf\":{\"@id\":\"https:\\\/\\\/www.nordtec.se\\\/en\\\/#website\"},\"primaryImageOfPage\":{\"@id\":\"https:\\\/\\\/www.nordtec.se\\\/en\\\/product\\\/measuring-instruments\\\/cooling-and-heat-pump-instruments\\\/wireless-measurement-kit-for-refrigeration-and-heat-pump-technology\\\/#primaryimage\"},\"image\":{\"@id\":\"https:\\\/\\\/www.nordtec.se\\\/en\\\/product\\\/measuring-instruments\\\/cooling-and-heat-pump-instruments\\\/wireless-measurement-kit-for-refrigeration-and-heat-pump-technology\\\/#primaryimage\"},\"thumbnailUrl\":\"https:\\\/\\\/www.nordtec.se\\\/wp-content\\\/uploads\\\/2023\\\/01\\\/0563-0002-10-testo-smart-probes-set_800px.png\",\"datePublished\":\"2022-03-30T14:28:54+00:00\",\"dateModified\":\"2025-11-27T08:33:49+00:00\",\"description\":\"Replaces your manometer stand - digital and wireless! \u1405 Measurement set for cooling and heat pump technology \u2713 0 ... 60 bar \u2713 -40 ... +150 \u00b0C\",\"breadcrumb\":{\"@id\":\"https:\\\/\\\/www.nordtec.se\\\/en\\\/product\\\/measuring-instruments\\\/cooling-and-heat-pump-instruments\\\/wireless-measurement-kit-for-refrigeration-and-heat-pump-technology\\\/#breadcrumb\"},\"inLanguage\":\"en-US\",\"potentialAction\":[{\"@type\":\"ReadAction\",\"target\":[\"https:\\\/\\\/www.nordtec.se\\\/en\\\/product\\\/measuring-instruments\\\/cooling-and-heat-pump-instruments\\\/wireless-measurement-kit-for-refrigeration-and-heat-pump-technology\\\/\"]}]},{\"@type\":\"ImageObject\",\"inLanguage\":\"en-US\",\"@id\":\"https:\\\/\\\/www.nordtec.se\\\/en\\\/product\\\/measuring-instruments\\\/cooling-and-heat-pump-instruments\\\/wireless-measurement-kit-for-refrigeration-and-heat-pump-technology\\\/#primaryimage\",\"url\":\"https:\\\/\\\/www.nordtec.se\\\/wp-content\\\/uploads\\\/2023\\\/01\\\/0563-0002-10-testo-smart-probes-set_800px.png\",\"contentUrl\":\"https:\\\/\\\/www.nordtec.se\\\/wp-content\\\/uploads\\\/2023\\\/01\\\/0563-0002-10-testo-smart-probes-set_800px.png\",\"width\":800,\"height\":800,\"caption\":\"0563-0002-10-testo smart probes set\"},{\"@type\":\"BreadcrumbList\",\"@id\":\"https:\\\/\\\/www.nordtec.se\\\/en\\\/product\\\/measuring-instruments\\\/cooling-and-heat-pump-instruments\\\/wireless-measurement-kit-for-refrigeration-and-heat-pump-technology\\\/#breadcrumb\",\"itemListElement\":[{\"@type\":\"ListItem\",\"position\":1,\"name\":\"Hem\",\"item\":\"https:\\\/\\\/www.nordtec.se\\\/en\\\/\"},{\"@type\":\"ListItem\",\"position\":2,\"name\":\"Shop\",\"item\":\"https:\\\/\\\/www.nordtec.se\\\/shop\\\/?lang=en\"},{\"@type\":\"ListItem\",\"position\":3,\"name\":\"Wireless measurement kit for refrigeration and heat pump technology\"}]},{\"@type\":\"WebSite\",\"@id\":\"https:\\\/\\\/www.nordtec.se\\\/en\\\/#website\",\"url\":\"https:\\\/\\\/www.nordtec.se\\\/en\\\/\",\"name\":\"Nordtec\",\"description\":\"Din partner inom m\u00e4tteknik\",\"publisher\":{\"@id\":\"https:\\\/\\\/www.nordtec.se\\\/en\\\/#organization\"},\"potentialAction\":[{\"@type\":\"SearchAction\",\"target\":{\"@type\":\"EntryPoint\",\"urlTemplate\":\"https:\\\/\\\/www.nordtec.se\\\/en\\\/?s={search_term_string}\"},\"query-input\":{\"@type\":\"PropertyValueSpecification\",\"valueRequired\":true,\"valueName\":\"search_term_string\"}}],\"inLanguage\":\"en-US\"},{\"@type\":\"Organization\",\"@id\":\"https:\\\/\\\/www.nordtec.se\\\/en\\\/#organization\",\"name\":\"Nordtec Instrument AB\",\"url\":\"https:\\\/\\\/www.nordtec.se\\\/en\\\/\",\"logo\":{\"@type\":\"ImageObject\",\"inLanguage\":\"en-US\",\"@id\":\"https:\\\/\\\/www.nordtec.se\\\/en\\\/#\\\/schema\\\/logo\\\/image\\\/\",\"url\":\"https:\\\/\\\/www.nordtec.se\\\/wp-content\\\/uploads\\\/2021\\\/08\\\/nordtec_logo_rgb-340px.png\",\"contentUrl\":\"https:\\\/\\\/www.nordtec.se\\\/wp-content\\\/uploads\\\/2021\\\/08\\\/nordtec_logo_rgb-340px.png\",\"width\":340,\"height\":75,\"caption\":\"Nordtec Instrument AB\"},\"image\":{\"@id\":\"https:\\\/\\\/www.nordtec.se\\\/en\\\/#\\\/schema\\\/logo\\\/image\\\/\"},\"sameAs\":[\"https:\\\/\\\/www.facebook.com\\\/nordtecinstrument\",\"https:\\\/\\\/www.instagram.com\\\/nordtec_instrument\\\/\",\"https:\\\/\\\/www.linkedin.com\\\/company\\\/nordtec-instrument-ab\\\/\",\"https:\\\/\\\/www.youtube.com\\\/channel\\\/UCbmAq3ZmfBKOGg7_igFURng\"]}]}<\/script>\n<!-- \/ Yoast SEO Premium plugin. -->","yoast_head_json":{"title":"Wireless measurement kit for refrigeration and heat pump technology | Nordtec","description":"Replaces your manometer stand - digital and wireless! \u1405 Measurement set for cooling and heat pump technology \u2713 0 ... 60 bar \u2713 -40 ... +150 \u00b0C","robots":{"index":"index","follow":"follow","max-snippet":"max-snippet:-1","max-image-preview":"max-image-preview:large","max-video-preview":"max-video-preview:-1"},"canonical":"https:\/\/www.nordtec.se\/en\/product\/measuring-instruments\/cooling-and-heat-pump-instruments\/wireless-measurement-kit-for-refrigeration-and-heat-pump-technology\/","og_locale":"en_US","og_type":"article","og_title":"Wireless measurement kit for refrigeration and heat pump technology","og_description":"Replaces your manometer stand - digital and wireless! \u1405 Measurement set for cooling and heat pump technology \u2713 0 ... 60 bar \u2713 -40 ... +150 \u00b0C","og_url":"https:\/\/www.nordtec.se\/en\/product\/measuring-instruments\/cooling-and-heat-pump-instruments\/wireless-measurement-kit-for-refrigeration-and-heat-pump-technology\/","og_site_name":"Nordtec","article_publisher":"https:\/\/www.facebook.com\/nordtecinstrument","article_modified_time":"2025-11-27T08:33:49+00:00","og_image":[{"width":800,"height":800,"url":"https:\/\/www.nordtec.se\/wp-content\/uploads\/2023\/01\/0563-0002-10-testo-smart-probes-set_800px.png","type":"image\/png"}],"twitter_card":"summary_large_image","twitter_misc":{"Est. reading time":"2 minutes"},"schema":{"@context":"https:\/\/schema.org","@graph":[{"@type":["WebPage","ItemPage"],"@id":"https:\/\/www.nordtec.se\/en\/product\/measuring-instruments\/cooling-and-heat-pump-instruments\/wireless-measurement-kit-for-refrigeration-and-heat-pump-technology\/","url":"https:\/\/www.nordtec.se\/en\/product\/measuring-instruments\/cooling-and-heat-pump-instruments\/wireless-measurement-kit-for-refrigeration-and-heat-pump-technology\/","name":"Wireless measurement kit for refrigeration and heat pump technology | Nordtec","isPartOf":{"@id":"https:\/\/www.nordtec.se\/en\/#website"},"primaryImageOfPage":{"@id":"https:\/\/www.nordtec.se\/en\/product\/measuring-instruments\/cooling-and-heat-pump-instruments\/wireless-measurement-kit-for-refrigeration-and-heat-pump-technology\/#primaryimage"},"image":{"@id":"https:\/\/www.nordtec.se\/en\/product\/measuring-instruments\/cooling-and-heat-pump-instruments\/wireless-measurement-kit-for-refrigeration-and-heat-pump-technology\/#primaryimage"},"thumbnailUrl":"https:\/\/www.nordtec.se\/wp-content\/uploads\/2023\/01\/0563-0002-10-testo-smart-probes-set_800px.png","datePublished":"2022-03-30T14:28:54+00:00","dateModified":"2025-11-27T08:33:49+00:00","description":"Replaces your manometer stand - digital and wireless! \u1405 Measurement set for cooling and heat pump technology \u2713 0 ... 60 bar \u2713 -40 ... +150 \u00b0C","breadcrumb":{"@id":"https:\/\/www.nordtec.se\/en\/product\/measuring-instruments\/cooling-and-heat-pump-instruments\/wireless-measurement-kit-for-refrigeration-and-heat-pump-technology\/#breadcrumb"},"inLanguage":"en-US","potentialAction":[{"@type":"ReadAction","target":["https:\/\/www.nordtec.se\/en\/product\/measuring-instruments\/cooling-and-heat-pump-instruments\/wireless-measurement-kit-for-refrigeration-and-heat-pump-technology\/"]}]},{"@type":"ImageObject","inLanguage":"en-US","@id":"https:\/\/www.nordtec.se\/en\/product\/measuring-instruments\/cooling-and-heat-pump-instruments\/wireless-measurement-kit-for-refrigeration-and-heat-pump-technology\/#primaryimage","url":"https:\/\/www.nordtec.se\/wp-content\/uploads\/2023\/01\/0563-0002-10-testo-smart-probes-set_800px.png","contentUrl":"https:\/\/www.nordtec.se\/wp-content\/uploads\/2023\/01\/0563-0002-10-testo-smart-probes-set_800px.png","width":800,"height":800,"caption":"0563-0002-10-testo smart probes set"},{"@type":"BreadcrumbList","@id":"https:\/\/www.nordtec.se\/en\/product\/measuring-instruments\/cooling-and-heat-pump-instruments\/wireless-measurement-kit-for-refrigeration-and-heat-pump-technology\/#breadcrumb","itemListElement":[{"@type":"ListItem","position":1,"name":"Hem","item":"https:\/\/www.nordtec.se\/en\/"},{"@type":"ListItem","position":2,"name":"Shop","item":"https:\/\/www.nordtec.se\/shop\/?lang=en"},{"@type":"ListItem","position":3,"name":"Wireless measurement kit for refrigeration and heat pump technology"}]},{"@type":"WebSite","@id":"https:\/\/www.nordtec.se\/en\/#website","url":"https:\/\/www.nordtec.se\/en\/","name":"Nordtec","description":"Din partner inom m\u00e4tteknik","publisher":{"@id":"https:\/\/www.nordtec.se\/en\/#organization"},"potentialAction":[{"@type":"SearchAction","target":{"@type":"EntryPoint","urlTemplate":"https:\/\/www.nordtec.se\/en\/?s={search_term_string}"},"query-input":{"@type":"PropertyValueSpecification","valueRequired":true,"valueName":"search_term_string"}}],"inLanguage":"en-US"},{"@type":"Organization","@id":"https:\/\/www.nordtec.se\/en\/#organization","name":"Nordtec Instrument AB","url":"https:\/\/www.nordtec.se\/en\/","logo":{"@type":"ImageObject","inLanguage":"en-US","@id":"https:\/\/www.nordtec.se\/en\/#\/schema\/logo\/image\/","url":"https:\/\/www.nordtec.se\/wp-content\/uploads\/2021\/08\/nordtec_logo_rgb-340px.png","contentUrl":"https:\/\/www.nordtec.se\/wp-content\/uploads\/2021\/08\/nordtec_logo_rgb-340px.png","width":340,"height":75,"caption":"Nordtec Instrument AB"},"image":{"@id":"https:\/\/www.nordtec.se\/en\/#\/schema\/logo\/image\/"},"sameAs":["https:\/\/www.facebook.com\/nordtecinstrument","https:\/\/www.instagram.com\/nordtec_instrument\/","https:\/\/www.linkedin.com\/company\/nordtec-instrument-ab\/","https:\/\/www.youtube.com\/channel\/UCbmAq3ZmfBKOGg7_igFURng"]}]}},"taxonomy_info":{"product_cat":[{"value":788,"label":"Cooling and heat pump instruments"},{"value":768,"label":"Measuring instruments"},{"value":835,"label":"SmartProbes"},{"value":1426,"label":"testo Smart App"}],"product_tag":[{"value":850,"label":"Bluetooth"},{"value":909,"label":"SmartProbes"},{"value":925,"label":"Tryckgivare"}]},"featured_image_src_large":["https:\/\/www.nordtec.se\/wp-content\/uploads\/2023\/01\/0563-0002-10-testo-smart-probes-set_800px.png",800,800,false],"author_info":[],"comment_info":"","_links":{"self":[{"href":"https:\/\/www.nordtec.se\/en\/wp-json\/wp\/v2\/product\/40844","targetHints":{"allow":["GET"]}}],"collection":[{"href":"https:\/\/www.nordtec.se\/en\/wp-json\/wp\/v2\/product"}],"about":[{"href":"https:\/\/www.nordtec.se\/en\/wp-json\/wp\/v2\/types\/product"}],"version-history":[{"count":1,"href":"https:\/\/www.nordtec.se\/en\/wp-json\/wp\/v2\/product\/40844\/revisions"}],"predecessor-version":[{"id":42697,"href":"https:\/\/www.nordtec.se\/en\/wp-json\/wp\/v2\/product\/40844\/revisions\/42697"}],"wp:featuredmedia":[{"embeddable":true,"href":"https:\/\/www.nordtec.se\/en\/wp-json\/wp\/v2\/media\/40131"}],"wp:attachment":[{"href":"https:\/\/www.nordtec.se\/en\/wp-json\/wp\/v2\/media?parent=40844"}],"wp:term":[{"taxonomy":"product_brand","embeddable":true,"href":"https:\/\/www.nordtec.se\/en\/wp-json\/wp\/v2\/product_brand?post=40844"},{"taxonomy":"product_cat","embeddable":true,"href":"https:\/\/www.nordtec.se\/en\/wp-json\/wp\/v2\/product_cat?post=40844"},{"taxonomy":"product_tag","embeddable":true,"href":"https:\/\/www.nordtec.se\/en\/wp-json\/wp\/v2\/product_tag?post=40844"}],"curies":[{"name":"wp","href":"https:\/\/api.w.org\/{rel}","templated":true}]}}