{"id":40877,"date":"2022-03-30T16:14:55","date_gmt":"2022-03-30T14:14:55","guid":{"rendered":"https:\/\/www.nordtec.se\/produkt\/uncategorized\/testo-420-airflow-nozzle-with-airflow-straightener\/"},"modified":"2026-04-21T13:26:24","modified_gmt":"2026-04-21T11:26:24","slug":"testo-420-volume-flow-hood-with-airflow-straightener","status":"publish","type":"product","link":"https:\/\/www.nordtec.se\/en\/product\/measuring-instruments\/ventilation-instruments\/air-flow-meters\/testo-420-volume-flow-hood-with-airflow-straightener\/","title":{"rendered":"testo 420 &#8211; Volume flow hood with airflow straightener"},"content":{"rendered":"<h2>testo 420 &#8211; Volume flow hood with airflow rectifier for supply and exhaust air<\/h2>\n<p><strong>Lightweight and accurate<br \/>\n<\/strong>Lightweight, accurate and practical &#8211; the testo 420 air flow nozzle makes it much easier to regulate the volume flow of larger supply and exhaust air devices. At 2.9 kg, it is the lightest model on the market. And with the integrated airflow rectifier, it sets a new standard for accurate measurement on turbulent air devices. The testo 420 can be connected to the testo Smart app for efficient management of all measurement data.<\/p>\n<h2>S\u00e5 h\u00e4r underl\u00e4ttar testo Smart-appen f\u00f6r dig:<\/h2>\r\n<ul>\r\n<li>Enkel inst\u00e4llning av m\u00e4tinstrumentet<\/li>\r\n<li>Effektiv kund- och m\u00e4tplatshantering<\/li>\r\n<li>P\u00e5litlig lagring av alla m\u00e4tdata<\/li>\r\n<li>F\u00f6rvandlar mobilen till en andra sk\u00e4rm<\/li>\r\n<li>Visning av grafiska m\u00e4tv\u00e4rdeskurvor<\/li>\r\n<li>Enkel dokumentering av allt arbete<\/li>\r\n<li>Skicka rapporter direkt fr\u00e5n m\u00e4tplatsen via e-post<\/li>\r\n<\/ul>\r\n<p><a href=\"https:\/\/www.nordtec.se\/testo-smart-appen\/\">testo Smart-appen<\/a> finns p\u00e5 Google Play och App Store. Den \u00e4r gratis att b\u00e5de ladda ned och anv\u00e4nda.<\/p>\r\n<p><a href=\"https:\/\/play.google.com\/store\/apps\/details?id=de.testo.smartprobesappgen2\" target=\"_blank\" rel=\"noopener\"><img loading=\"lazy\" decoding=\"async\" class=\"alignleft wp-image-30738\" title=\"testo Smart App - Google Play\" src=\"https:\/\/www.nordtec.se\/wp-content\/uploads\/2023\/01\/google-play-badge-300x116.png\" alt=\"google play badge\" width=\"120\" height=\"46\" srcset=\"https:\/\/www.nordtec.se\/wp-content\/uploads\/2023\/01\/google-play-badge-300x116.png 300w, https:\/\/www.nordtec.se\/wp-content\/uploads\/2023\/01\/google-play-badge-416x161.png 416w, https:\/\/www.nordtec.se\/wp-content\/uploads\/2023\/01\/google-play-badge-64x25.png 64w, https:\/\/www.nordtec.se\/wp-content\/uploads\/2023\/01\/google-play-badge.png 646w\" sizes=\"auto, (max-width: 120px) 100vw, 120px\" \/><\/a><\/p>\r\n<p><a href=\"https:\/\/apps.apple.com\/se\/app\/testo-smart\/id1482139629\" target=\"_blank\" rel=\"noopener\"><img loading=\"lazy\" decoding=\"async\" class=\"alignleft wp-image-30740\" title=\"testo Smart app - App Store\" src=\"https:\/\/www.nordtec.se\/wp-content\/uploads\/2023\/01\/app-store-badge-300x116.png\" alt=\"App Store Badge\" width=\"120\" height=\"46\" srcset=\"https:\/\/www.nordtec.se\/wp-content\/uploads\/2023\/01\/app-store-badge-300x116.png 300w, https:\/\/www.nordtec.se\/wp-content\/uploads\/2023\/01\/app-store-badge-416x161.png 416w, https:\/\/www.nordtec.se\/wp-content\/uploads\/2023\/01\/app-store-badge-64x25.png 64w, https:\/\/www.nordtec.se\/wp-content\/uploads\/2023\/01\/app-store-badge.png 646w\" sizes=\"auto, (max-width: 120px) 100vw, 120px\" \/><\/a><\/p>\r\n<p>&nbsp;<\/p>\n<p>&nbsp;<\/p>\n<p><strong>Flexible measuring instrument<br \/>\n<\/strong>The integrated instrument can be tilted and is therefore easy to read regardless of the working position. By removing it from the socket, it can also be used as a very accurate pressure gauge (resolution 0.001 Pa) for e.g. pitot tube measurements. Mounted on the chair, it also measures temperature and relative humidity.<\/p>\n<p><strong>Easy to handle<br \/>\n<\/strong>Clear markings and funnel-shaped brackets for the tension rods make it very easy to install. Ergonomic handles allow you to work comfortably without tiring your hands. The folded testo 420 can be easily and safely transported in the wheeled case provided on delivery.<\/p>\n<h2>More hoods to choose from<\/h2>\n<p>In addition to the standard 610 x 610 mm hood provided, there are also accessory hoods measuring 360 x 360 mm, 305 x 1220 mm, 610 x 1220 mm and 915 x 915 mm.<\/p>\n<h2>Included in delivery<\/h2>\n<p>testo 420 volume flow hood including measuring instrument, 610 x 610 mm meter, 5 x clamping bars, USB cable, batteries and transport bag with wheels.<\/p>\n<!-- Shortcode [ventilationskampanj] does not exist -->\n","protected":false},"excerpt":{"rendered":"<p>Volume flow hood for larger air devices with low weight &#8211; only 2.9 kg<\/p>\n<ul>\n<li>Measurement values can be read in <a href=\"https:\/\/www.nordtec.se\/en\/testo-smart-apps\/\">the testo Smart app<\/a> on your mobile<\/li>\n<li>Integrated airflow straightener minimizes the impact of turbulence<\/li>\n<li>Flexible display &#8211; can also be removed from the socket and used for pitot tube measurement<\/li>\n<\/ul>\n","protected":false},"featured_media":38291,"template":"","meta":{"_kad_blocks_custom_css":"","_kad_blocks_head_custom_js":"","_kad_blocks_body_custom_js":"","_kad_blocks_footer_custom_js":"","footnotes":""},"product_brand":[],"product_cat":[795,782,783,781,768,1426,829],"product_tag":[850],"class_list":{"0":"post-40877","1":"product","2":"type-product","3":"status-publish","4":"has-post-thumbnail","6":"product_cat-air-flow-meters","7":"product_cat-hvac-property","8":"product_cat-indoor-climate-working-environment","9":"product_cat-industry","10":"product_cat-measuring-instruments","11":"product_cat-testo-smart-app","12":"product_cat-ventilation-instruments","13":"product_tag-bluetooth-en","15":"first","16":"onbackorder","17":"taxable","18":"shipping-taxable","19":"purchasable","20":"product-type-simple"},"yoast_head":"<!-- This site is optimized with the Yoast SEO Premium plugin v27.3 (Yoast SEO v27.4) - https:\/\/yoast.com\/product\/yoast-seo-premium-wordpress\/ -->\n<title>testo 420 - Volume flow hood with airflow straightener | Nordtec<\/title>\n<meta name=\"description\" content=\"Airflow meter for larger airphones with low weight - only 2.9 kg \u1405 testo 420 \u2713 Measurement values also to the testo Smart app on your mobile \u2713 Integrated airflow rectifier\" \/>\n<meta name=\"robots\" content=\"index, follow, max-snippet:-1, max-image-preview:large, max-video-preview:-1\" \/>\n<link rel=\"canonical\" href=\"https:\/\/www.nordtec.se\/en\/product\/measuring-instruments\/ventilation-instruments\/air-flow-meters\/testo-420-volume-flow-hood-with-airflow-straightener\/\" \/>\n<meta property=\"og:locale\" content=\"en_US\" \/>\n<meta property=\"og:type\" content=\"article\" \/>\n<meta property=\"og:title\" content=\"testo 420 - Volume flow hood with airflow straightener\" \/>\n<meta property=\"og:description\" content=\"Airflow meter for larger airphones with low weight - only 2.9 kg \u1405 testo 420 \u2713 Measurement values also to the testo Smart app on your mobile \u2713 Integrated airflow rectifier\" \/>\n<meta property=\"og:url\" content=\"https:\/\/www.nordtec.se\/en\/product\/measuring-instruments\/ventilation-instruments\/air-flow-meters\/testo-420-volume-flow-hood-with-airflow-straightener\/\" \/>\n<meta property=\"og:site_name\" content=\"Nordtec\" \/>\n<meta property=\"article:publisher\" content=\"https:\/\/www.facebook.com\/nordtecinstrument\" \/>\n<meta property=\"article:modified_time\" content=\"2026-04-21T11:26:24+00:00\" \/>\n<meta property=\"og:image\" content=\"https:\/\/www.nordtec.se\/wp-content\/uploads\/2022\/03\/testo-420_p_in_vel_005513_800px.png\" \/>\n\t<meta property=\"og:image:width\" content=\"800\" \/>\n\t<meta property=\"og:image:height\" content=\"800\" \/>\n\t<meta property=\"og:image:type\" content=\"image\/png\" \/>\n<meta name=\"twitter:card\" content=\"summary_large_image\" \/>\n<meta name=\"twitter:label1\" content=\"Est. reading time\" \/>\n\t<meta name=\"twitter:data1\" content=\"2 minutes\" \/>\n<script type=\"application\/ld+json\" class=\"yoast-schema-graph\">{\"@context\":\"https:\\\/\\\/schema.org\",\"@graph\":[{\"@type\":[\"WebPage\",\"ItemPage\"],\"@id\":\"https:\\\/\\\/www.nordtec.se\\\/en\\\/product\\\/measuring-instruments\\\/ventilation-instruments\\\/air-flow-meters\\\/testo-420-volume-flow-hood-with-airflow-straightener\\\/\",\"url\":\"https:\\\/\\\/www.nordtec.se\\\/en\\\/product\\\/measuring-instruments\\\/ventilation-instruments\\\/air-flow-meters\\\/testo-420-volume-flow-hood-with-airflow-straightener\\\/\",\"name\":\"testo 420 - Volume flow hood with airflow straightener | Nordtec\",\"isPartOf\":{\"@id\":\"https:\\\/\\\/www.nordtec.se\\\/en\\\/#website\"},\"primaryImageOfPage\":{\"@id\":\"https:\\\/\\\/www.nordtec.se\\\/en\\\/product\\\/measuring-instruments\\\/ventilation-instruments\\\/air-flow-meters\\\/testo-420-volume-flow-hood-with-airflow-straightener\\\/#primaryimage\"},\"image\":{\"@id\":\"https:\\\/\\\/www.nordtec.se\\\/en\\\/product\\\/measuring-instruments\\\/ventilation-instruments\\\/air-flow-meters\\\/testo-420-volume-flow-hood-with-airflow-straightener\\\/#primaryimage\"},\"thumbnailUrl\":\"https:\\\/\\\/www.nordtec.se\\\/wp-content\\\/uploads\\\/2022\\\/03\\\/testo-420_p_in_vel_005513_800px.png\",\"datePublished\":\"2022-03-30T14:14:55+00:00\",\"dateModified\":\"2026-04-21T11:26:24+00:00\",\"description\":\"Airflow meter for larger airphones with low weight - only 2.9 kg \u1405 testo 420 \u2713 Measurement values also to the testo Smart app on your mobile \u2713 Integrated airflow rectifier\",\"breadcrumb\":{\"@id\":\"https:\\\/\\\/www.nordtec.se\\\/en\\\/product\\\/measuring-instruments\\\/ventilation-instruments\\\/air-flow-meters\\\/testo-420-volume-flow-hood-with-airflow-straightener\\\/#breadcrumb\"},\"inLanguage\":\"en-US\",\"potentialAction\":[{\"@type\":\"ReadAction\",\"target\":[\"https:\\\/\\\/www.nordtec.se\\\/en\\\/product\\\/measuring-instruments\\\/ventilation-instruments\\\/air-flow-meters\\\/testo-420-volume-flow-hood-with-airflow-straightener\\\/\"]}]},{\"@type\":\"ImageObject\",\"inLanguage\":\"en-US\",\"@id\":\"https:\\\/\\\/www.nordtec.se\\\/en\\\/product\\\/measuring-instruments\\\/ventilation-instruments\\\/air-flow-meters\\\/testo-420-volume-flow-hood-with-airflow-straightener\\\/#primaryimage\",\"url\":\"https:\\\/\\\/www.nordtec.se\\\/wp-content\\\/uploads\\\/2022\\\/03\\\/testo-420_p_in_vel_005513_800px.png\",\"contentUrl\":\"https:\\\/\\\/www.nordtec.se\\\/wp-content\\\/uploads\\\/2022\\\/03\\\/testo-420_p_in_vel_005513_800px.png\",\"width\":800,\"height\":800,\"caption\":\"Volume flow hood testo 420\"},{\"@type\":\"BreadcrumbList\",\"@id\":\"https:\\\/\\\/www.nordtec.se\\\/en\\\/product\\\/measuring-instruments\\\/ventilation-instruments\\\/air-flow-meters\\\/testo-420-volume-flow-hood-with-airflow-straightener\\\/#breadcrumb\",\"itemListElement\":[{\"@type\":\"ListItem\",\"position\":1,\"name\":\"Hem\",\"item\":\"https:\\\/\\\/www.nordtec.se\\\/en\\\/\"},{\"@type\":\"ListItem\",\"position\":2,\"name\":\"Shop\",\"item\":\"https:\\\/\\\/www.nordtec.se\\\/shop\\\/?lang=en\"},{\"@type\":\"ListItem\",\"position\":3,\"name\":\"testo 420 &#8211; Volume flow hood with airflow straightener\"}]},{\"@type\":\"WebSite\",\"@id\":\"https:\\\/\\\/www.nordtec.se\\\/en\\\/#website\",\"url\":\"https:\\\/\\\/www.nordtec.se\\\/en\\\/\",\"name\":\"Nordtec\",\"description\":\"Din partner inom m\u00e4tteknik\",\"publisher\":{\"@id\":\"https:\\\/\\\/www.nordtec.se\\\/en\\\/#organization\"},\"potentialAction\":[{\"@type\":\"SearchAction\",\"target\":{\"@type\":\"EntryPoint\",\"urlTemplate\":\"https:\\\/\\\/www.nordtec.se\\\/en\\\/?s={search_term_string}\"},\"query-input\":{\"@type\":\"PropertyValueSpecification\",\"valueRequired\":true,\"valueName\":\"search_term_string\"}}],\"inLanguage\":\"en-US\"},{\"@type\":\"Organization\",\"@id\":\"https:\\\/\\\/www.nordtec.se\\\/en\\\/#organization\",\"name\":\"Nordtec Instrument AB\",\"url\":\"https:\\\/\\\/www.nordtec.se\\\/en\\\/\",\"logo\":{\"@type\":\"ImageObject\",\"inLanguage\":\"en-US\",\"@id\":\"https:\\\/\\\/www.nordtec.se\\\/en\\\/#\\\/schema\\\/logo\\\/image\\\/\",\"url\":\"https:\\\/\\\/www.nordtec.se\\\/wp-content\\\/uploads\\\/2021\\\/08\\\/nordtec_logo_rgb-340px.png\",\"contentUrl\":\"https:\\\/\\\/www.nordtec.se\\\/wp-content\\\/uploads\\\/2021\\\/08\\\/nordtec_logo_rgb-340px.png\",\"width\":340,\"height\":75,\"caption\":\"Nordtec Instrument AB\"},\"image\":{\"@id\":\"https:\\\/\\\/www.nordtec.se\\\/en\\\/#\\\/schema\\\/logo\\\/image\\\/\"},\"sameAs\":[\"https:\\\/\\\/www.facebook.com\\\/nordtecinstrument\",\"https:\\\/\\\/www.instagram.com\\\/nordtec_instrument\\\/\",\"https:\\\/\\\/www.linkedin.com\\\/company\\\/nordtec-instrument-ab\\\/\",\"https:\\\/\\\/www.youtube.com\\\/channel\\\/UCbmAq3ZmfBKOGg7_igFURng\"]}]}<\/script>\n<!-- \/ Yoast SEO Premium plugin. -->","yoast_head_json":{"title":"testo 420 - Volume flow hood with airflow straightener | Nordtec","description":"Airflow meter for larger airphones with low weight - only 2.9 kg \u1405 testo 420 \u2713 Measurement values also to the testo Smart app on your mobile \u2713 Integrated airflow rectifier","robots":{"index":"index","follow":"follow","max-snippet":"max-snippet:-1","max-image-preview":"max-image-preview:large","max-video-preview":"max-video-preview:-1"},"canonical":"https:\/\/www.nordtec.se\/en\/product\/measuring-instruments\/ventilation-instruments\/air-flow-meters\/testo-420-volume-flow-hood-with-airflow-straightener\/","og_locale":"en_US","og_type":"article","og_title":"testo 420 - Volume flow hood with airflow straightener","og_description":"Airflow meter for larger airphones with low weight - only 2.9 kg \u1405 testo 420 \u2713 Measurement values also to the testo Smart app on your mobile \u2713 Integrated airflow rectifier","og_url":"https:\/\/www.nordtec.se\/en\/product\/measuring-instruments\/ventilation-instruments\/air-flow-meters\/testo-420-volume-flow-hood-with-airflow-straightener\/","og_site_name":"Nordtec","article_publisher":"https:\/\/www.facebook.com\/nordtecinstrument","article_modified_time":"2026-04-21T11:26:24+00:00","og_image":[{"width":800,"height":800,"url":"https:\/\/www.nordtec.se\/wp-content\/uploads\/2022\/03\/testo-420_p_in_vel_005513_800px.png","type":"image\/png"}],"twitter_card":"summary_large_image","twitter_misc":{"Est. reading time":"2 minutes"},"schema":{"@context":"https:\/\/schema.org","@graph":[{"@type":["WebPage","ItemPage"],"@id":"https:\/\/www.nordtec.se\/en\/product\/measuring-instruments\/ventilation-instruments\/air-flow-meters\/testo-420-volume-flow-hood-with-airflow-straightener\/","url":"https:\/\/www.nordtec.se\/en\/product\/measuring-instruments\/ventilation-instruments\/air-flow-meters\/testo-420-volume-flow-hood-with-airflow-straightener\/","name":"testo 420 - Volume flow hood with airflow straightener | Nordtec","isPartOf":{"@id":"https:\/\/www.nordtec.se\/en\/#website"},"primaryImageOfPage":{"@id":"https:\/\/www.nordtec.se\/en\/product\/measuring-instruments\/ventilation-instruments\/air-flow-meters\/testo-420-volume-flow-hood-with-airflow-straightener\/#primaryimage"},"image":{"@id":"https:\/\/www.nordtec.se\/en\/product\/measuring-instruments\/ventilation-instruments\/air-flow-meters\/testo-420-volume-flow-hood-with-airflow-straightener\/#primaryimage"},"thumbnailUrl":"https:\/\/www.nordtec.se\/wp-content\/uploads\/2022\/03\/testo-420_p_in_vel_005513_800px.png","datePublished":"2022-03-30T14:14:55+00:00","dateModified":"2026-04-21T11:26:24+00:00","description":"Airflow meter for larger airphones with low weight - only 2.9 kg \u1405 testo 420 \u2713 Measurement values also to the testo Smart app on your mobile \u2713 Integrated airflow rectifier","breadcrumb":{"@id":"https:\/\/www.nordtec.se\/en\/product\/measuring-instruments\/ventilation-instruments\/air-flow-meters\/testo-420-volume-flow-hood-with-airflow-straightener\/#breadcrumb"},"inLanguage":"en-US","potentialAction":[{"@type":"ReadAction","target":["https:\/\/www.nordtec.se\/en\/product\/measuring-instruments\/ventilation-instruments\/air-flow-meters\/testo-420-volume-flow-hood-with-airflow-straightener\/"]}]},{"@type":"ImageObject","inLanguage":"en-US","@id":"https:\/\/www.nordtec.se\/en\/product\/measuring-instruments\/ventilation-instruments\/air-flow-meters\/testo-420-volume-flow-hood-with-airflow-straightener\/#primaryimage","url":"https:\/\/www.nordtec.se\/wp-content\/uploads\/2022\/03\/testo-420_p_in_vel_005513_800px.png","contentUrl":"https:\/\/www.nordtec.se\/wp-content\/uploads\/2022\/03\/testo-420_p_in_vel_005513_800px.png","width":800,"height":800,"caption":"Volume flow hood testo 420"},{"@type":"BreadcrumbList","@id":"https:\/\/www.nordtec.se\/en\/product\/measuring-instruments\/ventilation-instruments\/air-flow-meters\/testo-420-volume-flow-hood-with-airflow-straightener\/#breadcrumb","itemListElement":[{"@type":"ListItem","position":1,"name":"Hem","item":"https:\/\/www.nordtec.se\/en\/"},{"@type":"ListItem","position":2,"name":"Shop","item":"https:\/\/www.nordtec.se\/shop\/?lang=en"},{"@type":"ListItem","position":3,"name":"testo 420 &#8211; Volume flow hood with airflow straightener"}]},{"@type":"WebSite","@id":"https:\/\/www.nordtec.se\/en\/#website","url":"https:\/\/www.nordtec.se\/en\/","name":"Nordtec","description":"Din partner inom m\u00e4tteknik","publisher":{"@id":"https:\/\/www.nordtec.se\/en\/#organization"},"potentialAction":[{"@type":"SearchAction","target":{"@type":"EntryPoint","urlTemplate":"https:\/\/www.nordtec.se\/en\/?s={search_term_string}"},"query-input":{"@type":"PropertyValueSpecification","valueRequired":true,"valueName":"search_term_string"}}],"inLanguage":"en-US"},{"@type":"Organization","@id":"https:\/\/www.nordtec.se\/en\/#organization","name":"Nordtec Instrument AB","url":"https:\/\/www.nordtec.se\/en\/","logo":{"@type":"ImageObject","inLanguage":"en-US","@id":"https:\/\/www.nordtec.se\/en\/#\/schema\/logo\/image\/","url":"https:\/\/www.nordtec.se\/wp-content\/uploads\/2021\/08\/nordtec_logo_rgb-340px.png","contentUrl":"https:\/\/www.nordtec.se\/wp-content\/uploads\/2021\/08\/nordtec_logo_rgb-340px.png","width":340,"height":75,"caption":"Nordtec Instrument AB"},"image":{"@id":"https:\/\/www.nordtec.se\/en\/#\/schema\/logo\/image\/"},"sameAs":["https:\/\/www.facebook.com\/nordtecinstrument","https:\/\/www.instagram.com\/nordtec_instrument\/","https:\/\/www.linkedin.com\/company\/nordtec-instrument-ab\/","https:\/\/www.youtube.com\/channel\/UCbmAq3ZmfBKOGg7_igFURng"]}]}},"taxonomy_info":{"product_cat":[{"value":795,"label":"Air flow meters"},{"value":782,"label":"HVAC &amp; Property"},{"value":783,"label":"Indoor climate &amp; working environment"},{"value":781,"label":"Industry"},{"value":768,"label":"Measuring instruments"},{"value":1426,"label":"testo Smart App"},{"value":829,"label":"Ventilation instruments"}],"product_tag":[{"value":850,"label":"Bluetooth"}]},"featured_image_src_large":["https:\/\/www.nordtec.se\/wp-content\/uploads\/2022\/03\/testo-420_p_in_vel_005513_800px.png",800,800,false],"author_info":[],"comment_info":"","_links":{"self":[{"href":"https:\/\/www.nordtec.se\/en\/wp-json\/wp\/v2\/product\/40877","targetHints":{"allow":["GET"]}}],"collection":[{"href":"https:\/\/www.nordtec.se\/en\/wp-json\/wp\/v2\/product"}],"about":[{"href":"https:\/\/www.nordtec.se\/en\/wp-json\/wp\/v2\/types\/product"}],"version-history":[{"count":13,"href":"https:\/\/www.nordtec.se\/en\/wp-json\/wp\/v2\/product\/40877\/revisions"}],"predecessor-version":[{"id":60560,"href":"https:\/\/www.nordtec.se\/en\/wp-json\/wp\/v2\/product\/40877\/revisions\/60560"}],"wp:featuredmedia":[{"embeddable":true,"href":"https:\/\/www.nordtec.se\/en\/wp-json\/wp\/v2\/media\/38291"}],"wp:attachment":[{"href":"https:\/\/www.nordtec.se\/en\/wp-json\/wp\/v2\/media?parent=40877"}],"wp:term":[{"taxonomy":"product_brand","embeddable":true,"href":"https:\/\/www.nordtec.se\/en\/wp-json\/wp\/v2\/product_brand?post=40877"},{"taxonomy":"product_cat","embeddable":true,"href":"https:\/\/www.nordtec.se\/en\/wp-json\/wp\/v2\/product_cat?post=40877"},{"taxonomy":"product_tag","embeddable":true,"href":"https:\/\/www.nordtec.se\/en\/wp-json\/wp\/v2\/product_tag?post=40877"}],"curies":[{"name":"wp","href":"https:\/\/api.w.org\/{rel}","templated":true}]}}