{"id":40882,"date":"2022-03-30T16:00:09","date_gmt":"2022-03-30T14:00:09","guid":{"rendered":"https:\/\/www.nordtec.se\/produkt\/uncategorized\/testo-868s-smart-and-connected-thermal-imaging-camera\/"},"modified":"2026-01-28T10:26:17","modified_gmt":"2026-01-28T08:26:17","slug":"testo-868s-smart-and-connected-thermal-imaging-camera","status":"publish","type":"product","link":"https:\/\/www.nordtec.se\/en\/product\/measuring-instruments\/thermal-imagers\/testo-868s-smart-and-connected-thermal-imaging-camera\/","title":{"rendered":"testo 868s &#8211; smart and connected thermal imaging camera"},"content":{"rendered":"<h2>The testo 868s thermal imaging camera &#8211; smart and connected thermal imaging camera<\/h2>\n<p>The testo 868s thermal imaging camera has a high-quality 160 x 120 pixel detector. This means 19,200 temperature measurement points clearly indicating all critical areas. Very small temperature differences become visible thanks to a thermal resolution of 80 mK or 0.08 \u00b0C. The testo 868s fits perfectly in the hand and is easy and intuitive to use. Heating and ventilation systems, building shells and electrical cabinets can be checked quickly and easily. Critical temperature conditions are instantly displayed with automatic indication of the hottest or coldest measuring point (Hot spot \/ Cold spot).<\/p>\n<p>The testo 868s thermal imaging camera enables wireless communication with your smartphone or tablet. With the testo thermography app for IOS and Android, you can write and send reports directly at the measurement site as well as save them online and you can use your mobile devices as a second screen or for remote control.<\/p>\n<h2>Applications for the thermal imaging camera testo 868s<\/h2>\n<p>Detecting leaks, identifying overheated connections, determining thermal bridges or detecting structural defects. The thermal images from testo 868s are ideal for applications in daily maintenance and installation work in real estate and industry. This enables time-saving quality assurance and reliable production controls.<\/p>\n<h2>Advantages and functions of the thermal imaging camera testo 868s<\/h2>\n<p>Very easy handling with impressive thermal imaging technology: The thermal imaging camera testo 868s has the following impressive features:<\/p>\n<ul>\n<li>Very good image quality thanks to high resolution: 19,200 temperature measurement points ensure accurate thermography. IR resolution of 160 x 120 pixels and with SuperResulotion technology in the software 320 x 240 pixels.<\/li>\n<li>Visualizes temperature differences from 0.08\u00b0C.<\/li>\n<li>The integrated digital camera generates a &#8220;normal&#8221; image in parallel with the thermal image.<\/li>\n<li>With the testo thermography app for IOS and Android, you can write and send reports directly at the measurement site as well as save them online and you can use your mobile devices as a second screen or for remote control<\/li>\n<li>Critical temperature conditions are directly displayed via automatic &#8220;Hot Spot\/Cold Spot detection&#8221;.<\/li>\n<li>Testos \u025b-Assist ensures correct measurement results by automatically determining and setting emissivity and reflected temperature.<\/li>\n<li>The IFOV warning means that the relationship between the distance to the measurement object and the size of the measurement spot is determined and the measurement spot is shown on the display &#8211; you therefore avoid measurement errors because the thermal imaging camera shows you exactly where you can measure.<\/li>\n<li>Comparable images with testo ScaleAssist: since the temperature and color scale of the thermal images can be individually adapted, it is possible to interpret the values incorrectly in building thermography. The testo ScaleAssist function solves this problem by asking you to enter the current indoor and outdoor temperatures and then automatically adjusting the color scale according to these values. This allows you to take objectively comparable and flawless thermal images with the thermal imaging camera.<\/li>\n<li>User-friendly and smart software for image evaluation<\/li>\n<li>You can choose to save thermography images as JPEGs<\/li>\n<\/ul>\n<p><a href=\"https:\/\/www.nordtec.se\/en\/sectors-and-areas\/presentation-of-thermal-cameras\/?lang=en\" target=\"_blank\" rel=\"noopener\">Read more about Testo thermal imagers &gt;&gt;<\/a><\/p>\n<h2>Included in delivery<\/h2>\n<p>The thermal imaging camera testo 868s with radio module for WLAN, USB cable, power supply unit, rechargeable lithium-ion battery, professional software IRSoft (free download), 3 x testo \u03b5 markers, commissioning instructions, short manual, factory protocol and case.<\/p>\n<p><span class=\"ui-provider ed ayd aye ayf ayg ayh ayi ayj ayk ayl aym ayn ayo ayp ayq ayr ays ayt ayu ayv ayw ayx ayy ayz aza azb azc azd aze azf azg azh azi azj azk\" dir=\"ltr\"><strong>Fabriksprotokoll:<\/strong>\u00a0utf\u00e4rdas p\u00e5 fabriken efter en kontroll av att produkten fungerar och uppfyller angiven m\u00e4tnoggrannhet. L\u00e4s om <a href=\"https:\/\/www.nordtec.se\/kalibrering\/iso-9001-kraver-kalibrerad-matutrustning\/\"><u>skillnaden mellan fabriksprotokoll och ackrediterad kalibrering<\/u><\/a>.<\/span><\/p>\n<p><strong>Also included is a qualified thermography course worth 3,950:-<\/strong><\/p>\n<p><a class=\"button\" href=\"https:\/\/www.nordtec.se\/en\/courses\/thermography-basic-course\/?lang=en\">Book a course<\/a><\/p>\n<p>&nbsp;<\/p>\n","protected":false},"excerpt":{"rendered":"<p style=\"text-align: left;\">The testo 868s thermal imaging camera has a high-quality 160 x 120 pixel detector. Which means 19,200 temperature measurement points that clearly indicate all critical areas.<\/p>\n<ul>\n<li style=\"text-align: left;\">IR resolution 160 x 120 pixels<\/li>\n<li style=\"text-align: left;\">testo SuperResolution (increases resolution up to 320 x 240 pixels)<\/li>\n<li style=\"text-align: left;\">Wide measuring range: -30&#8230;+650 \u00b0C<\/li>\n<li><a href=\"https:\/\/www.nordtec.se\/en\/courses\/thermography-basic-course\/?lang=en\">Thermography &#8211; basic course included!<\/a><\/li>\n<\/ul>\n","protected":false},"featured_media":38405,"template":"","meta":{"_kad_blocks_custom_css":"","_kad_blocks_head_custom_js":"","_kad_blocks_body_custom_js":"","_kad_blocks_footer_custom_js":"","footnotes":""},"product_brand":[1435],"product_cat":[787,782,781,768,794],"product_tag":[],"class_list":{"0":"post-40882","1":"product","2":"type-product","3":"status-publish","4":"has-post-thumbnail","6":"product_brand-testo","7":"product_cat-building-technology","8":"product_cat-hvac-property","9":"product_cat-industry","10":"product_cat-measuring-instruments","11":"product_cat-thermal-imagers","13":"first","14":"instock","15":"taxable","16":"shipping-taxable","17":"purchasable","18":"product-type-simple"},"yoast_head":"<!-- This site is optimized with the Yoast SEO Premium plugin v27.3 (Yoast SEO v27.4) - https:\/\/yoast.com\/product\/yoast-seo-premium-wordpress\/ -->\n<title>testo 868s - smart and connected thermal imaging camera | Nordtec<\/title>\n<meta name=\"description\" content=\"Smart and connected thermal imaging camera \u1405 testo 868s \u2713 IR resolution 160 x 120 pixels \u2713 Large measurement range: -30...+650 \u00b0C \u2713 testo SuperResolution\" \/>\n<meta name=\"robots\" content=\"index, follow, max-snippet:-1, max-image-preview:large, max-video-preview:-1\" \/>\n<link rel=\"canonical\" href=\"https:\/\/www.nordtec.se\/en\/product\/measuring-instruments\/thermal-imagers\/testo-868s-smart-and-connected-thermal-imaging-camera\/\" \/>\n<meta property=\"og:locale\" content=\"en_US\" \/>\n<meta property=\"og:type\" content=\"article\" \/>\n<meta property=\"og:title\" content=\"testo 868s - smart and connected thermal imaging camera\" \/>\n<meta property=\"og:description\" content=\"Smart and connected thermal imaging camera \u1405 testo 868s \u2713 IR resolution 160 x 120 pixels \u2713 Large measurement range: -30...+650 \u00b0C \u2713 testo SuperResolution\" \/>\n<meta property=\"og:url\" content=\"https:\/\/www.nordtec.se\/en\/product\/measuring-instruments\/thermal-imagers\/testo-868s-smart-and-connected-thermal-imaging-camera\/\" \/>\n<meta property=\"og:site_name\" content=\"Nordtec\" \/>\n<meta property=\"article:publisher\" content=\"https:\/\/www.facebook.com\/nordtecinstrument\" \/>\n<meta property=\"article:modified_time\" content=\"2026-01-28T08:26:17+00:00\" \/>\n<meta property=\"og:image\" content=\"https:\/\/www.nordtec.se\/wp-content\/uploads\/2022\/03\/testo-868s-right-pipe_800px.png\" \/>\n\t<meta property=\"og:image:width\" content=\"800\" \/>\n\t<meta property=\"og:image:height\" content=\"800\" \/>\n\t<meta property=\"og:image:type\" content=\"image\/png\" \/>\n<meta name=\"twitter:card\" content=\"summary_large_image\" \/>\n<meta name=\"twitter:label1\" content=\"Est. reading time\" \/>\n\t<meta name=\"twitter:data1\" content=\"4 minutes\" \/>\n<script type=\"application\/ld+json\" class=\"yoast-schema-graph\">{\"@context\":\"https:\\\/\\\/schema.org\",\"@graph\":[{\"@type\":[\"WebPage\",\"ItemPage\"],\"@id\":\"https:\\\/\\\/www.nordtec.se\\\/en\\\/product\\\/measuring-instruments\\\/thermal-imagers\\\/testo-868s-smart-and-connected-thermal-imaging-camera\\\/\",\"url\":\"https:\\\/\\\/www.nordtec.se\\\/en\\\/product\\\/measuring-instruments\\\/thermal-imagers\\\/testo-868s-smart-and-connected-thermal-imaging-camera\\\/\",\"name\":\"testo 868s - smart and connected thermal imaging camera | Nordtec\",\"isPartOf\":{\"@id\":\"https:\\\/\\\/www.nordtec.se\\\/en\\\/#website\"},\"primaryImageOfPage\":{\"@id\":\"https:\\\/\\\/www.nordtec.se\\\/en\\\/product\\\/measuring-instruments\\\/thermal-imagers\\\/testo-868s-smart-and-connected-thermal-imaging-camera\\\/#primaryimage\"},\"image\":{\"@id\":\"https:\\\/\\\/www.nordtec.se\\\/en\\\/product\\\/measuring-instruments\\\/thermal-imagers\\\/testo-868s-smart-and-connected-thermal-imaging-camera\\\/#primaryimage\"},\"thumbnailUrl\":\"https:\\\/\\\/www.nordtec.se\\\/wp-content\\\/uploads\\\/2022\\\/03\\\/testo-868s-right-pipe_800px.png\",\"datePublished\":\"2022-03-30T14:00:09+00:00\",\"dateModified\":\"2026-01-28T08:26:17+00:00\",\"description\":\"Smart and connected thermal imaging camera \u1405 testo 868s \u2713 IR resolution 160 x 120 pixels \u2713 Large measurement range: -30...+650 \u00b0C \u2713 testo SuperResolution\",\"breadcrumb\":{\"@id\":\"https:\\\/\\\/www.nordtec.se\\\/en\\\/product\\\/measuring-instruments\\\/thermal-imagers\\\/testo-868s-smart-and-connected-thermal-imaging-camera\\\/#breadcrumb\"},\"inLanguage\":\"en-US\",\"potentialAction\":[{\"@type\":\"ReadAction\",\"target\":[\"https:\\\/\\\/www.nordtec.se\\\/en\\\/product\\\/measuring-instruments\\\/thermal-imagers\\\/testo-868s-smart-and-connected-thermal-imaging-camera\\\/\"]}]},{\"@type\":\"ImageObject\",\"inLanguage\":\"en-US\",\"@id\":\"https:\\\/\\\/www.nordtec.se\\\/en\\\/product\\\/measuring-instruments\\\/thermal-imagers\\\/testo-868s-smart-and-connected-thermal-imaging-camera\\\/#primaryimage\",\"url\":\"https:\\\/\\\/www.nordtec.se\\\/wp-content\\\/uploads\\\/2022\\\/03\\\/testo-868s-right-pipe_800px.png\",\"contentUrl\":\"https:\\\/\\\/www.nordtec.se\\\/wp-content\\\/uploads\\\/2022\\\/03\\\/testo-868s-right-pipe_800px.png\",\"width\":800,\"height\":800,\"caption\":\"Thermal imaging camera testo 868s right\"},{\"@type\":\"BreadcrumbList\",\"@id\":\"https:\\\/\\\/www.nordtec.se\\\/en\\\/product\\\/measuring-instruments\\\/thermal-imagers\\\/testo-868s-smart-and-connected-thermal-imaging-camera\\\/#breadcrumb\",\"itemListElement\":[{\"@type\":\"ListItem\",\"position\":1,\"name\":\"Hem\",\"item\":\"https:\\\/\\\/www.nordtec.se\\\/en\\\/\"},{\"@type\":\"ListItem\",\"position\":2,\"name\":\"Shop\",\"item\":\"https:\\\/\\\/www.nordtec.se\\\/shop\\\/?lang=en\"},{\"@type\":\"ListItem\",\"position\":3,\"name\":\"testo 868s &#8211; smart and connected thermal imaging camera\"}]},{\"@type\":\"WebSite\",\"@id\":\"https:\\\/\\\/www.nordtec.se\\\/en\\\/#website\",\"url\":\"https:\\\/\\\/www.nordtec.se\\\/en\\\/\",\"name\":\"Nordtec\",\"description\":\"Din partner inom m\u00e4tteknik\",\"publisher\":{\"@id\":\"https:\\\/\\\/www.nordtec.se\\\/en\\\/#organization\"},\"potentialAction\":[{\"@type\":\"SearchAction\",\"target\":{\"@type\":\"EntryPoint\",\"urlTemplate\":\"https:\\\/\\\/www.nordtec.se\\\/en\\\/?s={search_term_string}\"},\"query-input\":{\"@type\":\"PropertyValueSpecification\",\"valueRequired\":true,\"valueName\":\"search_term_string\"}}],\"inLanguage\":\"en-US\"},{\"@type\":\"Organization\",\"@id\":\"https:\\\/\\\/www.nordtec.se\\\/en\\\/#organization\",\"name\":\"Nordtec Instrument AB\",\"url\":\"https:\\\/\\\/www.nordtec.se\\\/en\\\/\",\"logo\":{\"@type\":\"ImageObject\",\"inLanguage\":\"en-US\",\"@id\":\"https:\\\/\\\/www.nordtec.se\\\/en\\\/#\\\/schema\\\/logo\\\/image\\\/\",\"url\":\"https:\\\/\\\/www.nordtec.se\\\/wp-content\\\/uploads\\\/2021\\\/08\\\/nordtec_logo_rgb-340px.png\",\"contentUrl\":\"https:\\\/\\\/www.nordtec.se\\\/wp-content\\\/uploads\\\/2021\\\/08\\\/nordtec_logo_rgb-340px.png\",\"width\":340,\"height\":75,\"caption\":\"Nordtec Instrument AB\"},\"image\":{\"@id\":\"https:\\\/\\\/www.nordtec.se\\\/en\\\/#\\\/schema\\\/logo\\\/image\\\/\"},\"sameAs\":[\"https:\\\/\\\/www.facebook.com\\\/nordtecinstrument\",\"https:\\\/\\\/www.instagram.com\\\/nordtec_instrument\\\/\",\"https:\\\/\\\/www.linkedin.com\\\/company\\\/nordtec-instrument-ab\\\/\",\"https:\\\/\\\/www.youtube.com\\\/channel\\\/UCbmAq3ZmfBKOGg7_igFURng\"]}]}<\/script>\n<!-- \/ Yoast SEO Premium plugin. -->","yoast_head_json":{"title":"testo 868s - smart and connected thermal imaging camera | Nordtec","description":"Smart and connected thermal imaging camera \u1405 testo 868s \u2713 IR resolution 160 x 120 pixels \u2713 Large measurement range: -30...+650 \u00b0C \u2713 testo SuperResolution","robots":{"index":"index","follow":"follow","max-snippet":"max-snippet:-1","max-image-preview":"max-image-preview:large","max-video-preview":"max-video-preview:-1"},"canonical":"https:\/\/www.nordtec.se\/en\/product\/measuring-instruments\/thermal-imagers\/testo-868s-smart-and-connected-thermal-imaging-camera\/","og_locale":"en_US","og_type":"article","og_title":"testo 868s - smart and connected thermal imaging camera","og_description":"Smart and connected thermal imaging camera \u1405 testo 868s \u2713 IR resolution 160 x 120 pixels \u2713 Large measurement range: -30...+650 \u00b0C \u2713 testo SuperResolution","og_url":"https:\/\/www.nordtec.se\/en\/product\/measuring-instruments\/thermal-imagers\/testo-868s-smart-and-connected-thermal-imaging-camera\/","og_site_name":"Nordtec","article_publisher":"https:\/\/www.facebook.com\/nordtecinstrument","article_modified_time":"2026-01-28T08:26:17+00:00","og_image":[{"width":800,"height":800,"url":"https:\/\/www.nordtec.se\/wp-content\/uploads\/2022\/03\/testo-868s-right-pipe_800px.png","type":"image\/png"}],"twitter_card":"summary_large_image","twitter_misc":{"Est. reading time":"4 minutes"},"schema":{"@context":"https:\/\/schema.org","@graph":[{"@type":["WebPage","ItemPage"],"@id":"https:\/\/www.nordtec.se\/en\/product\/measuring-instruments\/thermal-imagers\/testo-868s-smart-and-connected-thermal-imaging-camera\/","url":"https:\/\/www.nordtec.se\/en\/product\/measuring-instruments\/thermal-imagers\/testo-868s-smart-and-connected-thermal-imaging-camera\/","name":"testo 868s - smart and connected thermal imaging camera | Nordtec","isPartOf":{"@id":"https:\/\/www.nordtec.se\/en\/#website"},"primaryImageOfPage":{"@id":"https:\/\/www.nordtec.se\/en\/product\/measuring-instruments\/thermal-imagers\/testo-868s-smart-and-connected-thermal-imaging-camera\/#primaryimage"},"image":{"@id":"https:\/\/www.nordtec.se\/en\/product\/measuring-instruments\/thermal-imagers\/testo-868s-smart-and-connected-thermal-imaging-camera\/#primaryimage"},"thumbnailUrl":"https:\/\/www.nordtec.se\/wp-content\/uploads\/2022\/03\/testo-868s-right-pipe_800px.png","datePublished":"2022-03-30T14:00:09+00:00","dateModified":"2026-01-28T08:26:17+00:00","description":"Smart and connected thermal imaging camera \u1405 testo 868s \u2713 IR resolution 160 x 120 pixels \u2713 Large measurement range: -30...+650 \u00b0C \u2713 testo SuperResolution","breadcrumb":{"@id":"https:\/\/www.nordtec.se\/en\/product\/measuring-instruments\/thermal-imagers\/testo-868s-smart-and-connected-thermal-imaging-camera\/#breadcrumb"},"inLanguage":"en-US","potentialAction":[{"@type":"ReadAction","target":["https:\/\/www.nordtec.se\/en\/product\/measuring-instruments\/thermal-imagers\/testo-868s-smart-and-connected-thermal-imaging-camera\/"]}]},{"@type":"ImageObject","inLanguage":"en-US","@id":"https:\/\/www.nordtec.se\/en\/product\/measuring-instruments\/thermal-imagers\/testo-868s-smart-and-connected-thermal-imaging-camera\/#primaryimage","url":"https:\/\/www.nordtec.se\/wp-content\/uploads\/2022\/03\/testo-868s-right-pipe_800px.png","contentUrl":"https:\/\/www.nordtec.se\/wp-content\/uploads\/2022\/03\/testo-868s-right-pipe_800px.png","width":800,"height":800,"caption":"Thermal imaging camera testo 868s right"},{"@type":"BreadcrumbList","@id":"https:\/\/www.nordtec.se\/en\/product\/measuring-instruments\/thermal-imagers\/testo-868s-smart-and-connected-thermal-imaging-camera\/#breadcrumb","itemListElement":[{"@type":"ListItem","position":1,"name":"Hem","item":"https:\/\/www.nordtec.se\/en\/"},{"@type":"ListItem","position":2,"name":"Shop","item":"https:\/\/www.nordtec.se\/shop\/?lang=en"},{"@type":"ListItem","position":3,"name":"testo 868s &#8211; smart and connected thermal imaging camera"}]},{"@type":"WebSite","@id":"https:\/\/www.nordtec.se\/en\/#website","url":"https:\/\/www.nordtec.se\/en\/","name":"Nordtec","description":"Din partner inom m\u00e4tteknik","publisher":{"@id":"https:\/\/www.nordtec.se\/en\/#organization"},"potentialAction":[{"@type":"SearchAction","target":{"@type":"EntryPoint","urlTemplate":"https:\/\/www.nordtec.se\/en\/?s={search_term_string}"},"query-input":{"@type":"PropertyValueSpecification","valueRequired":true,"valueName":"search_term_string"}}],"inLanguage":"en-US"},{"@type":"Organization","@id":"https:\/\/www.nordtec.se\/en\/#organization","name":"Nordtec Instrument AB","url":"https:\/\/www.nordtec.se\/en\/","logo":{"@type":"ImageObject","inLanguage":"en-US","@id":"https:\/\/www.nordtec.se\/en\/#\/schema\/logo\/image\/","url":"https:\/\/www.nordtec.se\/wp-content\/uploads\/2021\/08\/nordtec_logo_rgb-340px.png","contentUrl":"https:\/\/www.nordtec.se\/wp-content\/uploads\/2021\/08\/nordtec_logo_rgb-340px.png","width":340,"height":75,"caption":"Nordtec Instrument AB"},"image":{"@id":"https:\/\/www.nordtec.se\/en\/#\/schema\/logo\/image\/"},"sameAs":["https:\/\/www.facebook.com\/nordtecinstrument","https:\/\/www.instagram.com\/nordtec_instrument\/","https:\/\/www.linkedin.com\/company\/nordtec-instrument-ab\/","https:\/\/www.youtube.com\/channel\/UCbmAq3ZmfBKOGg7_igFURng"]}]}},"taxonomy_info":{"product_brand":[{"value":1435,"label":"Testo"}],"product_cat":[{"value":787,"label":"Building technology"},{"value":782,"label":"HVAC &amp; Property"},{"value":781,"label":"Industry"},{"value":768,"label":"Measuring instruments"},{"value":794,"label":"Thermal imagers"}]},"featured_image_src_large":["https:\/\/www.nordtec.se\/wp-content\/uploads\/2022\/03\/testo-868s-right-pipe_800px.png",800,800,false],"author_info":[],"comment_info":"","_links":{"self":[{"href":"https:\/\/www.nordtec.se\/en\/wp-json\/wp\/v2\/product\/40882","targetHints":{"allow":["GET"]}}],"collection":[{"href":"https:\/\/www.nordtec.se\/en\/wp-json\/wp\/v2\/product"}],"about":[{"href":"https:\/\/www.nordtec.se\/en\/wp-json\/wp\/v2\/types\/product"}],"version-history":[{"count":11,"href":"https:\/\/www.nordtec.se\/en\/wp-json\/wp\/v2\/product\/40882\/revisions"}],"predecessor-version":[{"id":57676,"href":"https:\/\/www.nordtec.se\/en\/wp-json\/wp\/v2\/product\/40882\/revisions\/57676"}],"wp:featuredmedia":[{"embeddable":true,"href":"https:\/\/www.nordtec.se\/en\/wp-json\/wp\/v2\/media\/38405"}],"wp:attachment":[{"href":"https:\/\/www.nordtec.se\/en\/wp-json\/wp\/v2\/media?parent=40882"}],"wp:term":[{"taxonomy":"product_brand","embeddable":true,"href":"https:\/\/www.nordtec.se\/en\/wp-json\/wp\/v2\/product_brand?post=40882"},{"taxonomy":"product_cat","embeddable":true,"href":"https:\/\/www.nordtec.se\/en\/wp-json\/wp\/v2\/product_cat?post=40882"},{"taxonomy":"product_tag","embeddable":true,"href":"https:\/\/www.nordtec.se\/en\/wp-json\/wp\/v2\/product_tag?post=40882"}],"curies":[{"name":"wp","href":"https:\/\/api.w.org\/{rel}","templated":true}]}}