{"id":40898,"date":"2022-03-30T16:00:09","date_gmt":"2022-03-30T14:00:09","guid":{"rendered":"https:\/\/www.nordtec.se\/produkt\/uncategorized\/testo-865s-affordable-entry-level-model\/"},"modified":"2026-01-28T10:24:29","modified_gmt":"2026-01-28T08:24:29","slug":"testo-865s-affordable-entry-level-model","status":"publish","type":"product","link":"https:\/\/www.nordtec.se\/en\/product\/measuring-instruments\/thermal-imagers\/testo-865s-affordable-entry-level-model\/","title":{"rendered":"testo 865s &#8211; affordable entry-level model"},"content":{"rendered":"<h2>Thermal imaging camera testo 865s &#8211; very affordable entry-level model<\/h2>\n<p>The testo 865 thermal imaging camera combines all the key features required for high-quality thermography &#8211; it is accurate, robust, fast and reliable. The testo 865 offers high quality thermal photography at a low price and works even in tough working conditions. The bag that comes with the thermal imaging camera means it can be transported safely and conveniently so that it is always at your fingertips when needed.<\/p>\n<h2>Applications of the thermal imaging camera testo 865s<\/h2>\n<p>Detecting leaks, identifying overheated connections, determining thermal bridges or detecting structural defects. The thermal images from testo 865 are ideal for applications in daily maintenance and installation work in real estate and industry. This enables time-saving quality assurance and reliable production controls.<\/p>\n<h2>Advantages and features of the thermal imaging camera testo 865s<\/h2>\n<ul>\n<li>Very good image quality thanks to high resolution: 19,200 temperature measurement points ensure accurate thermography. IR resolution of 160 x 120 pixels and with SuperResulotion technology in the software 320 x 240 pixels.<\/li>\n<li>Visualizes temperature differences from 0.10\u00b0C.<\/li>\n<li>Critical temperature conditions are directly displayed via automatic &#8220;Hot Spot\/Cold Spot detection&#8221;.<\/li>\n<li>The IFOV warning means that the relationship between the distance to the measurement object and the size of the measurement spot is determined and the measurement spot is shown on the display &#8211; you therefore avoid measurement errors because the thermal imaging camera shows you exactly where you can measure.<\/li>\n<li>Comparable images with testo ScaleAssist: since the temperature and color scale of the thermal images can be individually adapted, it is possible to interpret the values incorrectly in building thermography. The testo ScaleAssist function solves this problem by asking you to enter the current indoor and outdoor temperatures and then automatically adjusting the color scale according to these values. This allows you to take objectively comparable and flawless thermal images with the thermal imaging camera.<\/li>\n<li>User-friendly and smart software for image evaluation<\/li>\n<li>You can choose to save thermography images as JPEGs<\/li>\n<li>Qualified thermography course included<\/li>\n<\/ul>\n<p><a href=\"https:\/\/www.nordtec.se\/en\/sectors-and-areas\/presentation-of-thermal-cameras\/?lang=en\" target=\"_blank\" rel=\"noopener\">Read more about Testo thermal imagers &gt;&gt;<\/a><\/p>\n<h2>Included in delivery<\/h2>\n<p>Thermal imaging camera testo 865s, USB cable, power supply, lithium-ion battery, professional software, quick start guide, guidebook, factory protocol and bag.<\/p>\n<p><span class=\"ui-provider ed ayd aye ayf ayg ayh ayi ayj ayk ayl aym ayn ayo ayp ayq ayr ays ayt ayu ayv ayw ayx ayy ayz aza azb azc azd aze azf azg azh azi azj azk\" dir=\"ltr\"><strong>Fabriksprotokoll:<\/strong>\u00a0utf\u00e4rdas p\u00e5 fabriken efter en kontroll av att produkten fungerar och uppfyller angiven m\u00e4tnoggrannhet. L\u00e4s om <a href=\"https:\/\/www.nordtec.se\/kalibrering\/iso-9001-kraver-kalibrerad-matutrustning\/\"><u>skillnaden mellan fabriksprotokoll och ackrediterad kalibrering<\/u><\/a>.<\/span><\/p>\n<p><strong>Also included is a qualified thermography course worth 3,950:-<\/strong><\/p>\n<p><a class=\"button\" href=\"https:\/\/www.nordtec.se\/en\/courses\/thermography-basic-course\/?lang=en\">Book a course<\/a><\/p>\n","protected":false},"excerpt":{"rendered":"<p style=\"text-align: left;\">The testo 865s thermal imaging camera combines all the key characteristics required for high-quality thermography &#8211; it is accurate, robust, fast and reliable.<\/p>\n<ul>\n<li style=\"text-align: left;\">IR resolution 160 x 120 pixels<\/li>\n<li style=\"text-align: left;\">testo SuperResolution (increases resolution up to 320 x 240 pixels)<\/li>\n<li style=\"text-align: left;\">Measurement range: -20&#8230;+280 \u00b0C<\/li>\n<li><a href=\"https:\/\/www.nordtec.se\/en\/courses\/thermography-basic-course\/?lang=en\">Thermography &#8211; basic course included!<\/a><\/li>\n<\/ul>\n","protected":false},"featured_media":38372,"template":"","meta":{"_kad_blocks_custom_css":"","_kad_blocks_head_custom_js":"","_kad_blocks_body_custom_js":"","_kad_blocks_footer_custom_js":"","footnotes":""},"product_brand":[1435],"product_cat":[787,782,781,768,794],"product_tag":[],"class_list":{"0":"post-40898","1":"product","2":"type-product","3":"status-publish","4":"has-post-thumbnail","6":"product_brand-testo","7":"product_cat-building-technology","8":"product_cat-hvac-property","9":"product_cat-industry","10":"product_cat-measuring-instruments","11":"product_cat-thermal-imagers","13":"first","14":"instock","15":"taxable","16":"shipping-taxable","17":"purchasable","18":"product-type-simple"},"yoast_head":"<!-- This site is optimized with the Yoast SEO Premium plugin v27.3 (Yoast SEO v27.5) - https:\/\/yoast.com\/product\/yoast-seo-premium-wordpress\/ -->\n<title>testo 865s - affordable entry-level model | Nordtec<\/title>\n<meta name=\"description\" content=\"Thermal imaging camera with all the important features required for high-quality thermography \u1405 testo 865s \u2713 IR resolution 160 x 120 pixels \u2713 Measuring range: -20...+280 \u00b0C\" \/>\n<meta name=\"robots\" content=\"index, follow, max-snippet:-1, max-image-preview:large, max-video-preview:-1\" \/>\n<link rel=\"canonical\" href=\"https:\/\/www.nordtec.se\/en\/product\/measuring-instruments\/thermal-imagers\/testo-865s-affordable-entry-level-model\/\" \/>\n<meta property=\"og:locale\" content=\"en_US\" \/>\n<meta property=\"og:type\" content=\"article\" \/>\n<meta property=\"og:title\" content=\"testo 865s - affordable entry-level model\" \/>\n<meta property=\"og:description\" content=\"Thermal imaging camera with all the important features required for high-quality thermography \u1405 testo 865s \u2713 IR resolution 160 x 120 pixels \u2713 Measuring range: -20...+280 \u00b0C\" \/>\n<meta property=\"og:url\" content=\"https:\/\/www.nordtec.se\/en\/product\/measuring-instruments\/thermal-imagers\/testo-865s-affordable-entry-level-model\/\" \/>\n<meta property=\"og:site_name\" content=\"Nordtec\" \/>\n<meta property=\"article:publisher\" content=\"https:\/\/www.facebook.com\/nordtecinstrument\" \/>\n<meta property=\"article:modified_time\" content=\"2026-01-28T08:24:29+00:00\" \/>\n<meta property=\"og:image\" content=\"https:\/\/www.nordtec.se\/wp-content\/uploads\/2022\/03\/testo-865s-right-heating-europe_800px.png\" \/>\n\t<meta property=\"og:image:width\" content=\"800\" \/>\n\t<meta property=\"og:image:height\" content=\"800\" \/>\n\t<meta property=\"og:image:type\" content=\"image\/png\" \/>\n<meta name=\"twitter:card\" content=\"summary_large_image\" \/>\n<meta name=\"twitter:label1\" content=\"Est. reading time\" \/>\n\t<meta name=\"twitter:data1\" content=\"3 minutes\" \/>\n<script type=\"application\/ld+json\" class=\"yoast-schema-graph\">{\"@context\":\"https:\\\/\\\/schema.org\",\"@graph\":[{\"@type\":[\"WebPage\",\"ItemPage\"],\"@id\":\"https:\\\/\\\/www.nordtec.se\\\/en\\\/product\\\/measuring-instruments\\\/thermal-imagers\\\/testo-865s-affordable-entry-level-model\\\/\",\"url\":\"https:\\\/\\\/www.nordtec.se\\\/en\\\/product\\\/measuring-instruments\\\/thermal-imagers\\\/testo-865s-affordable-entry-level-model\\\/\",\"name\":\"testo 865s - affordable entry-level model | Nordtec\",\"isPartOf\":{\"@id\":\"https:\\\/\\\/www.nordtec.se\\\/en\\\/#website\"},\"primaryImageOfPage\":{\"@id\":\"https:\\\/\\\/www.nordtec.se\\\/en\\\/product\\\/measuring-instruments\\\/thermal-imagers\\\/testo-865s-affordable-entry-level-model\\\/#primaryimage\"},\"image\":{\"@id\":\"https:\\\/\\\/www.nordtec.se\\\/en\\\/product\\\/measuring-instruments\\\/thermal-imagers\\\/testo-865s-affordable-entry-level-model\\\/#primaryimage\"},\"thumbnailUrl\":\"https:\\\/\\\/www.nordtec.se\\\/wp-content\\\/uploads\\\/2022\\\/03\\\/testo-865s-right-heating-europe_800px.png\",\"datePublished\":\"2022-03-30T14:00:09+00:00\",\"dateModified\":\"2026-01-28T08:24:29+00:00\",\"description\":\"Thermal imaging camera with all the important features required for high-quality thermography \u1405 testo 865s \u2713 IR resolution 160 x 120 pixels \u2713 Measuring range: -20...+280 \u00b0C\",\"breadcrumb\":{\"@id\":\"https:\\\/\\\/www.nordtec.se\\\/en\\\/product\\\/measuring-instruments\\\/thermal-imagers\\\/testo-865s-affordable-entry-level-model\\\/#breadcrumb\"},\"inLanguage\":\"en-US\",\"potentialAction\":[{\"@type\":\"ReadAction\",\"target\":[\"https:\\\/\\\/www.nordtec.se\\\/en\\\/product\\\/measuring-instruments\\\/thermal-imagers\\\/testo-865s-affordable-entry-level-model\\\/\"]}]},{\"@type\":\"ImageObject\",\"inLanguage\":\"en-US\",\"@id\":\"https:\\\/\\\/www.nordtec.se\\\/en\\\/product\\\/measuring-instruments\\\/thermal-imagers\\\/testo-865s-affordable-entry-level-model\\\/#primaryimage\",\"url\":\"https:\\\/\\\/www.nordtec.se\\\/wp-content\\\/uploads\\\/2022\\\/03\\\/testo-865s-right-heating-europe_800px.png\",\"contentUrl\":\"https:\\\/\\\/www.nordtec.se\\\/wp-content\\\/uploads\\\/2022\\\/03\\\/testo-865s-right-heating-europe_800px.png\",\"width\":800,\"height\":800,\"caption\":\"Thermal imaging camera testo 865s right\"},{\"@type\":\"BreadcrumbList\",\"@id\":\"https:\\\/\\\/www.nordtec.se\\\/en\\\/product\\\/measuring-instruments\\\/thermal-imagers\\\/testo-865s-affordable-entry-level-model\\\/#breadcrumb\",\"itemListElement\":[{\"@type\":\"ListItem\",\"position\":1,\"name\":\"Hem\",\"item\":\"https:\\\/\\\/www.nordtec.se\\\/en\\\/\"},{\"@type\":\"ListItem\",\"position\":2,\"name\":\"Shop\",\"item\":\"https:\\\/\\\/www.nordtec.se\\\/shop\\\/?lang=en\"},{\"@type\":\"ListItem\",\"position\":3,\"name\":\"testo 865s &#8211; affordable entry-level model\"}]},{\"@type\":\"WebSite\",\"@id\":\"https:\\\/\\\/www.nordtec.se\\\/en\\\/#website\",\"url\":\"https:\\\/\\\/www.nordtec.se\\\/en\\\/\",\"name\":\"Nordtec\",\"description\":\"Din partner inom m\u00e4tteknik\",\"publisher\":{\"@id\":\"https:\\\/\\\/www.nordtec.se\\\/en\\\/#organization\"},\"potentialAction\":[{\"@type\":\"SearchAction\",\"target\":{\"@type\":\"EntryPoint\",\"urlTemplate\":\"https:\\\/\\\/www.nordtec.se\\\/en\\\/?s={search_term_string}\"},\"query-input\":{\"@type\":\"PropertyValueSpecification\",\"valueRequired\":true,\"valueName\":\"search_term_string\"}}],\"inLanguage\":\"en-US\"},{\"@type\":\"Organization\",\"@id\":\"https:\\\/\\\/www.nordtec.se\\\/en\\\/#organization\",\"name\":\"Nordtec Instrument AB\",\"url\":\"https:\\\/\\\/www.nordtec.se\\\/en\\\/\",\"logo\":{\"@type\":\"ImageObject\",\"inLanguage\":\"en-US\",\"@id\":\"https:\\\/\\\/www.nordtec.se\\\/en\\\/#\\\/schema\\\/logo\\\/image\\\/\",\"url\":\"https:\\\/\\\/www.nordtec.se\\\/wp-content\\\/uploads\\\/2021\\\/08\\\/nordtec_logo_rgb-340px.png\",\"contentUrl\":\"https:\\\/\\\/www.nordtec.se\\\/wp-content\\\/uploads\\\/2021\\\/08\\\/nordtec_logo_rgb-340px.png\",\"width\":340,\"height\":75,\"caption\":\"Nordtec Instrument AB\"},\"image\":{\"@id\":\"https:\\\/\\\/www.nordtec.se\\\/en\\\/#\\\/schema\\\/logo\\\/image\\\/\"},\"sameAs\":[\"https:\\\/\\\/www.facebook.com\\\/nordtecinstrument\",\"https:\\\/\\\/www.instagram.com\\\/nordtec_instrument\\\/\",\"https:\\\/\\\/www.linkedin.com\\\/company\\\/nordtec-instrument-ab\\\/\",\"https:\\\/\\\/www.youtube.com\\\/channel\\\/UCbmAq3ZmfBKOGg7_igFURng\"]}]}<\/script>\n<!-- \/ Yoast SEO Premium plugin. -->","yoast_head_json":{"title":"testo 865s - affordable entry-level model | Nordtec","description":"Thermal imaging camera with all the important features required for high-quality thermography \u1405 testo 865s \u2713 IR resolution 160 x 120 pixels \u2713 Measuring range: -20...+280 \u00b0C","robots":{"index":"index","follow":"follow","max-snippet":"max-snippet:-1","max-image-preview":"max-image-preview:large","max-video-preview":"max-video-preview:-1"},"canonical":"https:\/\/www.nordtec.se\/en\/product\/measuring-instruments\/thermal-imagers\/testo-865s-affordable-entry-level-model\/","og_locale":"en_US","og_type":"article","og_title":"testo 865s - affordable entry-level model","og_description":"Thermal imaging camera with all the important features required for high-quality thermography \u1405 testo 865s \u2713 IR resolution 160 x 120 pixels \u2713 Measuring range: -20...+280 \u00b0C","og_url":"https:\/\/www.nordtec.se\/en\/product\/measuring-instruments\/thermal-imagers\/testo-865s-affordable-entry-level-model\/","og_site_name":"Nordtec","article_publisher":"https:\/\/www.facebook.com\/nordtecinstrument","article_modified_time":"2026-01-28T08:24:29+00:00","og_image":[{"width":800,"height":800,"url":"https:\/\/www.nordtec.se\/wp-content\/uploads\/2022\/03\/testo-865s-right-heating-europe_800px.png","type":"image\/png"}],"twitter_card":"summary_large_image","twitter_misc":{"Est. reading time":"3 minutes"},"schema":{"@context":"https:\/\/schema.org","@graph":[{"@type":["WebPage","ItemPage"],"@id":"https:\/\/www.nordtec.se\/en\/product\/measuring-instruments\/thermal-imagers\/testo-865s-affordable-entry-level-model\/","url":"https:\/\/www.nordtec.se\/en\/product\/measuring-instruments\/thermal-imagers\/testo-865s-affordable-entry-level-model\/","name":"testo 865s - affordable entry-level model | Nordtec","isPartOf":{"@id":"https:\/\/www.nordtec.se\/en\/#website"},"primaryImageOfPage":{"@id":"https:\/\/www.nordtec.se\/en\/product\/measuring-instruments\/thermal-imagers\/testo-865s-affordable-entry-level-model\/#primaryimage"},"image":{"@id":"https:\/\/www.nordtec.se\/en\/product\/measuring-instruments\/thermal-imagers\/testo-865s-affordable-entry-level-model\/#primaryimage"},"thumbnailUrl":"https:\/\/www.nordtec.se\/wp-content\/uploads\/2022\/03\/testo-865s-right-heating-europe_800px.png","datePublished":"2022-03-30T14:00:09+00:00","dateModified":"2026-01-28T08:24:29+00:00","description":"Thermal imaging camera with all the important features required for high-quality thermography \u1405 testo 865s \u2713 IR resolution 160 x 120 pixels \u2713 Measuring range: -20...+280 \u00b0C","breadcrumb":{"@id":"https:\/\/www.nordtec.se\/en\/product\/measuring-instruments\/thermal-imagers\/testo-865s-affordable-entry-level-model\/#breadcrumb"},"inLanguage":"en-US","potentialAction":[{"@type":"ReadAction","target":["https:\/\/www.nordtec.se\/en\/product\/measuring-instruments\/thermal-imagers\/testo-865s-affordable-entry-level-model\/"]}]},{"@type":"ImageObject","inLanguage":"en-US","@id":"https:\/\/www.nordtec.se\/en\/product\/measuring-instruments\/thermal-imagers\/testo-865s-affordable-entry-level-model\/#primaryimage","url":"https:\/\/www.nordtec.se\/wp-content\/uploads\/2022\/03\/testo-865s-right-heating-europe_800px.png","contentUrl":"https:\/\/www.nordtec.se\/wp-content\/uploads\/2022\/03\/testo-865s-right-heating-europe_800px.png","width":800,"height":800,"caption":"Thermal imaging camera testo 865s right"},{"@type":"BreadcrumbList","@id":"https:\/\/www.nordtec.se\/en\/product\/measuring-instruments\/thermal-imagers\/testo-865s-affordable-entry-level-model\/#breadcrumb","itemListElement":[{"@type":"ListItem","position":1,"name":"Hem","item":"https:\/\/www.nordtec.se\/en\/"},{"@type":"ListItem","position":2,"name":"Shop","item":"https:\/\/www.nordtec.se\/shop\/?lang=en"},{"@type":"ListItem","position":3,"name":"testo 865s &#8211; affordable entry-level model"}]},{"@type":"WebSite","@id":"https:\/\/www.nordtec.se\/en\/#website","url":"https:\/\/www.nordtec.se\/en\/","name":"Nordtec","description":"Din partner inom m\u00e4tteknik","publisher":{"@id":"https:\/\/www.nordtec.se\/en\/#organization"},"potentialAction":[{"@type":"SearchAction","target":{"@type":"EntryPoint","urlTemplate":"https:\/\/www.nordtec.se\/en\/?s={search_term_string}"},"query-input":{"@type":"PropertyValueSpecification","valueRequired":true,"valueName":"search_term_string"}}],"inLanguage":"en-US"},{"@type":"Organization","@id":"https:\/\/www.nordtec.se\/en\/#organization","name":"Nordtec Instrument AB","url":"https:\/\/www.nordtec.se\/en\/","logo":{"@type":"ImageObject","inLanguage":"en-US","@id":"https:\/\/www.nordtec.se\/en\/#\/schema\/logo\/image\/","url":"https:\/\/www.nordtec.se\/wp-content\/uploads\/2021\/08\/nordtec_logo_rgb-340px.png","contentUrl":"https:\/\/www.nordtec.se\/wp-content\/uploads\/2021\/08\/nordtec_logo_rgb-340px.png","width":340,"height":75,"caption":"Nordtec Instrument AB"},"image":{"@id":"https:\/\/www.nordtec.se\/en\/#\/schema\/logo\/image\/"},"sameAs":["https:\/\/www.facebook.com\/nordtecinstrument","https:\/\/www.instagram.com\/nordtec_instrument\/","https:\/\/www.linkedin.com\/company\/nordtec-instrument-ab\/","https:\/\/www.youtube.com\/channel\/UCbmAq3ZmfBKOGg7_igFURng"]}]}},"taxonomy_info":{"product_brand":[{"value":1435,"label":"Testo"}],"product_cat":[{"value":787,"label":"Building technology"},{"value":782,"label":"HVAC &amp; Property"},{"value":781,"label":"Industry"},{"value":768,"label":"Measuring instruments"},{"value":794,"label":"Thermal imagers"}]},"featured_image_src_large":["https:\/\/www.nordtec.se\/wp-content\/uploads\/2022\/03\/testo-865s-right-heating-europe_800px.png",800,800,false],"author_info":[],"comment_info":"","_links":{"self":[{"href":"https:\/\/www.nordtec.se\/en\/wp-json\/wp\/v2\/product\/40898","targetHints":{"allow":["GET"]}}],"collection":[{"href":"https:\/\/www.nordtec.se\/en\/wp-json\/wp\/v2\/product"}],"about":[{"href":"https:\/\/www.nordtec.se\/en\/wp-json\/wp\/v2\/types\/product"}],"version-history":[{"count":11,"href":"https:\/\/www.nordtec.se\/en\/wp-json\/wp\/v2\/product\/40898\/revisions"}],"predecessor-version":[{"id":57674,"href":"https:\/\/www.nordtec.se\/en\/wp-json\/wp\/v2\/product\/40898\/revisions\/57674"}],"wp:featuredmedia":[{"embeddable":true,"href":"https:\/\/www.nordtec.se\/en\/wp-json\/wp\/v2\/media\/38372"}],"wp:attachment":[{"href":"https:\/\/www.nordtec.se\/en\/wp-json\/wp\/v2\/media?parent=40898"}],"wp:term":[{"taxonomy":"product_brand","embeddable":true,"href":"https:\/\/www.nordtec.se\/en\/wp-json\/wp\/v2\/product_brand?post=40898"},{"taxonomy":"product_cat","embeddable":true,"href":"https:\/\/www.nordtec.se\/en\/wp-json\/wp\/v2\/product_cat?post=40898"},{"taxonomy":"product_tag","embeddable":true,"href":"https:\/\/www.nordtec.se\/en\/wp-json\/wp\/v2\/product_tag?post=40898"}],"curies":[{"name":"wp","href":"https:\/\/api.w.org\/{rel}","templated":true}]}}