{"id":40908,"date":"2022-03-30T15:54:35","date_gmt":"2022-03-30T13:54:35","guid":{"rendered":"https:\/\/www.nordtec.se\/produkt\/uncategorized\/testo-606-1-compact-instrument-for-wood-and-building-materials\/"},"modified":"2025-05-06T14:30:38","modified_gmt":"2025-05-06T12:30:38","slug":"testo-606-1-compact-instrument-for-wood-and-building-materials","status":"publish","type":"product","link":"https:\/\/www.nordtec.se\/en\/product\/measuring-instruments\/moisture-meters\/moisture-ratio-meter\/testo-606-1-compact-instrument-for-wood-and-building-materials\/","title":{"rendered":"testo 606-1 &#8211; compact instrument for wood and building materials"},"content":{"rendered":"<h2>testo 606-1 &#8211; Compact moisture content meter for wood and building materials<\/h2>\n<p>One of the instruments of the PocketLine series, characterized by professional measurement technology in a real pocket size. The testo 606-1 is a compact moisture ratio meter that measures the moisture content of wood and other building materials and, thanks to its small format, fits in any pocket &#8211; always at hand. Ideal not only for professionals but also for private users who appreciate the precision that such a professional tool has to offer.<\/p>\n<p>The testo 606-1 moisture meter impresses with various quality features: easy to use; precise and absolutely reliable measurements; suitable for a wide range of different types of wood and building materials. The two electrodes are inserted into wood or building materials where it measures the moisture content as a percentage based on the dry mass (dry weight). The hold function freezes the last measurement and the backlit display allows the instrument to be used in all lighting conditions. A protective cover and a belt holder ensure that the moisture meter can be stored safely and the hand strap helps prevent the instrument from being accidentally dropped.<\/p>\n<h2>Practical &#8211; the characteristic curves of the testo 606-1 moisture meter<\/h2>\n<p>The testo 606-1 comes complete with a wide range of characteristic curves for wood and building materials, allowing the measured moisture content to be displayed directly in percentage by weight.<\/p>\n<p><strong>Characteristic curves for different wood materials:<\/strong><\/p>\n<ul>\n<li>Book<\/li>\n<li>Gran<\/li>\n<li>Larch<\/li>\n<li>Ek<\/li>\n<li>Tall<\/li>\n<li>Maple<\/li>\n<\/ul>\n<p><strong>Characteristic curves for different (non-hard) building materials, such as for example plaster<\/strong><\/p>\n<h2>Included in delivery<\/h2>\n<p>The testo 606-1 moisture meter, protective cover, wrist strap, belt holder, factory protocol and operating instructions.<\/p>\n<p><span class=\"ui-provider ed ayd aye ayf ayg ayh ayi ayj ayk ayl aym ayn ayo ayp ayq ayr ays ayt ayu ayv ayw ayx ayy ayz aza azb azc azd aze azf azg azh azi azj azk\" dir=\"ltr\"><strong>Fabriksprotokoll:<\/strong>\u00a0utf\u00e4rdas p\u00e5 fabriken efter en kontroll av att produkten fungerar och uppfyller angiven m\u00e4tnoggrannhet. L\u00e4s om <a href=\"https:\/\/www.nordtec.se\/kalibrering\/iso-9001-kraver-kalibrerad-matutrustning\/\"><u>skillnaden mellan fabriksprotokoll och ackrediterad kalibrering<\/u><\/a>.<\/span><\/p>\n","protected":false},"excerpt":{"rendered":"<p>Compact instrument of the PocketLine series for accurate material moisture measurement in wood with characteristic curves<\/p>\n<ul>\n<li>Also characteristic curves for other building materials<\/li>\n<li>Hold function for easy reading of measurement results<\/li>\n<li>Robust measuring pin<\/li>\n<\/ul>\n","protected":false},"featured_media":38132,"template":"","meta":{"_kad_blocks_custom_css":"","_kad_blocks_head_custom_js":"","_kad_blocks_body_custom_js":"","_kad_blocks_footer_custom_js":"","footnotes":""},"product_brand":[1435],"product_cat":[787,782,781,768,779,833],"product_tag":[],"class_list":{"0":"post-40908","1":"product","2":"type-product","3":"status-publish","4":"has-post-thumbnail","6":"product_brand-testo","7":"product_cat-building-technology","8":"product_cat-hvac-property","9":"product_cat-industry","10":"product_cat-measuring-instruments","11":"product_cat-moisture-meters","12":"product_cat-moisture-ratio-meter","14":"first","15":"instock","16":"taxable","17":"shipping-taxable","18":"purchasable","19":"product-type-simple"},"yoast_head":"<!-- This site is optimized with the Yoast SEO Premium plugin v27.3 (Yoast SEO v27.5) - https:\/\/yoast.com\/product\/yoast-seo-premium-wordpress\/ -->\n<title>testo 606-1 - compact instrument for wood and building materials | Nordtec<\/title>\n<meta name=\"description\" content=\"Accurate material moisture measurement in wood with characteristic curves \u1405 testo 606-1 \u2713 Characteristic curves for other building materials \u2713 Hold function \u2713 Sturdy measuring pins\" \/>\n<meta name=\"robots\" content=\"index, follow, max-snippet:-1, max-image-preview:large, max-video-preview:-1\" \/>\n<link rel=\"canonical\" href=\"https:\/\/www.nordtec.se\/en\/product\/measuring-instruments\/moisture-meters\/moisture-ratio-meter\/testo-606-1-compact-instrument-for-wood-and-building-materials\/\" \/>\n<meta property=\"og:locale\" content=\"en_US\" \/>\n<meta property=\"og:type\" content=\"article\" \/>\n<meta property=\"og:title\" content=\"testo 606-1 - compact instrument for wood and building materials\" \/>\n<meta property=\"og:description\" content=\"Accurate material moisture measurement in wood with characteristic curves \u1405 testo 606-1 \u2713 Characteristic curves for other building materials \u2713 Hold function \u2713 Sturdy measuring pins\" \/>\n<meta property=\"og:url\" content=\"https:\/\/www.nordtec.se\/en\/product\/measuring-instruments\/moisture-meters\/moisture-ratio-meter\/testo-606-1-compact-instrument-for-wood-and-building-materials\/\" \/>\n<meta property=\"og:site_name\" content=\"Nordtec\" \/>\n<meta property=\"article:publisher\" content=\"https:\/\/www.facebook.com\/nordtecinstrument\" \/>\n<meta property=\"article:modified_time\" content=\"2025-05-06T12:30:38+00:00\" \/>\n<meta property=\"og:image\" content=\"https:\/\/www.nordtec.se\/wp-content\/uploads\/2022\/03\/testo-606-1_p_in_hum_002764_800px.png\" \/>\n\t<meta property=\"og:image:width\" content=\"800\" \/>\n\t<meta property=\"og:image:height\" content=\"800\" \/>\n\t<meta property=\"og:image:type\" content=\"image\/png\" \/>\n<meta name=\"twitter:card\" content=\"summary_large_image\" \/>\n<meta name=\"twitter:label1\" content=\"Est. reading time\" \/>\n\t<meta name=\"twitter:data1\" content=\"2 minutes\" \/>\n<script type=\"application\/ld+json\" class=\"yoast-schema-graph\">{\"@context\":\"https:\\\/\\\/schema.org\",\"@graph\":[{\"@type\":[\"WebPage\",\"ItemPage\"],\"@id\":\"https:\\\/\\\/www.nordtec.se\\\/en\\\/product\\\/measuring-instruments\\\/moisture-meters\\\/moisture-ratio-meter\\\/testo-606-1-compact-instrument-for-wood-and-building-materials\\\/\",\"url\":\"https:\\\/\\\/www.nordtec.se\\\/en\\\/product\\\/measuring-instruments\\\/moisture-meters\\\/moisture-ratio-meter\\\/testo-606-1-compact-instrument-for-wood-and-building-materials\\\/\",\"name\":\"testo 606-1 - compact instrument for wood and building materials | Nordtec\",\"isPartOf\":{\"@id\":\"https:\\\/\\\/www.nordtec.se\\\/en\\\/#website\"},\"primaryImageOfPage\":{\"@id\":\"https:\\\/\\\/www.nordtec.se\\\/en\\\/product\\\/measuring-instruments\\\/moisture-meters\\\/moisture-ratio-meter\\\/testo-606-1-compact-instrument-for-wood-and-building-materials\\\/#primaryimage\"},\"image\":{\"@id\":\"https:\\\/\\\/www.nordtec.se\\\/en\\\/product\\\/measuring-instruments\\\/moisture-meters\\\/moisture-ratio-meter\\\/testo-606-1-compact-instrument-for-wood-and-building-materials\\\/#primaryimage\"},\"thumbnailUrl\":\"https:\\\/\\\/www.nordtec.se\\\/wp-content\\\/uploads\\\/2022\\\/03\\\/testo-606-1_p_in_hum_002764_800px.png\",\"datePublished\":\"2022-03-30T13:54:35+00:00\",\"dateModified\":\"2025-05-06T12:30:38+00:00\",\"description\":\"Accurate material moisture measurement in wood with characteristic curves \u1405 testo 606-1 \u2713 Characteristic curves for other building materials \u2713 Hold function \u2713 Sturdy measuring pins\",\"breadcrumb\":{\"@id\":\"https:\\\/\\\/www.nordtec.se\\\/en\\\/product\\\/measuring-instruments\\\/moisture-meters\\\/moisture-ratio-meter\\\/testo-606-1-compact-instrument-for-wood-and-building-materials\\\/#breadcrumb\"},\"inLanguage\":\"en-US\",\"potentialAction\":[{\"@type\":\"ReadAction\",\"target\":[\"https:\\\/\\\/www.nordtec.se\\\/en\\\/product\\\/measuring-instruments\\\/moisture-meters\\\/moisture-ratio-meter\\\/testo-606-1-compact-instrument-for-wood-and-building-materials\\\/\"]}]},{\"@type\":\"ImageObject\",\"inLanguage\":\"en-US\",\"@id\":\"https:\\\/\\\/www.nordtec.se\\\/en\\\/product\\\/measuring-instruments\\\/moisture-meters\\\/moisture-ratio-meter\\\/testo-606-1-compact-instrument-for-wood-and-building-materials\\\/#primaryimage\",\"url\":\"https:\\\/\\\/www.nordtec.se\\\/wp-content\\\/uploads\\\/2022\\\/03\\\/testo-606-1_p_in_hum_002764_800px.png\",\"contentUrl\":\"https:\\\/\\\/www.nordtec.se\\\/wp-content\\\/uploads\\\/2022\\\/03\\\/testo-606-1_p_in_hum_002764_800px.png\",\"width\":800,\"height\":800,\"caption\":\"Moisture content meter testo 606-1\"},{\"@type\":\"BreadcrumbList\",\"@id\":\"https:\\\/\\\/www.nordtec.se\\\/en\\\/product\\\/measuring-instruments\\\/moisture-meters\\\/moisture-ratio-meter\\\/testo-606-1-compact-instrument-for-wood-and-building-materials\\\/#breadcrumb\",\"itemListElement\":[{\"@type\":\"ListItem\",\"position\":1,\"name\":\"Hem\",\"item\":\"https:\\\/\\\/www.nordtec.se\\\/en\\\/\"},{\"@type\":\"ListItem\",\"position\":2,\"name\":\"Shop\",\"item\":\"https:\\\/\\\/www.nordtec.se\\\/shop\\\/?lang=en\"},{\"@type\":\"ListItem\",\"position\":3,\"name\":\"testo 606-1 &#8211; compact instrument for wood and building materials\"}]},{\"@type\":\"WebSite\",\"@id\":\"https:\\\/\\\/www.nordtec.se\\\/en\\\/#website\",\"url\":\"https:\\\/\\\/www.nordtec.se\\\/en\\\/\",\"name\":\"Nordtec\",\"description\":\"Din partner inom m\u00e4tteknik\",\"publisher\":{\"@id\":\"https:\\\/\\\/www.nordtec.se\\\/en\\\/#organization\"},\"potentialAction\":[{\"@type\":\"SearchAction\",\"target\":{\"@type\":\"EntryPoint\",\"urlTemplate\":\"https:\\\/\\\/www.nordtec.se\\\/en\\\/?s={search_term_string}\"},\"query-input\":{\"@type\":\"PropertyValueSpecification\",\"valueRequired\":true,\"valueName\":\"search_term_string\"}}],\"inLanguage\":\"en-US\"},{\"@type\":\"Organization\",\"@id\":\"https:\\\/\\\/www.nordtec.se\\\/en\\\/#organization\",\"name\":\"Nordtec Instrument AB\",\"url\":\"https:\\\/\\\/www.nordtec.se\\\/en\\\/\",\"logo\":{\"@type\":\"ImageObject\",\"inLanguage\":\"en-US\",\"@id\":\"https:\\\/\\\/www.nordtec.se\\\/en\\\/#\\\/schema\\\/logo\\\/image\\\/\",\"url\":\"https:\\\/\\\/www.nordtec.se\\\/wp-content\\\/uploads\\\/2021\\\/08\\\/nordtec_logo_rgb-340px.png\",\"contentUrl\":\"https:\\\/\\\/www.nordtec.se\\\/wp-content\\\/uploads\\\/2021\\\/08\\\/nordtec_logo_rgb-340px.png\",\"width\":340,\"height\":75,\"caption\":\"Nordtec Instrument AB\"},\"image\":{\"@id\":\"https:\\\/\\\/www.nordtec.se\\\/en\\\/#\\\/schema\\\/logo\\\/image\\\/\"},\"sameAs\":[\"https:\\\/\\\/www.facebook.com\\\/nordtecinstrument\",\"https:\\\/\\\/www.instagram.com\\\/nordtec_instrument\\\/\",\"https:\\\/\\\/www.linkedin.com\\\/company\\\/nordtec-instrument-ab\\\/\",\"https:\\\/\\\/www.youtube.com\\\/channel\\\/UCbmAq3ZmfBKOGg7_igFURng\"]}]}<\/script>\n<!-- \/ Yoast SEO Premium plugin. -->","yoast_head_json":{"title":"testo 606-1 - compact instrument for wood and building materials | Nordtec","description":"Accurate material moisture measurement in wood with characteristic curves \u1405 testo 606-1 \u2713 Characteristic curves for other building materials \u2713 Hold function \u2713 Sturdy measuring pins","robots":{"index":"index","follow":"follow","max-snippet":"max-snippet:-1","max-image-preview":"max-image-preview:large","max-video-preview":"max-video-preview:-1"},"canonical":"https:\/\/www.nordtec.se\/en\/product\/measuring-instruments\/moisture-meters\/moisture-ratio-meter\/testo-606-1-compact-instrument-for-wood-and-building-materials\/","og_locale":"en_US","og_type":"article","og_title":"testo 606-1 - compact instrument for wood and building materials","og_description":"Accurate material moisture measurement in wood with characteristic curves \u1405 testo 606-1 \u2713 Characteristic curves for other building materials \u2713 Hold function \u2713 Sturdy measuring pins","og_url":"https:\/\/www.nordtec.se\/en\/product\/measuring-instruments\/moisture-meters\/moisture-ratio-meter\/testo-606-1-compact-instrument-for-wood-and-building-materials\/","og_site_name":"Nordtec","article_publisher":"https:\/\/www.facebook.com\/nordtecinstrument","article_modified_time":"2025-05-06T12:30:38+00:00","og_image":[{"width":800,"height":800,"url":"https:\/\/www.nordtec.se\/wp-content\/uploads\/2022\/03\/testo-606-1_p_in_hum_002764_800px.png","type":"image\/png"}],"twitter_card":"summary_large_image","twitter_misc":{"Est. reading time":"2 minutes"},"schema":{"@context":"https:\/\/schema.org","@graph":[{"@type":["WebPage","ItemPage"],"@id":"https:\/\/www.nordtec.se\/en\/product\/measuring-instruments\/moisture-meters\/moisture-ratio-meter\/testo-606-1-compact-instrument-for-wood-and-building-materials\/","url":"https:\/\/www.nordtec.se\/en\/product\/measuring-instruments\/moisture-meters\/moisture-ratio-meter\/testo-606-1-compact-instrument-for-wood-and-building-materials\/","name":"testo 606-1 - compact instrument for wood and building materials | Nordtec","isPartOf":{"@id":"https:\/\/www.nordtec.se\/en\/#website"},"primaryImageOfPage":{"@id":"https:\/\/www.nordtec.se\/en\/product\/measuring-instruments\/moisture-meters\/moisture-ratio-meter\/testo-606-1-compact-instrument-for-wood-and-building-materials\/#primaryimage"},"image":{"@id":"https:\/\/www.nordtec.se\/en\/product\/measuring-instruments\/moisture-meters\/moisture-ratio-meter\/testo-606-1-compact-instrument-for-wood-and-building-materials\/#primaryimage"},"thumbnailUrl":"https:\/\/www.nordtec.se\/wp-content\/uploads\/2022\/03\/testo-606-1_p_in_hum_002764_800px.png","datePublished":"2022-03-30T13:54:35+00:00","dateModified":"2025-05-06T12:30:38+00:00","description":"Accurate material moisture measurement in wood with characteristic curves \u1405 testo 606-1 \u2713 Characteristic curves for other building materials \u2713 Hold function \u2713 Sturdy measuring pins","breadcrumb":{"@id":"https:\/\/www.nordtec.se\/en\/product\/measuring-instruments\/moisture-meters\/moisture-ratio-meter\/testo-606-1-compact-instrument-for-wood-and-building-materials\/#breadcrumb"},"inLanguage":"en-US","potentialAction":[{"@type":"ReadAction","target":["https:\/\/www.nordtec.se\/en\/product\/measuring-instruments\/moisture-meters\/moisture-ratio-meter\/testo-606-1-compact-instrument-for-wood-and-building-materials\/"]}]},{"@type":"ImageObject","inLanguage":"en-US","@id":"https:\/\/www.nordtec.se\/en\/product\/measuring-instruments\/moisture-meters\/moisture-ratio-meter\/testo-606-1-compact-instrument-for-wood-and-building-materials\/#primaryimage","url":"https:\/\/www.nordtec.se\/wp-content\/uploads\/2022\/03\/testo-606-1_p_in_hum_002764_800px.png","contentUrl":"https:\/\/www.nordtec.se\/wp-content\/uploads\/2022\/03\/testo-606-1_p_in_hum_002764_800px.png","width":800,"height":800,"caption":"Moisture content meter testo 606-1"},{"@type":"BreadcrumbList","@id":"https:\/\/www.nordtec.se\/en\/product\/measuring-instruments\/moisture-meters\/moisture-ratio-meter\/testo-606-1-compact-instrument-for-wood-and-building-materials\/#breadcrumb","itemListElement":[{"@type":"ListItem","position":1,"name":"Hem","item":"https:\/\/www.nordtec.se\/en\/"},{"@type":"ListItem","position":2,"name":"Shop","item":"https:\/\/www.nordtec.se\/shop\/?lang=en"},{"@type":"ListItem","position":3,"name":"testo 606-1 &#8211; compact instrument for wood and building materials"}]},{"@type":"WebSite","@id":"https:\/\/www.nordtec.se\/en\/#website","url":"https:\/\/www.nordtec.se\/en\/","name":"Nordtec","description":"Din partner inom m\u00e4tteknik","publisher":{"@id":"https:\/\/www.nordtec.se\/en\/#organization"},"potentialAction":[{"@type":"SearchAction","target":{"@type":"EntryPoint","urlTemplate":"https:\/\/www.nordtec.se\/en\/?s={search_term_string}"},"query-input":{"@type":"PropertyValueSpecification","valueRequired":true,"valueName":"search_term_string"}}],"inLanguage":"en-US"},{"@type":"Organization","@id":"https:\/\/www.nordtec.se\/en\/#organization","name":"Nordtec Instrument AB","url":"https:\/\/www.nordtec.se\/en\/","logo":{"@type":"ImageObject","inLanguage":"en-US","@id":"https:\/\/www.nordtec.se\/en\/#\/schema\/logo\/image\/","url":"https:\/\/www.nordtec.se\/wp-content\/uploads\/2021\/08\/nordtec_logo_rgb-340px.png","contentUrl":"https:\/\/www.nordtec.se\/wp-content\/uploads\/2021\/08\/nordtec_logo_rgb-340px.png","width":340,"height":75,"caption":"Nordtec Instrument AB"},"image":{"@id":"https:\/\/www.nordtec.se\/en\/#\/schema\/logo\/image\/"},"sameAs":["https:\/\/www.facebook.com\/nordtecinstrument","https:\/\/www.instagram.com\/nordtec_instrument\/","https:\/\/www.linkedin.com\/company\/nordtec-instrument-ab\/","https:\/\/www.youtube.com\/channel\/UCbmAq3ZmfBKOGg7_igFURng"]}]}},"taxonomy_info":{"product_brand":[{"value":1435,"label":"Testo"}],"product_cat":[{"value":787,"label":"Building technology"},{"value":782,"label":"HVAC &amp; Property"},{"value":781,"label":"Industry"},{"value":768,"label":"Measuring instruments"},{"value":779,"label":"Moisture meters"},{"value":833,"label":"Moisture ratio meters"}]},"featured_image_src_large":["https:\/\/www.nordtec.se\/wp-content\/uploads\/2022\/03\/testo-606-1_p_in_hum_002764_800px.png",800,800,false],"author_info":[],"comment_info":"","_links":{"self":[{"href":"https:\/\/www.nordtec.se\/en\/wp-json\/wp\/v2\/product\/40908","targetHints":{"allow":["GET"]}}],"collection":[{"href":"https:\/\/www.nordtec.se\/en\/wp-json\/wp\/v2\/product"}],"about":[{"href":"https:\/\/www.nordtec.se\/en\/wp-json\/wp\/v2\/types\/product"}],"version-history":[{"count":1,"href":"https:\/\/www.nordtec.se\/en\/wp-json\/wp\/v2\/product\/40908\/revisions"}],"predecessor-version":[{"id":44101,"href":"https:\/\/www.nordtec.se\/en\/wp-json\/wp\/v2\/product\/40908\/revisions\/44101"}],"wp:featuredmedia":[{"embeddable":true,"href":"https:\/\/www.nordtec.se\/en\/wp-json\/wp\/v2\/media\/38132"}],"wp:attachment":[{"href":"https:\/\/www.nordtec.se\/en\/wp-json\/wp\/v2\/media?parent=40908"}],"wp:term":[{"taxonomy":"product_brand","embeddable":true,"href":"https:\/\/www.nordtec.se\/en\/wp-json\/wp\/v2\/product_brand?post=40908"},{"taxonomy":"product_cat","embeddable":true,"href":"https:\/\/www.nordtec.se\/en\/wp-json\/wp\/v2\/product_cat?post=40908"},{"taxonomy":"product_tag","embeddable":true,"href":"https:\/\/www.nordtec.se\/en\/wp-json\/wp\/v2\/product_tag?post=40908"}],"curies":[{"name":"wp","href":"https:\/\/api.w.org\/{rel}","templated":true}]}}