{"id":40917,"date":"2022-03-30T15:55:22","date_gmt":"2022-03-30T13:55:22","guid":{"rendered":"https:\/\/www.nordtec.se\/produkt\/uncategorized\/testo-625-moisture-and-temperature-meter\/"},"modified":"2025-11-27T10:08:20","modified_gmt":"2025-11-27T08:08:20","slug":"testo-625-moisture-and-temperature-meter","status":"publish","type":"product","link":"https:\/\/www.nordtec.se\/en\/product\/measuring-instruments\/moisture-meters\/humidity-meter\/testo-625-moisture-and-temperature-meter\/","title":{"rendered":"testo 625 &#8211; moisture and temperature meter"},"content":{"rendered":"<h2>testo 625 &#8211; moisture and temperature meter<\/h2>\n<p>Relative humidity and air temperature are two crucial factors e.g.. for assessing indoor air quality and comfort. So if you want to make sure that people are comfortable indoors or that there are optimal conditions in storage rooms &#8211; then the compact testo 625 moisture meter is the perfect choice. To get accurate results as quickly and easily as possible, the testo 625 not only calculates dew point and wet bulb temperature automatically. The time and point averages are also displayed immediately.<\/p>\n<h2>S\u00e5 h\u00e4r underl\u00e4ttar testo Smart-appen f\u00f6r dig:<\/h2>\r\n<ul>\r\n<li>Enkel inst\u00e4llning av m\u00e4tinstrumentet<\/li>\r\n<li>Effektiv kund- och m\u00e4tplatshantering<\/li>\r\n<li>P\u00e5litlig lagring av alla m\u00e4tdata<\/li>\r\n<li>F\u00f6rvandlar mobilen till en andra sk\u00e4rm<\/li>\r\n<li>Visning av grafiska m\u00e4tv\u00e4rdeskurvor<\/li>\r\n<li>Enkel dokumentering av allt arbete<\/li>\r\n<li>Skicka rapporter direkt fr\u00e5n m\u00e4tplatsen via e-post<\/li>\r\n<\/ul>\r\n<p><a href=\"https:\/\/www.nordtec.se\/testo-smart-appen\/\">testo Smart-appen<\/a> finns p\u00e5 Google Play och App Store. Den \u00e4r gratis att b\u00e5de ladda ned och anv\u00e4nda.<\/p>\r\n<p><a href=\"https:\/\/play.google.com\/store\/apps\/details?id=de.testo.smartprobesappgen2\" target=\"_blank\" rel=\"noopener\"><img loading=\"lazy\" decoding=\"async\" class=\"alignleft wp-image-30738\" title=\"testo Smart App - Google Play\" src=\"https:\/\/www.nordtec.se\/wp-content\/uploads\/2023\/01\/google-play-badge-300x116.png\" alt=\"google play badge\" width=\"120\" height=\"46\" srcset=\"https:\/\/www.nordtec.se\/wp-content\/uploads\/2023\/01\/google-play-badge-300x116.png 300w, https:\/\/www.nordtec.se\/wp-content\/uploads\/2023\/01\/google-play-badge-416x161.png 416w, https:\/\/www.nordtec.se\/wp-content\/uploads\/2023\/01\/google-play-badge-64x25.png 64w, https:\/\/www.nordtec.se\/wp-content\/uploads\/2023\/01\/google-play-badge.png 646w\" sizes=\"auto, (max-width: 120px) 100vw, 120px\" \/><\/a><\/p>\r\n<p><a href=\"https:\/\/apps.apple.com\/se\/app\/testo-smart\/id1482139629\" target=\"_blank\" rel=\"noopener\"><img loading=\"lazy\" decoding=\"async\" class=\"alignleft wp-image-30740\" title=\"testo Smart app - App Store\" src=\"https:\/\/www.nordtec.se\/wp-content\/uploads\/2023\/01\/app-store-badge-300x116.png\" alt=\"App Store Badge\" width=\"120\" height=\"46\" srcset=\"https:\/\/www.nordtec.se\/wp-content\/uploads\/2023\/01\/app-store-badge-300x116.png 300w, https:\/\/www.nordtec.se\/wp-content\/uploads\/2023\/01\/app-store-badge-416x161.png 416w, https:\/\/www.nordtec.se\/wp-content\/uploads\/2023\/01\/app-store-badge-64x25.png 64w, https:\/\/www.nordtec.se\/wp-content\/uploads\/2023\/01\/app-store-badge.png 646w\" sizes=\"auto, (max-width: 120px) 100vw, 120px\" \/><\/a><\/p>\r\n<p>&nbsp;<\/p>\n<h2>Areas of use for testo 625<\/h2>\n<p>Ideal for checking production and storage conditions, ensuring the quality of your products and ensuring the right indoor climate in greenhouses, archives and libraries as well as offices and public spaces.<\/p>\n<h2>Included in delivery<\/h2>\n<ul>\n<li>testo 625 &#8211; Moisture meter with app connection and sound alarm, incl.. transport bag<\/li>\n<li>Calibration protocol<\/li>\n<li>3 AA batteries<\/li>\n<\/ul>\n<p>&nbsp;<\/p>\n","protected":false},"excerpt":{"rendered":"<p style=\"text-align: left;\">Compact moisture and temperature meter for checking indoor air quality in different spaces.<\/p>\n<ul>\n<li style=\"text-align: left;\">Fast measurement of both relative humidity and air temperature.<\/li>\n<li style=\"text-align: left;\">Calculation of dew point and wet bulb temperature.<\/li>\n<li>Settings, measurement data, graphs and the mobile as a second screen with the testo Smart app.<\/li>\n<li>An audible alarm warns if any limit value is exceeded.<\/li>\n<\/ul>\n","protected":false},"featured_media":39688,"template":"","meta":{"_kad_blocks_custom_css":"","_kad_blocks_head_custom_js":"","_kad_blocks_body_custom_js":"","_kad_blocks_footer_custom_js":"","footnotes":""},"product_brand":[1435],"product_cat":[787,831,782,783,781,768,785,779,1426,839],"product_tag":[850],"class_list":{"0":"post-40917","1":"product","2":"type-product","3":"status-publish","4":"has-post-thumbnail","6":"product_brand-testo","7":"product_cat-building-technology","8":"product_cat-humidity-meter","9":"product_cat-hvac-property","10":"product_cat-indoor-climate-working-environment","11":"product_cat-industry","12":"product_cat-measuring-instruments","13":"product_cat-medicines","14":"product_cat-moisture-meters","15":"product_cat-testo-smart-app","16":"product_cat-the-compact-class","17":"product_tag-bluetooth-en","19":"first","20":"instock","21":"taxable","22":"shipping-taxable","23":"purchasable","24":"product-type-simple"},"yoast_head":"<!-- This site is optimized with the Yoast SEO Premium plugin v27.3 (Yoast SEO v27.5) - https:\/\/yoast.com\/product\/yoast-seo-premium-wordpress\/ -->\n<title>testo 625 - moisture and temperature meter | Nordtec<\/title>\n<meta name=\"description\" content=\"Check the indoor air with testo 625 \u2713 Humidity \u2713 Temperature \u2713 Dew point \u2713 Wet temperature \u2713 Free app facilitates measurements\" \/>\n<meta name=\"robots\" content=\"index, follow, max-snippet:-1, max-image-preview:large, max-video-preview:-1\" \/>\n<link rel=\"canonical\" href=\"https:\/\/www.nordtec.se\/en\/product\/measuring-instruments\/moisture-meters\/humidity-meter\/testo-625-moisture-and-temperature-meter\/\" \/>\n<meta property=\"og:locale\" content=\"en_US\" \/>\n<meta property=\"og:type\" content=\"article\" \/>\n<meta property=\"og:title\" content=\"testo 625 - moisture and temperature meter\" \/>\n<meta property=\"og:description\" content=\"Check the indoor air with testo 625 \u2713 Humidity \u2713 Temperature \u2713 Dew point \u2713 Wet temperature \u2713 Free app facilitates measurements\" \/>\n<meta property=\"og:url\" content=\"https:\/\/www.nordtec.se\/en\/product\/measuring-instruments\/moisture-meters\/humidity-meter\/testo-625-moisture-and-temperature-meter\/\" \/>\n<meta property=\"og:site_name\" content=\"Nordtec\" \/>\n<meta property=\"article:publisher\" content=\"https:\/\/www.facebook.com\/nordtecinstrument\" \/>\n<meta property=\"article:modified_time\" content=\"2025-11-27T08:08:20+00:00\" \/>\n<meta property=\"og:image\" content=\"https:\/\/www.nordtec.se\/wp-content\/uploads\/2022\/03\/testo-625-perspective_800px.png\" \/>\n\t<meta property=\"og:image:width\" content=\"800\" \/>\n\t<meta property=\"og:image:height\" content=\"800\" \/>\n\t<meta property=\"og:image:type\" content=\"image\/png\" \/>\n<meta name=\"twitter:card\" content=\"summary_large_image\" \/>\n<meta name=\"twitter:label1\" content=\"Est. reading time\" \/>\n\t<meta name=\"twitter:data1\" content=\"2 minutes\" \/>\n<script type=\"application\/ld+json\" class=\"yoast-schema-graph\">{\"@context\":\"https:\\\/\\\/schema.org\",\"@graph\":[{\"@type\":[\"WebPage\",\"ItemPage\"],\"@id\":\"https:\\\/\\\/www.nordtec.se\\\/en\\\/product\\\/measuring-instruments\\\/moisture-meters\\\/humidity-meter\\\/testo-625-moisture-and-temperature-meter\\\/\",\"url\":\"https:\\\/\\\/www.nordtec.se\\\/en\\\/product\\\/measuring-instruments\\\/moisture-meters\\\/humidity-meter\\\/testo-625-moisture-and-temperature-meter\\\/\",\"name\":\"testo 625 - moisture and temperature meter | Nordtec\",\"isPartOf\":{\"@id\":\"https:\\\/\\\/www.nordtec.se\\\/en\\\/#website\"},\"primaryImageOfPage\":{\"@id\":\"https:\\\/\\\/www.nordtec.se\\\/en\\\/product\\\/measuring-instruments\\\/moisture-meters\\\/humidity-meter\\\/testo-625-moisture-and-temperature-meter\\\/#primaryimage\"},\"image\":{\"@id\":\"https:\\\/\\\/www.nordtec.se\\\/en\\\/product\\\/measuring-instruments\\\/moisture-meters\\\/humidity-meter\\\/testo-625-moisture-and-temperature-meter\\\/#primaryimage\"},\"thumbnailUrl\":\"https:\\\/\\\/www.nordtec.se\\\/wp-content\\\/uploads\\\/2022\\\/03\\\/testo-625-perspective_800px.png\",\"datePublished\":\"2022-03-30T13:55:22+00:00\",\"dateModified\":\"2025-11-27T08:08:20+00:00\",\"description\":\"Check the indoor air with testo 625 \u2713 Humidity \u2713 Temperature \u2713 Dew point \u2713 Wet temperature \u2713 Free app facilitates measurements\",\"breadcrumb\":{\"@id\":\"https:\\\/\\\/www.nordtec.se\\\/en\\\/product\\\/measuring-instruments\\\/moisture-meters\\\/humidity-meter\\\/testo-625-moisture-and-temperature-meter\\\/#breadcrumb\"},\"inLanguage\":\"en-US\",\"potentialAction\":[{\"@type\":\"ReadAction\",\"target\":[\"https:\\\/\\\/www.nordtec.se\\\/en\\\/product\\\/measuring-instruments\\\/moisture-meters\\\/humidity-meter\\\/testo-625-moisture-and-temperature-meter\\\/\"]}]},{\"@type\":\"ImageObject\",\"inLanguage\":\"en-US\",\"@id\":\"https:\\\/\\\/www.nordtec.se\\\/en\\\/product\\\/measuring-instruments\\\/moisture-meters\\\/humidity-meter\\\/testo-625-moisture-and-temperature-meter\\\/#primaryimage\",\"url\":\"https:\\\/\\\/www.nordtec.se\\\/wp-content\\\/uploads\\\/2022\\\/03\\\/testo-625-perspective_800px.png\",\"contentUrl\":\"https:\\\/\\\/www.nordtec.se\\\/wp-content\\\/uploads\\\/2022\\\/03\\\/testo-625-perspective_800px.png\",\"width\":800,\"height\":800,\"caption\":\"testo 625 perspective\"},{\"@type\":\"BreadcrumbList\",\"@id\":\"https:\\\/\\\/www.nordtec.se\\\/en\\\/product\\\/measuring-instruments\\\/moisture-meters\\\/humidity-meter\\\/testo-625-moisture-and-temperature-meter\\\/#breadcrumb\",\"itemListElement\":[{\"@type\":\"ListItem\",\"position\":1,\"name\":\"Hem\",\"item\":\"https:\\\/\\\/www.nordtec.se\\\/en\\\/\"},{\"@type\":\"ListItem\",\"position\":2,\"name\":\"Shop\",\"item\":\"https:\\\/\\\/www.nordtec.se\\\/shop\\\/?lang=en\"},{\"@type\":\"ListItem\",\"position\":3,\"name\":\"testo 625 &#8211; moisture and temperature meter\"}]},{\"@type\":\"WebSite\",\"@id\":\"https:\\\/\\\/www.nordtec.se\\\/en\\\/#website\",\"url\":\"https:\\\/\\\/www.nordtec.se\\\/en\\\/\",\"name\":\"Nordtec\",\"description\":\"Din partner inom m\u00e4tteknik\",\"publisher\":{\"@id\":\"https:\\\/\\\/www.nordtec.se\\\/en\\\/#organization\"},\"potentialAction\":[{\"@type\":\"SearchAction\",\"target\":{\"@type\":\"EntryPoint\",\"urlTemplate\":\"https:\\\/\\\/www.nordtec.se\\\/en\\\/?s={search_term_string}\"},\"query-input\":{\"@type\":\"PropertyValueSpecification\",\"valueRequired\":true,\"valueName\":\"search_term_string\"}}],\"inLanguage\":\"en-US\"},{\"@type\":\"Organization\",\"@id\":\"https:\\\/\\\/www.nordtec.se\\\/en\\\/#organization\",\"name\":\"Nordtec Instrument AB\",\"url\":\"https:\\\/\\\/www.nordtec.se\\\/en\\\/\",\"logo\":{\"@type\":\"ImageObject\",\"inLanguage\":\"en-US\",\"@id\":\"https:\\\/\\\/www.nordtec.se\\\/en\\\/#\\\/schema\\\/logo\\\/image\\\/\",\"url\":\"https:\\\/\\\/www.nordtec.se\\\/wp-content\\\/uploads\\\/2021\\\/08\\\/nordtec_logo_rgb-340px.png\",\"contentUrl\":\"https:\\\/\\\/www.nordtec.se\\\/wp-content\\\/uploads\\\/2021\\\/08\\\/nordtec_logo_rgb-340px.png\",\"width\":340,\"height\":75,\"caption\":\"Nordtec Instrument AB\"},\"image\":{\"@id\":\"https:\\\/\\\/www.nordtec.se\\\/en\\\/#\\\/schema\\\/logo\\\/image\\\/\"},\"sameAs\":[\"https:\\\/\\\/www.facebook.com\\\/nordtecinstrument\",\"https:\\\/\\\/www.instagram.com\\\/nordtec_instrument\\\/\",\"https:\\\/\\\/www.linkedin.com\\\/company\\\/nordtec-instrument-ab\\\/\",\"https:\\\/\\\/www.youtube.com\\\/channel\\\/UCbmAq3ZmfBKOGg7_igFURng\"]}]}<\/script>\n<!-- \/ Yoast SEO Premium plugin. -->","yoast_head_json":{"title":"testo 625 - moisture and temperature meter | Nordtec","description":"Check the indoor air with testo 625 \u2713 Humidity \u2713 Temperature \u2713 Dew point \u2713 Wet temperature \u2713 Free app facilitates measurements","robots":{"index":"index","follow":"follow","max-snippet":"max-snippet:-1","max-image-preview":"max-image-preview:large","max-video-preview":"max-video-preview:-1"},"canonical":"https:\/\/www.nordtec.se\/en\/product\/measuring-instruments\/moisture-meters\/humidity-meter\/testo-625-moisture-and-temperature-meter\/","og_locale":"en_US","og_type":"article","og_title":"testo 625 - moisture and temperature meter","og_description":"Check the indoor air with testo 625 \u2713 Humidity \u2713 Temperature \u2713 Dew point \u2713 Wet temperature \u2713 Free app facilitates measurements","og_url":"https:\/\/www.nordtec.se\/en\/product\/measuring-instruments\/moisture-meters\/humidity-meter\/testo-625-moisture-and-temperature-meter\/","og_site_name":"Nordtec","article_publisher":"https:\/\/www.facebook.com\/nordtecinstrument","article_modified_time":"2025-11-27T08:08:20+00:00","og_image":[{"width":800,"height":800,"url":"https:\/\/www.nordtec.se\/wp-content\/uploads\/2022\/03\/testo-625-perspective_800px.png","type":"image\/png"}],"twitter_card":"summary_large_image","twitter_misc":{"Est. reading time":"2 minutes"},"schema":{"@context":"https:\/\/schema.org","@graph":[{"@type":["WebPage","ItemPage"],"@id":"https:\/\/www.nordtec.se\/en\/product\/measuring-instruments\/moisture-meters\/humidity-meter\/testo-625-moisture-and-temperature-meter\/","url":"https:\/\/www.nordtec.se\/en\/product\/measuring-instruments\/moisture-meters\/humidity-meter\/testo-625-moisture-and-temperature-meter\/","name":"testo 625 - moisture and temperature meter | Nordtec","isPartOf":{"@id":"https:\/\/www.nordtec.se\/en\/#website"},"primaryImageOfPage":{"@id":"https:\/\/www.nordtec.se\/en\/product\/measuring-instruments\/moisture-meters\/humidity-meter\/testo-625-moisture-and-temperature-meter\/#primaryimage"},"image":{"@id":"https:\/\/www.nordtec.se\/en\/product\/measuring-instruments\/moisture-meters\/humidity-meter\/testo-625-moisture-and-temperature-meter\/#primaryimage"},"thumbnailUrl":"https:\/\/www.nordtec.se\/wp-content\/uploads\/2022\/03\/testo-625-perspective_800px.png","datePublished":"2022-03-30T13:55:22+00:00","dateModified":"2025-11-27T08:08:20+00:00","description":"Check the indoor air with testo 625 \u2713 Humidity \u2713 Temperature \u2713 Dew point \u2713 Wet temperature \u2713 Free app facilitates measurements","breadcrumb":{"@id":"https:\/\/www.nordtec.se\/en\/product\/measuring-instruments\/moisture-meters\/humidity-meter\/testo-625-moisture-and-temperature-meter\/#breadcrumb"},"inLanguage":"en-US","potentialAction":[{"@type":"ReadAction","target":["https:\/\/www.nordtec.se\/en\/product\/measuring-instruments\/moisture-meters\/humidity-meter\/testo-625-moisture-and-temperature-meter\/"]}]},{"@type":"ImageObject","inLanguage":"en-US","@id":"https:\/\/www.nordtec.se\/en\/product\/measuring-instruments\/moisture-meters\/humidity-meter\/testo-625-moisture-and-temperature-meter\/#primaryimage","url":"https:\/\/www.nordtec.se\/wp-content\/uploads\/2022\/03\/testo-625-perspective_800px.png","contentUrl":"https:\/\/www.nordtec.se\/wp-content\/uploads\/2022\/03\/testo-625-perspective_800px.png","width":800,"height":800,"caption":"testo 625 perspective"},{"@type":"BreadcrumbList","@id":"https:\/\/www.nordtec.se\/en\/product\/measuring-instruments\/moisture-meters\/humidity-meter\/testo-625-moisture-and-temperature-meter\/#breadcrumb","itemListElement":[{"@type":"ListItem","position":1,"name":"Hem","item":"https:\/\/www.nordtec.se\/en\/"},{"@type":"ListItem","position":2,"name":"Shop","item":"https:\/\/www.nordtec.se\/shop\/?lang=en"},{"@type":"ListItem","position":3,"name":"testo 625 &#8211; moisture and temperature meter"}]},{"@type":"WebSite","@id":"https:\/\/www.nordtec.se\/en\/#website","url":"https:\/\/www.nordtec.se\/en\/","name":"Nordtec","description":"Din partner inom m\u00e4tteknik","publisher":{"@id":"https:\/\/www.nordtec.se\/en\/#organization"},"potentialAction":[{"@type":"SearchAction","target":{"@type":"EntryPoint","urlTemplate":"https:\/\/www.nordtec.se\/en\/?s={search_term_string}"},"query-input":{"@type":"PropertyValueSpecification","valueRequired":true,"valueName":"search_term_string"}}],"inLanguage":"en-US"},{"@type":"Organization","@id":"https:\/\/www.nordtec.se\/en\/#organization","name":"Nordtec Instrument AB","url":"https:\/\/www.nordtec.se\/en\/","logo":{"@type":"ImageObject","inLanguage":"en-US","@id":"https:\/\/www.nordtec.se\/en\/#\/schema\/logo\/image\/","url":"https:\/\/www.nordtec.se\/wp-content\/uploads\/2021\/08\/nordtec_logo_rgb-340px.png","contentUrl":"https:\/\/www.nordtec.se\/wp-content\/uploads\/2021\/08\/nordtec_logo_rgb-340px.png","width":340,"height":75,"caption":"Nordtec Instrument AB"},"image":{"@id":"https:\/\/www.nordtec.se\/en\/#\/schema\/logo\/image\/"},"sameAs":["https:\/\/www.facebook.com\/nordtecinstrument","https:\/\/www.instagram.com\/nordtec_instrument\/","https:\/\/www.linkedin.com\/company\/nordtec-instrument-ab\/","https:\/\/www.youtube.com\/channel\/UCbmAq3ZmfBKOGg7_igFURng"]}]}},"taxonomy_info":{"product_brand":[{"value":1435,"label":"Testo"}],"product_cat":[{"value":787,"label":"Building technology"},{"value":831,"label":"Humidity meters"},{"value":782,"label":"HVAC &amp; Property"},{"value":783,"label":"Indoor climate &amp; working environment"},{"value":781,"label":"Industry"},{"value":768,"label":"Measuring instruments"},{"value":785,"label":"Medicines"},{"value":779,"label":"Moisture meters"},{"value":1426,"label":"testo Smart App"},{"value":839,"label":"The compact class"}],"product_tag":[{"value":850,"label":"Bluetooth"}]},"featured_image_src_large":["https:\/\/www.nordtec.se\/wp-content\/uploads\/2022\/03\/testo-625-perspective_800px.png",800,800,false],"author_info":[],"comment_info":"","_links":{"self":[{"href":"https:\/\/www.nordtec.se\/en\/wp-json\/wp\/v2\/product\/40917","targetHints":{"allow":["GET"]}}],"collection":[{"href":"https:\/\/www.nordtec.se\/en\/wp-json\/wp\/v2\/product"}],"about":[{"href":"https:\/\/www.nordtec.se\/en\/wp-json\/wp\/v2\/types\/product"}],"version-history":[{"count":1,"href":"https:\/\/www.nordtec.se\/en\/wp-json\/wp\/v2\/product\/40917\/revisions"}],"predecessor-version":[{"id":44027,"href":"https:\/\/www.nordtec.se\/en\/wp-json\/wp\/v2\/product\/40917\/revisions\/44027"}],"wp:featuredmedia":[{"embeddable":true,"href":"https:\/\/www.nordtec.se\/en\/wp-json\/wp\/v2\/media\/39688"}],"wp:attachment":[{"href":"https:\/\/www.nordtec.se\/en\/wp-json\/wp\/v2\/media?parent=40917"}],"wp:term":[{"taxonomy":"product_brand","embeddable":true,"href":"https:\/\/www.nordtec.se\/en\/wp-json\/wp\/v2\/product_brand?post=40917"},{"taxonomy":"product_cat","embeddable":true,"href":"https:\/\/www.nordtec.se\/en\/wp-json\/wp\/v2\/product_cat?post=40917"},{"taxonomy":"product_tag","embeddable":true,"href":"https:\/\/www.nordtec.se\/en\/wp-json\/wp\/v2\/product_tag?post=40917"}],"curies":[{"name":"wp","href":"https:\/\/api.w.org\/{rel}","templated":true}]}}