{"id":41186,"date":"2022-03-08T16:52:13","date_gmt":"2022-03-08T14:52:13","guid":{"rendered":"https:\/\/www.nordtec.se\/produkt\/uncategorized\/testo-922-differential-temperature-meter-type-k\/"},"modified":"2026-04-21T13:19:19","modified_gmt":"2026-04-21T11:19:19","slug":"testo-922-differential-temperature-meter-type-k","status":"publish","type":"product","link":"https:\/\/www.nordtec.se\/en\/product\/measuring-instruments\/temperature-gauges\/thermometers\/testo-922-differential-temperature-meter-type-k\/","title":{"rendered":"testo 922 &#8211; differential temperature meter type K"},"content":{"rendered":"<h2>testo 922 &#8211; digital differential temperature measuring device<\/h2>\n<p>There is a reason why professionals in industry, ventilation and plumbing appreciate the compact differential temperature meter testo 922: it not only determines temperatures quickly and accurately, but also directly calculates the differential temperature. And this is within a wide range of measurements &#8211; from -50 \u00b0C to +1000 \u00b0C. A typical application for the testo 922 is, for example, the measurement of supply and return temperatures. Two type K thermocouple sensors are included. testo 922 is also compatible with other type K wire sensors on the market.<\/p>\n<h2>S\u00e5 h\u00e4r underl\u00e4ttar testo Smart-appen f\u00f6r dig:<\/h2>\r\n<ul>\r\n<li>Enkel inst\u00e4llning av m\u00e4tinstrumentet<\/li>\r\n<li>Effektiv kund- och m\u00e4tplatshantering<\/li>\r\n<li>P\u00e5litlig lagring av alla m\u00e4tdata<\/li>\r\n<li>F\u00f6rvandlar mobilen till en andra sk\u00e4rm<\/li>\r\n<li>Visning av grafiska m\u00e4tv\u00e4rdeskurvor<\/li>\r\n<li>Enkel dokumentering av allt arbete<\/li>\r\n<li>Skicka rapporter direkt fr\u00e5n m\u00e4tplatsen via e-post<\/li>\r\n<\/ul>\r\n<p><a href=\"https:\/\/www.nordtec.se\/testo-smart-appen\/\">testo Smart-appen<\/a> finns p\u00e5 Google Play och App Store. Den \u00e4r gratis att b\u00e5de ladda ned och anv\u00e4nda.<\/p>\r\n<p><a href=\"https:\/\/play.google.com\/store\/apps\/details?id=de.testo.smartprobesappgen2\" target=\"_blank\" rel=\"noopener\"><img loading=\"lazy\" decoding=\"async\" class=\"alignleft wp-image-30738\" title=\"testo Smart App - Google Play\" src=\"https:\/\/www.nordtec.se\/wp-content\/uploads\/2023\/01\/google-play-badge-300x116.png\" alt=\"google play badge\" width=\"120\" height=\"46\" srcset=\"https:\/\/www.nordtec.se\/wp-content\/uploads\/2023\/01\/google-play-badge-300x116.png 300w, https:\/\/www.nordtec.se\/wp-content\/uploads\/2023\/01\/google-play-badge-416x161.png 416w, https:\/\/www.nordtec.se\/wp-content\/uploads\/2023\/01\/google-play-badge-64x25.png 64w, https:\/\/www.nordtec.se\/wp-content\/uploads\/2023\/01\/google-play-badge.png 646w\" sizes=\"auto, (max-width: 120px) 100vw, 120px\" \/><\/a><\/p>\r\n<p><a href=\"https:\/\/apps.apple.com\/se\/app\/testo-smart\/id1482139629\" target=\"_blank\" rel=\"noopener\"><img loading=\"lazy\" decoding=\"async\" class=\"alignleft wp-image-30740\" title=\"testo Smart app - App Store\" src=\"https:\/\/www.nordtec.se\/wp-content\/uploads\/2023\/01\/app-store-badge-300x116.png\" alt=\"App Store Badge\" width=\"120\" height=\"46\" srcset=\"https:\/\/www.nordtec.se\/wp-content\/uploads\/2023\/01\/app-store-badge-300x116.png 300w, https:\/\/www.nordtec.se\/wp-content\/uploads\/2023\/01\/app-store-badge-416x161.png 416w, https:\/\/www.nordtec.se\/wp-content\/uploads\/2023\/01\/app-store-badge-64x25.png 64w, https:\/\/www.nordtec.se\/wp-content\/uploads\/2023\/01\/app-store-badge.png 646w\" sizes=\"auto, (max-width: 120px) 100vw, 120px\" \/><\/a><\/p>\r\n<p>&nbsp;<\/p>\n<h2>Many choices of sensors and accessories<\/h2>\n<p>There is a wide range of temperature sensors to help you perform your temperature measurements. In addition, you have access to these accessories:<\/p>\n<ul>\n<li>Bluetooth printer allows you to print on the spot<\/li>\n<li>The durable, IP65-rated TopSafe case protects your temperature meter from shocks, dirt and water.<\/li>\n<\/ul>\n<h2>Included in delivery<\/h2>\n<ul>\n<li>testo 922 &#8211; 2-channel temperature meter TC Type K with app connection and audio alarm<\/li>\n<li>Transport bag<\/li>\n<li><a href=\"https:\/\/www.nordtec.se\/en\/product\/measuring-instruments\/temperature-gauges\/temperature-probes\/fiberglass-insulated-wire-sensor-800-mm\/\">2 wire sensors type K<\/a><\/li>\n<li>Calibration protocol<\/li>\n<li>3 AA batteries<\/li>\n<\/ul>\n<p><span class=\"ui-provider ed ayd aye ayf ayg ayh ayi ayj ayk ayl aym ayn ayo ayp ayq ayr ays ayt ayu ayv ayw ayx ayy ayz aza azb azc azd aze azf azg azh azi azj azk\" dir=\"ltr\"><strong>Fabriksprotokoll:<\/strong>\u00a0utf\u00e4rdas p\u00e5 fabriken efter en kontroll av att produkten fungerar och uppfyller angiven m\u00e4tnoggrannhet. L\u00e4s om <a href=\"https:\/\/www.nordtec.se\/kalibrering\/iso-9001-kraver-kalibrerad-matutrustning\/\"><u>skillnaden mellan fabriksprotokoll och ackrediterad kalibrering<\/u><\/a>.<\/span><\/p>\n","protected":false},"excerpt":{"rendered":"<p style=\"text-align: left;\">Instrument with 2 channels for measuring differential temperature (replaces previous model of the same name).<\/p>\n<ul>\n<li style=\"text-align: left;\">Fast measurement of temperature difference with <a href=\"https:\/\/www.nordtec.se\/en\/product\/measuring-instruments\/temperature-gauges\/temperature-probes\/fiberglass-insulated-wire-sensor-800-mm\/\">2 thermocouple sensors type K<\/a><\/li>\n<li style=\"text-align: left;\">Settings, measurement data, graphs and mobile as a second screen with <a href=\"https:\/\/www.nordtec.se\/en\/testo-smart-apps\/\">the testo Smart app<\/a><\/li>\n<li style=\"text-align: left;\">Many applications thanks to wide measuring range: -50 \u00b0C to +1000 \u00b0C<\/li>\n<li style=\"text-align: left;\">Wide range of sensors (ordered separately) and compatible with other Type K thermocouple sensors on the market.<\/li>\n<\/ul>\n","protected":false},"featured_media":40167,"template":"","meta":{"_kad_blocks_custom_css":"","_kad_blocks_head_custom_js":"","_kad_blocks_body_custom_js":"","_kad_blocks_footer_custom_js":"","footnotes":""},"product_brand":[],"product_cat":[782,783,781,768,778,1426,839,830],"product_tag":[850,883,965,964,966,912,930],"class_list":{"0":"post-41186","1":"product","2":"type-product","3":"status-publish","4":"has-post-thumbnail","6":"product_cat-hvac-property","7":"product_cat-indoor-climate-working-environment","8":"product_cat-industry","9":"product_cat-measuring-instruments","10":"product_cat-temperature-gauges","11":"product_cat-testo-smart-app","12":"product_cat-the-compact-class","13":"product_cat-thermometers","14":"product_tag-bluetooth-en","15":"product_tag-kylteknik-en","16":"product_tag-over-200-grader-en","17":"product_tag-over-50-grader-en","18":"product_tag-over-500-grader-en","19":"product_tag-tek-en","20":"product_tag-under-minus-20-grader-en","22":"first","23":"instock","24":"taxable","25":"shipping-taxable","26":"purchasable","27":"product-type-simple"},"yoast_head":"<!-- This site is optimized with the Yoast SEO Premium plugin v27.3 (Yoast SEO v27.5) - https:\/\/yoast.com\/product\/yoast-seo-premium-wordpress\/ -->\n<title>testo 922 - differential temperature meter type K | Nordtec<\/title>\n<meta name=\"description\" content=\"Differential temperature measurement \u1405 testo 922 \u2713 Dual wire sensors \u2713 Free testo Smart app \u2713 Measuring range: -50 \u00b0C to +1000 \u00b0C \u2713 Large selection of sensors.\" \/>\n<meta name=\"robots\" content=\"index, follow, max-snippet:-1, max-image-preview:large, max-video-preview:-1\" \/>\n<link rel=\"canonical\" href=\"https:\/\/www.nordtec.se\/en\/product\/measuring-instruments\/temperature-gauges\/thermometers\/testo-922-differential-temperature-meter-type-k\/\" \/>\n<meta property=\"og:locale\" content=\"en_US\" \/>\n<meta property=\"og:type\" content=\"article\" \/>\n<meta property=\"og:title\" content=\"testo 922 - differential temperature meter type K\" \/>\n<meta property=\"og:description\" content=\"Differential temperature measurement \u1405 testo 922 \u2713 Dual wire sensors \u2713 Free testo Smart app \u2713 Measuring range: -50 \u00b0C to +1000 \u00b0C \u2713 Large selection of sensors.\" \/>\n<meta property=\"og:url\" content=\"https:\/\/www.nordtec.se\/en\/product\/measuring-instruments\/temperature-gauges\/thermometers\/testo-922-differential-temperature-meter-type-k\/\" \/>\n<meta property=\"og:site_name\" content=\"Nordtec\" \/>\n<meta property=\"article:publisher\" content=\"https:\/\/www.facebook.com\/nordtecinstrument\" \/>\n<meta property=\"article:modified_time\" content=\"2026-04-21T11:19:19+00:00\" \/>\n<meta property=\"og:image\" content=\"https:\/\/www.nordtec.se\/wp-content\/uploads\/2022\/03\/testo-922-perspective_-med-old-version-final_800px.png\" \/>\n\t<meta property=\"og:image:width\" content=\"800\" \/>\n\t<meta property=\"og:image:height\" content=\"800\" \/>\n\t<meta property=\"og:image:type\" content=\"image\/png\" \/>\n<meta name=\"twitter:card\" content=\"summary_large_image\" \/>\n<meta name=\"twitter:label1\" content=\"Est. reading time\" \/>\n\t<meta name=\"twitter:data1\" content=\"2 minutes\" \/>\n<script type=\"application\/ld+json\" class=\"yoast-schema-graph\">{\"@context\":\"https:\\\/\\\/schema.org\",\"@graph\":[{\"@type\":[\"WebPage\",\"ItemPage\"],\"@id\":\"https:\\\/\\\/www.nordtec.se\\\/en\\\/product\\\/measuring-instruments\\\/temperature-gauges\\\/thermometers\\\/testo-922-differential-temperature-meter-type-k\\\/\",\"url\":\"https:\\\/\\\/www.nordtec.se\\\/en\\\/product\\\/measuring-instruments\\\/temperature-gauges\\\/thermometers\\\/testo-922-differential-temperature-meter-type-k\\\/\",\"name\":\"testo 922 - differential temperature meter type K | Nordtec\",\"isPartOf\":{\"@id\":\"https:\\\/\\\/www.nordtec.se\\\/en\\\/#website\"},\"primaryImageOfPage\":{\"@id\":\"https:\\\/\\\/www.nordtec.se\\\/en\\\/product\\\/measuring-instruments\\\/temperature-gauges\\\/thermometers\\\/testo-922-differential-temperature-meter-type-k\\\/#primaryimage\"},\"image\":{\"@id\":\"https:\\\/\\\/www.nordtec.se\\\/en\\\/product\\\/measuring-instruments\\\/temperature-gauges\\\/thermometers\\\/testo-922-differential-temperature-meter-type-k\\\/#primaryimage\"},\"thumbnailUrl\":\"https:\\\/\\\/www.nordtec.se\\\/wp-content\\\/uploads\\\/2022\\\/03\\\/testo-922-perspective_-med-old-version-final_800px.png\",\"datePublished\":\"2022-03-08T14:52:13+00:00\",\"dateModified\":\"2026-04-21T11:19:19+00:00\",\"description\":\"Differential temperature measurement \u1405 testo 922 \u2713 Dual wire sensors \u2713 Free testo Smart app \u2713 Measuring range: -50 \u00b0C to +1000 \u00b0C \u2713 Large selection of sensors.\",\"breadcrumb\":{\"@id\":\"https:\\\/\\\/www.nordtec.se\\\/en\\\/product\\\/measuring-instruments\\\/temperature-gauges\\\/thermometers\\\/testo-922-differential-temperature-meter-type-k\\\/#breadcrumb\"},\"inLanguage\":\"en-US\",\"potentialAction\":[{\"@type\":\"ReadAction\",\"target\":[\"https:\\\/\\\/www.nordtec.se\\\/en\\\/product\\\/measuring-instruments\\\/temperature-gauges\\\/thermometers\\\/testo-922-differential-temperature-meter-type-k\\\/\"]}]},{\"@type\":\"ImageObject\",\"inLanguage\":\"en-US\",\"@id\":\"https:\\\/\\\/www.nordtec.se\\\/en\\\/product\\\/measuring-instruments\\\/temperature-gauges\\\/thermometers\\\/testo-922-differential-temperature-meter-type-k\\\/#primaryimage\",\"url\":\"https:\\\/\\\/www.nordtec.se\\\/wp-content\\\/uploads\\\/2022\\\/03\\\/testo-922-perspective_-med-old-version-final_800px.png\",\"contentUrl\":\"https:\\\/\\\/www.nordtec.se\\\/wp-content\\\/uploads\\\/2022\\\/03\\\/testo-922-perspective_-med-old-version-final_800px.png\",\"width\":800,\"height\":800,\"caption\":\"testo 922 perspective with old version\"},{\"@type\":\"BreadcrumbList\",\"@id\":\"https:\\\/\\\/www.nordtec.se\\\/en\\\/product\\\/measuring-instruments\\\/temperature-gauges\\\/thermometers\\\/testo-922-differential-temperature-meter-type-k\\\/#breadcrumb\",\"itemListElement\":[{\"@type\":\"ListItem\",\"position\":1,\"name\":\"Hem\",\"item\":\"https:\\\/\\\/www.nordtec.se\\\/en\\\/\"},{\"@type\":\"ListItem\",\"position\":2,\"name\":\"Shop\",\"item\":\"https:\\\/\\\/www.nordtec.se\\\/shop\\\/?lang=en\"},{\"@type\":\"ListItem\",\"position\":3,\"name\":\"testo 922 &#8211; differential temperature meter type K\"}]},{\"@type\":\"WebSite\",\"@id\":\"https:\\\/\\\/www.nordtec.se\\\/en\\\/#website\",\"url\":\"https:\\\/\\\/www.nordtec.se\\\/en\\\/\",\"name\":\"Nordtec\",\"description\":\"Din partner inom m\u00e4tteknik\",\"publisher\":{\"@id\":\"https:\\\/\\\/www.nordtec.se\\\/en\\\/#organization\"},\"potentialAction\":[{\"@type\":\"SearchAction\",\"target\":{\"@type\":\"EntryPoint\",\"urlTemplate\":\"https:\\\/\\\/www.nordtec.se\\\/en\\\/?s={search_term_string}\"},\"query-input\":{\"@type\":\"PropertyValueSpecification\",\"valueRequired\":true,\"valueName\":\"search_term_string\"}}],\"inLanguage\":\"en-US\"},{\"@type\":\"Organization\",\"@id\":\"https:\\\/\\\/www.nordtec.se\\\/en\\\/#organization\",\"name\":\"Nordtec Instrument AB\",\"url\":\"https:\\\/\\\/www.nordtec.se\\\/en\\\/\",\"logo\":{\"@type\":\"ImageObject\",\"inLanguage\":\"en-US\",\"@id\":\"https:\\\/\\\/www.nordtec.se\\\/en\\\/#\\\/schema\\\/logo\\\/image\\\/\",\"url\":\"https:\\\/\\\/www.nordtec.se\\\/wp-content\\\/uploads\\\/2021\\\/08\\\/nordtec_logo_rgb-340px.png\",\"contentUrl\":\"https:\\\/\\\/www.nordtec.se\\\/wp-content\\\/uploads\\\/2021\\\/08\\\/nordtec_logo_rgb-340px.png\",\"width\":340,\"height\":75,\"caption\":\"Nordtec Instrument AB\"},\"image\":{\"@id\":\"https:\\\/\\\/www.nordtec.se\\\/en\\\/#\\\/schema\\\/logo\\\/image\\\/\"},\"sameAs\":[\"https:\\\/\\\/www.facebook.com\\\/nordtecinstrument\",\"https:\\\/\\\/www.instagram.com\\\/nordtec_instrument\\\/\",\"https:\\\/\\\/www.linkedin.com\\\/company\\\/nordtec-instrument-ab\\\/\",\"https:\\\/\\\/www.youtube.com\\\/channel\\\/UCbmAq3ZmfBKOGg7_igFURng\"]}]}<\/script>\n<!-- \/ Yoast SEO Premium plugin. -->","yoast_head_json":{"title":"testo 922 - differential temperature meter type K | Nordtec","description":"Differential temperature measurement \u1405 testo 922 \u2713 Dual wire sensors \u2713 Free testo Smart app \u2713 Measuring range: -50 \u00b0C to +1000 \u00b0C \u2713 Large selection of sensors.","robots":{"index":"index","follow":"follow","max-snippet":"max-snippet:-1","max-image-preview":"max-image-preview:large","max-video-preview":"max-video-preview:-1"},"canonical":"https:\/\/www.nordtec.se\/en\/product\/measuring-instruments\/temperature-gauges\/thermometers\/testo-922-differential-temperature-meter-type-k\/","og_locale":"en_US","og_type":"article","og_title":"testo 922 - differential temperature meter type K","og_description":"Differential temperature measurement \u1405 testo 922 \u2713 Dual wire sensors \u2713 Free testo Smart app \u2713 Measuring range: -50 \u00b0C to +1000 \u00b0C \u2713 Large selection of sensors.","og_url":"https:\/\/www.nordtec.se\/en\/product\/measuring-instruments\/temperature-gauges\/thermometers\/testo-922-differential-temperature-meter-type-k\/","og_site_name":"Nordtec","article_publisher":"https:\/\/www.facebook.com\/nordtecinstrument","article_modified_time":"2026-04-21T11:19:19+00:00","og_image":[{"width":800,"height":800,"url":"https:\/\/www.nordtec.se\/wp-content\/uploads\/2022\/03\/testo-922-perspective_-med-old-version-final_800px.png","type":"image\/png"}],"twitter_card":"summary_large_image","twitter_misc":{"Est. reading time":"2 minutes"},"schema":{"@context":"https:\/\/schema.org","@graph":[{"@type":["WebPage","ItemPage"],"@id":"https:\/\/www.nordtec.se\/en\/product\/measuring-instruments\/temperature-gauges\/thermometers\/testo-922-differential-temperature-meter-type-k\/","url":"https:\/\/www.nordtec.se\/en\/product\/measuring-instruments\/temperature-gauges\/thermometers\/testo-922-differential-temperature-meter-type-k\/","name":"testo 922 - differential temperature meter type K | Nordtec","isPartOf":{"@id":"https:\/\/www.nordtec.se\/en\/#website"},"primaryImageOfPage":{"@id":"https:\/\/www.nordtec.se\/en\/product\/measuring-instruments\/temperature-gauges\/thermometers\/testo-922-differential-temperature-meter-type-k\/#primaryimage"},"image":{"@id":"https:\/\/www.nordtec.se\/en\/product\/measuring-instruments\/temperature-gauges\/thermometers\/testo-922-differential-temperature-meter-type-k\/#primaryimage"},"thumbnailUrl":"https:\/\/www.nordtec.se\/wp-content\/uploads\/2022\/03\/testo-922-perspective_-med-old-version-final_800px.png","datePublished":"2022-03-08T14:52:13+00:00","dateModified":"2026-04-21T11:19:19+00:00","description":"Differential temperature measurement \u1405 testo 922 \u2713 Dual wire sensors \u2713 Free testo Smart app \u2713 Measuring range: -50 \u00b0C to +1000 \u00b0C \u2713 Large selection of sensors.","breadcrumb":{"@id":"https:\/\/www.nordtec.se\/en\/product\/measuring-instruments\/temperature-gauges\/thermometers\/testo-922-differential-temperature-meter-type-k\/#breadcrumb"},"inLanguage":"en-US","potentialAction":[{"@type":"ReadAction","target":["https:\/\/www.nordtec.se\/en\/product\/measuring-instruments\/temperature-gauges\/thermometers\/testo-922-differential-temperature-meter-type-k\/"]}]},{"@type":"ImageObject","inLanguage":"en-US","@id":"https:\/\/www.nordtec.se\/en\/product\/measuring-instruments\/temperature-gauges\/thermometers\/testo-922-differential-temperature-meter-type-k\/#primaryimage","url":"https:\/\/www.nordtec.se\/wp-content\/uploads\/2022\/03\/testo-922-perspective_-med-old-version-final_800px.png","contentUrl":"https:\/\/www.nordtec.se\/wp-content\/uploads\/2022\/03\/testo-922-perspective_-med-old-version-final_800px.png","width":800,"height":800,"caption":"testo 922 perspective with old version"},{"@type":"BreadcrumbList","@id":"https:\/\/www.nordtec.se\/en\/product\/measuring-instruments\/temperature-gauges\/thermometers\/testo-922-differential-temperature-meter-type-k\/#breadcrumb","itemListElement":[{"@type":"ListItem","position":1,"name":"Hem","item":"https:\/\/www.nordtec.se\/en\/"},{"@type":"ListItem","position":2,"name":"Shop","item":"https:\/\/www.nordtec.se\/shop\/?lang=en"},{"@type":"ListItem","position":3,"name":"testo 922 &#8211; differential temperature meter type K"}]},{"@type":"WebSite","@id":"https:\/\/www.nordtec.se\/en\/#website","url":"https:\/\/www.nordtec.se\/en\/","name":"Nordtec","description":"Din partner inom m\u00e4tteknik","publisher":{"@id":"https:\/\/www.nordtec.se\/en\/#organization"},"potentialAction":[{"@type":"SearchAction","target":{"@type":"EntryPoint","urlTemplate":"https:\/\/www.nordtec.se\/en\/?s={search_term_string}"},"query-input":{"@type":"PropertyValueSpecification","valueRequired":true,"valueName":"search_term_string"}}],"inLanguage":"en-US"},{"@type":"Organization","@id":"https:\/\/www.nordtec.se\/en\/#organization","name":"Nordtec Instrument AB","url":"https:\/\/www.nordtec.se\/en\/","logo":{"@type":"ImageObject","inLanguage":"en-US","@id":"https:\/\/www.nordtec.se\/en\/#\/schema\/logo\/image\/","url":"https:\/\/www.nordtec.se\/wp-content\/uploads\/2021\/08\/nordtec_logo_rgb-340px.png","contentUrl":"https:\/\/www.nordtec.se\/wp-content\/uploads\/2021\/08\/nordtec_logo_rgb-340px.png","width":340,"height":75,"caption":"Nordtec Instrument AB"},"image":{"@id":"https:\/\/www.nordtec.se\/en\/#\/schema\/logo\/image\/"},"sameAs":["https:\/\/www.facebook.com\/nordtecinstrument","https:\/\/www.instagram.com\/nordtec_instrument\/","https:\/\/www.linkedin.com\/company\/nordtec-instrument-ab\/","https:\/\/www.youtube.com\/channel\/UCbmAq3ZmfBKOGg7_igFURng"]}]}},"taxonomy_info":{"product_cat":[{"value":782,"label":"HVAC &amp; Property"},{"value":783,"label":"Indoor climate &amp; working environment"},{"value":781,"label":"Industry"},{"value":768,"label":"Measuring instruments"},{"value":778,"label":"Temperature gauges"},{"value":1426,"label":"testo Smart App"},{"value":839,"label":"The compact class"},{"value":830,"label":"Thermometers"}],"product_tag":[{"value":850,"label":"Bluetooth"},{"value":883,"label":"Kylteknik"},{"value":965,"label":"\u00d6ver +200 \u00b0C"},{"value":964,"label":"\u00d6ver +50 \u00b0C"},{"value":966,"label":"\u00d6ver +500 \u00b0C"},{"value":912,"label":"TE typ K"},{"value":930,"label":"Under -20 \u00b0C"}]},"featured_image_src_large":["https:\/\/www.nordtec.se\/wp-content\/uploads\/2022\/03\/testo-922-perspective_-med-old-version-final_800px.png",800,800,false],"author_info":[],"comment_info":"","_links":{"self":[{"href":"https:\/\/www.nordtec.se\/en\/wp-json\/wp\/v2\/product\/41186","targetHints":{"allow":["GET"]}}],"collection":[{"href":"https:\/\/www.nordtec.se\/en\/wp-json\/wp\/v2\/product"}],"about":[{"href":"https:\/\/www.nordtec.se\/en\/wp-json\/wp\/v2\/types\/product"}],"version-history":[{"count":3,"href":"https:\/\/www.nordtec.se\/en\/wp-json\/wp\/v2\/product\/41186\/revisions"}],"predecessor-version":[{"id":60556,"href":"https:\/\/www.nordtec.se\/en\/wp-json\/wp\/v2\/product\/41186\/revisions\/60556"}],"wp:featuredmedia":[{"embeddable":true,"href":"https:\/\/www.nordtec.se\/en\/wp-json\/wp\/v2\/media\/40167"}],"wp:attachment":[{"href":"https:\/\/www.nordtec.se\/en\/wp-json\/wp\/v2\/media?parent=41186"}],"wp:term":[{"taxonomy":"product_brand","embeddable":true,"href":"https:\/\/www.nordtec.se\/en\/wp-json\/wp\/v2\/product_brand?post=41186"},{"taxonomy":"product_cat","embeddable":true,"href":"https:\/\/www.nordtec.se\/en\/wp-json\/wp\/v2\/product_cat?post=41186"},{"taxonomy":"product_tag","embeddable":true,"href":"https:\/\/www.nordtec.se\/en\/wp-json\/wp\/v2\/product_tag?post=41186"}],"curies":[{"name":"wp","href":"https:\/\/api.w.org\/{rel}","templated":true}]}}