{"id":41192,"date":"2022-03-08T16:52:13","date_gmt":"2022-03-08T14:52:13","guid":{"rendered":"https:\/\/www.nordtec.se\/produkt\/uncategorized\/testo-826-t4-ir-thermometer-with-insertion-sensor\/"},"modified":"2025-05-06T14:32:53","modified_gmt":"2025-05-06T12:32:53","slug":"testo-826-t4-ir-thermometer-with-insertion-sensor","status":"publish","type":"product","link":"https:\/\/www.nordtec.se\/en\/product\/measuring-instruments\/temperature-gauges\/ir-thermometers\/testo-826-t4-ir-thermometer-with-insertion-sensor\/","title":{"rendered":"testo 826-T4 &#8211; IR thermometer with insertion sensor"},"content":{"rendered":"<h2>testo 826-T4 &#8211; IR thermometer with insertion sensor<\/h2>\n<p>The testo 826-T4 food thermometer for quick and accurate temperature checks on food. You can quickly scan across multiple products with the IR function, if you find areas that are above or near limits &#8211; turn the thermometer around and use the insertion sensor to get accurate readings by inserting into the product or between packages.<\/p>\n<ul>\n<li>Non-contact IR measurement and insertion measurement with a single instrument<\/li>\n<li>Rapid insertion sensor<\/li>\n<li>1-point laser sight<\/li>\n<li>Measuring optics 6:1<\/li>\n<li>Hygienic waterproof protective cover<\/li>\n<li>Temperature alarms with adjustable limits<\/li>\n<li>EN 13485 certified and HACCP compliant with the TopSafe case<\/li>\n<\/ul>\n<h2>Features and benefits of the IR thermometer testo 826-T4<\/h2>\n<ul>\n<li>Fast, accurate measurement results: with two measurements per second, the IR measurement enables you to scan surface temperatures very quickly. And with a resolution of 0.1\u00b0C. If the set limit values are exceeded during the scan with the IR function &#8211; turn the instrument over and use the insertion sensor to obtain the exact temperature in e.g. a room. meat, cheese, etc. or between packages<\/li>\n<li>Overview of temperature limits: You can set two alarm limits; as soon as these are exceeded, the HACCP thermometer will inform you with a light and sound alarm. This means you don&#8217;t have to look at the display all the time and still keep track of the temperature.<\/li>\n<li>Min\/max value display and hold function: the min\/max display shows the highest and lowest temperature values from the last measurement. Therefore, you can monitor your goods easily and reliably. You can keep the last measured temperature values on the display using the hold button.<\/li>\n<li>6: 1 optics and 1-point laser marker: use the 1-point laser to mark the center of the measurement object. 6:1 optics are particularly suitable for non-contact IR measurement at short to medium distances<\/li>\n<li>Practical accessories included: with the testo 826-T4 you also get the practical TopSafe protective cover. The protective case is robust, waterproof to IP67 and dishwasher safe if necessary. The wall\/belt holder makes it possible to store the IR thermometer in a practical way.<\/li>\n<\/ul>\n<h2>Included in delivery<\/h2>\n<p>IR thermometer with insertion sensor testo 826-T4, protective case TopSafe, belt\/wall holder, battery, Swedish manual and factory protocol.<\/p>\n<h2>K\u00f6p med kalibrering<\/h2>\r\n<p>Beh\u00f6ver du ett kalibrerat m\u00e4tinstrument? V\u00e4lj \u00f6nskad produktvariant ovanf\u00f6r k\u00f6pknappen.\u00a0<\/p>\r\n<p><a class=\"button\" href=\"\/kalibrering\">L\u00e4s mer om kalibrering<\/a><\/p>\n<p>Det \u00e4r enbart insticksfunktionen p\u00e5 termometern som kalibreras. Inte IR-funktionen.<\/p>\n","protected":false},"excerpt":{"rendered":"<p style=\"text-align: left;\">&#8216;All-in-one&#8217; food temperature meter<\/p>\n<ul>\n<li style=\"text-align: left;\">Non-contact IR measurement and insertion measurement with a single instrument<\/li>\n<li style=\"text-align: left;\">Rapid insertion sensor<\/li>\n<li style=\"text-align: left;\">1-point laser sight<\/li>\n<\/ul>\n","protected":false},"featured_media":37832,"template":"","meta":{"_kad_blocks_custom_css":"","_kad_blocks_head_custom_js":"","_kad_blocks_body_custom_js":"","_kad_blocks_footer_custom_js":"","footnotes":""},"product_brand":[1435],"product_cat":[784,781,786,768,778,830],"product_tag":[863,878,884,965,964,930],"class_list":{"0":"post-41192","1":"product","2":"type-product","3":"status-publish","4":"has-post-thumbnail","6":"product_brand-testo","7":"product_cat-food-instruments","8":"product_cat-industry","9":"product_cat-ir-thermometers","10":"product_cat-measuring-instruments","11":"product_cat-temperature-gauges","12":"product_cat-thermometers","13":"product_tag-dopp-instick-en","14":"product_tag-infrared-en","15":"product_tag-livs-en","16":"product_tag-over-200-grader-en","17":"product_tag-over-50-grader-en","18":"product_tag-under-minus-20-grader-en","20":"first","21":"instock","22":"taxable","23":"shipping-taxable","24":"purchasable","25":"product-type-simple"},"yoast_head":"<!-- This site is optimized with the Yoast SEO Premium plugin v27.3 (Yoast SEO v27.5) - https:\/\/yoast.com\/product\/yoast-seo-premium-wordpress\/ -->\n<title>testo 826-T4 - IR thermometer with insertion sensor | Nordtec<\/title>\n<meta name=\"description\" content=\"IR thermometer for food with insertion sensor \u1405 testo 826-T4 \u2713 Non-contact IR measurement and insertion measurement \u2713 Fast insertion sensor \u2713 1-point laser sight.\" \/>\n<meta name=\"robots\" content=\"index, follow, max-snippet:-1, max-image-preview:large, max-video-preview:-1\" \/>\n<link rel=\"canonical\" href=\"https:\/\/www.nordtec.se\/en\/product\/measuring-instruments\/temperature-gauges\/ir-thermometers\/testo-826-t4-ir-thermometer-with-insertion-sensor\/\" \/>\n<meta property=\"og:locale\" content=\"en_US\" \/>\n<meta property=\"og:type\" content=\"article\" \/>\n<meta property=\"og:title\" content=\"testo 826-T4 - IR thermometer with insertion sensor\" \/>\n<meta property=\"og:description\" content=\"IR thermometer for food with insertion sensor \u1405 testo 826-T4 \u2713 Non-contact IR measurement and insertion measurement \u2713 Fast insertion sensor \u2713 1-point laser sight.\" \/>\n<meta property=\"og:url\" content=\"https:\/\/www.nordtec.se\/en\/product\/measuring-instruments\/temperature-gauges\/ir-thermometers\/testo-826-t4-ir-thermometer-with-insertion-sensor\/\" \/>\n<meta property=\"og:site_name\" content=\"Nordtec\" \/>\n<meta property=\"article:publisher\" content=\"https:\/\/www.facebook.com\/nordtecinstrument\" \/>\n<meta property=\"article:modified_time\" content=\"2025-05-06T12:32:53+00:00\" \/>\n<meta property=\"og:image\" content=\"https:\/\/www.nordtec.se\/wp-content\/uploads\/2022\/03\/testo-826T4-frontal-0563-8284-INT-800px.png\" \/>\n\t<meta property=\"og:image:width\" content=\"800\" \/>\n\t<meta property=\"og:image:height\" content=\"800\" \/>\n\t<meta property=\"og:image:type\" content=\"image\/png\" \/>\n<meta name=\"twitter:card\" content=\"summary_large_image\" \/>\n<meta name=\"twitter:label1\" content=\"Est. reading time\" \/>\n\t<meta name=\"twitter:data1\" content=\"3 minutes\" \/>\n<script type=\"application\/ld+json\" class=\"yoast-schema-graph\">{\"@context\":\"https:\\\/\\\/schema.org\",\"@graph\":[{\"@type\":[\"WebPage\",\"ItemPage\"],\"@id\":\"https:\\\/\\\/www.nordtec.se\\\/en\\\/product\\\/measuring-instruments\\\/temperature-gauges\\\/ir-thermometers\\\/testo-826-t4-ir-thermometer-with-insertion-sensor\\\/\",\"url\":\"https:\\\/\\\/www.nordtec.se\\\/en\\\/product\\\/measuring-instruments\\\/temperature-gauges\\\/ir-thermometers\\\/testo-826-t4-ir-thermometer-with-insertion-sensor\\\/\",\"name\":\"testo 826-T4 - IR thermometer with insertion sensor | Nordtec\",\"isPartOf\":{\"@id\":\"https:\\\/\\\/www.nordtec.se\\\/en\\\/#website\"},\"primaryImageOfPage\":{\"@id\":\"https:\\\/\\\/www.nordtec.se\\\/en\\\/product\\\/measuring-instruments\\\/temperature-gauges\\\/ir-thermometers\\\/testo-826-t4-ir-thermometer-with-insertion-sensor\\\/#primaryimage\"},\"image\":{\"@id\":\"https:\\\/\\\/www.nordtec.se\\\/en\\\/product\\\/measuring-instruments\\\/temperature-gauges\\\/ir-thermometers\\\/testo-826-t4-ir-thermometer-with-insertion-sensor\\\/#primaryimage\"},\"thumbnailUrl\":\"https:\\\/\\\/www.nordtec.se\\\/wp-content\\\/uploads\\\/2022\\\/03\\\/testo-826T4-frontal-0563-8284-INT-800px.png\",\"datePublished\":\"2022-03-08T14:52:13+00:00\",\"dateModified\":\"2025-05-06T12:32:53+00:00\",\"description\":\"IR thermometer for food with insertion sensor \u1405 testo 826-T4 \u2713 Non-contact IR measurement and insertion measurement \u2713 Fast insertion sensor \u2713 1-point laser sight.\",\"breadcrumb\":{\"@id\":\"https:\\\/\\\/www.nordtec.se\\\/en\\\/product\\\/measuring-instruments\\\/temperature-gauges\\\/ir-thermometers\\\/testo-826-t4-ir-thermometer-with-insertion-sensor\\\/#breadcrumb\"},\"inLanguage\":\"en-US\",\"potentialAction\":[{\"@type\":\"ReadAction\",\"target\":[\"https:\\\/\\\/www.nordtec.se\\\/en\\\/product\\\/measuring-instruments\\\/temperature-gauges\\\/ir-thermometers\\\/testo-826-t4-ir-thermometer-with-insertion-sensor\\\/\"]}]},{\"@type\":\"ImageObject\",\"inLanguage\":\"en-US\",\"@id\":\"https:\\\/\\\/www.nordtec.se\\\/en\\\/product\\\/measuring-instruments\\\/temperature-gauges\\\/ir-thermometers\\\/testo-826-t4-ir-thermometer-with-insertion-sensor\\\/#primaryimage\",\"url\":\"https:\\\/\\\/www.nordtec.se\\\/wp-content\\\/uploads\\\/2022\\\/03\\\/testo-826T4-frontal-0563-8284-INT-800px.png\",\"contentUrl\":\"https:\\\/\\\/www.nordtec.se\\\/wp-content\\\/uploads\\\/2022\\\/03\\\/testo-826T4-frontal-0563-8284-INT-800px.png\",\"width\":800,\"height\":800,\"caption\":\"Food thermometer testo 826-T4\"},{\"@type\":\"BreadcrumbList\",\"@id\":\"https:\\\/\\\/www.nordtec.se\\\/en\\\/product\\\/measuring-instruments\\\/temperature-gauges\\\/ir-thermometers\\\/testo-826-t4-ir-thermometer-with-insertion-sensor\\\/#breadcrumb\",\"itemListElement\":[{\"@type\":\"ListItem\",\"position\":1,\"name\":\"Hem\",\"item\":\"https:\\\/\\\/www.nordtec.se\\\/en\\\/\"},{\"@type\":\"ListItem\",\"position\":2,\"name\":\"Shop\",\"item\":\"https:\\\/\\\/www.nordtec.se\\\/shop\\\/?lang=en\"},{\"@type\":\"ListItem\",\"position\":3,\"name\":\"testo 826-T4 &#8211; IR thermometer with insertion sensor\"}]},{\"@type\":\"WebSite\",\"@id\":\"https:\\\/\\\/www.nordtec.se\\\/en\\\/#website\",\"url\":\"https:\\\/\\\/www.nordtec.se\\\/en\\\/\",\"name\":\"Nordtec\",\"description\":\"Din partner inom m\u00e4tteknik\",\"publisher\":{\"@id\":\"https:\\\/\\\/www.nordtec.se\\\/en\\\/#organization\"},\"potentialAction\":[{\"@type\":\"SearchAction\",\"target\":{\"@type\":\"EntryPoint\",\"urlTemplate\":\"https:\\\/\\\/www.nordtec.se\\\/en\\\/?s={search_term_string}\"},\"query-input\":{\"@type\":\"PropertyValueSpecification\",\"valueRequired\":true,\"valueName\":\"search_term_string\"}}],\"inLanguage\":\"en-US\"},{\"@type\":\"Organization\",\"@id\":\"https:\\\/\\\/www.nordtec.se\\\/en\\\/#organization\",\"name\":\"Nordtec Instrument AB\",\"url\":\"https:\\\/\\\/www.nordtec.se\\\/en\\\/\",\"logo\":{\"@type\":\"ImageObject\",\"inLanguage\":\"en-US\",\"@id\":\"https:\\\/\\\/www.nordtec.se\\\/en\\\/#\\\/schema\\\/logo\\\/image\\\/\",\"url\":\"https:\\\/\\\/www.nordtec.se\\\/wp-content\\\/uploads\\\/2021\\\/08\\\/nordtec_logo_rgb-340px.png\",\"contentUrl\":\"https:\\\/\\\/www.nordtec.se\\\/wp-content\\\/uploads\\\/2021\\\/08\\\/nordtec_logo_rgb-340px.png\",\"width\":340,\"height\":75,\"caption\":\"Nordtec Instrument AB\"},\"image\":{\"@id\":\"https:\\\/\\\/www.nordtec.se\\\/en\\\/#\\\/schema\\\/logo\\\/image\\\/\"},\"sameAs\":[\"https:\\\/\\\/www.facebook.com\\\/nordtecinstrument\",\"https:\\\/\\\/www.instagram.com\\\/nordtec_instrument\\\/\",\"https:\\\/\\\/www.linkedin.com\\\/company\\\/nordtec-instrument-ab\\\/\",\"https:\\\/\\\/www.youtube.com\\\/channel\\\/UCbmAq3ZmfBKOGg7_igFURng\"]}]}<\/script>\n<!-- \/ Yoast SEO Premium plugin. -->","yoast_head_json":{"title":"testo 826-T4 - IR thermometer with insertion sensor | Nordtec","description":"IR thermometer for food with insertion sensor \u1405 testo 826-T4 \u2713 Non-contact IR measurement and insertion measurement \u2713 Fast insertion sensor \u2713 1-point laser sight.","robots":{"index":"index","follow":"follow","max-snippet":"max-snippet:-1","max-image-preview":"max-image-preview:large","max-video-preview":"max-video-preview:-1"},"canonical":"https:\/\/www.nordtec.se\/en\/product\/measuring-instruments\/temperature-gauges\/ir-thermometers\/testo-826-t4-ir-thermometer-with-insertion-sensor\/","og_locale":"en_US","og_type":"article","og_title":"testo 826-T4 - IR thermometer with insertion sensor","og_description":"IR thermometer for food with insertion sensor \u1405 testo 826-T4 \u2713 Non-contact IR measurement and insertion measurement \u2713 Fast insertion sensor \u2713 1-point laser sight.","og_url":"https:\/\/www.nordtec.se\/en\/product\/measuring-instruments\/temperature-gauges\/ir-thermometers\/testo-826-t4-ir-thermometer-with-insertion-sensor\/","og_site_name":"Nordtec","article_publisher":"https:\/\/www.facebook.com\/nordtecinstrument","article_modified_time":"2025-05-06T12:32:53+00:00","og_image":[{"width":800,"height":800,"url":"https:\/\/www.nordtec.se\/wp-content\/uploads\/2022\/03\/testo-826T4-frontal-0563-8284-INT-800px.png","type":"image\/png"}],"twitter_card":"summary_large_image","twitter_misc":{"Est. reading time":"3 minutes"},"schema":{"@context":"https:\/\/schema.org","@graph":[{"@type":["WebPage","ItemPage"],"@id":"https:\/\/www.nordtec.se\/en\/product\/measuring-instruments\/temperature-gauges\/ir-thermometers\/testo-826-t4-ir-thermometer-with-insertion-sensor\/","url":"https:\/\/www.nordtec.se\/en\/product\/measuring-instruments\/temperature-gauges\/ir-thermometers\/testo-826-t4-ir-thermometer-with-insertion-sensor\/","name":"testo 826-T4 - IR thermometer with insertion sensor | Nordtec","isPartOf":{"@id":"https:\/\/www.nordtec.se\/en\/#website"},"primaryImageOfPage":{"@id":"https:\/\/www.nordtec.se\/en\/product\/measuring-instruments\/temperature-gauges\/ir-thermometers\/testo-826-t4-ir-thermometer-with-insertion-sensor\/#primaryimage"},"image":{"@id":"https:\/\/www.nordtec.se\/en\/product\/measuring-instruments\/temperature-gauges\/ir-thermometers\/testo-826-t4-ir-thermometer-with-insertion-sensor\/#primaryimage"},"thumbnailUrl":"https:\/\/www.nordtec.se\/wp-content\/uploads\/2022\/03\/testo-826T4-frontal-0563-8284-INT-800px.png","datePublished":"2022-03-08T14:52:13+00:00","dateModified":"2025-05-06T12:32:53+00:00","description":"IR thermometer for food with insertion sensor \u1405 testo 826-T4 \u2713 Non-contact IR measurement and insertion measurement \u2713 Fast insertion sensor \u2713 1-point laser sight.","breadcrumb":{"@id":"https:\/\/www.nordtec.se\/en\/product\/measuring-instruments\/temperature-gauges\/ir-thermometers\/testo-826-t4-ir-thermometer-with-insertion-sensor\/#breadcrumb"},"inLanguage":"en-US","potentialAction":[{"@type":"ReadAction","target":["https:\/\/www.nordtec.se\/en\/product\/measuring-instruments\/temperature-gauges\/ir-thermometers\/testo-826-t4-ir-thermometer-with-insertion-sensor\/"]}]},{"@type":"ImageObject","inLanguage":"en-US","@id":"https:\/\/www.nordtec.se\/en\/product\/measuring-instruments\/temperature-gauges\/ir-thermometers\/testo-826-t4-ir-thermometer-with-insertion-sensor\/#primaryimage","url":"https:\/\/www.nordtec.se\/wp-content\/uploads\/2022\/03\/testo-826T4-frontal-0563-8284-INT-800px.png","contentUrl":"https:\/\/www.nordtec.se\/wp-content\/uploads\/2022\/03\/testo-826T4-frontal-0563-8284-INT-800px.png","width":800,"height":800,"caption":"Food thermometer testo 826-T4"},{"@type":"BreadcrumbList","@id":"https:\/\/www.nordtec.se\/en\/product\/measuring-instruments\/temperature-gauges\/ir-thermometers\/testo-826-t4-ir-thermometer-with-insertion-sensor\/#breadcrumb","itemListElement":[{"@type":"ListItem","position":1,"name":"Hem","item":"https:\/\/www.nordtec.se\/en\/"},{"@type":"ListItem","position":2,"name":"Shop","item":"https:\/\/www.nordtec.se\/shop\/?lang=en"},{"@type":"ListItem","position":3,"name":"testo 826-T4 &#8211; IR thermometer with insertion sensor"}]},{"@type":"WebSite","@id":"https:\/\/www.nordtec.se\/en\/#website","url":"https:\/\/www.nordtec.se\/en\/","name":"Nordtec","description":"Din partner inom m\u00e4tteknik","publisher":{"@id":"https:\/\/www.nordtec.se\/en\/#organization"},"potentialAction":[{"@type":"SearchAction","target":{"@type":"EntryPoint","urlTemplate":"https:\/\/www.nordtec.se\/en\/?s={search_term_string}"},"query-input":{"@type":"PropertyValueSpecification","valueRequired":true,"valueName":"search_term_string"}}],"inLanguage":"en-US"},{"@type":"Organization","@id":"https:\/\/www.nordtec.se\/en\/#organization","name":"Nordtec Instrument AB","url":"https:\/\/www.nordtec.se\/en\/","logo":{"@type":"ImageObject","inLanguage":"en-US","@id":"https:\/\/www.nordtec.se\/en\/#\/schema\/logo\/image\/","url":"https:\/\/www.nordtec.se\/wp-content\/uploads\/2021\/08\/nordtec_logo_rgb-340px.png","contentUrl":"https:\/\/www.nordtec.se\/wp-content\/uploads\/2021\/08\/nordtec_logo_rgb-340px.png","width":340,"height":75,"caption":"Nordtec Instrument AB"},"image":{"@id":"https:\/\/www.nordtec.se\/en\/#\/schema\/logo\/image\/"},"sameAs":["https:\/\/www.facebook.com\/nordtecinstrument","https:\/\/www.instagram.com\/nordtec_instrument\/","https:\/\/www.linkedin.com\/company\/nordtec-instrument-ab\/","https:\/\/www.youtube.com\/channel\/UCbmAq3ZmfBKOGg7_igFURng"]}]}},"taxonomy_info":{"product_brand":[{"value":1435,"label":"Testo"}],"product_cat":[{"value":784,"label":"Food instruments"},{"value":781,"label":"Industry"},{"value":786,"label":"IR thermometers"},{"value":768,"label":"Measuring instruments"},{"value":778,"label":"Temperature gauges"},{"value":830,"label":"Thermometers"}],"product_tag":[{"value":863,"label":"Dopp\/instick"},{"value":878,"label":"IR-termometrar"},{"value":884,"label":"Livsmedel"},{"value":965,"label":"\u00d6ver +200 \u00b0C"},{"value":964,"label":"\u00d6ver +50 \u00b0C"},{"value":930,"label":"Under -20 \u00b0C"}]},"featured_image_src_large":["https:\/\/www.nordtec.se\/wp-content\/uploads\/2022\/03\/testo-826T4-frontal-0563-8284-INT-800px.png",800,800,false],"author_info":[],"comment_info":"","_links":{"self":[{"href":"https:\/\/www.nordtec.se\/en\/wp-json\/wp\/v2\/product\/41192","targetHints":{"allow":["GET"]}}],"collection":[{"href":"https:\/\/www.nordtec.se\/en\/wp-json\/wp\/v2\/product"}],"about":[{"href":"https:\/\/www.nordtec.se\/en\/wp-json\/wp\/v2\/types\/product"}],"version-history":[{"count":1,"href":"https:\/\/www.nordtec.se\/en\/wp-json\/wp\/v2\/product\/41192\/revisions"}],"predecessor-version":[{"id":43817,"href":"https:\/\/www.nordtec.se\/en\/wp-json\/wp\/v2\/product\/41192\/revisions\/43817"}],"wp:featuredmedia":[{"embeddable":true,"href":"https:\/\/www.nordtec.se\/en\/wp-json\/wp\/v2\/media\/37832"}],"wp:attachment":[{"href":"https:\/\/www.nordtec.se\/en\/wp-json\/wp\/v2\/media?parent=41192"}],"wp:term":[{"taxonomy":"product_brand","embeddable":true,"href":"https:\/\/www.nordtec.se\/en\/wp-json\/wp\/v2\/product_brand?post=41192"},{"taxonomy":"product_cat","embeddable":true,"href":"https:\/\/www.nordtec.se\/en\/wp-json\/wp\/v2\/product_cat?post=41192"},{"taxonomy":"product_tag","embeddable":true,"href":"https:\/\/www.nordtec.se\/en\/wp-json\/wp\/v2\/product_tag?post=41192"}],"curies":[{"name":"wp","href":"https:\/\/api.w.org\/{rel}","templated":true}]}}