{"id":41198,"date":"2022-03-08T16:52:13","date_gmt":"2022-03-08T14:52:13","guid":{"rendered":"https:\/\/www.nordtec.se\/produkt\/uncategorized\/testo-826-t2-food-thermometer-for-quick-checks\/"},"modified":"2025-05-06T14:32:52","modified_gmt":"2025-05-06T12:32:52","slug":"testo-826-t2-food-thermometer-for-quick-checks","status":"publish","type":"product","link":"https:\/\/www.nordtec.se\/en\/product\/measuring-instruments\/temperature-gauges\/ir-thermometers\/testo-826-t2-food-thermometer-for-quick-checks\/","title":{"rendered":"testo 826-T2 &#8211; food thermometer for quick checks"},"content":{"rendered":"<h2>testo 826-T2 &#8211; IR thermometer for foods<\/h2>\n<p>testo 826-T2 for non-contact and quick temperature checks on food. Convenient measurement without damage to the packaging. The adjustable alarm shows immediately if a limit value is exceeded.<\/p>\n<ul>\n<li>IR thermometer measures surface temperature without contact<\/li>\n<li>The measurement spot is marked with a laser dot<\/li>\n<li>Measurement optics 6:1<\/li>\n<li>Water and dust proof<\/li>\n<li>EN 13485 certified and HACCP compliant with TopSafe case<\/li>\n<li>Min\/max value display and hold function<\/li>\n<li>Withstands harsh environment<\/li>\n<li>Freely adjustable limits with light\/sound alarms<\/li>\n<\/ul>\n<h2>Features and benefits of the IR thermometer testo 826-T2<\/h2>\n<ul>\n<li>Easily meet HACCP requirements: the IR thermometer is HACCP compliant and, together with the TopSafe protective case, certified according to EN 13485. This makes it particularly suitable for food quality control.<\/li>\n<li>Measure quickly and accurately: with 2 measurements per second, the surface temperature of your goods is scanned quickly and in a non-touch, non-destructive way, with a resolution of 0.1\u00b0C.<\/li>\n<li>Min\/max value display and hold function: the min\/max display shows the highest and lowest temperature values from the last measurement. Therefore, you can monitor your goods easily and reliably. You can keep the last measured temperature values on the display using the hold button.<\/li>\n<li>6: 1 optic and 1-point laser marker: use the 1-point laser to mark the center of the target. The 6:1 optics are particularly suitable for non-contact IR measurement at short to medium distances.<\/li>\n<li>Practical accessories included: with testo 826-T2 you also get the practical TopSafe protective cover. The protective case is robust, waterproof to IP67 and dishwasher safe if necessary. The wall\/belt holder makes it possible to store the IR thermometer in a practical way.<\/li>\n<\/ul>\n<p>Are you familiar with our infrared thermometer <strong>testo 826-T4<\/strong>? It has the same advantages as the testo 826-T2 but also has a fixed insertion sensor to measure the temperature of goods. The insertion sensor provides full certainty about the core temperature (e.g. in yogurt or meat). Scan over a larger area with the IR function and ensure accurate temperature with the plug-in sensor.<\/p>\n<h2>Included in delivery<\/h2>\n<p>TopSafe protective case, belt\/wall holder, battery, Swedish manual and factory protocol.<\/p>\n<p><span class=\"ui-provider ed ayd aye ayf ayg ayh ayi ayj ayk ayl aym ayn ayo ayp ayq ayr ays ayt ayu ayv ayw ayx ayy ayz aza azb azc azd aze azf azg azh azi azj azk\" dir=\"ltr\"><strong>Fabriksprotokoll:<\/strong>\u00a0utf\u00e4rdas p\u00e5 fabriken efter en kontroll av att produkten fungerar och uppfyller angiven m\u00e4tnoggrannhet. L\u00e4s om <a href=\"https:\/\/www.nordtec.se\/kalibrering\/iso-9001-kraver-kalibrerad-matutrustning\/\"><u>skillnaden mellan fabriksprotokoll och ackrediterad kalibrering<\/u><\/a>.<\/span><\/p>\n<p>See also our facts page on IR measurement:<br \/>\nTO THE FACTS PAGE<\/p>\n","protected":false},"excerpt":{"rendered":"<p style=\"text-align: left;\">IR temperature meters for food<\/p>\n<ul>\n<li style=\"text-align: left;\">IR thermometer measures surface temperature without contact<\/li>\n<li style=\"text-align: left;\">The measurement spot is marked with a laser dot<\/li>\n<li style=\"text-align: left;\">Measuring optics 6:1<\/li>\n<\/ul>\n","protected":false},"featured_media":37845,"template":"","meta":{"_kad_blocks_custom_css":"","_kad_blocks_head_custom_js":"","_kad_blocks_body_custom_js":"","_kad_blocks_footer_custom_js":"","footnotes":""},"product_brand":[1435],"product_cat":[784,781,786,768,778],"product_tag":[878,884,965,964,930],"class_list":{"0":"post-41198","1":"product","2":"type-product","3":"status-publish","4":"has-post-thumbnail","6":"product_brand-testo","7":"product_cat-food-instruments","8":"product_cat-industry","9":"product_cat-ir-thermometers","10":"product_cat-measuring-instruments","11":"product_cat-temperature-gauges","12":"product_tag-infrared-en","13":"product_tag-livs-en","14":"product_tag-over-200-grader-en","15":"product_tag-over-50-grader-en","16":"product_tag-under-minus-20-grader-en","18":"first","19":"instock","20":"taxable","21":"shipping-taxable","22":"purchasable","23":"product-type-simple"},"yoast_head":"<!-- This site is optimized with the Yoast SEO Premium plugin v27.3 (Yoast SEO v27.4) - https:\/\/yoast.com\/product\/yoast-seo-premium-wordpress\/ -->\n<title>testo 826-T2 - food thermometer for quick checks | Nordtec<\/title>\n<meta name=\"description\" content=\"Food thermometer for quick checks \u1405 testo 826-T2 \u2713 Non-contact measurement \u2713 The measuring spot is marked with a laser dot \u2713 Measuring optics 6:1\" \/>\n<meta name=\"robots\" content=\"index, follow, max-snippet:-1, max-image-preview:large, max-video-preview:-1\" \/>\n<link rel=\"canonical\" href=\"https:\/\/www.nordtec.se\/en\/product\/measuring-instruments\/temperature-gauges\/ir-thermometers\/testo-826-t2-food-thermometer-for-quick-checks\/\" \/>\n<meta property=\"og:locale\" content=\"en_US\" \/>\n<meta property=\"og:type\" content=\"article\" \/>\n<meta property=\"og:title\" content=\"testo 826-T2 - food thermometer for quick checks\" \/>\n<meta property=\"og:description\" content=\"Food thermometer for quick checks \u1405 testo 826-T2 \u2713 Non-contact measurement \u2713 The measuring spot is marked with a laser dot \u2713 Measuring optics 6:1\" \/>\n<meta property=\"og:url\" content=\"https:\/\/www.nordtec.se\/en\/product\/measuring-instruments\/temperature-gauges\/ir-thermometers\/testo-826-t2-food-thermometer-for-quick-checks\/\" \/>\n<meta property=\"og:site_name\" content=\"Nordtec\" \/>\n<meta property=\"article:publisher\" content=\"https:\/\/www.facebook.com\/nordtecinstrument\" \/>\n<meta property=\"article:modified_time\" content=\"2025-05-06T12:32:52+00:00\" \/>\n<meta property=\"og:image\" content=\"https:\/\/www.nordtec.se\/wp-content\/uploads\/2022\/03\/testo-826-T2-TopSafe-0563-8282-INT-800px.png\" \/>\n\t<meta property=\"og:image:width\" content=\"800\" \/>\n\t<meta property=\"og:image:height\" content=\"800\" \/>\n\t<meta property=\"og:image:type\" content=\"image\/png\" \/>\n<meta name=\"twitter:card\" content=\"summary_large_image\" \/>\n<meta name=\"twitter:label1\" content=\"Est. reading time\" \/>\n\t<meta name=\"twitter:data1\" content=\"3 minutes\" \/>\n<script type=\"application\/ld+json\" class=\"yoast-schema-graph\">{\"@context\":\"https:\\\/\\\/schema.org\",\"@graph\":[{\"@type\":[\"WebPage\",\"ItemPage\"],\"@id\":\"https:\\\/\\\/www.nordtec.se\\\/en\\\/product\\\/measuring-instruments\\\/temperature-gauges\\\/ir-thermometers\\\/testo-826-t2-food-thermometer-for-quick-checks\\\/\",\"url\":\"https:\\\/\\\/www.nordtec.se\\\/en\\\/product\\\/measuring-instruments\\\/temperature-gauges\\\/ir-thermometers\\\/testo-826-t2-food-thermometer-for-quick-checks\\\/\",\"name\":\"testo 826-T2 - food thermometer for quick checks | Nordtec\",\"isPartOf\":{\"@id\":\"https:\\\/\\\/www.nordtec.se\\\/en\\\/#website\"},\"primaryImageOfPage\":{\"@id\":\"https:\\\/\\\/www.nordtec.se\\\/en\\\/product\\\/measuring-instruments\\\/temperature-gauges\\\/ir-thermometers\\\/testo-826-t2-food-thermometer-for-quick-checks\\\/#primaryimage\"},\"image\":{\"@id\":\"https:\\\/\\\/www.nordtec.se\\\/en\\\/product\\\/measuring-instruments\\\/temperature-gauges\\\/ir-thermometers\\\/testo-826-t2-food-thermometer-for-quick-checks\\\/#primaryimage\"},\"thumbnailUrl\":\"https:\\\/\\\/www.nordtec.se\\\/wp-content\\\/uploads\\\/2022\\\/03\\\/testo-826-T2-TopSafe-0563-8282-INT-800px.png\",\"datePublished\":\"2022-03-08T14:52:13+00:00\",\"dateModified\":\"2025-05-06T12:32:52+00:00\",\"description\":\"Food thermometer for quick checks \u1405 testo 826-T2 \u2713 Non-contact measurement \u2713 The measuring spot is marked with a laser dot \u2713 Measuring optics 6:1\",\"breadcrumb\":{\"@id\":\"https:\\\/\\\/www.nordtec.se\\\/en\\\/product\\\/measuring-instruments\\\/temperature-gauges\\\/ir-thermometers\\\/testo-826-t2-food-thermometer-for-quick-checks\\\/#breadcrumb\"},\"inLanguage\":\"en-US\",\"potentialAction\":[{\"@type\":\"ReadAction\",\"target\":[\"https:\\\/\\\/www.nordtec.se\\\/en\\\/product\\\/measuring-instruments\\\/temperature-gauges\\\/ir-thermometers\\\/testo-826-t2-food-thermometer-for-quick-checks\\\/\"]}]},{\"@type\":\"ImageObject\",\"inLanguage\":\"en-US\",\"@id\":\"https:\\\/\\\/www.nordtec.se\\\/en\\\/product\\\/measuring-instruments\\\/temperature-gauges\\\/ir-thermometers\\\/testo-826-t2-food-thermometer-for-quick-checks\\\/#primaryimage\",\"url\":\"https:\\\/\\\/www.nordtec.se\\\/wp-content\\\/uploads\\\/2022\\\/03\\\/testo-826-T2-TopSafe-0563-8282-INT-800px.png\",\"contentUrl\":\"https:\\\/\\\/www.nordtec.se\\\/wp-content\\\/uploads\\\/2022\\\/03\\\/testo-826-T2-TopSafe-0563-8282-INT-800px.png\",\"width\":800,\"height\":800,\"caption\":\"Food thermometer testo 826-T2\"},{\"@type\":\"BreadcrumbList\",\"@id\":\"https:\\\/\\\/www.nordtec.se\\\/en\\\/product\\\/measuring-instruments\\\/temperature-gauges\\\/ir-thermometers\\\/testo-826-t2-food-thermometer-for-quick-checks\\\/#breadcrumb\",\"itemListElement\":[{\"@type\":\"ListItem\",\"position\":1,\"name\":\"Hem\",\"item\":\"https:\\\/\\\/www.nordtec.se\\\/en\\\/\"},{\"@type\":\"ListItem\",\"position\":2,\"name\":\"Shop\",\"item\":\"https:\\\/\\\/www.nordtec.se\\\/shop\\\/?lang=en\"},{\"@type\":\"ListItem\",\"position\":3,\"name\":\"testo 826-T2 &#8211; food thermometer for quick checks\"}]},{\"@type\":\"WebSite\",\"@id\":\"https:\\\/\\\/www.nordtec.se\\\/en\\\/#website\",\"url\":\"https:\\\/\\\/www.nordtec.se\\\/en\\\/\",\"name\":\"Nordtec\",\"description\":\"Din partner inom m\u00e4tteknik\",\"publisher\":{\"@id\":\"https:\\\/\\\/www.nordtec.se\\\/en\\\/#organization\"},\"potentialAction\":[{\"@type\":\"SearchAction\",\"target\":{\"@type\":\"EntryPoint\",\"urlTemplate\":\"https:\\\/\\\/www.nordtec.se\\\/en\\\/?s={search_term_string}\"},\"query-input\":{\"@type\":\"PropertyValueSpecification\",\"valueRequired\":true,\"valueName\":\"search_term_string\"}}],\"inLanguage\":\"en-US\"},{\"@type\":\"Organization\",\"@id\":\"https:\\\/\\\/www.nordtec.se\\\/en\\\/#organization\",\"name\":\"Nordtec Instrument AB\",\"url\":\"https:\\\/\\\/www.nordtec.se\\\/en\\\/\",\"logo\":{\"@type\":\"ImageObject\",\"inLanguage\":\"en-US\",\"@id\":\"https:\\\/\\\/www.nordtec.se\\\/en\\\/#\\\/schema\\\/logo\\\/image\\\/\",\"url\":\"https:\\\/\\\/www.nordtec.se\\\/wp-content\\\/uploads\\\/2021\\\/08\\\/nordtec_logo_rgb-340px.png\",\"contentUrl\":\"https:\\\/\\\/www.nordtec.se\\\/wp-content\\\/uploads\\\/2021\\\/08\\\/nordtec_logo_rgb-340px.png\",\"width\":340,\"height\":75,\"caption\":\"Nordtec Instrument AB\"},\"image\":{\"@id\":\"https:\\\/\\\/www.nordtec.se\\\/en\\\/#\\\/schema\\\/logo\\\/image\\\/\"},\"sameAs\":[\"https:\\\/\\\/www.facebook.com\\\/nordtecinstrument\",\"https:\\\/\\\/www.instagram.com\\\/nordtec_instrument\\\/\",\"https:\\\/\\\/www.linkedin.com\\\/company\\\/nordtec-instrument-ab\\\/\",\"https:\\\/\\\/www.youtube.com\\\/channel\\\/UCbmAq3ZmfBKOGg7_igFURng\"]}]}<\/script>\n<!-- \/ Yoast SEO Premium plugin. -->","yoast_head_json":{"title":"testo 826-T2 - food thermometer for quick checks | Nordtec","description":"Food thermometer for quick checks \u1405 testo 826-T2 \u2713 Non-contact measurement \u2713 The measuring spot is marked with a laser dot \u2713 Measuring optics 6:1","robots":{"index":"index","follow":"follow","max-snippet":"max-snippet:-1","max-image-preview":"max-image-preview:large","max-video-preview":"max-video-preview:-1"},"canonical":"https:\/\/www.nordtec.se\/en\/product\/measuring-instruments\/temperature-gauges\/ir-thermometers\/testo-826-t2-food-thermometer-for-quick-checks\/","og_locale":"en_US","og_type":"article","og_title":"testo 826-T2 - food thermometer for quick checks","og_description":"Food thermometer for quick checks \u1405 testo 826-T2 \u2713 Non-contact measurement \u2713 The measuring spot is marked with a laser dot \u2713 Measuring optics 6:1","og_url":"https:\/\/www.nordtec.se\/en\/product\/measuring-instruments\/temperature-gauges\/ir-thermometers\/testo-826-t2-food-thermometer-for-quick-checks\/","og_site_name":"Nordtec","article_publisher":"https:\/\/www.facebook.com\/nordtecinstrument","article_modified_time":"2025-05-06T12:32:52+00:00","og_image":[{"width":800,"height":800,"url":"https:\/\/www.nordtec.se\/wp-content\/uploads\/2022\/03\/testo-826-T2-TopSafe-0563-8282-INT-800px.png","type":"image\/png"}],"twitter_card":"summary_large_image","twitter_misc":{"Est. reading time":"3 minutes"},"schema":{"@context":"https:\/\/schema.org","@graph":[{"@type":["WebPage","ItemPage"],"@id":"https:\/\/www.nordtec.se\/en\/product\/measuring-instruments\/temperature-gauges\/ir-thermometers\/testo-826-t2-food-thermometer-for-quick-checks\/","url":"https:\/\/www.nordtec.se\/en\/product\/measuring-instruments\/temperature-gauges\/ir-thermometers\/testo-826-t2-food-thermometer-for-quick-checks\/","name":"testo 826-T2 - food thermometer for quick checks | Nordtec","isPartOf":{"@id":"https:\/\/www.nordtec.se\/en\/#website"},"primaryImageOfPage":{"@id":"https:\/\/www.nordtec.se\/en\/product\/measuring-instruments\/temperature-gauges\/ir-thermometers\/testo-826-t2-food-thermometer-for-quick-checks\/#primaryimage"},"image":{"@id":"https:\/\/www.nordtec.se\/en\/product\/measuring-instruments\/temperature-gauges\/ir-thermometers\/testo-826-t2-food-thermometer-for-quick-checks\/#primaryimage"},"thumbnailUrl":"https:\/\/www.nordtec.se\/wp-content\/uploads\/2022\/03\/testo-826-T2-TopSafe-0563-8282-INT-800px.png","datePublished":"2022-03-08T14:52:13+00:00","dateModified":"2025-05-06T12:32:52+00:00","description":"Food thermometer for quick checks \u1405 testo 826-T2 \u2713 Non-contact measurement \u2713 The measuring spot is marked with a laser dot \u2713 Measuring optics 6:1","breadcrumb":{"@id":"https:\/\/www.nordtec.se\/en\/product\/measuring-instruments\/temperature-gauges\/ir-thermometers\/testo-826-t2-food-thermometer-for-quick-checks\/#breadcrumb"},"inLanguage":"en-US","potentialAction":[{"@type":"ReadAction","target":["https:\/\/www.nordtec.se\/en\/product\/measuring-instruments\/temperature-gauges\/ir-thermometers\/testo-826-t2-food-thermometer-for-quick-checks\/"]}]},{"@type":"ImageObject","inLanguage":"en-US","@id":"https:\/\/www.nordtec.se\/en\/product\/measuring-instruments\/temperature-gauges\/ir-thermometers\/testo-826-t2-food-thermometer-for-quick-checks\/#primaryimage","url":"https:\/\/www.nordtec.se\/wp-content\/uploads\/2022\/03\/testo-826-T2-TopSafe-0563-8282-INT-800px.png","contentUrl":"https:\/\/www.nordtec.se\/wp-content\/uploads\/2022\/03\/testo-826-T2-TopSafe-0563-8282-INT-800px.png","width":800,"height":800,"caption":"Food thermometer testo 826-T2"},{"@type":"BreadcrumbList","@id":"https:\/\/www.nordtec.se\/en\/product\/measuring-instruments\/temperature-gauges\/ir-thermometers\/testo-826-t2-food-thermometer-for-quick-checks\/#breadcrumb","itemListElement":[{"@type":"ListItem","position":1,"name":"Hem","item":"https:\/\/www.nordtec.se\/en\/"},{"@type":"ListItem","position":2,"name":"Shop","item":"https:\/\/www.nordtec.se\/shop\/?lang=en"},{"@type":"ListItem","position":3,"name":"testo 826-T2 &#8211; food thermometer for quick checks"}]},{"@type":"WebSite","@id":"https:\/\/www.nordtec.se\/en\/#website","url":"https:\/\/www.nordtec.se\/en\/","name":"Nordtec","description":"Din partner inom m\u00e4tteknik","publisher":{"@id":"https:\/\/www.nordtec.se\/en\/#organization"},"potentialAction":[{"@type":"SearchAction","target":{"@type":"EntryPoint","urlTemplate":"https:\/\/www.nordtec.se\/en\/?s={search_term_string}"},"query-input":{"@type":"PropertyValueSpecification","valueRequired":true,"valueName":"search_term_string"}}],"inLanguage":"en-US"},{"@type":"Organization","@id":"https:\/\/www.nordtec.se\/en\/#organization","name":"Nordtec Instrument AB","url":"https:\/\/www.nordtec.se\/en\/","logo":{"@type":"ImageObject","inLanguage":"en-US","@id":"https:\/\/www.nordtec.se\/en\/#\/schema\/logo\/image\/","url":"https:\/\/www.nordtec.se\/wp-content\/uploads\/2021\/08\/nordtec_logo_rgb-340px.png","contentUrl":"https:\/\/www.nordtec.se\/wp-content\/uploads\/2021\/08\/nordtec_logo_rgb-340px.png","width":340,"height":75,"caption":"Nordtec Instrument AB"},"image":{"@id":"https:\/\/www.nordtec.se\/en\/#\/schema\/logo\/image\/"},"sameAs":["https:\/\/www.facebook.com\/nordtecinstrument","https:\/\/www.instagram.com\/nordtec_instrument\/","https:\/\/www.linkedin.com\/company\/nordtec-instrument-ab\/","https:\/\/www.youtube.com\/channel\/UCbmAq3ZmfBKOGg7_igFURng"]}]}},"taxonomy_info":{"product_brand":[{"value":1435,"label":"Testo"}],"product_cat":[{"value":784,"label":"Food instruments"},{"value":781,"label":"Industry"},{"value":786,"label":"IR thermometers"},{"value":768,"label":"Measuring instruments"},{"value":778,"label":"Temperature gauges"}],"product_tag":[{"value":878,"label":"IR-termometrar"},{"value":884,"label":"Livsmedel"},{"value":965,"label":"\u00d6ver +200 \u00b0C"},{"value":964,"label":"\u00d6ver +50 \u00b0C"},{"value":930,"label":"Under -20 \u00b0C"}]},"featured_image_src_large":["https:\/\/www.nordtec.se\/wp-content\/uploads\/2022\/03\/testo-826-T2-TopSafe-0563-8282-INT-800px.png",800,800,false],"author_info":[],"comment_info":"","_links":{"self":[{"href":"https:\/\/www.nordtec.se\/en\/wp-json\/wp\/v2\/product\/41198","targetHints":{"allow":["GET"]}}],"collection":[{"href":"https:\/\/www.nordtec.se\/en\/wp-json\/wp\/v2\/product"}],"about":[{"href":"https:\/\/www.nordtec.se\/en\/wp-json\/wp\/v2\/types\/product"}],"version-history":[{"count":1,"href":"https:\/\/www.nordtec.se\/en\/wp-json\/wp\/v2\/product\/41198\/revisions"}],"predecessor-version":[{"id":43875,"href":"https:\/\/www.nordtec.se\/en\/wp-json\/wp\/v2\/product\/41198\/revisions\/43875"}],"wp:featuredmedia":[{"embeddable":true,"href":"https:\/\/www.nordtec.se\/en\/wp-json\/wp\/v2\/media\/37845"}],"wp:attachment":[{"href":"https:\/\/www.nordtec.se\/en\/wp-json\/wp\/v2\/media?parent=41198"}],"wp:term":[{"taxonomy":"product_brand","embeddable":true,"href":"https:\/\/www.nordtec.se\/en\/wp-json\/wp\/v2\/product_brand?post=41198"},{"taxonomy":"product_cat","embeddable":true,"href":"https:\/\/www.nordtec.se\/en\/wp-json\/wp\/v2\/product_cat?post=41198"},{"taxonomy":"product_tag","embeddable":true,"href":"https:\/\/www.nordtec.se\/en\/wp-json\/wp\/v2\/product_tag?post=41198"}],"curies":[{"name":"wp","href":"https:\/\/api.w.org\/{rel}","templated":true}]}}