{"id":41204,"date":"2022-03-08T16:52:03","date_gmt":"2022-03-08T14:52:03","guid":{"rendered":"https:\/\/www.nordtec.se\/produkt\/uncategorized\/testo-830-t4-ir-air-liquid-and-surface-measurement-kit\/"},"modified":"2025-05-06T14:25:47","modified_gmt":"2025-05-06T12:25:47","slug":"testo-830-t4-ir-air-liquid-and-surface-measurement-kit","status":"publish","type":"product","link":"https:\/\/www.nordtec.se\/en\/product\/measuring-instruments\/temperature-gauges\/ir-thermometers\/testo-830-t4-ir-air-liquid-and-surface-measurement-kit\/","title":{"rendered":"testo 830-T4 &#8211; IR, air, liquid and surface measurement kit"},"content":{"rendered":"<h2>testo 830-T4 &#8211; IR thermometer with external sensors<\/h2>\n<p>With this kit you can perform all kinds of IR temperature measurements such as. on walls, windows, radiators, floors, etc. In addition, quick measurements such as room temperatures and hot water can be made by connecting the air\/liquid sensor. Accurate and fast measurement of pipe temperatures with the mini-sensor.<\/p>\n<p>Unique to the testo 830-T4 is the combination of small measuring area (30:1), low price, two-point laser and the possibility of connecting external temperature sensors. The IR temperature meter thus measures both non-contact and external sensors. The two laser points mark the top and bottom of the measurement spot, so you know exactly which surface you are measuring. The issue factor is freely adjustable from 0.2 to 1.00. The backlit display is easy to read even in difficult lighting conditions.<\/p>\n<h2>Features and benefits of the IR thermometer testo 830-T4<\/h2>\n<ul>\n<li>30:1 optics for precise measurements on small objects at large distances<\/li>\n<li>The IR thermometer&#8217;s 2-point laser sight makes it easy to identify the measuring surface.<\/li>\n<li>Two alarm thresholds<\/li>\n<li>Light and sound alarms when limit values are exceeded<\/li>\n<li>Min\/max value display and hold function (freezes the current measured value)<\/li>\n<li>Wide range of external thermocouple sensors type K<\/li>\n<li>Comfortable one-handed handling thanks to its ergonomic design<\/li>\n<li>Clear, illuminated display<\/li>\n<\/ul>\n<p>Choose from a very wide range of external thermocouple sensors type K. Resilient fast surface temperature sensor, waterproof immersion sensor or e.g. a versatile wire sensor are some of the sensors available.<\/p>\n<p>Using an external surface temperature sensor, you can set the emission factor for a specific material. On &#8220;difficult&#8221; surfaces, you can apply emission tape and then measure the surface temperature of the tape&#8217;s surface with the IR thermometer.<\/p>\n<h2>Included in the measurement set<\/h2>\n<p>IR temperature meter testo 830-T4, air\/liquid sensor, mini surface temperature sensor, case, manual and battery.<\/p>\n<p><span class=\"ui-provider ed ayd aye ayf ayg ayh ayi ayj ayk ayl aym ayn ayo ayp ayq ayr ays ayt ayu ayv ayw ayx ayy ayz aza azb azc azd aze azf azg azh azi azj azk\" dir=\"ltr\"><strong>Fabriksprotokoll:<\/strong>\u00a0utf\u00e4rdas p\u00e5 fabriken efter en kontroll av att produkten fungerar och uppfyller angiven m\u00e4tnoggrannhet. L\u00e4s om <a href=\"https:\/\/www.nordtec.se\/kalibrering\/iso-9001-kraver-kalibrerad-matutrustning\/\"><u>skillnaden mellan fabriksprotokoll och ackrediterad kalibrering<\/u><\/a>.<\/span><\/p>\n","protected":false},"excerpt":{"rendered":"<p style=\"text-align: left;\">Measurement kit including fast air\/liquid sensor, mini surface temperature sensor and carrying case.<\/p>\n<ul>\n<li style=\"text-align: left;\">Clear 2-point laser sight.<\/li>\n<li style=\"text-align: left;\">Small measuring spot &#8211; measuring optics 30:1<\/li>\n<li style=\"text-align: left;\">Adjustable emission factor<\/li>\n<\/ul>\n","protected":false},"featured_media":39052,"template":"","meta":{"_kad_blocks_custom_css":"","_kad_blocks_head_custom_js":"","_kad_blocks_body_custom_js":"","_kad_blocks_footer_custom_js":"","footnotes":""},"product_brand":[1435],"product_cat":[786,768,778],"product_tag":[866,878,965,964,912,930],"class_list":{"0":"post-41204","1":"product","2":"type-product","3":"status-publish","4":"has-post-thumbnail","6":"product_brand-testo","7":"product_cat-ir-thermometers","8":"product_cat-measuring-instruments","9":"product_cat-temperature-gauges","10":"product_tag-fastighet-en","11":"product_tag-infrared-en","12":"product_tag-over-200-grader-en","13":"product_tag-over-50-grader-en","14":"product_tag-tek-en","15":"product_tag-under-minus-20-grader-en","17":"first","18":"onbackorder","19":"taxable","20":"shipping-taxable","21":"purchasable","22":"product-type-simple"},"yoast_head":"<!-- This site is optimized with the Yoast SEO Premium plugin v27.3 (Yoast SEO v27.4) - https:\/\/yoast.com\/product\/yoast-seo-premium-wordpress\/ -->\n<title>testo 830-T4 - IR, air, liquid and surface measurement kit | Nordtec<\/title>\n<meta name=\"description\" content=\"Measuring set with fast air\/liquid sensor, surface temperature sensor and bag \u1405 testo 830-T4 \u2713 2-point laser sight \u2713 Small measuring spot \u2713 Adjustable emission factor.\" \/>\n<meta name=\"robots\" content=\"index, follow, max-snippet:-1, max-image-preview:large, max-video-preview:-1\" \/>\n<link rel=\"canonical\" href=\"https:\/\/www.nordtec.se\/en\/product\/measuring-instruments\/temperature-gauges\/ir-thermometers\/testo-830-t4-ir-air-liquid-and-surface-measurement-kit\/\" \/>\n<meta property=\"og:locale\" content=\"en_US\" \/>\n<meta property=\"og:type\" content=\"article\" \/>\n<meta property=\"og:title\" content=\"testo 830-T4 - IR, air, liquid and surface measurement kit\" \/>\n<meta property=\"og:description\" content=\"Measuring set with fast air\/liquid sensor, surface temperature sensor and bag \u1405 testo 830-T4 \u2713 2-point laser sight \u2713 Small measuring spot \u2713 Adjustable emission factor.\" \/>\n<meta property=\"og:url\" content=\"https:\/\/www.nordtec.se\/en\/product\/measuring-instruments\/temperature-gauges\/ir-thermometers\/testo-830-t4-ir-air-liquid-and-surface-measurement-kit\/\" \/>\n<meta property=\"og:site_name\" content=\"Nordtec\" \/>\n<meta property=\"article:publisher\" content=\"https:\/\/www.facebook.com\/nordtecinstrument\" \/>\n<meta property=\"article:modified_time\" content=\"2025-05-06T12:25:47+00:00\" \/>\n<meta property=\"og:image\" content=\"https:\/\/www.nordtec.se\/wp-content\/uploads\/2022\/03\/830-T4-matset_800px.jpg\" \/>\n\t<meta property=\"og:image:width\" content=\"800\" \/>\n\t<meta property=\"og:image:height\" content=\"800\" \/>\n\t<meta property=\"og:image:type\" content=\"image\/jpeg\" \/>\n<meta name=\"twitter:card\" content=\"summary_large_image\" \/>\n<meta name=\"twitter:label1\" content=\"Est. reading time\" \/>\n\t<meta name=\"twitter:data1\" content=\"2 minutes\" \/>\n<script type=\"application\/ld+json\" class=\"yoast-schema-graph\">{\"@context\":\"https:\\\/\\\/schema.org\",\"@graph\":[{\"@type\":[\"WebPage\",\"ItemPage\"],\"@id\":\"https:\\\/\\\/www.nordtec.se\\\/en\\\/product\\\/measuring-instruments\\\/temperature-gauges\\\/ir-thermometers\\\/testo-830-t4-ir-air-liquid-and-surface-measurement-kit\\\/\",\"url\":\"https:\\\/\\\/www.nordtec.se\\\/en\\\/product\\\/measuring-instruments\\\/temperature-gauges\\\/ir-thermometers\\\/testo-830-t4-ir-air-liquid-and-surface-measurement-kit\\\/\",\"name\":\"testo 830-T4 - IR, air, liquid and surface measurement kit | Nordtec\",\"isPartOf\":{\"@id\":\"https:\\\/\\\/www.nordtec.se\\\/en\\\/#website\"},\"primaryImageOfPage\":{\"@id\":\"https:\\\/\\\/www.nordtec.se\\\/en\\\/product\\\/measuring-instruments\\\/temperature-gauges\\\/ir-thermometers\\\/testo-830-t4-ir-air-liquid-and-surface-measurement-kit\\\/#primaryimage\"},\"image\":{\"@id\":\"https:\\\/\\\/www.nordtec.se\\\/en\\\/product\\\/measuring-instruments\\\/temperature-gauges\\\/ir-thermometers\\\/testo-830-t4-ir-air-liquid-and-surface-measurement-kit\\\/#primaryimage\"},\"thumbnailUrl\":\"https:\\\/\\\/www.nordtec.se\\\/wp-content\\\/uploads\\\/2022\\\/03\\\/830-T4-matset_800px.jpg\",\"datePublished\":\"2022-03-08T14:52:03+00:00\",\"dateModified\":\"2025-05-06T12:25:47+00:00\",\"description\":\"Measuring set with fast air\\\/liquid sensor, surface temperature sensor and bag \u1405 testo 830-T4 \u2713 2-point laser sight \u2713 Small measuring spot \u2713 Adjustable emission factor.\",\"breadcrumb\":{\"@id\":\"https:\\\/\\\/www.nordtec.se\\\/en\\\/product\\\/measuring-instruments\\\/temperature-gauges\\\/ir-thermometers\\\/testo-830-t4-ir-air-liquid-and-surface-measurement-kit\\\/#breadcrumb\"},\"inLanguage\":\"en-US\",\"potentialAction\":[{\"@type\":\"ReadAction\",\"target\":[\"https:\\\/\\\/www.nordtec.se\\\/en\\\/product\\\/measuring-instruments\\\/temperature-gauges\\\/ir-thermometers\\\/testo-830-t4-ir-air-liquid-and-surface-measurement-kit\\\/\"]}]},{\"@type\":\"ImageObject\",\"inLanguage\":\"en-US\",\"@id\":\"https:\\\/\\\/www.nordtec.se\\\/en\\\/product\\\/measuring-instruments\\\/temperature-gauges\\\/ir-thermometers\\\/testo-830-t4-ir-air-liquid-and-surface-measurement-kit\\\/#primaryimage\",\"url\":\"https:\\\/\\\/www.nordtec.se\\\/wp-content\\\/uploads\\\/2022\\\/03\\\/830-T4-matset_800px.jpg\",\"contentUrl\":\"https:\\\/\\\/www.nordtec.se\\\/wp-content\\\/uploads\\\/2022\\\/03\\\/830-T4-matset_800px.jpg\",\"width\":800,\"height\":800,\"caption\":\"Measurement kit with testo 830-T4\"},{\"@type\":\"BreadcrumbList\",\"@id\":\"https:\\\/\\\/www.nordtec.se\\\/en\\\/product\\\/measuring-instruments\\\/temperature-gauges\\\/ir-thermometers\\\/testo-830-t4-ir-air-liquid-and-surface-measurement-kit\\\/#breadcrumb\",\"itemListElement\":[{\"@type\":\"ListItem\",\"position\":1,\"name\":\"Hem\",\"item\":\"https:\\\/\\\/www.nordtec.se\\\/en\\\/\"},{\"@type\":\"ListItem\",\"position\":2,\"name\":\"Shop\",\"item\":\"https:\\\/\\\/www.nordtec.se\\\/shop\\\/?lang=en\"},{\"@type\":\"ListItem\",\"position\":3,\"name\":\"testo 830-T4 &#8211; IR, air, liquid and surface measurement kit\"}]},{\"@type\":\"WebSite\",\"@id\":\"https:\\\/\\\/www.nordtec.se\\\/en\\\/#website\",\"url\":\"https:\\\/\\\/www.nordtec.se\\\/en\\\/\",\"name\":\"Nordtec\",\"description\":\"Din partner inom m\u00e4tteknik\",\"publisher\":{\"@id\":\"https:\\\/\\\/www.nordtec.se\\\/en\\\/#organization\"},\"potentialAction\":[{\"@type\":\"SearchAction\",\"target\":{\"@type\":\"EntryPoint\",\"urlTemplate\":\"https:\\\/\\\/www.nordtec.se\\\/en\\\/?s={search_term_string}\"},\"query-input\":{\"@type\":\"PropertyValueSpecification\",\"valueRequired\":true,\"valueName\":\"search_term_string\"}}],\"inLanguage\":\"en-US\"},{\"@type\":\"Organization\",\"@id\":\"https:\\\/\\\/www.nordtec.se\\\/en\\\/#organization\",\"name\":\"Nordtec Instrument AB\",\"url\":\"https:\\\/\\\/www.nordtec.se\\\/en\\\/\",\"logo\":{\"@type\":\"ImageObject\",\"inLanguage\":\"en-US\",\"@id\":\"https:\\\/\\\/www.nordtec.se\\\/en\\\/#\\\/schema\\\/logo\\\/image\\\/\",\"url\":\"https:\\\/\\\/www.nordtec.se\\\/wp-content\\\/uploads\\\/2021\\\/08\\\/nordtec_logo_rgb-340px.png\",\"contentUrl\":\"https:\\\/\\\/www.nordtec.se\\\/wp-content\\\/uploads\\\/2021\\\/08\\\/nordtec_logo_rgb-340px.png\",\"width\":340,\"height\":75,\"caption\":\"Nordtec Instrument AB\"},\"image\":{\"@id\":\"https:\\\/\\\/www.nordtec.se\\\/en\\\/#\\\/schema\\\/logo\\\/image\\\/\"},\"sameAs\":[\"https:\\\/\\\/www.facebook.com\\\/nordtecinstrument\",\"https:\\\/\\\/www.instagram.com\\\/nordtec_instrument\\\/\",\"https:\\\/\\\/www.linkedin.com\\\/company\\\/nordtec-instrument-ab\\\/\",\"https:\\\/\\\/www.youtube.com\\\/channel\\\/UCbmAq3ZmfBKOGg7_igFURng\"]}]}<\/script>\n<!-- \/ Yoast SEO Premium plugin. -->","yoast_head_json":{"title":"testo 830-T4 - IR, air, liquid and surface measurement kit | Nordtec","description":"Measuring set with fast air\/liquid sensor, surface temperature sensor and bag \u1405 testo 830-T4 \u2713 2-point laser sight \u2713 Small measuring spot \u2713 Adjustable emission factor.","robots":{"index":"index","follow":"follow","max-snippet":"max-snippet:-1","max-image-preview":"max-image-preview:large","max-video-preview":"max-video-preview:-1"},"canonical":"https:\/\/www.nordtec.se\/en\/product\/measuring-instruments\/temperature-gauges\/ir-thermometers\/testo-830-t4-ir-air-liquid-and-surface-measurement-kit\/","og_locale":"en_US","og_type":"article","og_title":"testo 830-T4 - IR, air, liquid and surface measurement kit","og_description":"Measuring set with fast air\/liquid sensor, surface temperature sensor and bag \u1405 testo 830-T4 \u2713 2-point laser sight \u2713 Small measuring spot \u2713 Adjustable emission factor.","og_url":"https:\/\/www.nordtec.se\/en\/product\/measuring-instruments\/temperature-gauges\/ir-thermometers\/testo-830-t4-ir-air-liquid-and-surface-measurement-kit\/","og_site_name":"Nordtec","article_publisher":"https:\/\/www.facebook.com\/nordtecinstrument","article_modified_time":"2025-05-06T12:25:47+00:00","og_image":[{"width":800,"height":800,"url":"https:\/\/www.nordtec.se\/wp-content\/uploads\/2022\/03\/830-T4-matset_800px.jpg","type":"image\/jpeg"}],"twitter_card":"summary_large_image","twitter_misc":{"Est. reading time":"2 minutes"},"schema":{"@context":"https:\/\/schema.org","@graph":[{"@type":["WebPage","ItemPage"],"@id":"https:\/\/www.nordtec.se\/en\/product\/measuring-instruments\/temperature-gauges\/ir-thermometers\/testo-830-t4-ir-air-liquid-and-surface-measurement-kit\/","url":"https:\/\/www.nordtec.se\/en\/product\/measuring-instruments\/temperature-gauges\/ir-thermometers\/testo-830-t4-ir-air-liquid-and-surface-measurement-kit\/","name":"testo 830-T4 - IR, air, liquid and surface measurement kit | Nordtec","isPartOf":{"@id":"https:\/\/www.nordtec.se\/en\/#website"},"primaryImageOfPage":{"@id":"https:\/\/www.nordtec.se\/en\/product\/measuring-instruments\/temperature-gauges\/ir-thermometers\/testo-830-t4-ir-air-liquid-and-surface-measurement-kit\/#primaryimage"},"image":{"@id":"https:\/\/www.nordtec.se\/en\/product\/measuring-instruments\/temperature-gauges\/ir-thermometers\/testo-830-t4-ir-air-liquid-and-surface-measurement-kit\/#primaryimage"},"thumbnailUrl":"https:\/\/www.nordtec.se\/wp-content\/uploads\/2022\/03\/830-T4-matset_800px.jpg","datePublished":"2022-03-08T14:52:03+00:00","dateModified":"2025-05-06T12:25:47+00:00","description":"Measuring set with fast air\/liquid sensor, surface temperature sensor and bag \u1405 testo 830-T4 \u2713 2-point laser sight \u2713 Small measuring spot \u2713 Adjustable emission factor.","breadcrumb":{"@id":"https:\/\/www.nordtec.se\/en\/product\/measuring-instruments\/temperature-gauges\/ir-thermometers\/testo-830-t4-ir-air-liquid-and-surface-measurement-kit\/#breadcrumb"},"inLanguage":"en-US","potentialAction":[{"@type":"ReadAction","target":["https:\/\/www.nordtec.se\/en\/product\/measuring-instruments\/temperature-gauges\/ir-thermometers\/testo-830-t4-ir-air-liquid-and-surface-measurement-kit\/"]}]},{"@type":"ImageObject","inLanguage":"en-US","@id":"https:\/\/www.nordtec.se\/en\/product\/measuring-instruments\/temperature-gauges\/ir-thermometers\/testo-830-t4-ir-air-liquid-and-surface-measurement-kit\/#primaryimage","url":"https:\/\/www.nordtec.se\/wp-content\/uploads\/2022\/03\/830-T4-matset_800px.jpg","contentUrl":"https:\/\/www.nordtec.se\/wp-content\/uploads\/2022\/03\/830-T4-matset_800px.jpg","width":800,"height":800,"caption":"Measurement kit with testo 830-T4"},{"@type":"BreadcrumbList","@id":"https:\/\/www.nordtec.se\/en\/product\/measuring-instruments\/temperature-gauges\/ir-thermometers\/testo-830-t4-ir-air-liquid-and-surface-measurement-kit\/#breadcrumb","itemListElement":[{"@type":"ListItem","position":1,"name":"Hem","item":"https:\/\/www.nordtec.se\/en\/"},{"@type":"ListItem","position":2,"name":"Shop","item":"https:\/\/www.nordtec.se\/shop\/?lang=en"},{"@type":"ListItem","position":3,"name":"testo 830-T4 &#8211; IR, air, liquid and surface measurement kit"}]},{"@type":"WebSite","@id":"https:\/\/www.nordtec.se\/en\/#website","url":"https:\/\/www.nordtec.se\/en\/","name":"Nordtec","description":"Din partner inom m\u00e4tteknik","publisher":{"@id":"https:\/\/www.nordtec.se\/en\/#organization"},"potentialAction":[{"@type":"SearchAction","target":{"@type":"EntryPoint","urlTemplate":"https:\/\/www.nordtec.se\/en\/?s={search_term_string}"},"query-input":{"@type":"PropertyValueSpecification","valueRequired":true,"valueName":"search_term_string"}}],"inLanguage":"en-US"},{"@type":"Organization","@id":"https:\/\/www.nordtec.se\/en\/#organization","name":"Nordtec Instrument AB","url":"https:\/\/www.nordtec.se\/en\/","logo":{"@type":"ImageObject","inLanguage":"en-US","@id":"https:\/\/www.nordtec.se\/en\/#\/schema\/logo\/image\/","url":"https:\/\/www.nordtec.se\/wp-content\/uploads\/2021\/08\/nordtec_logo_rgb-340px.png","contentUrl":"https:\/\/www.nordtec.se\/wp-content\/uploads\/2021\/08\/nordtec_logo_rgb-340px.png","width":340,"height":75,"caption":"Nordtec Instrument AB"},"image":{"@id":"https:\/\/www.nordtec.se\/en\/#\/schema\/logo\/image\/"},"sameAs":["https:\/\/www.facebook.com\/nordtecinstrument","https:\/\/www.instagram.com\/nordtec_instrument\/","https:\/\/www.linkedin.com\/company\/nordtec-instrument-ab\/","https:\/\/www.youtube.com\/channel\/UCbmAq3ZmfBKOGg7_igFURng"]}]}},"taxonomy_info":{"product_brand":[{"value":1435,"label":"Testo"}],"product_cat":[{"value":786,"label":"IR thermometers"},{"value":768,"label":"Measuring instruments"},{"value":778,"label":"Temperature gauges"}],"product_tag":[{"value":866,"label":"Fastighet"},{"value":878,"label":"IR-termometrar"},{"value":965,"label":"\u00d6ver +200 \u00b0C"},{"value":964,"label":"\u00d6ver +50 \u00b0C"},{"value":912,"label":"TE typ K"},{"value":930,"label":"Under -20 \u00b0C"}]},"featured_image_src_large":["https:\/\/www.nordtec.se\/wp-content\/uploads\/2022\/03\/830-T4-matset_800px.jpg",800,800,false],"author_info":[],"comment_info":"","_links":{"self":[{"href":"https:\/\/www.nordtec.se\/en\/wp-json\/wp\/v2\/product\/41204","targetHints":{"allow":["GET"]}}],"collection":[{"href":"https:\/\/www.nordtec.se\/en\/wp-json\/wp\/v2\/product"}],"about":[{"href":"https:\/\/www.nordtec.se\/en\/wp-json\/wp\/v2\/types\/product"}],"version-history":[{"count":1,"href":"https:\/\/www.nordtec.se\/en\/wp-json\/wp\/v2\/product\/41204\/revisions"}],"predecessor-version":[{"id":43925,"href":"https:\/\/www.nordtec.se\/en\/wp-json\/wp\/v2\/product\/41204\/revisions\/43925"}],"wp:featuredmedia":[{"embeddable":true,"href":"https:\/\/www.nordtec.se\/en\/wp-json\/wp\/v2\/media\/39052"}],"wp:attachment":[{"href":"https:\/\/www.nordtec.se\/en\/wp-json\/wp\/v2\/media?parent=41204"}],"wp:term":[{"taxonomy":"product_brand","embeddable":true,"href":"https:\/\/www.nordtec.se\/en\/wp-json\/wp\/v2\/product_brand?post=41204"},{"taxonomy":"product_cat","embeddable":true,"href":"https:\/\/www.nordtec.se\/en\/wp-json\/wp\/v2\/product_cat?post=41204"},{"taxonomy":"product_tag","embeddable":true,"href":"https:\/\/www.nordtec.se\/en\/wp-json\/wp\/v2\/product_tag?post=41204"}],"curies":[{"name":"wp","href":"https:\/\/api.w.org\/{rel}","templated":true}]}}