{"id":41209,"date":"2022-03-08T16:52:03","date_gmt":"2022-03-08T14:52:03","guid":{"rendered":"https:\/\/www.nordtec.se\/produkt\/uncategorized\/testo-108-2-food-thermometer-with-screw-on-temperature-sensor\/"},"modified":"2025-05-06T14:31:55","modified_gmt":"2025-05-06T12:31:55","slug":"testo-108-2-food-thermometer-with-screw-on-temperature-sensor","status":"publish","type":"product","link":"https:\/\/www.nordtec.se\/en\/product\/measuring-instruments\/temperature-gauges\/thermometers\/testo-108-2-food-thermometer-with-screw-on-temperature-sensor\/","title":{"rendered":"testo 108-2 &#8211; Food thermometer with screw-on temperature probe"},"content":{"rendered":"<h2>testo 108-2 &#8211; food thermometer with screw-in temperature probe<\/h2>\n<p>testo 108-2 can be used in every conceivable application. Especially suitable for tougher applications in e.g. food industry thanks to its robust sensor connection.<\/p>\n<p>The instrument is very durable and the included protective case (SoftCase) further increases its robustness and makes it almost completely waterproof.<\/p>\n<h2>Advantages of the food thermometer testo 108-2<\/h2>\n<ul>\n<li>Fixed lockable temperature sensor for safe handling<\/li>\n<li>Auto-hold, hold and min\/max function<\/li>\n<li>Useful across the food industry<\/li>\n<li>Safe handling even with frequent staff changes<\/li>\n<li>The temperature sensor can be stored in the SoftCase case.<\/li>\n<li>The temperature meter with connected sensor is waterproof according to IP 67.<\/li>\n<\/ul>\n<h2>Included on delivery<\/h2>\n<p>The testo 108-2 food thermometer with screw-on temperature probe, SoftCase protective case, batteries, Swedish operating instructions and factory protocol.<\/p>\n<h2>K\u00f6p med kalibrering<\/h2>\r\n<p>Beh\u00f6ver du ett kalibrerat m\u00e4tinstrument? V\u00e4lj \u00f6nskad produktvariant ovanf\u00f6r k\u00f6pknappen.\u00a0<\/p>\r\n<p><a class=\"button\" href=\"\/kalibrering\">L\u00e4s mer om kalibrering<\/a><\/p>\n","protected":false},"excerpt":{"rendered":"<p style=\"text-align: left;\">Extra-robust food thermometer with waterproof screw-on sensor connection.<\/p>\n<ul>\n<li style=\"text-align: left;\">Waterproof IP67<\/li>\n<li style=\"text-align: left;\">Adapted for HACCP and EN13485<\/li>\n<li style=\"text-align: left;\">Large and clear display<\/li>\n<li style=\"text-align: left;\">Robust and impact resistant<\/li>\n<\/ul>\n","protected":false},"featured_media":37728,"template":"","meta":{"_kad_blocks_custom_css":"","_kad_blocks_head_custom_js":"","_kad_blocks_body_custom_js":"","_kad_blocks_footer_custom_js":"","footnotes":""},"product_brand":[1435],"product_cat":[784,768,778,830],"product_tag":[884,965,964,912,913,930],"class_list":{"0":"post-41209","1":"product","2":"type-product","3":"status-publish","4":"has-post-thumbnail","6":"product_brand-testo","7":"product_cat-food-instruments","8":"product_cat-measuring-instruments","9":"product_cat-temperature-gauges","10":"product_cat-thermometers","11":"product_tag-livs-en","12":"product_tag-over-200-grader-en","13":"product_tag-over-50-grader-en","14":"product_tag-tek-en","15":"product_tag-tet-en","16":"product_tag-under-minus-20-grader-en","18":"first","19":"instock","20":"taxable","21":"shipping-taxable","22":"purchasable","23":"product-type-simple"},"yoast_head":"<!-- This site is optimized with the Yoast SEO Premium plugin v27.3 (Yoast SEO v27.5) - https:\/\/yoast.com\/product\/yoast-seo-premium-wordpress\/ -->\n<title>Food thermometer with screw-in sensor | Nordtec<\/title>\n<meta name=\"description\" content=\"Food thermometer with screw-on sensor \u1405 testo 108-2 \u2713 Especially suitable for tougher applications \u2713 Auto-hold, hold and min\/max function\" \/>\n<meta name=\"robots\" content=\"index, follow, max-snippet:-1, max-image-preview:large, max-video-preview:-1\" \/>\n<link rel=\"canonical\" href=\"https:\/\/www.nordtec.se\/en\/product\/measuring-instruments\/temperature-gauges\/thermometers\/testo-108-2-food-thermometer-with-screw-on-temperature-sensor\/\" \/>\n<meta property=\"og:locale\" content=\"en_US\" \/>\n<meta property=\"og:type\" content=\"article\" \/>\n<meta property=\"og:title\" content=\"testo 108-2 - Food thermometer with screw-on temperature probe\" \/>\n<meta property=\"og:description\" content=\"Food thermometer with screw-on sensor \u1405 testo 108-2 \u2713 Especially suitable for tougher applications \u2713 Auto-hold, hold and min\/max function\" \/>\n<meta property=\"og:url\" content=\"https:\/\/www.nordtec.se\/en\/product\/measuring-instruments\/temperature-gauges\/thermometers\/testo-108-2-food-thermometer-with-screw-on-temperature-sensor\/\" \/>\n<meta property=\"og:site_name\" content=\"Nordtec\" \/>\n<meta property=\"article:publisher\" content=\"https:\/\/www.facebook.com\/nordtecinstrument\" \/>\n<meta property=\"article:modified_time\" content=\"2025-05-06T12:31:55+00:00\" \/>\n<meta property=\"og:image\" content=\"https:\/\/www.nordtec.se\/wp-content\/uploads\/2022\/03\/testo-108-2-front-0563-1082-800px.png\" \/>\n\t<meta property=\"og:image:width\" content=\"800\" \/>\n\t<meta property=\"og:image:height\" content=\"800\" \/>\n\t<meta property=\"og:image:type\" content=\"image\/png\" \/>\n<meta name=\"twitter:card\" content=\"summary_large_image\" \/>\n<meta name=\"twitter:label1\" content=\"Est. reading time\" \/>\n\t<meta name=\"twitter:data1\" content=\"1 minute\" \/>\n<script type=\"application\/ld+json\" class=\"yoast-schema-graph\">{\"@context\":\"https:\\\/\\\/schema.org\",\"@graph\":[{\"@type\":[\"WebPage\",\"ItemPage\"],\"@id\":\"https:\\\/\\\/www.nordtec.se\\\/en\\\/product\\\/measuring-instruments\\\/temperature-gauges\\\/thermometers\\\/testo-108-2-food-thermometer-with-screw-on-temperature-sensor\\\/\",\"url\":\"https:\\\/\\\/www.nordtec.se\\\/en\\\/product\\\/measuring-instruments\\\/temperature-gauges\\\/thermometers\\\/testo-108-2-food-thermometer-with-screw-on-temperature-sensor\\\/\",\"name\":\"Food thermometer with screw-in sensor | Nordtec\",\"isPartOf\":{\"@id\":\"https:\\\/\\\/www.nordtec.se\\\/en\\\/#website\"},\"primaryImageOfPage\":{\"@id\":\"https:\\\/\\\/www.nordtec.se\\\/en\\\/product\\\/measuring-instruments\\\/temperature-gauges\\\/thermometers\\\/testo-108-2-food-thermometer-with-screw-on-temperature-sensor\\\/#primaryimage\"},\"image\":{\"@id\":\"https:\\\/\\\/www.nordtec.se\\\/en\\\/product\\\/measuring-instruments\\\/temperature-gauges\\\/thermometers\\\/testo-108-2-food-thermometer-with-screw-on-temperature-sensor\\\/#primaryimage\"},\"thumbnailUrl\":\"https:\\\/\\\/www.nordtec.se\\\/wp-content\\\/uploads\\\/2022\\\/03\\\/testo-108-2-front-0563-1082-800px.png\",\"datePublished\":\"2022-03-08T14:52:03+00:00\",\"dateModified\":\"2025-05-06T12:31:55+00:00\",\"description\":\"Food thermometer with screw-on sensor \u1405 testo 108-2 \u2713 Especially suitable for tougher applications \u2713 Auto-hold, hold and min\\\/max function\",\"breadcrumb\":{\"@id\":\"https:\\\/\\\/www.nordtec.se\\\/en\\\/product\\\/measuring-instruments\\\/temperature-gauges\\\/thermometers\\\/testo-108-2-food-thermometer-with-screw-on-temperature-sensor\\\/#breadcrumb\"},\"inLanguage\":\"en-US\",\"potentialAction\":[{\"@type\":\"ReadAction\",\"target\":[\"https:\\\/\\\/www.nordtec.se\\\/en\\\/product\\\/measuring-instruments\\\/temperature-gauges\\\/thermometers\\\/testo-108-2-food-thermometer-with-screw-on-temperature-sensor\\\/\"]}]},{\"@type\":\"ImageObject\",\"inLanguage\":\"en-US\",\"@id\":\"https:\\\/\\\/www.nordtec.se\\\/en\\\/product\\\/measuring-instruments\\\/temperature-gauges\\\/thermometers\\\/testo-108-2-food-thermometer-with-screw-on-temperature-sensor\\\/#primaryimage\",\"url\":\"https:\\\/\\\/www.nordtec.se\\\/wp-content\\\/uploads\\\/2022\\\/03\\\/testo-108-2-front-0563-1082-800px.png\",\"contentUrl\":\"https:\\\/\\\/www.nordtec.se\\\/wp-content\\\/uploads\\\/2022\\\/03\\\/testo-108-2-front-0563-1082-800px.png\",\"width\":800,\"height\":800,\"caption\":\"testo 108-2 with robust connector\"},{\"@type\":\"BreadcrumbList\",\"@id\":\"https:\\\/\\\/www.nordtec.se\\\/en\\\/product\\\/measuring-instruments\\\/temperature-gauges\\\/thermometers\\\/testo-108-2-food-thermometer-with-screw-on-temperature-sensor\\\/#breadcrumb\",\"itemListElement\":[{\"@type\":\"ListItem\",\"position\":1,\"name\":\"Hem\",\"item\":\"https:\\\/\\\/www.nordtec.se\\\/en\\\/\"},{\"@type\":\"ListItem\",\"position\":2,\"name\":\"Shop\",\"item\":\"https:\\\/\\\/www.nordtec.se\\\/shop\\\/?lang=en\"},{\"@type\":\"ListItem\",\"position\":3,\"name\":\"testo 108-2 &#8211; Food thermometer with screw-on temperature probe\"}]},{\"@type\":\"WebSite\",\"@id\":\"https:\\\/\\\/www.nordtec.se\\\/en\\\/#website\",\"url\":\"https:\\\/\\\/www.nordtec.se\\\/en\\\/\",\"name\":\"Nordtec\",\"description\":\"Din partner inom m\u00e4tteknik\",\"publisher\":{\"@id\":\"https:\\\/\\\/www.nordtec.se\\\/en\\\/#organization\"},\"potentialAction\":[{\"@type\":\"SearchAction\",\"target\":{\"@type\":\"EntryPoint\",\"urlTemplate\":\"https:\\\/\\\/www.nordtec.se\\\/en\\\/?s={search_term_string}\"},\"query-input\":{\"@type\":\"PropertyValueSpecification\",\"valueRequired\":true,\"valueName\":\"search_term_string\"}}],\"inLanguage\":\"en-US\"},{\"@type\":\"Organization\",\"@id\":\"https:\\\/\\\/www.nordtec.se\\\/en\\\/#organization\",\"name\":\"Nordtec Instrument AB\",\"url\":\"https:\\\/\\\/www.nordtec.se\\\/en\\\/\",\"logo\":{\"@type\":\"ImageObject\",\"inLanguage\":\"en-US\",\"@id\":\"https:\\\/\\\/www.nordtec.se\\\/en\\\/#\\\/schema\\\/logo\\\/image\\\/\",\"url\":\"https:\\\/\\\/www.nordtec.se\\\/wp-content\\\/uploads\\\/2021\\\/08\\\/nordtec_logo_rgb-340px.png\",\"contentUrl\":\"https:\\\/\\\/www.nordtec.se\\\/wp-content\\\/uploads\\\/2021\\\/08\\\/nordtec_logo_rgb-340px.png\",\"width\":340,\"height\":75,\"caption\":\"Nordtec Instrument AB\"},\"image\":{\"@id\":\"https:\\\/\\\/www.nordtec.se\\\/en\\\/#\\\/schema\\\/logo\\\/image\\\/\"},\"sameAs\":[\"https:\\\/\\\/www.facebook.com\\\/nordtecinstrument\",\"https:\\\/\\\/www.instagram.com\\\/nordtec_instrument\\\/\",\"https:\\\/\\\/www.linkedin.com\\\/company\\\/nordtec-instrument-ab\\\/\",\"https:\\\/\\\/www.youtube.com\\\/channel\\\/UCbmAq3ZmfBKOGg7_igFURng\"]}]}<\/script>\n<!-- \/ Yoast SEO Premium plugin. -->","yoast_head_json":{"title":"Food thermometer with screw-in sensor | Nordtec","description":"Food thermometer with screw-on sensor \u1405 testo 108-2 \u2713 Especially suitable for tougher applications \u2713 Auto-hold, hold and min\/max function","robots":{"index":"index","follow":"follow","max-snippet":"max-snippet:-1","max-image-preview":"max-image-preview:large","max-video-preview":"max-video-preview:-1"},"canonical":"https:\/\/www.nordtec.se\/en\/product\/measuring-instruments\/temperature-gauges\/thermometers\/testo-108-2-food-thermometer-with-screw-on-temperature-sensor\/","og_locale":"en_US","og_type":"article","og_title":"testo 108-2 - Food thermometer with screw-on temperature probe","og_description":"Food thermometer with screw-on sensor \u1405 testo 108-2 \u2713 Especially suitable for tougher applications \u2713 Auto-hold, hold and min\/max function","og_url":"https:\/\/www.nordtec.se\/en\/product\/measuring-instruments\/temperature-gauges\/thermometers\/testo-108-2-food-thermometer-with-screw-on-temperature-sensor\/","og_site_name":"Nordtec","article_publisher":"https:\/\/www.facebook.com\/nordtecinstrument","article_modified_time":"2025-05-06T12:31:55+00:00","og_image":[{"width":800,"height":800,"url":"https:\/\/www.nordtec.se\/wp-content\/uploads\/2022\/03\/testo-108-2-front-0563-1082-800px.png","type":"image\/png"}],"twitter_card":"summary_large_image","twitter_misc":{"Est. reading time":"1 minute"},"schema":{"@context":"https:\/\/schema.org","@graph":[{"@type":["WebPage","ItemPage"],"@id":"https:\/\/www.nordtec.se\/en\/product\/measuring-instruments\/temperature-gauges\/thermometers\/testo-108-2-food-thermometer-with-screw-on-temperature-sensor\/","url":"https:\/\/www.nordtec.se\/en\/product\/measuring-instruments\/temperature-gauges\/thermometers\/testo-108-2-food-thermometer-with-screw-on-temperature-sensor\/","name":"Food thermometer with screw-in sensor | Nordtec","isPartOf":{"@id":"https:\/\/www.nordtec.se\/en\/#website"},"primaryImageOfPage":{"@id":"https:\/\/www.nordtec.se\/en\/product\/measuring-instruments\/temperature-gauges\/thermometers\/testo-108-2-food-thermometer-with-screw-on-temperature-sensor\/#primaryimage"},"image":{"@id":"https:\/\/www.nordtec.se\/en\/product\/measuring-instruments\/temperature-gauges\/thermometers\/testo-108-2-food-thermometer-with-screw-on-temperature-sensor\/#primaryimage"},"thumbnailUrl":"https:\/\/www.nordtec.se\/wp-content\/uploads\/2022\/03\/testo-108-2-front-0563-1082-800px.png","datePublished":"2022-03-08T14:52:03+00:00","dateModified":"2025-05-06T12:31:55+00:00","description":"Food thermometer with screw-on sensor \u1405 testo 108-2 \u2713 Especially suitable for tougher applications \u2713 Auto-hold, hold and min\/max function","breadcrumb":{"@id":"https:\/\/www.nordtec.se\/en\/product\/measuring-instruments\/temperature-gauges\/thermometers\/testo-108-2-food-thermometer-with-screw-on-temperature-sensor\/#breadcrumb"},"inLanguage":"en-US","potentialAction":[{"@type":"ReadAction","target":["https:\/\/www.nordtec.se\/en\/product\/measuring-instruments\/temperature-gauges\/thermometers\/testo-108-2-food-thermometer-with-screw-on-temperature-sensor\/"]}]},{"@type":"ImageObject","inLanguage":"en-US","@id":"https:\/\/www.nordtec.se\/en\/product\/measuring-instruments\/temperature-gauges\/thermometers\/testo-108-2-food-thermometer-with-screw-on-temperature-sensor\/#primaryimage","url":"https:\/\/www.nordtec.se\/wp-content\/uploads\/2022\/03\/testo-108-2-front-0563-1082-800px.png","contentUrl":"https:\/\/www.nordtec.se\/wp-content\/uploads\/2022\/03\/testo-108-2-front-0563-1082-800px.png","width":800,"height":800,"caption":"testo 108-2 with robust connector"},{"@type":"BreadcrumbList","@id":"https:\/\/www.nordtec.se\/en\/product\/measuring-instruments\/temperature-gauges\/thermometers\/testo-108-2-food-thermometer-with-screw-on-temperature-sensor\/#breadcrumb","itemListElement":[{"@type":"ListItem","position":1,"name":"Hem","item":"https:\/\/www.nordtec.se\/en\/"},{"@type":"ListItem","position":2,"name":"Shop","item":"https:\/\/www.nordtec.se\/shop\/?lang=en"},{"@type":"ListItem","position":3,"name":"testo 108-2 &#8211; Food thermometer with screw-on temperature probe"}]},{"@type":"WebSite","@id":"https:\/\/www.nordtec.se\/en\/#website","url":"https:\/\/www.nordtec.se\/en\/","name":"Nordtec","description":"Din partner inom m\u00e4tteknik","publisher":{"@id":"https:\/\/www.nordtec.se\/en\/#organization"},"potentialAction":[{"@type":"SearchAction","target":{"@type":"EntryPoint","urlTemplate":"https:\/\/www.nordtec.se\/en\/?s={search_term_string}"},"query-input":{"@type":"PropertyValueSpecification","valueRequired":true,"valueName":"search_term_string"}}],"inLanguage":"en-US"},{"@type":"Organization","@id":"https:\/\/www.nordtec.se\/en\/#organization","name":"Nordtec Instrument AB","url":"https:\/\/www.nordtec.se\/en\/","logo":{"@type":"ImageObject","inLanguage":"en-US","@id":"https:\/\/www.nordtec.se\/en\/#\/schema\/logo\/image\/","url":"https:\/\/www.nordtec.se\/wp-content\/uploads\/2021\/08\/nordtec_logo_rgb-340px.png","contentUrl":"https:\/\/www.nordtec.se\/wp-content\/uploads\/2021\/08\/nordtec_logo_rgb-340px.png","width":340,"height":75,"caption":"Nordtec Instrument AB"},"image":{"@id":"https:\/\/www.nordtec.se\/en\/#\/schema\/logo\/image\/"},"sameAs":["https:\/\/www.facebook.com\/nordtecinstrument","https:\/\/www.instagram.com\/nordtec_instrument\/","https:\/\/www.linkedin.com\/company\/nordtec-instrument-ab\/","https:\/\/www.youtube.com\/channel\/UCbmAq3ZmfBKOGg7_igFURng"]}]}},"taxonomy_info":{"product_brand":[{"value":1435,"label":"Testo"}],"product_cat":[{"value":784,"label":"Food instruments"},{"value":768,"label":"Measuring instruments"},{"value":778,"label":"Temperature gauges"},{"value":830,"label":"Thermometers"}],"product_tag":[{"value":884,"label":"Livsmedel"},{"value":965,"label":"\u00d6ver +200 \u00b0C"},{"value":964,"label":"\u00d6ver +50 \u00b0C"},{"value":912,"label":"TE typ K"},{"value":913,"label":"TE typ T"},{"value":930,"label":"Under -20 \u00b0C"}]},"featured_image_src_large":["https:\/\/www.nordtec.se\/wp-content\/uploads\/2022\/03\/testo-108-2-front-0563-1082-800px.png",800,800,false],"author_info":[],"comment_info":"","_links":{"self":[{"href":"https:\/\/www.nordtec.se\/en\/wp-json\/wp\/v2\/product\/41209","targetHints":{"allow":["GET"]}}],"collection":[{"href":"https:\/\/www.nordtec.se\/en\/wp-json\/wp\/v2\/product"}],"about":[{"href":"https:\/\/www.nordtec.se\/en\/wp-json\/wp\/v2\/types\/product"}],"version-history":[{"count":1,"href":"https:\/\/www.nordtec.se\/en\/wp-json\/wp\/v2\/product\/41209\/revisions"}],"predecessor-version":[{"id":43799,"href":"https:\/\/www.nordtec.se\/en\/wp-json\/wp\/v2\/product\/41209\/revisions\/43799"}],"wp:featuredmedia":[{"embeddable":true,"href":"https:\/\/www.nordtec.se\/en\/wp-json\/wp\/v2\/media\/37728"}],"wp:attachment":[{"href":"https:\/\/www.nordtec.se\/en\/wp-json\/wp\/v2\/media?parent=41209"}],"wp:term":[{"taxonomy":"product_brand","embeddable":true,"href":"https:\/\/www.nordtec.se\/en\/wp-json\/wp\/v2\/product_brand?post=41209"},{"taxonomy":"product_cat","embeddable":true,"href":"https:\/\/www.nordtec.se\/en\/wp-json\/wp\/v2\/product_cat?post=41209"},{"taxonomy":"product_tag","embeddable":true,"href":"https:\/\/www.nordtec.se\/en\/wp-json\/wp\/v2\/product_tag?post=41209"}],"curies":[{"name":"wp","href":"https:\/\/api.w.org\/{rel}","templated":true}]}}