{"id":41218,"date":"2022-03-08T16:52:08","date_gmt":"2022-03-08T14:52:08","guid":{"rendered":"https:\/\/www.nordtec.se\/produkt\/uncategorized\/testo-830-t2-ir-air-liquid-and-surface-measurement-kit\/"},"modified":"2025-05-06T14:32:55","modified_gmt":"2025-05-06T12:32:55","slug":"testo-830-t2-ir-air-liquid-and-surface-measurement-kit","status":"publish","type":"product","link":"https:\/\/www.nordtec.se\/en\/product\/measuring-instruments\/temperature-gauges\/ir-thermometers\/testo-830-t2-ir-air-liquid-and-surface-measurement-kit\/","title":{"rendered":"testo 830-T2 &#8211; IR, air, liquid and surface measurement kit"},"content":{"rendered":"<h2>Measurement kit testo 830-2 &#8211; IR thermometer<\/h2>\n<p>With this kit you can perform all kinds of non-contact IR temperature measurements such as the following on walls, windows, radiators, floors, etc. In addition, quick measurements of e.g. room temperatures and hot water can be carried out by connecting the air\/liquid sensor, furthermore accurate and quick measurement of pipe temperatures with the mini surface sensor.<\/p>\n<p>Adjustable emission factor setting which allows you to adapt the IR thermometer to different materials to achieve the best possible measurement results. For high gloss surfaces with very low emission, we recommend using an optional emission tape which significantly improves the measurement result.<\/p>\n<h2>Features and benefits of the IR thermometer testo 830-T2<\/h2>\n<p>Choose from a very wide range of external thermocouple sensors type K. Resilient fast surface temperature sensor, waterproof immersion sensor or e.g. a versatile wire sensor are some of the sensors available. Using an external surface temperature sensor, you can set the emission factor for a specific material. On &#8216;difficult&#8217; surfaces, you can use emission tape and then measure the surface temperature of the tape surface with the IR temperature sensor. A very flexible and useful instrument that fits in any toolbox.<\/p>\n<p><strong>A summary of the benefits:<\/strong><\/p>\n<ul>\n<li>Wide range of type K thermocouple sensors<\/li>\n<li>High resolution processor for best accuracy (0.1\u00b0C resolution)<\/li>\n<li>12:1 optics for precise measurements even at medium distances<\/li>\n<li>The IR thermometer&#8217;s 2-point laser sight makes it easy to identify the measuring surface.<\/li>\n<li>Two alarm thresholds<\/li>\n<li>Light and sound alarms if limit values are exceeded<\/li>\n<li>Min\/max value display and hold function<\/li>\n<li>Comfortable one-handed handling thanks to its ergonomic design<\/li>\n<li>Clear, illuminated display<\/li>\n<\/ul>\n<h2>Included in the measurement set<\/h2>\n<p>IR thermometer testo 830-T2, air\/liquid sensor, mini surface temperature sensor, case, factory protocol and batteries.<\/p>\n<p><span class=\"ui-provider ed ayd aye ayf ayg ayh ayi ayj ayk ayl aym ayn ayo ayp ayq ayr ays ayt ayu ayv ayw ayx ayy ayz aza azb azc azd aze azf azg azh azi azj azk\" dir=\"ltr\"><strong>Fabriksprotokoll:<\/strong>\u00a0utf\u00e4rdas p\u00e5 fabriken efter en kontroll av att produkten fungerar och uppfyller angiven m\u00e4tnoggrannhet. L\u00e4s om <a href=\"https:\/\/www.nordtec.se\/kalibrering\/iso-9001-kraver-kalibrerad-matutrustning\/\"><u>skillnaden mellan fabriksprotokoll och ackrediterad kalibrering<\/u><\/a>.<\/span><\/p>\n","protected":false},"excerpt":{"rendered":"<p style=\"text-align: left;\">Measurement kit including fast air\/liquid sensor, mini surface temperature sensor and carrying case.<\/p>\n<ul>\n<li style=\"text-align: left;\">Clear 2-point laser sight.<\/li>\n<li style=\"text-align: left;\">Measuring optics 12:1<\/li>\n<li style=\"text-align: left;\">Adjustable emission factor<\/li>\n<\/ul>\n","protected":false},"featured_media":39030,"template":"","meta":{"_kad_blocks_custom_css":"","_kad_blocks_head_custom_js":"","_kad_blocks_body_custom_js":"","_kad_blocks_footer_custom_js":"","footnotes":""},"product_brand":[1435],"product_cat":[787,782,786,768,778],"product_tag":[866,878,965,964,912,930],"class_list":{"0":"post-41218","1":"product","2":"type-product","3":"status-publish","4":"has-post-thumbnail","6":"product_brand-testo","7":"product_cat-building-technology","8":"product_cat-hvac-property","9":"product_cat-ir-thermometers","10":"product_cat-measuring-instruments","11":"product_cat-temperature-gauges","12":"product_tag-fastighet-en","13":"product_tag-infrared-en","14":"product_tag-over-200-grader-en","15":"product_tag-over-50-grader-en","16":"product_tag-tek-en","17":"product_tag-under-minus-20-grader-en","19":"first","20":"onbackorder","21":"taxable","22":"shipping-taxable","23":"purchasable","24":"product-type-simple"},"yoast_head":"<!-- This site is optimized with the Yoast SEO Premium plugin v27.3 (Yoast SEO v27.4) - https:\/\/yoast.com\/product\/yoast-seo-premium-wordpress\/ -->\n<title>testo 830-T2 - IR, air, liquid and surface measurement kit | Nordtec<\/title>\n<meta name=\"description\" content=\"IR thermometer with fast air\/liquid sensor and surface temperature sensor \u1405 testo 830-T2 \u2713 Clear 2-point laser sight \u2713 Measuring optics 12:1 \u2713 Adjustable emission factor\" \/>\n<meta name=\"robots\" content=\"index, follow, max-snippet:-1, max-image-preview:large, max-video-preview:-1\" \/>\n<link rel=\"canonical\" href=\"https:\/\/www.nordtec.se\/en\/product\/measuring-instruments\/temperature-gauges\/ir-thermometers\/testo-830-t2-ir-air-liquid-and-surface-measurement-kit\/\" \/>\n<meta property=\"og:locale\" content=\"en_US\" \/>\n<meta property=\"og:type\" content=\"article\" \/>\n<meta property=\"og:title\" content=\"testo 830-T2 - IR, air, liquid and surface measurement kit\" \/>\n<meta property=\"og:description\" content=\"IR thermometer with fast air\/liquid sensor and surface temperature sensor \u1405 testo 830-T2 \u2713 Clear 2-point laser sight \u2713 Measuring optics 12:1 \u2713 Adjustable emission factor\" \/>\n<meta property=\"og:url\" content=\"https:\/\/www.nordtec.se\/en\/product\/measuring-instruments\/temperature-gauges\/ir-thermometers\/testo-830-t2-ir-air-liquid-and-surface-measurement-kit\/\" \/>\n<meta property=\"og:site_name\" content=\"Nordtec\" \/>\n<meta property=\"article:publisher\" content=\"https:\/\/www.facebook.com\/nordtecinstrument\" \/>\n<meta property=\"article:modified_time\" content=\"2025-05-06T12:32:55+00:00\" \/>\n<meta property=\"og:image\" content=\"https:\/\/www.nordtec.se\/wp-content\/uploads\/2022\/03\/Matset-0563-8303_800px.jpg\" \/>\n\t<meta property=\"og:image:width\" content=\"800\" \/>\n\t<meta property=\"og:image:height\" content=\"800\" \/>\n\t<meta property=\"og:image:type\" content=\"image\/jpeg\" \/>\n<meta name=\"twitter:card\" content=\"summary_large_image\" \/>\n<meta name=\"twitter:label1\" content=\"Est. reading time\" \/>\n\t<meta name=\"twitter:data1\" content=\"2 minutes\" \/>\n<script type=\"application\/ld+json\" class=\"yoast-schema-graph\">{\"@context\":\"https:\\\/\\\/schema.org\",\"@graph\":[{\"@type\":[\"WebPage\",\"ItemPage\"],\"@id\":\"https:\\\/\\\/www.nordtec.se\\\/en\\\/product\\\/measuring-instruments\\\/temperature-gauges\\\/ir-thermometers\\\/testo-830-t2-ir-air-liquid-and-surface-measurement-kit\\\/\",\"url\":\"https:\\\/\\\/www.nordtec.se\\\/en\\\/product\\\/measuring-instruments\\\/temperature-gauges\\\/ir-thermometers\\\/testo-830-t2-ir-air-liquid-and-surface-measurement-kit\\\/\",\"name\":\"testo 830-T2 - IR, air, liquid and surface measurement kit | Nordtec\",\"isPartOf\":{\"@id\":\"https:\\\/\\\/www.nordtec.se\\\/en\\\/#website\"},\"primaryImageOfPage\":{\"@id\":\"https:\\\/\\\/www.nordtec.se\\\/en\\\/product\\\/measuring-instruments\\\/temperature-gauges\\\/ir-thermometers\\\/testo-830-t2-ir-air-liquid-and-surface-measurement-kit\\\/#primaryimage\"},\"image\":{\"@id\":\"https:\\\/\\\/www.nordtec.se\\\/en\\\/product\\\/measuring-instruments\\\/temperature-gauges\\\/ir-thermometers\\\/testo-830-t2-ir-air-liquid-and-surface-measurement-kit\\\/#primaryimage\"},\"thumbnailUrl\":\"https:\\\/\\\/www.nordtec.se\\\/wp-content\\\/uploads\\\/2022\\\/03\\\/Matset-0563-8303_800px.jpg\",\"datePublished\":\"2022-03-08T14:52:08+00:00\",\"dateModified\":\"2025-05-06T12:32:55+00:00\",\"description\":\"IR thermometer with fast air\\\/liquid sensor and surface temperature sensor \u1405 testo 830-T2 \u2713 Clear 2-point laser sight \u2713 Measuring optics 12:1 \u2713 Adjustable emission factor\",\"breadcrumb\":{\"@id\":\"https:\\\/\\\/www.nordtec.se\\\/en\\\/product\\\/measuring-instruments\\\/temperature-gauges\\\/ir-thermometers\\\/testo-830-t2-ir-air-liquid-and-surface-measurement-kit\\\/#breadcrumb\"},\"inLanguage\":\"en-US\",\"potentialAction\":[{\"@type\":\"ReadAction\",\"target\":[\"https:\\\/\\\/www.nordtec.se\\\/en\\\/product\\\/measuring-instruments\\\/temperature-gauges\\\/ir-thermometers\\\/testo-830-t2-ir-air-liquid-and-surface-measurement-kit\\\/\"]}]},{\"@type\":\"ImageObject\",\"inLanguage\":\"en-US\",\"@id\":\"https:\\\/\\\/www.nordtec.se\\\/en\\\/product\\\/measuring-instruments\\\/temperature-gauges\\\/ir-thermometers\\\/testo-830-t2-ir-air-liquid-and-surface-measurement-kit\\\/#primaryimage\",\"url\":\"https:\\\/\\\/www.nordtec.se\\\/wp-content\\\/uploads\\\/2022\\\/03\\\/Matset-0563-8303_800px.jpg\",\"contentUrl\":\"https:\\\/\\\/www.nordtec.se\\\/wp-content\\\/uploads\\\/2022\\\/03\\\/Matset-0563-8303_800px.jpg\",\"width\":800,\"height\":800,\"caption\":\"Measurement set testo 830-T2 for IR. air, liquid, surface\"},{\"@type\":\"BreadcrumbList\",\"@id\":\"https:\\\/\\\/www.nordtec.se\\\/en\\\/product\\\/measuring-instruments\\\/temperature-gauges\\\/ir-thermometers\\\/testo-830-t2-ir-air-liquid-and-surface-measurement-kit\\\/#breadcrumb\",\"itemListElement\":[{\"@type\":\"ListItem\",\"position\":1,\"name\":\"Hem\",\"item\":\"https:\\\/\\\/www.nordtec.se\\\/en\\\/\"},{\"@type\":\"ListItem\",\"position\":2,\"name\":\"Shop\",\"item\":\"https:\\\/\\\/www.nordtec.se\\\/shop\\\/?lang=en\"},{\"@type\":\"ListItem\",\"position\":3,\"name\":\"testo 830-T2 &#8211; IR, air, liquid and surface measurement kit\"}]},{\"@type\":\"WebSite\",\"@id\":\"https:\\\/\\\/www.nordtec.se\\\/en\\\/#website\",\"url\":\"https:\\\/\\\/www.nordtec.se\\\/en\\\/\",\"name\":\"Nordtec\",\"description\":\"Din partner inom m\u00e4tteknik\",\"publisher\":{\"@id\":\"https:\\\/\\\/www.nordtec.se\\\/en\\\/#organization\"},\"potentialAction\":[{\"@type\":\"SearchAction\",\"target\":{\"@type\":\"EntryPoint\",\"urlTemplate\":\"https:\\\/\\\/www.nordtec.se\\\/en\\\/?s={search_term_string}\"},\"query-input\":{\"@type\":\"PropertyValueSpecification\",\"valueRequired\":true,\"valueName\":\"search_term_string\"}}],\"inLanguage\":\"en-US\"},{\"@type\":\"Organization\",\"@id\":\"https:\\\/\\\/www.nordtec.se\\\/en\\\/#organization\",\"name\":\"Nordtec Instrument AB\",\"url\":\"https:\\\/\\\/www.nordtec.se\\\/en\\\/\",\"logo\":{\"@type\":\"ImageObject\",\"inLanguage\":\"en-US\",\"@id\":\"https:\\\/\\\/www.nordtec.se\\\/en\\\/#\\\/schema\\\/logo\\\/image\\\/\",\"url\":\"https:\\\/\\\/www.nordtec.se\\\/wp-content\\\/uploads\\\/2021\\\/08\\\/nordtec_logo_rgb-340px.png\",\"contentUrl\":\"https:\\\/\\\/www.nordtec.se\\\/wp-content\\\/uploads\\\/2021\\\/08\\\/nordtec_logo_rgb-340px.png\",\"width\":340,\"height\":75,\"caption\":\"Nordtec Instrument AB\"},\"image\":{\"@id\":\"https:\\\/\\\/www.nordtec.se\\\/en\\\/#\\\/schema\\\/logo\\\/image\\\/\"},\"sameAs\":[\"https:\\\/\\\/www.facebook.com\\\/nordtecinstrument\",\"https:\\\/\\\/www.instagram.com\\\/nordtec_instrument\\\/\",\"https:\\\/\\\/www.linkedin.com\\\/company\\\/nordtec-instrument-ab\\\/\",\"https:\\\/\\\/www.youtube.com\\\/channel\\\/UCbmAq3ZmfBKOGg7_igFURng\"]}]}<\/script>\n<!-- \/ Yoast SEO Premium plugin. -->","yoast_head_json":{"title":"testo 830-T2 - IR, air, liquid and surface measurement kit | Nordtec","description":"IR thermometer with fast air\/liquid sensor and surface temperature sensor \u1405 testo 830-T2 \u2713 Clear 2-point laser sight \u2713 Measuring optics 12:1 \u2713 Adjustable emission factor","robots":{"index":"index","follow":"follow","max-snippet":"max-snippet:-1","max-image-preview":"max-image-preview:large","max-video-preview":"max-video-preview:-1"},"canonical":"https:\/\/www.nordtec.se\/en\/product\/measuring-instruments\/temperature-gauges\/ir-thermometers\/testo-830-t2-ir-air-liquid-and-surface-measurement-kit\/","og_locale":"en_US","og_type":"article","og_title":"testo 830-T2 - IR, air, liquid and surface measurement kit","og_description":"IR thermometer with fast air\/liquid sensor and surface temperature sensor \u1405 testo 830-T2 \u2713 Clear 2-point laser sight \u2713 Measuring optics 12:1 \u2713 Adjustable emission factor","og_url":"https:\/\/www.nordtec.se\/en\/product\/measuring-instruments\/temperature-gauges\/ir-thermometers\/testo-830-t2-ir-air-liquid-and-surface-measurement-kit\/","og_site_name":"Nordtec","article_publisher":"https:\/\/www.facebook.com\/nordtecinstrument","article_modified_time":"2025-05-06T12:32:55+00:00","og_image":[{"width":800,"height":800,"url":"https:\/\/www.nordtec.se\/wp-content\/uploads\/2022\/03\/Matset-0563-8303_800px.jpg","type":"image\/jpeg"}],"twitter_card":"summary_large_image","twitter_misc":{"Est. reading time":"2 minutes"},"schema":{"@context":"https:\/\/schema.org","@graph":[{"@type":["WebPage","ItemPage"],"@id":"https:\/\/www.nordtec.se\/en\/product\/measuring-instruments\/temperature-gauges\/ir-thermometers\/testo-830-t2-ir-air-liquid-and-surface-measurement-kit\/","url":"https:\/\/www.nordtec.se\/en\/product\/measuring-instruments\/temperature-gauges\/ir-thermometers\/testo-830-t2-ir-air-liquid-and-surface-measurement-kit\/","name":"testo 830-T2 - IR, air, liquid and surface measurement kit | Nordtec","isPartOf":{"@id":"https:\/\/www.nordtec.se\/en\/#website"},"primaryImageOfPage":{"@id":"https:\/\/www.nordtec.se\/en\/product\/measuring-instruments\/temperature-gauges\/ir-thermometers\/testo-830-t2-ir-air-liquid-and-surface-measurement-kit\/#primaryimage"},"image":{"@id":"https:\/\/www.nordtec.se\/en\/product\/measuring-instruments\/temperature-gauges\/ir-thermometers\/testo-830-t2-ir-air-liquid-and-surface-measurement-kit\/#primaryimage"},"thumbnailUrl":"https:\/\/www.nordtec.se\/wp-content\/uploads\/2022\/03\/Matset-0563-8303_800px.jpg","datePublished":"2022-03-08T14:52:08+00:00","dateModified":"2025-05-06T12:32:55+00:00","description":"IR thermometer with fast air\/liquid sensor and surface temperature sensor \u1405 testo 830-T2 \u2713 Clear 2-point laser sight \u2713 Measuring optics 12:1 \u2713 Adjustable emission factor","breadcrumb":{"@id":"https:\/\/www.nordtec.se\/en\/product\/measuring-instruments\/temperature-gauges\/ir-thermometers\/testo-830-t2-ir-air-liquid-and-surface-measurement-kit\/#breadcrumb"},"inLanguage":"en-US","potentialAction":[{"@type":"ReadAction","target":["https:\/\/www.nordtec.se\/en\/product\/measuring-instruments\/temperature-gauges\/ir-thermometers\/testo-830-t2-ir-air-liquid-and-surface-measurement-kit\/"]}]},{"@type":"ImageObject","inLanguage":"en-US","@id":"https:\/\/www.nordtec.se\/en\/product\/measuring-instruments\/temperature-gauges\/ir-thermometers\/testo-830-t2-ir-air-liquid-and-surface-measurement-kit\/#primaryimage","url":"https:\/\/www.nordtec.se\/wp-content\/uploads\/2022\/03\/Matset-0563-8303_800px.jpg","contentUrl":"https:\/\/www.nordtec.se\/wp-content\/uploads\/2022\/03\/Matset-0563-8303_800px.jpg","width":800,"height":800,"caption":"Measurement set testo 830-T2 for IR. air, liquid, surface"},{"@type":"BreadcrumbList","@id":"https:\/\/www.nordtec.se\/en\/product\/measuring-instruments\/temperature-gauges\/ir-thermometers\/testo-830-t2-ir-air-liquid-and-surface-measurement-kit\/#breadcrumb","itemListElement":[{"@type":"ListItem","position":1,"name":"Hem","item":"https:\/\/www.nordtec.se\/en\/"},{"@type":"ListItem","position":2,"name":"Shop","item":"https:\/\/www.nordtec.se\/shop\/?lang=en"},{"@type":"ListItem","position":3,"name":"testo 830-T2 &#8211; IR, air, liquid and surface measurement kit"}]},{"@type":"WebSite","@id":"https:\/\/www.nordtec.se\/en\/#website","url":"https:\/\/www.nordtec.se\/en\/","name":"Nordtec","description":"Din partner inom m\u00e4tteknik","publisher":{"@id":"https:\/\/www.nordtec.se\/en\/#organization"},"potentialAction":[{"@type":"SearchAction","target":{"@type":"EntryPoint","urlTemplate":"https:\/\/www.nordtec.se\/en\/?s={search_term_string}"},"query-input":{"@type":"PropertyValueSpecification","valueRequired":true,"valueName":"search_term_string"}}],"inLanguage":"en-US"},{"@type":"Organization","@id":"https:\/\/www.nordtec.se\/en\/#organization","name":"Nordtec Instrument AB","url":"https:\/\/www.nordtec.se\/en\/","logo":{"@type":"ImageObject","inLanguage":"en-US","@id":"https:\/\/www.nordtec.se\/en\/#\/schema\/logo\/image\/","url":"https:\/\/www.nordtec.se\/wp-content\/uploads\/2021\/08\/nordtec_logo_rgb-340px.png","contentUrl":"https:\/\/www.nordtec.se\/wp-content\/uploads\/2021\/08\/nordtec_logo_rgb-340px.png","width":340,"height":75,"caption":"Nordtec Instrument AB"},"image":{"@id":"https:\/\/www.nordtec.se\/en\/#\/schema\/logo\/image\/"},"sameAs":["https:\/\/www.facebook.com\/nordtecinstrument","https:\/\/www.instagram.com\/nordtec_instrument\/","https:\/\/www.linkedin.com\/company\/nordtec-instrument-ab\/","https:\/\/www.youtube.com\/channel\/UCbmAq3ZmfBKOGg7_igFURng"]}]}},"taxonomy_info":{"product_brand":[{"value":1435,"label":"Testo"}],"product_cat":[{"value":787,"label":"Building technology"},{"value":782,"label":"HVAC &amp; Property"},{"value":786,"label":"IR thermometers"},{"value":768,"label":"Measuring instruments"},{"value":778,"label":"Temperature gauges"}],"product_tag":[{"value":866,"label":"Fastighet"},{"value":878,"label":"IR-termometrar"},{"value":965,"label":"\u00d6ver +200 \u00b0C"},{"value":964,"label":"\u00d6ver +50 \u00b0C"},{"value":912,"label":"TE typ K"},{"value":930,"label":"Under -20 \u00b0C"}]},"featured_image_src_large":["https:\/\/www.nordtec.se\/wp-content\/uploads\/2022\/03\/Matset-0563-8303_800px.jpg",800,800,false],"author_info":[],"comment_info":"","_links":{"self":[{"href":"https:\/\/www.nordtec.se\/en\/wp-json\/wp\/v2\/product\/41218","targetHints":{"allow":["GET"]}}],"collection":[{"href":"https:\/\/www.nordtec.se\/en\/wp-json\/wp\/v2\/product"}],"about":[{"href":"https:\/\/www.nordtec.se\/en\/wp-json\/wp\/v2\/types\/product"}],"version-history":[{"count":1,"href":"https:\/\/www.nordtec.se\/en\/wp-json\/wp\/v2\/product\/41218\/revisions"}],"predecessor-version":[{"id":43921,"href":"https:\/\/www.nordtec.se\/en\/wp-json\/wp\/v2\/product\/41218\/revisions\/43921"}],"wp:featuredmedia":[{"embeddable":true,"href":"https:\/\/www.nordtec.se\/en\/wp-json\/wp\/v2\/media\/39030"}],"wp:attachment":[{"href":"https:\/\/www.nordtec.se\/en\/wp-json\/wp\/v2\/media?parent=41218"}],"wp:term":[{"taxonomy":"product_brand","embeddable":true,"href":"https:\/\/www.nordtec.se\/en\/wp-json\/wp\/v2\/product_brand?post=41218"},{"taxonomy":"product_cat","embeddable":true,"href":"https:\/\/www.nordtec.se\/en\/wp-json\/wp\/v2\/product_cat?post=41218"},{"taxonomy":"product_tag","embeddable":true,"href":"https:\/\/www.nordtec.se\/en\/wp-json\/wp\/v2\/product_tag?post=41218"}],"curies":[{"name":"wp","href":"https:\/\/api.w.org\/{rel}","templated":true}]}}