{"id":41220,"date":"2022-03-08T16:52:08","date_gmt":"2022-03-08T14:52:08","guid":{"rendered":"https:\/\/www.nordtec.se\/produkt\/uncategorized\/testo-835-t2-ir-thermometer-up-to-1-500-c\/"},"modified":"2025-05-06T14:30:58","modified_gmt":"2025-05-06T12:30:58","slug":"testo-835-t2-ir-thermometer-up-to-1-500-c","status":"publish","type":"product","link":"https:\/\/www.nordtec.se\/en\/product\/measuring-instruments\/temperature-gauges\/ir-thermometers\/testo-835-t2-ir-thermometer-up-to-1-500-c\/","title":{"rendered":"testo 835-T2 &#8211; IR thermometer up to 1&nbsp;500&nbsp;\u00b0C"},"content":{"rendered":"<h2>testo 835-T2 &#8211; IR thermometer for non-contact measurement up to 1,500\u00b0C<\/h2>\n<p><strong>testo 835-T2<\/strong> is a special model of the 835 series adapted for high temperature measurements up to 1,500 \u00b0C. Like the other models in the series, it can combine non-contact IR temperature measurement and measurement with standard thermocouple sensors for e.g. insertion measurements. Incidentally, it shares all the important features with the other instruments in the series, such as the ability to measure small areas at great distances, e.g., in the form of a single point. 10 cm at a distance of 5 m. In addition, four laser points show exactly where you are measuring. Furthermore, it can store a large number of measurement results under freely selectable site names, which you can then transfer to your computer for further analysis or documentation.<\/p>\n<p>The <strong>testo 835-T2<\/strong> can also be used to log measurement values when connected to a PC via USB cable, thanks to the testo EasyClimate software. The figure below shows curves of IR temperature values and temperature values from a connected type K thermocouple sensor.<\/p>\n<p><a href=\"https:\/\/www.nordtec.se\/wp-content\/uploads\/2022\/03\/testo835_loggning_400px.jpg\"><img loading=\"lazy\" decoding=\"async\" class=\"alignnone size-medium wp-image-21736\" src=\"https:\/\/www.nordtec.se\/wp-content\/uploads\/2022\/03\/testo835_loggning_400px-300x196.jpg\" alt=\"testo EasyClimate\" width=\"300\" height=\"196\" srcset=\"https:\/\/www.nordtec.se\/wp-content\/uploads\/2022\/03\/testo835_loggning_400px-300x196.jpg 300w, https:\/\/www.nordtec.se\/wp-content\/uploads\/2022\/03\/testo835_loggning_400px-64x42.jpg 64w, https:\/\/www.nordtec.se\/wp-content\/uploads\/2022\/03\/testo835_loggning_400px.jpg 400w\" sizes=\"auto, (max-width: 300px) 100vw, 300px\" \/><\/a><\/p>\n<p><strong>A summary of the benefits:<\/strong><\/p>\n<ul>\n<li>Measurement range up to 1 500 \u00b0C<\/li>\n<li>Safe measurement at long distances thanks to 50:1 optics<\/li>\n<li>Clear 4-point laser sight shows exactly where to measure<\/li>\n<li>Combi instruments &#8211; non-contact IR measurement and contact measurement with sensors<\/li>\n<li>Adjustable alarm limits<\/li>\n<li>Memory for measured values and locations, and data analysis on a PC<\/li>\n<li>Clear backlit display<\/li>\n<\/ul>\n<h2>Included in delivery<\/h2>\n<p>Delivered complete with battery, Swedish manual and factory protocol.<\/p>\n<p>You can download the EasyClimate software under the &#8220;Download&#8221; tab above.<\/p>\n<p><span class=\"ui-provider ed ayd aye ayf ayg ayh ayi ayj ayk ayl aym ayn ayo ayp ayq ayr ays ayt ayu ayv ayw ayx ayy ayz aza azb azc azd aze azf azg azh azi azj azk\" dir=\"ltr\"><strong>Fabriksprotokoll:<\/strong>\u00a0utf\u00e4rdas p\u00e5 fabriken efter en kontroll av att produkten fungerar och uppfyller angiven m\u00e4tnoggrannhet. L\u00e4s om <a href=\"https:\/\/www.nordtec.se\/kalibrering\/iso-9001-kraver-kalibrerad-matutrustning\/\"><u>skillnaden mellan fabriksprotokoll och ackrediterad kalibrering<\/u><\/a>.<\/span><\/p>\n","protected":false},"excerpt":{"rendered":"<p style=\"text-align: left;\">IR thermometer for non-contact measurement up to 1500 \u00b0C<\/p>\n<ul>\n<li style=\"text-align: left;\">Measurement range up to 1500 \u00b0C<\/li>\n<li style=\"text-align: left;\">Safe measurement at long distances thanks to 50:1 optics<\/li>\n<li style=\"text-align: left;\">Clear 4-point laser sight shows exactly where to measure<\/li>\n<\/ul>\n","protected":false},"featured_media":37892,"template":"","meta":{"_kad_blocks_custom_css":"","_kad_blocks_head_custom_js":"","_kad_blocks_body_custom_js":"","_kad_blocks_footer_custom_js":"","footnotes":""},"product_brand":[1435],"product_cat":[787,782,781,786,768,778],"product_tag":[866,878,886,963,965,964,966,912,930],"class_list":{"0":"post-41220","1":"product","2":"type-product","3":"status-publish","4":"has-post-thumbnail","6":"product_brand-testo","7":"product_cat-building-technology","8":"product_cat-hvac-property","9":"product_cat-industry","10":"product_cat-ir-thermometers","11":"product_cat-measuring-instruments","12":"product_cat-temperature-gauges","13":"product_tag-fastighet-en","14":"product_tag-infrared-en","15":"product_tag-logger-en","16":"product_tag-over-1000-grader-en","17":"product_tag-over-200-grader-en","18":"product_tag-over-50-grader-en","19":"product_tag-over-500-grader-en","20":"product_tag-tek-en","21":"product_tag-under-minus-20-grader-en","23":"first","24":"instock","25":"taxable","26":"shipping-taxable","27":"purchasable","28":"product-type-simple"},"yoast_head":"<!-- This site is optimized with the Yoast SEO Premium plugin v27.3 (Yoast SEO v27.4) - https:\/\/yoast.com\/product\/yoast-seo-premium-wordpress\/ -->\n<title>testo 835-T2 - IR thermometer up to 1&nbsp;500&nbsp;\u00b0C | Nordtec<\/title>\n<meta name=\"description\" content=\"IR thermometer for non-contact measurement up to 1500 \u00b0C \u1405 testo 835-T2 \u2713Safe measurement at long distances thanks to 50:1 optics \u2713 Clear 4-point laser sighting\" \/>\n<meta name=\"robots\" content=\"index, follow, max-snippet:-1, max-image-preview:large, max-video-preview:-1\" \/>\n<link rel=\"canonical\" href=\"https:\/\/www.nordtec.se\/en\/product\/measuring-instruments\/temperature-gauges\/ir-thermometers\/testo-835-t2-ir-thermometer-up-to-1-500-c\/\" \/>\n<meta property=\"og:locale\" content=\"en_US\" \/>\n<meta property=\"og:type\" content=\"article\" \/>\n<meta property=\"og:title\" content=\"testo 835-T2 - IR thermometer up to 1&nbsp;500&nbsp;\u00b0C\" \/>\n<meta property=\"og:description\" content=\"IR thermometer for non-contact measurement up to 1500 \u00b0C \u1405 testo 835-T2 \u2713Safe measurement at long distances thanks to 50:1 optics \u2713 Clear 4-point laser sighting\" \/>\n<meta property=\"og:url\" content=\"https:\/\/www.nordtec.se\/en\/product\/measuring-instruments\/temperature-gauges\/ir-thermometers\/testo-835-t2-ir-thermometer-up-to-1-500-c\/\" \/>\n<meta property=\"og:site_name\" content=\"Nordtec\" \/>\n<meta property=\"article:publisher\" content=\"https:\/\/www.facebook.com\/nordtecinstrument\" \/>\n<meta property=\"article:modified_time\" content=\"2025-05-06T12:30:58+00:00\" \/>\n<meta property=\"og:image\" content=\"https:\/\/www.nordtec.se\/wp-content\/uploads\/2022\/03\/testo-835-T2_p_in_tem_003534_800px.png\" \/>\n\t<meta property=\"og:image:width\" content=\"800\" \/>\n\t<meta property=\"og:image:height\" content=\"800\" \/>\n\t<meta property=\"og:image:type\" content=\"image\/png\" \/>\n<meta name=\"twitter:card\" content=\"summary_large_image\" \/>\n<meta name=\"twitter:label1\" content=\"Est. reading time\" \/>\n\t<meta name=\"twitter:data1\" content=\"2 minutes\" \/>\n<script type=\"application\/ld+json\" class=\"yoast-schema-graph\">{\"@context\":\"https:\\\/\\\/schema.org\",\"@graph\":[{\"@type\":[\"WebPage\",\"ItemPage\"],\"@id\":\"https:\\\/\\\/www.nordtec.se\\\/en\\\/product\\\/measuring-instruments\\\/temperature-gauges\\\/ir-thermometers\\\/testo-835-t2-ir-thermometer-up-to-1-500-c\\\/\",\"url\":\"https:\\\/\\\/www.nordtec.se\\\/en\\\/product\\\/measuring-instruments\\\/temperature-gauges\\\/ir-thermometers\\\/testo-835-t2-ir-thermometer-up-to-1-500-c\\\/\",\"name\":\"testo 835-T2 - IR thermometer up to 1&nbsp;500&nbsp;\u00b0C | Nordtec\",\"isPartOf\":{\"@id\":\"https:\\\/\\\/www.nordtec.se\\\/en\\\/#website\"},\"primaryImageOfPage\":{\"@id\":\"https:\\\/\\\/www.nordtec.se\\\/en\\\/product\\\/measuring-instruments\\\/temperature-gauges\\\/ir-thermometers\\\/testo-835-t2-ir-thermometer-up-to-1-500-c\\\/#primaryimage\"},\"image\":{\"@id\":\"https:\\\/\\\/www.nordtec.se\\\/en\\\/product\\\/measuring-instruments\\\/temperature-gauges\\\/ir-thermometers\\\/testo-835-t2-ir-thermometer-up-to-1-500-c\\\/#primaryimage\"},\"thumbnailUrl\":\"https:\\\/\\\/www.nordtec.se\\\/wp-content\\\/uploads\\\/2022\\\/03\\\/testo-835-T2_p_in_tem_003534_800px.png\",\"datePublished\":\"2022-03-08T14:52:08+00:00\",\"dateModified\":\"2025-05-06T12:30:58+00:00\",\"description\":\"IR thermometer for non-contact measurement up to 1500 \u00b0C \u1405 testo 835-T2 \u2713Safe measurement at long distances thanks to 50:1 optics \u2713 Clear 4-point laser sighting\",\"breadcrumb\":{\"@id\":\"https:\\\/\\\/www.nordtec.se\\\/en\\\/product\\\/measuring-instruments\\\/temperature-gauges\\\/ir-thermometers\\\/testo-835-t2-ir-thermometer-up-to-1-500-c\\\/#breadcrumb\"},\"inLanguage\":\"en-US\",\"potentialAction\":[{\"@type\":\"ReadAction\",\"target\":[\"https:\\\/\\\/www.nordtec.se\\\/en\\\/product\\\/measuring-instruments\\\/temperature-gauges\\\/ir-thermometers\\\/testo-835-t2-ir-thermometer-up-to-1-500-c\\\/\"]}]},{\"@type\":\"ImageObject\",\"inLanguage\":\"en-US\",\"@id\":\"https:\\\/\\\/www.nordtec.se\\\/en\\\/product\\\/measuring-instruments\\\/temperature-gauges\\\/ir-thermometers\\\/testo-835-t2-ir-thermometer-up-to-1-500-c\\\/#primaryimage\",\"url\":\"https:\\\/\\\/www.nordtec.se\\\/wp-content\\\/uploads\\\/2022\\\/03\\\/testo-835-T2_p_in_tem_003534_800px.png\",\"contentUrl\":\"https:\\\/\\\/www.nordtec.se\\\/wp-content\\\/uploads\\\/2022\\\/03\\\/testo-835-T2_p_in_tem_003534_800px.png\",\"width\":800,\"height\":800,\"caption\":\"IR thermometer testo 835-T2\"},{\"@type\":\"BreadcrumbList\",\"@id\":\"https:\\\/\\\/www.nordtec.se\\\/en\\\/product\\\/measuring-instruments\\\/temperature-gauges\\\/ir-thermometers\\\/testo-835-t2-ir-thermometer-up-to-1-500-c\\\/#breadcrumb\",\"itemListElement\":[{\"@type\":\"ListItem\",\"position\":1,\"name\":\"Hem\",\"item\":\"https:\\\/\\\/www.nordtec.se\\\/en\\\/\"},{\"@type\":\"ListItem\",\"position\":2,\"name\":\"Shop\",\"item\":\"https:\\\/\\\/www.nordtec.se\\\/shop\\\/?lang=en\"},{\"@type\":\"ListItem\",\"position\":3,\"name\":\"testo 835-T2 &#8211; IR thermometer up to 1&nbsp;500&nbsp;\u00b0C\"}]},{\"@type\":\"WebSite\",\"@id\":\"https:\\\/\\\/www.nordtec.se\\\/en\\\/#website\",\"url\":\"https:\\\/\\\/www.nordtec.se\\\/en\\\/\",\"name\":\"Nordtec\",\"description\":\"Din partner inom m\u00e4tteknik\",\"publisher\":{\"@id\":\"https:\\\/\\\/www.nordtec.se\\\/en\\\/#organization\"},\"potentialAction\":[{\"@type\":\"SearchAction\",\"target\":{\"@type\":\"EntryPoint\",\"urlTemplate\":\"https:\\\/\\\/www.nordtec.se\\\/en\\\/?s={search_term_string}\"},\"query-input\":{\"@type\":\"PropertyValueSpecification\",\"valueRequired\":true,\"valueName\":\"search_term_string\"}}],\"inLanguage\":\"en-US\"},{\"@type\":\"Organization\",\"@id\":\"https:\\\/\\\/www.nordtec.se\\\/en\\\/#organization\",\"name\":\"Nordtec Instrument AB\",\"url\":\"https:\\\/\\\/www.nordtec.se\\\/en\\\/\",\"logo\":{\"@type\":\"ImageObject\",\"inLanguage\":\"en-US\",\"@id\":\"https:\\\/\\\/www.nordtec.se\\\/en\\\/#\\\/schema\\\/logo\\\/image\\\/\",\"url\":\"https:\\\/\\\/www.nordtec.se\\\/wp-content\\\/uploads\\\/2021\\\/08\\\/nordtec_logo_rgb-340px.png\",\"contentUrl\":\"https:\\\/\\\/www.nordtec.se\\\/wp-content\\\/uploads\\\/2021\\\/08\\\/nordtec_logo_rgb-340px.png\",\"width\":340,\"height\":75,\"caption\":\"Nordtec Instrument AB\"},\"image\":{\"@id\":\"https:\\\/\\\/www.nordtec.se\\\/en\\\/#\\\/schema\\\/logo\\\/image\\\/\"},\"sameAs\":[\"https:\\\/\\\/www.facebook.com\\\/nordtecinstrument\",\"https:\\\/\\\/www.instagram.com\\\/nordtec_instrument\\\/\",\"https:\\\/\\\/www.linkedin.com\\\/company\\\/nordtec-instrument-ab\\\/\",\"https:\\\/\\\/www.youtube.com\\\/channel\\\/UCbmAq3ZmfBKOGg7_igFURng\"]}]}<\/script>\n<!-- \/ Yoast SEO Premium plugin. -->","yoast_head_json":{"title":"testo 835-T2 - IR thermometer up to 1&nbsp;500&nbsp;\u00b0C | Nordtec","description":"IR thermometer for non-contact measurement up to 1500 \u00b0C \u1405 testo 835-T2 \u2713Safe measurement at long distances thanks to 50:1 optics \u2713 Clear 4-point laser sighting","robots":{"index":"index","follow":"follow","max-snippet":"max-snippet:-1","max-image-preview":"max-image-preview:large","max-video-preview":"max-video-preview:-1"},"canonical":"https:\/\/www.nordtec.se\/en\/product\/measuring-instruments\/temperature-gauges\/ir-thermometers\/testo-835-t2-ir-thermometer-up-to-1-500-c\/","og_locale":"en_US","og_type":"article","og_title":"testo 835-T2 - IR thermometer up to 1&nbsp;500&nbsp;\u00b0C","og_description":"IR thermometer for non-contact measurement up to 1500 \u00b0C \u1405 testo 835-T2 \u2713Safe measurement at long distances thanks to 50:1 optics \u2713 Clear 4-point laser sighting","og_url":"https:\/\/www.nordtec.se\/en\/product\/measuring-instruments\/temperature-gauges\/ir-thermometers\/testo-835-t2-ir-thermometer-up-to-1-500-c\/","og_site_name":"Nordtec","article_publisher":"https:\/\/www.facebook.com\/nordtecinstrument","article_modified_time":"2025-05-06T12:30:58+00:00","og_image":[{"width":800,"height":800,"url":"https:\/\/www.nordtec.se\/wp-content\/uploads\/2022\/03\/testo-835-T2_p_in_tem_003534_800px.png","type":"image\/png"}],"twitter_card":"summary_large_image","twitter_misc":{"Est. reading time":"2 minutes"},"schema":{"@context":"https:\/\/schema.org","@graph":[{"@type":["WebPage","ItemPage"],"@id":"https:\/\/www.nordtec.se\/en\/product\/measuring-instruments\/temperature-gauges\/ir-thermometers\/testo-835-t2-ir-thermometer-up-to-1-500-c\/","url":"https:\/\/www.nordtec.se\/en\/product\/measuring-instruments\/temperature-gauges\/ir-thermometers\/testo-835-t2-ir-thermometer-up-to-1-500-c\/","name":"testo 835-T2 - IR thermometer up to 1&nbsp;500&nbsp;\u00b0C | Nordtec","isPartOf":{"@id":"https:\/\/www.nordtec.se\/en\/#website"},"primaryImageOfPage":{"@id":"https:\/\/www.nordtec.se\/en\/product\/measuring-instruments\/temperature-gauges\/ir-thermometers\/testo-835-t2-ir-thermometer-up-to-1-500-c\/#primaryimage"},"image":{"@id":"https:\/\/www.nordtec.se\/en\/product\/measuring-instruments\/temperature-gauges\/ir-thermometers\/testo-835-t2-ir-thermometer-up-to-1-500-c\/#primaryimage"},"thumbnailUrl":"https:\/\/www.nordtec.se\/wp-content\/uploads\/2022\/03\/testo-835-T2_p_in_tem_003534_800px.png","datePublished":"2022-03-08T14:52:08+00:00","dateModified":"2025-05-06T12:30:58+00:00","description":"IR thermometer for non-contact measurement up to 1500 \u00b0C \u1405 testo 835-T2 \u2713Safe measurement at long distances thanks to 50:1 optics \u2713 Clear 4-point laser sighting","breadcrumb":{"@id":"https:\/\/www.nordtec.se\/en\/product\/measuring-instruments\/temperature-gauges\/ir-thermometers\/testo-835-t2-ir-thermometer-up-to-1-500-c\/#breadcrumb"},"inLanguage":"en-US","potentialAction":[{"@type":"ReadAction","target":["https:\/\/www.nordtec.se\/en\/product\/measuring-instruments\/temperature-gauges\/ir-thermometers\/testo-835-t2-ir-thermometer-up-to-1-500-c\/"]}]},{"@type":"ImageObject","inLanguage":"en-US","@id":"https:\/\/www.nordtec.se\/en\/product\/measuring-instruments\/temperature-gauges\/ir-thermometers\/testo-835-t2-ir-thermometer-up-to-1-500-c\/#primaryimage","url":"https:\/\/www.nordtec.se\/wp-content\/uploads\/2022\/03\/testo-835-T2_p_in_tem_003534_800px.png","contentUrl":"https:\/\/www.nordtec.se\/wp-content\/uploads\/2022\/03\/testo-835-T2_p_in_tem_003534_800px.png","width":800,"height":800,"caption":"IR thermometer testo 835-T2"},{"@type":"BreadcrumbList","@id":"https:\/\/www.nordtec.se\/en\/product\/measuring-instruments\/temperature-gauges\/ir-thermometers\/testo-835-t2-ir-thermometer-up-to-1-500-c\/#breadcrumb","itemListElement":[{"@type":"ListItem","position":1,"name":"Hem","item":"https:\/\/www.nordtec.se\/en\/"},{"@type":"ListItem","position":2,"name":"Shop","item":"https:\/\/www.nordtec.se\/shop\/?lang=en"},{"@type":"ListItem","position":3,"name":"testo 835-T2 &#8211; IR thermometer up to 1&nbsp;500&nbsp;\u00b0C"}]},{"@type":"WebSite","@id":"https:\/\/www.nordtec.se\/en\/#website","url":"https:\/\/www.nordtec.se\/en\/","name":"Nordtec","description":"Din partner inom m\u00e4tteknik","publisher":{"@id":"https:\/\/www.nordtec.se\/en\/#organization"},"potentialAction":[{"@type":"SearchAction","target":{"@type":"EntryPoint","urlTemplate":"https:\/\/www.nordtec.se\/en\/?s={search_term_string}"},"query-input":{"@type":"PropertyValueSpecification","valueRequired":true,"valueName":"search_term_string"}}],"inLanguage":"en-US"},{"@type":"Organization","@id":"https:\/\/www.nordtec.se\/en\/#organization","name":"Nordtec Instrument AB","url":"https:\/\/www.nordtec.se\/en\/","logo":{"@type":"ImageObject","inLanguage":"en-US","@id":"https:\/\/www.nordtec.se\/en\/#\/schema\/logo\/image\/","url":"https:\/\/www.nordtec.se\/wp-content\/uploads\/2021\/08\/nordtec_logo_rgb-340px.png","contentUrl":"https:\/\/www.nordtec.se\/wp-content\/uploads\/2021\/08\/nordtec_logo_rgb-340px.png","width":340,"height":75,"caption":"Nordtec Instrument AB"},"image":{"@id":"https:\/\/www.nordtec.se\/en\/#\/schema\/logo\/image\/"},"sameAs":["https:\/\/www.facebook.com\/nordtecinstrument","https:\/\/www.instagram.com\/nordtec_instrument\/","https:\/\/www.linkedin.com\/company\/nordtec-instrument-ab\/","https:\/\/www.youtube.com\/channel\/UCbmAq3ZmfBKOGg7_igFURng"]}]}},"taxonomy_info":{"product_brand":[{"value":1435,"label":"Testo"}],"product_cat":[{"value":787,"label":"Building technology"},{"value":782,"label":"HVAC &amp; Property"},{"value":781,"label":"Industry"},{"value":786,"label":"IR thermometers"},{"value":768,"label":"Measuring instruments"},{"value":778,"label":"Temperature gauges"}],"product_tag":[{"value":866,"label":"Fastighet"},{"value":878,"label":"IR-termometrar"},{"value":886,"label":"Loggfunktion"},{"value":963,"label":"\u00d6ver +1 000 \u00b0C"},{"value":965,"label":"\u00d6ver +200 \u00b0C"},{"value":964,"label":"\u00d6ver +50 \u00b0C"},{"value":966,"label":"\u00d6ver +500 \u00b0C"},{"value":912,"label":"TE typ K"},{"value":930,"label":"Under -20 \u00b0C"}]},"featured_image_src_large":["https:\/\/www.nordtec.se\/wp-content\/uploads\/2022\/03\/testo-835-T2_p_in_tem_003534_800px.png",800,800,false],"author_info":[],"comment_info":"","_links":{"self":[{"href":"https:\/\/www.nordtec.se\/en\/wp-json\/wp\/v2\/product\/41220","targetHints":{"allow":["GET"]}}],"collection":[{"href":"https:\/\/www.nordtec.se\/en\/wp-json\/wp\/v2\/product"}],"about":[{"href":"https:\/\/www.nordtec.se\/en\/wp-json\/wp\/v2\/types\/product"}],"version-history":[{"count":1,"href":"https:\/\/www.nordtec.se\/en\/wp-json\/wp\/v2\/product\/41220\/revisions"}],"predecessor-version":[{"id":43932,"href":"https:\/\/www.nordtec.se\/en\/wp-json\/wp\/v2\/product\/41220\/revisions\/43932"}],"wp:featuredmedia":[{"embeddable":true,"href":"https:\/\/www.nordtec.se\/en\/wp-json\/wp\/v2\/media\/37892"}],"wp:attachment":[{"href":"https:\/\/www.nordtec.se\/en\/wp-json\/wp\/v2\/media?parent=41220"}],"wp:term":[{"taxonomy":"product_brand","embeddable":true,"href":"https:\/\/www.nordtec.se\/en\/wp-json\/wp\/v2\/product_brand?post=41220"},{"taxonomy":"product_cat","embeddable":true,"href":"https:\/\/www.nordtec.se\/en\/wp-json\/wp\/v2\/product_cat?post=41220"},{"taxonomy":"product_tag","embeddable":true,"href":"https:\/\/www.nordtec.se\/en\/wp-json\/wp\/v2\/product_tag?post=41220"}],"curies":[{"name":"wp","href":"https:\/\/api.w.org\/{rel}","templated":true}]}}