{"id":51941,"date":"2025-03-11T14:57:40","date_gmt":"2025-03-11T12:57:40","guid":{"rendered":"https:\/\/www.nordtec.se\/produkt\/uncategorized\/testo-558s-smart-vacuum-measuring-set\/"},"modified":"2026-04-21T12:10:43","modified_gmt":"2026-04-21T10:10:43","slug":"testo-558s-smart-vacuum-measuring-set","status":"publish","type":"product","link":"https:\/\/www.nordtec.se\/en\/product\/measuring-instruments\/cooling-and-heat-pump-instruments\/testo-558s-smart-vacuum-measuring-set\/","title":{"rendered":"testo 558s &#8211; smart vacuum measuring set"},"content":{"rendered":"<h2>Practical measuring set with wireless pipe temperature gauges and vacuum sensors<\/h2>\n<h3>Intuitive use<\/h3>\n<p>The touch screen function and large color display make configuration, control and documentation much easier. Thanks to this, you can work faster and more intuitively with the pressure gauge stand. When working with gloves, the manometer stand can be operated with buttons, in addition to the touch screen.  <\/p>\n<h3>Ready for all refrigerants<\/h3>\n<p>For maximum safety, the pressure gauge rack is also compatible with class A3 and A2L flammable refrigerants. With a wide selection of 96+ refrigerants, all common refrigerants are stored in the pressure gauge rack. Frequently used refrigerants can be marked as favorites for quick recovery.  <\/p>\n<h3>Accurate measurement results on an easy-to-read display<\/h3>\n<p>High accuracy of 0.25 at full scale and new, clear measurement charts make system analysis easy and reliable.<\/p>\n<h3>Data logging<\/h3>\n<p>Measurement values can be recorded for up to 30 minutes and displayed as trend curves. This allows anomalies to be quickly identified. As an option, the manometer rack can be extended to a logging capacity of 72 hours.  <\/p>\n<h3>Easy data management<\/h3>\n<p>The measured values can be exported directly and sent as a measurement report via the testo Smart app, so that the documentation can be entered on site with just a few clicks.<\/p>\n<h3>Ready for any application with full connectivity<\/h3>\n<p>Superheating and subcooling, leak testing, Delta T, evacuation or filling &#8211; thanks to a wide range of measuring programs and connection to the entire refrigeration portfolio, all applications can be controlled and documented via the pressure gauge rack.<\/p>\n<h3>Reliable and robust<\/h3>\n<p>The IP54 protection class ensures a high level of robustness and durability.<\/p>\n<h3>Always up to date<\/h3>\n<p>Thanks to free updates (OTA), the manometer rack can be updated regularly. This allows, for example, new refrigerants to be added and connection to new products to be made possible. <\/p>\n<h2>S\u00e5 h\u00e4r underl\u00e4ttar testo Smart-appen f\u00f6r dig:<\/h2>\r\n<ul>\r\n<li>Enkel inst\u00e4llning av m\u00e4tinstrumentet<\/li>\r\n<li>Effektiv kund- och m\u00e4tplatshantering<\/li>\r\n<li>P\u00e5litlig lagring av alla m\u00e4tdata<\/li>\r\n<li>F\u00f6rvandlar mobilen till en andra sk\u00e4rm<\/li>\r\n<li>Visning av grafiska m\u00e4tv\u00e4rdeskurvor<\/li>\r\n<li>Enkel dokumentering av allt arbete<\/li>\r\n<li>Skicka rapporter direkt fr\u00e5n m\u00e4tplatsen via e-post<\/li>\r\n<\/ul>\r\n<p><a href=\"https:\/\/www.nordtec.se\/testo-smart-appen\/\">testo Smart-appen<\/a> finns p\u00e5 Google Play och App Store. Den \u00e4r gratis att b\u00e5de ladda ned och anv\u00e4nda.<\/p>\r\n<p><a href=\"https:\/\/play.google.com\/store\/apps\/details?id=de.testo.smartprobesappgen2\" target=\"_blank\" rel=\"noopener\"><img loading=\"lazy\" decoding=\"async\" class=\"alignleft wp-image-30738\" title=\"testo Smart App - Google Play\" src=\"https:\/\/www.nordtec.se\/wp-content\/uploads\/2023\/01\/google-play-badge-300x116.png\" alt=\"google play badge\" width=\"120\" height=\"46\" srcset=\"https:\/\/www.nordtec.se\/wp-content\/uploads\/2023\/01\/google-play-badge-300x116.png 300w, https:\/\/www.nordtec.se\/wp-content\/uploads\/2023\/01\/google-play-badge-416x161.png 416w, https:\/\/www.nordtec.se\/wp-content\/uploads\/2023\/01\/google-play-badge-64x25.png 64w, https:\/\/www.nordtec.se\/wp-content\/uploads\/2023\/01\/google-play-badge.png 646w\" sizes=\"auto, (max-width: 120px) 100vw, 120px\" \/><\/a><\/p>\r\n<p><a href=\"https:\/\/apps.apple.com\/se\/app\/testo-smart\/id1482139629\" target=\"_blank\" rel=\"noopener\"><img loading=\"lazy\" decoding=\"async\" class=\"alignleft wp-image-30740\" title=\"testo Smart app - App Store\" src=\"https:\/\/www.nordtec.se\/wp-content\/uploads\/2023\/01\/app-store-badge-300x116.png\" alt=\"App Store Badge\" width=\"120\" height=\"46\" srcset=\"https:\/\/www.nordtec.se\/wp-content\/uploads\/2023\/01\/app-store-badge-300x116.png 300w, https:\/\/www.nordtec.se\/wp-content\/uploads\/2023\/01\/app-store-badge-416x161.png 416w, https:\/\/www.nordtec.se\/wp-content\/uploads\/2023\/01\/app-store-badge-64x25.png 64w, https:\/\/www.nordtec.se\/wp-content\/uploads\/2023\/01\/app-store-badge.png 646w\" sizes=\"auto, (max-width: 120px) 100vw, 120px\" \/><\/a><\/p>\r\n<p>&nbsp;<\/p>\n<p>&nbsp;<\/p>\n<h3>Scope of supply<\/h3>\n<ul>\n<li>testo 558s &#8211; 4-way digital manometer stand<\/li>\n<li>2 testo 115i &#8211; wireless pipe temperature gauges<\/li>\n<li>1 testo 552i &#8211; wireless vacuum sensor<\/li>\n<li>Transport bag<\/li>\n<li>USB-C cable<\/li>\n<li><a href=\"https:\/\/www.nordtec.se\/en\/testo-smart-apps\/\">testo Smart app (free download)<\/a><\/li>\n<li>Factory protocol<\/li>\n<li>Instructions for use<\/li>\n<\/ul>\n","protected":false},"excerpt":{"rendered":"<p>This handy measuring kit includes two wireless pipe temperature gauges and a wireless vacuum sensor.<\/p>\n<ul>\n<li>Full flexibility: unique touchscreen, buttons and smart app<\/li>\n<li>Trend curves for readings over 30 minutes<\/li>\n<li>Possibility of 72 hours of logging and measurement data storage in app<\/li>\n<li>Manage measurements with <a href=\"https:\/\/www.nordtec.se\/en\/testo-smart-apps\/\">the testo Smart app<\/a><\/li>\n<\/ul>\n<p>&nbsp;<\/p>\n","protected":false},"featured_media":51836,"template":"","meta":{"_kad_blocks_custom_css":"","_kad_blocks_head_custom_js":"","_kad_blocks_body_custom_js":"","_kad_blocks_footer_custom_js":"","footnotes":""},"product_brand":[],"product_cat":[788,1426],"product_tag":[890],"class_list":{"0":"post-51941","1":"product","2":"type-product","3":"status-publish","4":"has-post-thumbnail","6":"product_cat-cooling-and-heat-pump-instruments","7":"product_cat-testo-smart-app","8":"product_tag-manometerstall-en","10":"first","11":"instock","12":"taxable","13":"shipping-taxable","14":"purchasable","15":"product-type-simple"},"yoast_head":"<!-- This site is optimized with the Yoast SEO Premium plugin v27.3 (Yoast SEO v27.5) - https:\/\/yoast.com\/product\/yoast-seo-premium-wordpress\/ -->\n<title>testo 558s - smart vacuum measuring set | Nordtec<\/title>\n<meta name=\"description\" content=\"In addition to the manometer stand, this practical measuring set includes two wireless pipe temperature gauges and a wireless vacuum sensor.\" \/>\n<meta name=\"robots\" content=\"index, follow, max-snippet:-1, max-image-preview:large, max-video-preview:-1\" \/>\n<link rel=\"canonical\" href=\"https:\/\/www.nordtec.se\/en\/product\/measuring-instruments\/cooling-and-heat-pump-instruments\/testo-558s-smart-vacuum-measuring-set\/\" \/>\n<meta property=\"og:locale\" content=\"en_US\" \/>\n<meta property=\"og:type\" content=\"article\" \/>\n<meta property=\"og:title\" content=\"testo 558s - smart vacuum measuring set\" \/>\n<meta property=\"og:description\" content=\"In addition to the manometer stand, this practical measuring set includes two wireless pipe temperature gauges and a wireless vacuum sensor.\" \/>\n<meta property=\"og:url\" content=\"https:\/\/www.nordtec.se\/en\/product\/measuring-instruments\/cooling-and-heat-pump-instruments\/testo-558s-smart-vacuum-measuring-set\/\" \/>\n<meta property=\"og:site_name\" content=\"Nordtec\" \/>\n<meta property=\"article:publisher\" content=\"https:\/\/www.facebook.com\/nordtecinstrument\" \/>\n<meta property=\"article:modified_time\" content=\"2026-04-21T10:10:43+00:00\" \/>\n<meta property=\"og:image\" content=\"https:\/\/www.nordtec.se\/wp-content\/uploads\/2025\/03\/testo-558s-matset_800x800.png\" \/>\n\t<meta property=\"og:image:width\" content=\"800\" \/>\n\t<meta property=\"og:image:height\" content=\"800\" \/>\n\t<meta property=\"og:image:type\" content=\"image\/png\" \/>\n<meta name=\"twitter:card\" content=\"summary_large_image\" \/>\n<meta name=\"twitter:label1\" content=\"Est. reading time\" \/>\n\t<meta name=\"twitter:data1\" content=\"2 minutes\" \/>\n<script type=\"application\/ld+json\" class=\"yoast-schema-graph\">{\"@context\":\"https:\\\/\\\/schema.org\",\"@graph\":[{\"@type\":[\"WebPage\",\"ItemPage\"],\"@id\":\"https:\\\/\\\/www.nordtec.se\\\/en\\\/product\\\/measuring-instruments\\\/cooling-and-heat-pump-instruments\\\/testo-558s-smart-vacuum-measuring-set\\\/\",\"url\":\"https:\\\/\\\/www.nordtec.se\\\/en\\\/product\\\/measuring-instruments\\\/cooling-and-heat-pump-instruments\\\/testo-558s-smart-vacuum-measuring-set\\\/\",\"name\":\"testo 558s - smart vacuum measuring set | Nordtec\",\"isPartOf\":{\"@id\":\"https:\\\/\\\/www.nordtec.se\\\/en\\\/#website\"},\"primaryImageOfPage\":{\"@id\":\"https:\\\/\\\/www.nordtec.se\\\/en\\\/product\\\/measuring-instruments\\\/cooling-and-heat-pump-instruments\\\/testo-558s-smart-vacuum-measuring-set\\\/#primaryimage\"},\"image\":{\"@id\":\"https:\\\/\\\/www.nordtec.se\\\/en\\\/product\\\/measuring-instruments\\\/cooling-and-heat-pump-instruments\\\/testo-558s-smart-vacuum-measuring-set\\\/#primaryimage\"},\"thumbnailUrl\":\"https:\\\/\\\/www.nordtec.se\\\/wp-content\\\/uploads\\\/2025\\\/03\\\/testo-558s-matset_800x800.png\",\"datePublished\":\"2025-03-11T12:57:40+00:00\",\"dateModified\":\"2026-04-21T10:10:43+00:00\",\"description\":\"In addition to the manometer stand, this practical measuring set includes two wireless pipe temperature gauges and a wireless vacuum sensor.\",\"breadcrumb\":{\"@id\":\"https:\\\/\\\/www.nordtec.se\\\/en\\\/product\\\/measuring-instruments\\\/cooling-and-heat-pump-instruments\\\/testo-558s-smart-vacuum-measuring-set\\\/#breadcrumb\"},\"inLanguage\":\"en-US\",\"potentialAction\":[{\"@type\":\"ReadAction\",\"target\":[\"https:\\\/\\\/www.nordtec.se\\\/en\\\/product\\\/measuring-instruments\\\/cooling-and-heat-pump-instruments\\\/testo-558s-smart-vacuum-measuring-set\\\/\"]}]},{\"@type\":\"ImageObject\",\"inLanguage\":\"en-US\",\"@id\":\"https:\\\/\\\/www.nordtec.se\\\/en\\\/product\\\/measuring-instruments\\\/cooling-and-heat-pump-instruments\\\/testo-558s-smart-vacuum-measuring-set\\\/#primaryimage\",\"url\":\"https:\\\/\\\/www.nordtec.se\\\/wp-content\\\/uploads\\\/2025\\\/03\\\/testo-558s-matset_800x800.png\",\"contentUrl\":\"https:\\\/\\\/www.nordtec.se\\\/wp-content\\\/uploads\\\/2025\\\/03\\\/testo-558s-matset_800x800.png\",\"width\":800,\"height\":800,\"caption\":\"Smart vacuum measuring set with testo 558s\"},{\"@type\":\"BreadcrumbList\",\"@id\":\"https:\\\/\\\/www.nordtec.se\\\/en\\\/product\\\/measuring-instruments\\\/cooling-and-heat-pump-instruments\\\/testo-558s-smart-vacuum-measuring-set\\\/#breadcrumb\",\"itemListElement\":[{\"@type\":\"ListItem\",\"position\":1,\"name\":\"Hem\",\"item\":\"https:\\\/\\\/www.nordtec.se\\\/en\\\/\"},{\"@type\":\"ListItem\",\"position\":2,\"name\":\"Shop\",\"item\":\"https:\\\/\\\/www.nordtec.se\\\/shop\\\/?lang=en\"},{\"@type\":\"ListItem\",\"position\":3,\"name\":\"testo 558s &#8211; smart vacuum measuring set\"}]},{\"@type\":\"WebSite\",\"@id\":\"https:\\\/\\\/www.nordtec.se\\\/en\\\/#website\",\"url\":\"https:\\\/\\\/www.nordtec.se\\\/en\\\/\",\"name\":\"Nordtec\",\"description\":\"Din partner inom m\u00e4tteknik\",\"publisher\":{\"@id\":\"https:\\\/\\\/www.nordtec.se\\\/en\\\/#organization\"},\"potentialAction\":[{\"@type\":\"SearchAction\",\"target\":{\"@type\":\"EntryPoint\",\"urlTemplate\":\"https:\\\/\\\/www.nordtec.se\\\/en\\\/?s={search_term_string}\"},\"query-input\":{\"@type\":\"PropertyValueSpecification\",\"valueRequired\":true,\"valueName\":\"search_term_string\"}}],\"inLanguage\":\"en-US\"},{\"@type\":\"Organization\",\"@id\":\"https:\\\/\\\/www.nordtec.se\\\/en\\\/#organization\",\"name\":\"Nordtec Instrument AB\",\"url\":\"https:\\\/\\\/www.nordtec.se\\\/en\\\/\",\"logo\":{\"@type\":\"ImageObject\",\"inLanguage\":\"en-US\",\"@id\":\"https:\\\/\\\/www.nordtec.se\\\/en\\\/#\\\/schema\\\/logo\\\/image\\\/\",\"url\":\"https:\\\/\\\/www.nordtec.se\\\/wp-content\\\/uploads\\\/2021\\\/08\\\/nordtec_logo_rgb-340px.png\",\"contentUrl\":\"https:\\\/\\\/www.nordtec.se\\\/wp-content\\\/uploads\\\/2021\\\/08\\\/nordtec_logo_rgb-340px.png\",\"width\":340,\"height\":75,\"caption\":\"Nordtec Instrument AB\"},\"image\":{\"@id\":\"https:\\\/\\\/www.nordtec.se\\\/en\\\/#\\\/schema\\\/logo\\\/image\\\/\"},\"sameAs\":[\"https:\\\/\\\/www.facebook.com\\\/nordtecinstrument\",\"https:\\\/\\\/www.instagram.com\\\/nordtec_instrument\\\/\",\"https:\\\/\\\/www.linkedin.com\\\/company\\\/nordtec-instrument-ab\\\/\",\"https:\\\/\\\/www.youtube.com\\\/channel\\\/UCbmAq3ZmfBKOGg7_igFURng\"]}]}<\/script>\n<!-- \/ Yoast SEO Premium plugin. -->","yoast_head_json":{"title":"testo 558s - smart vacuum measuring set | Nordtec","description":"In addition to the manometer stand, this practical measuring set includes two wireless pipe temperature gauges and a wireless vacuum sensor.","robots":{"index":"index","follow":"follow","max-snippet":"max-snippet:-1","max-image-preview":"max-image-preview:large","max-video-preview":"max-video-preview:-1"},"canonical":"https:\/\/www.nordtec.se\/en\/product\/measuring-instruments\/cooling-and-heat-pump-instruments\/testo-558s-smart-vacuum-measuring-set\/","og_locale":"en_US","og_type":"article","og_title":"testo 558s - smart vacuum measuring set","og_description":"In addition to the manometer stand, this practical measuring set includes two wireless pipe temperature gauges and a wireless vacuum sensor.","og_url":"https:\/\/www.nordtec.se\/en\/product\/measuring-instruments\/cooling-and-heat-pump-instruments\/testo-558s-smart-vacuum-measuring-set\/","og_site_name":"Nordtec","article_publisher":"https:\/\/www.facebook.com\/nordtecinstrument","article_modified_time":"2026-04-21T10:10:43+00:00","og_image":[{"width":800,"height":800,"url":"https:\/\/www.nordtec.se\/wp-content\/uploads\/2025\/03\/testo-558s-matset_800x800.png","type":"image\/png"}],"twitter_card":"summary_large_image","twitter_misc":{"Est. reading time":"2 minutes"},"schema":{"@context":"https:\/\/schema.org","@graph":[{"@type":["WebPage","ItemPage"],"@id":"https:\/\/www.nordtec.se\/en\/product\/measuring-instruments\/cooling-and-heat-pump-instruments\/testo-558s-smart-vacuum-measuring-set\/","url":"https:\/\/www.nordtec.se\/en\/product\/measuring-instruments\/cooling-and-heat-pump-instruments\/testo-558s-smart-vacuum-measuring-set\/","name":"testo 558s - smart vacuum measuring set | Nordtec","isPartOf":{"@id":"https:\/\/www.nordtec.se\/en\/#website"},"primaryImageOfPage":{"@id":"https:\/\/www.nordtec.se\/en\/product\/measuring-instruments\/cooling-and-heat-pump-instruments\/testo-558s-smart-vacuum-measuring-set\/#primaryimage"},"image":{"@id":"https:\/\/www.nordtec.se\/en\/product\/measuring-instruments\/cooling-and-heat-pump-instruments\/testo-558s-smart-vacuum-measuring-set\/#primaryimage"},"thumbnailUrl":"https:\/\/www.nordtec.se\/wp-content\/uploads\/2025\/03\/testo-558s-matset_800x800.png","datePublished":"2025-03-11T12:57:40+00:00","dateModified":"2026-04-21T10:10:43+00:00","description":"In addition to the manometer stand, this practical measuring set includes two wireless pipe temperature gauges and a wireless vacuum sensor.","breadcrumb":{"@id":"https:\/\/www.nordtec.se\/en\/product\/measuring-instruments\/cooling-and-heat-pump-instruments\/testo-558s-smart-vacuum-measuring-set\/#breadcrumb"},"inLanguage":"en-US","potentialAction":[{"@type":"ReadAction","target":["https:\/\/www.nordtec.se\/en\/product\/measuring-instruments\/cooling-and-heat-pump-instruments\/testo-558s-smart-vacuum-measuring-set\/"]}]},{"@type":"ImageObject","inLanguage":"en-US","@id":"https:\/\/www.nordtec.se\/en\/product\/measuring-instruments\/cooling-and-heat-pump-instruments\/testo-558s-smart-vacuum-measuring-set\/#primaryimage","url":"https:\/\/www.nordtec.se\/wp-content\/uploads\/2025\/03\/testo-558s-matset_800x800.png","contentUrl":"https:\/\/www.nordtec.se\/wp-content\/uploads\/2025\/03\/testo-558s-matset_800x800.png","width":800,"height":800,"caption":"Smart vacuum measuring set with testo 558s"},{"@type":"BreadcrumbList","@id":"https:\/\/www.nordtec.se\/en\/product\/measuring-instruments\/cooling-and-heat-pump-instruments\/testo-558s-smart-vacuum-measuring-set\/#breadcrumb","itemListElement":[{"@type":"ListItem","position":1,"name":"Hem","item":"https:\/\/www.nordtec.se\/en\/"},{"@type":"ListItem","position":2,"name":"Shop","item":"https:\/\/www.nordtec.se\/shop\/?lang=en"},{"@type":"ListItem","position":3,"name":"testo 558s &#8211; smart vacuum measuring set"}]},{"@type":"WebSite","@id":"https:\/\/www.nordtec.se\/en\/#website","url":"https:\/\/www.nordtec.se\/en\/","name":"Nordtec","description":"Din partner inom m\u00e4tteknik","publisher":{"@id":"https:\/\/www.nordtec.se\/en\/#organization"},"potentialAction":[{"@type":"SearchAction","target":{"@type":"EntryPoint","urlTemplate":"https:\/\/www.nordtec.se\/en\/?s={search_term_string}"},"query-input":{"@type":"PropertyValueSpecification","valueRequired":true,"valueName":"search_term_string"}}],"inLanguage":"en-US"},{"@type":"Organization","@id":"https:\/\/www.nordtec.se\/en\/#organization","name":"Nordtec Instrument AB","url":"https:\/\/www.nordtec.se\/en\/","logo":{"@type":"ImageObject","inLanguage":"en-US","@id":"https:\/\/www.nordtec.se\/en\/#\/schema\/logo\/image\/","url":"https:\/\/www.nordtec.se\/wp-content\/uploads\/2021\/08\/nordtec_logo_rgb-340px.png","contentUrl":"https:\/\/www.nordtec.se\/wp-content\/uploads\/2021\/08\/nordtec_logo_rgb-340px.png","width":340,"height":75,"caption":"Nordtec Instrument AB"},"image":{"@id":"https:\/\/www.nordtec.se\/en\/#\/schema\/logo\/image\/"},"sameAs":["https:\/\/www.facebook.com\/nordtecinstrument","https:\/\/www.instagram.com\/nordtec_instrument\/","https:\/\/www.linkedin.com\/company\/nordtec-instrument-ab\/","https:\/\/www.youtube.com\/channel\/UCbmAq3ZmfBKOGg7_igFURng"]}]}},"taxonomy_info":{"product_cat":[{"value":788,"label":"Cooling and heat pump instruments"},{"value":1426,"label":"testo Smart App"}],"product_tag":[{"value":890,"label":"Manometerst\u00e4ll"}]},"featured_image_src_large":["https:\/\/www.nordtec.se\/wp-content\/uploads\/2025\/03\/testo-558s-matset_800x800.png",800,800,false],"author_info":[],"comment_info":"","_links":{"self":[{"href":"https:\/\/www.nordtec.se\/en\/wp-json\/wp\/v2\/product\/51941","targetHints":{"allow":["GET"]}}],"collection":[{"href":"https:\/\/www.nordtec.se\/en\/wp-json\/wp\/v2\/product"}],"about":[{"href":"https:\/\/www.nordtec.se\/en\/wp-json\/wp\/v2\/types\/product"}],"version-history":[{"count":2,"href":"https:\/\/www.nordtec.se\/en\/wp-json\/wp\/v2\/product\/51941\/revisions"}],"predecessor-version":[{"id":60545,"href":"https:\/\/www.nordtec.se\/en\/wp-json\/wp\/v2\/product\/51941\/revisions\/60545"}],"wp:featuredmedia":[{"embeddable":true,"href":"https:\/\/www.nordtec.se\/en\/wp-json\/wp\/v2\/media\/51836"}],"wp:attachment":[{"href":"https:\/\/www.nordtec.se\/en\/wp-json\/wp\/v2\/media?parent=51941"}],"wp:term":[{"taxonomy":"product_brand","embeddable":true,"href":"https:\/\/www.nordtec.se\/en\/wp-json\/wp\/v2\/product_brand?post=51941"},{"taxonomy":"product_cat","embeddable":true,"href":"https:\/\/www.nordtec.se\/en\/wp-json\/wp\/v2\/product_cat?post=51941"},{"taxonomy":"product_tag","embeddable":true,"href":"https:\/\/www.nordtec.se\/en\/wp-json\/wp\/v2\/product_tag?post=51941"}],"curies":[{"name":"wp","href":"https:\/\/api.w.org\/{rel}","templated":true}]}}