{"id":52146,"date":"2025-03-25T17:35:56","date_gmt":"2025-03-25T15:35:56","guid":{"rendered":"https:\/\/www.nordtec.se\/?post_type=product&#038;p=52146"},"modified":"2026-02-11T12:34:44","modified_gmt":"2026-02-11T10:34:44","slug":"testo-860i-wireless-thermal-imaging-camera-for-your-mobile","status":"publish","type":"product","link":"https:\/\/www.nordtec.se\/en\/product\/measuring-instruments\/thermal-imagers\/testo-860i-wireless-thermal-imaging-camera-for-your-mobile\/","title":{"rendered":"testo 860i &#8211; wireless thermal imaging camera for your mobile"},"content":{"rendered":"<h3>testo 860i &#8211; flexible thermal imaging camera for professional thermography<\/h3>\n<p>The new <strong>testo 860i<\/strong> wireless thermal imaging camera for smartphones is easy to use and displays images in the <a href=\"https:\/\/www.nordtec.se\/en\/testo-smart-apps\/?lang=en\"><strong>testo Smart app<\/strong><\/a>making it the perfect choice for quick checks in <strong>refrigeration and heating engineering, maintenance, construction engineering<\/strong> and many other applications.<\/p>\n<p><strong>The testo 860i<\/strong> enables quick and easy determination of the <strong>Delta T<\/strong> (temperature difference) in the thermal image with application-specific measurement functions:<\/p>\n<ul>\n<li><strong>DeltaHeat <\/strong>for quick determination of the temperature difference between supply and return of radiators.<\/li>\n<li><strong>DeltaCool<\/strong> for quick assessment of the temperature difference in refrigeration and air conditioning systems.<\/li>\n<li><strong>The moisture situation<\/strong> also helps to assess the risk of moisture damage in indoor environments.<\/li>\n<li><strong>The thermography function<\/strong> quickly and easily shows <strong>hotspots<\/strong> and <strong>Delta T<\/strong> during maintenance work.<\/li>\n<\/ul>\n<p>With the testo 860i, you can quickly and easily identify hotspots in electrical installations and components. If you combine it with the <strong data-start=\"312\" data-end=\"327\">testo 770-3<\/strong> clamp ammeter, you can also measure the load and document it directly together with the thermal image &#8211; for a reliable assessment of the condition of the system. <\/p>\n<p><strong>The testo Smart app<\/strong> is used to control <strong>the testo 860i<\/strong>, display thermal images and temperature differences as well as for documentation &#8211; simple, fast and smart. <strong>testo 860i<\/strong> can be used flexibly, either directly connected to a mobile or tablet for one-handed use or separately. In addition, its robust design, high everyday usability and the rechargeable lithium battery with long operating time make <strong>testo 860i<\/strong> a <strong>reliable companion<\/strong>. <\/p>\n<h2>S\u00e5 h\u00e4r underl\u00e4ttar testo Smart-appen f\u00f6r dig:<\/h2>\r\n<ul>\r\n<li>Enkel inst\u00e4llning av m\u00e4tinstrumentet<\/li>\r\n<li>Effektiv kund- och m\u00e4tplatshantering<\/li>\r\n<li>P\u00e5litlig lagring av alla m\u00e4tdata<\/li>\r\n<li>F\u00f6rvandlar mobilen till en andra sk\u00e4rm<\/li>\r\n<li>Visning av grafiska m\u00e4tv\u00e4rdeskurvor<\/li>\r\n<li>Enkel dokumentering av allt arbete<\/li>\r\n<li>Skicka rapporter direkt fr\u00e5n m\u00e4tplatsen via e-post<\/li>\r\n<\/ul>\r\n<p>testo Smart-appen finns p\u00e5 Google Play och App Store. Den \u00e4r gratis att b\u00e5de ladda ned och anv\u00e4nda.<\/p>\r\n<p><a href=\"https:\/\/play.google.com\/store\/apps\/details?id=de.testo.smartprobesappgen2\" target=\"_blank\" rel=\"noopener\"><img loading=\"lazy\" decoding=\"async\" class=\"alignleft wp-image-30738\" title=\"testo Smart App - Google Play\" src=\"https:\/\/www.nordtec.se\/wp-content\/uploads\/2023\/01\/google-play-badge-300x116.png\" alt=\"google play badge\" width=\"120\" height=\"46\" srcset=\"https:\/\/www.nordtec.se\/wp-content\/uploads\/2023\/01\/google-play-badge-300x116.png 300w, https:\/\/www.nordtec.se\/wp-content\/uploads\/2023\/01\/google-play-badge-416x161.png 416w, https:\/\/www.nordtec.se\/wp-content\/uploads\/2023\/01\/google-play-badge-64x25.png 64w, https:\/\/www.nordtec.se\/wp-content\/uploads\/2023\/01\/google-play-badge.png 646w\" sizes=\"auto, (max-width: 120px) 100vw, 120px\" \/><\/a><\/p>\r\n<p><a href=\"https:\/\/apps.apple.com\/se\/app\/testo-smart\/id1482139629\" target=\"_blank\" rel=\"noopener\"><img loading=\"lazy\" decoding=\"async\" class=\"alignleft wp-image-30740\" title=\"testo Smart app - App Store\" src=\"https:\/\/www.nordtec.se\/wp-content\/uploads\/2023\/01\/app-store-badge-300x116.png\" alt=\"App Store Badge\" width=\"120\" height=\"46\" srcset=\"https:\/\/www.nordtec.se\/wp-content\/uploads\/2023\/01\/app-store-badge-300x116.png 300w, https:\/\/www.nordtec.se\/wp-content\/uploads\/2023\/01\/app-store-badge-416x161.png 416w, https:\/\/www.nordtec.se\/wp-content\/uploads\/2023\/01\/app-store-badge-64x25.png 64w, https:\/\/www.nordtec.se\/wp-content\/uploads\/2023\/01\/app-store-badge.png 646w\" sizes=\"auto, (max-width: 120px) 100vw, 120px\" \/><\/a><\/p>\r\n<p>&nbsp;<\/p>\n<h3>Scope of supply<\/h3>\n<p>The<strong> testo 860i<\/strong> wireless thermal imaging camera for mobiles, USB-C cable included.<\/p>\n","protected":false},"excerpt":{"rendered":"<p>Mobile thermal imaging camera that displays the thermal image via the testo Smart app.<\/p>\n<ul>\n<li>Easy and fast determination of Delta T in the thermal image using the application-specific measurement functions DeltaHeat and DeltaCool<\/li>\n<li>Razor-sharp thermal images thanks to high IR resolution (256 x 192 pixels)<\/li>\n<li>Everything is easy with <a href=\"https:\/\/www.nordtec.se\/en\/testo-smart-apps\/?lang=en\">the testo Smart app<\/a>: simple handling and easy documentation via email directly at the measurement site<\/li>\n<li>Flexible handling through wireless use or one-hand operation, directly connected to a smartphone<\/li>\n<\/ul>\n","protected":false},"featured_media":52026,"template":"","meta":{"_kad_blocks_custom_css":"","_kad_blocks_head_custom_js":"","_kad_blocks_body_custom_js":"","_kad_blocks_footer_custom_js":"","footnotes":""},"product_brand":[1435],"product_cat":[835,1426,794],"product_tag":[],"class_list":{"0":"post-52146","1":"product","2":"type-product","3":"status-publish","4":"has-post-thumbnail","6":"product_brand-testo","7":"product_cat-smartprobes-en","8":"product_cat-testo-smart-app","9":"product_cat-thermal-imagers","11":"first","12":"instock","13":"taxable","14":"shipping-taxable","15":"purchasable","16":"product-type-simple"},"yoast_head":"<!-- This site is optimized with the Yoast SEO Premium plugin v27.3 (Yoast SEO v27.4) - https:\/\/yoast.com\/product\/yoast-seo-premium-wordpress\/ -->\n<title>testo 860i - wireless thermal imaging camera for your mobile | Nordtec<\/title>\n<meta name=\"description\" content=\"testo 860i - the new wireless thermal imaging camera for smartphones with easy handling and image display in the testo Smart app.\" \/>\n<meta name=\"robots\" content=\"index, follow, max-snippet:-1, max-image-preview:large, max-video-preview:-1\" \/>\n<link rel=\"canonical\" href=\"https:\/\/www.nordtec.se\/en\/product\/measuring-instruments\/thermal-imagers\/testo-860i-wireless-thermal-imaging-camera-for-your-mobile\/\" \/>\n<meta property=\"og:locale\" content=\"en_US\" \/>\n<meta property=\"og:type\" content=\"article\" \/>\n<meta property=\"og:title\" content=\"testo 860i - wireless thermal imaging camera for your mobile\" \/>\n<meta property=\"og:description\" content=\"testo 860i - the new wireless thermal imaging camera for smartphones with easy handling and image display in the testo Smart app.\" \/>\n<meta property=\"og:url\" content=\"https:\/\/www.nordtec.se\/en\/product\/measuring-instruments\/thermal-imagers\/testo-860i-wireless-thermal-imaging-camera-for-your-mobile\/\" \/>\n<meta property=\"og:site_name\" content=\"Nordtec\" \/>\n<meta property=\"article:publisher\" content=\"https:\/\/www.facebook.com\/nordtecinstrument\" \/>\n<meta property=\"article:modified_time\" content=\"2026-02-11T10:34:44+00:00\" \/>\n<meta property=\"og:image\" content=\"https:\/\/www.nordtec.se\/wp-content\/uploads\/2025\/03\/testo-860i-0560-0860-front_800x800.png\" \/>\n\t<meta property=\"og:image:width\" content=\"800\" \/>\n\t<meta property=\"og:image:height\" content=\"800\" \/>\n\t<meta property=\"og:image:type\" content=\"image\/png\" \/>\n<meta name=\"twitter:card\" content=\"summary_large_image\" \/>\n<meta name=\"twitter:label1\" content=\"Est. reading time\" \/>\n\t<meta name=\"twitter:data1\" content=\"2 minutes\" \/>\n<script type=\"application\/ld+json\" class=\"yoast-schema-graph\">{\"@context\":\"https:\\\/\\\/schema.org\",\"@graph\":[{\"@type\":[\"WebPage\",\"ItemPage\"],\"@id\":\"https:\\\/\\\/www.nordtec.se\\\/en\\\/product\\\/measuring-instruments\\\/thermal-imagers\\\/testo-860i-wireless-thermal-imaging-camera-for-your-mobile\\\/\",\"url\":\"https:\\\/\\\/www.nordtec.se\\\/en\\\/product\\\/measuring-instruments\\\/thermal-imagers\\\/testo-860i-wireless-thermal-imaging-camera-for-your-mobile\\\/\",\"name\":\"testo 860i - wireless thermal imaging camera for your mobile | Nordtec\",\"isPartOf\":{\"@id\":\"https:\\\/\\\/www.nordtec.se\\\/en\\\/#website\"},\"primaryImageOfPage\":{\"@id\":\"https:\\\/\\\/www.nordtec.se\\\/en\\\/product\\\/measuring-instruments\\\/thermal-imagers\\\/testo-860i-wireless-thermal-imaging-camera-for-your-mobile\\\/#primaryimage\"},\"image\":{\"@id\":\"https:\\\/\\\/www.nordtec.se\\\/en\\\/product\\\/measuring-instruments\\\/thermal-imagers\\\/testo-860i-wireless-thermal-imaging-camera-for-your-mobile\\\/#primaryimage\"},\"thumbnailUrl\":\"https:\\\/\\\/www.nordtec.se\\\/wp-content\\\/uploads\\\/2025\\\/03\\\/testo-860i-0560-0860-front_800x800.png\",\"datePublished\":\"2025-03-25T15:35:56+00:00\",\"dateModified\":\"2026-02-11T10:34:44+00:00\",\"description\":\"testo 860i - the new wireless thermal imaging camera for smartphones with easy handling and image display in the testo Smart app.\",\"breadcrumb\":{\"@id\":\"https:\\\/\\\/www.nordtec.se\\\/en\\\/product\\\/measuring-instruments\\\/thermal-imagers\\\/testo-860i-wireless-thermal-imaging-camera-for-your-mobile\\\/#breadcrumb\"},\"inLanguage\":\"en-US\",\"potentialAction\":[{\"@type\":\"ReadAction\",\"target\":[\"https:\\\/\\\/www.nordtec.se\\\/en\\\/product\\\/measuring-instruments\\\/thermal-imagers\\\/testo-860i-wireless-thermal-imaging-camera-for-your-mobile\\\/\"]}]},{\"@type\":\"ImageObject\",\"inLanguage\":\"en-US\",\"@id\":\"https:\\\/\\\/www.nordtec.se\\\/en\\\/product\\\/measuring-instruments\\\/thermal-imagers\\\/testo-860i-wireless-thermal-imaging-camera-for-your-mobile\\\/#primaryimage\",\"url\":\"https:\\\/\\\/www.nordtec.se\\\/wp-content\\\/uploads\\\/2025\\\/03\\\/testo-860i-0560-0860-front_800x800.png\",\"contentUrl\":\"https:\\\/\\\/www.nordtec.se\\\/wp-content\\\/uploads\\\/2025\\\/03\\\/testo-860i-0560-0860-front_800x800.png\",\"width\":800,\"height\":800,\"caption\":\"testo 860i - Wireless thermal imaging camera\"},{\"@type\":\"BreadcrumbList\",\"@id\":\"https:\\\/\\\/www.nordtec.se\\\/en\\\/product\\\/measuring-instruments\\\/thermal-imagers\\\/testo-860i-wireless-thermal-imaging-camera-for-your-mobile\\\/#breadcrumb\",\"itemListElement\":[{\"@type\":\"ListItem\",\"position\":1,\"name\":\"Hem\",\"item\":\"https:\\\/\\\/www.nordtec.se\\\/en\\\/\"},{\"@type\":\"ListItem\",\"position\":2,\"name\":\"Shop\",\"item\":\"https:\\\/\\\/www.nordtec.se\\\/shop\\\/?lang=en\"},{\"@type\":\"ListItem\",\"position\":3,\"name\":\"testo 860i &#8211; wireless thermal imaging camera for your mobile\"}]},{\"@type\":\"WebSite\",\"@id\":\"https:\\\/\\\/www.nordtec.se\\\/en\\\/#website\",\"url\":\"https:\\\/\\\/www.nordtec.se\\\/en\\\/\",\"name\":\"Nordtec\",\"description\":\"Din partner inom m\u00e4tteknik\",\"publisher\":{\"@id\":\"https:\\\/\\\/www.nordtec.se\\\/en\\\/#organization\"},\"potentialAction\":[{\"@type\":\"SearchAction\",\"target\":{\"@type\":\"EntryPoint\",\"urlTemplate\":\"https:\\\/\\\/www.nordtec.se\\\/en\\\/?s={search_term_string}\"},\"query-input\":{\"@type\":\"PropertyValueSpecification\",\"valueRequired\":true,\"valueName\":\"search_term_string\"}}],\"inLanguage\":\"en-US\"},{\"@type\":\"Organization\",\"@id\":\"https:\\\/\\\/www.nordtec.se\\\/en\\\/#organization\",\"name\":\"Nordtec Instrument AB\",\"url\":\"https:\\\/\\\/www.nordtec.se\\\/en\\\/\",\"logo\":{\"@type\":\"ImageObject\",\"inLanguage\":\"en-US\",\"@id\":\"https:\\\/\\\/www.nordtec.se\\\/en\\\/#\\\/schema\\\/logo\\\/image\\\/\",\"url\":\"https:\\\/\\\/www.nordtec.se\\\/wp-content\\\/uploads\\\/2021\\\/08\\\/nordtec_logo_rgb-340px.png\",\"contentUrl\":\"https:\\\/\\\/www.nordtec.se\\\/wp-content\\\/uploads\\\/2021\\\/08\\\/nordtec_logo_rgb-340px.png\",\"width\":340,\"height\":75,\"caption\":\"Nordtec Instrument AB\"},\"image\":{\"@id\":\"https:\\\/\\\/www.nordtec.se\\\/en\\\/#\\\/schema\\\/logo\\\/image\\\/\"},\"sameAs\":[\"https:\\\/\\\/www.facebook.com\\\/nordtecinstrument\",\"https:\\\/\\\/www.instagram.com\\\/nordtec_instrument\\\/\",\"https:\\\/\\\/www.linkedin.com\\\/company\\\/nordtec-instrument-ab\\\/\",\"https:\\\/\\\/www.youtube.com\\\/channel\\\/UCbmAq3ZmfBKOGg7_igFURng\"]}]}<\/script>\n<!-- \/ Yoast SEO Premium plugin. -->","yoast_head_json":{"title":"testo 860i - wireless thermal imaging camera for your mobile | Nordtec","description":"testo 860i - the new wireless thermal imaging camera for smartphones with easy handling and image display in the testo Smart app.","robots":{"index":"index","follow":"follow","max-snippet":"max-snippet:-1","max-image-preview":"max-image-preview:large","max-video-preview":"max-video-preview:-1"},"canonical":"https:\/\/www.nordtec.se\/en\/product\/measuring-instruments\/thermal-imagers\/testo-860i-wireless-thermal-imaging-camera-for-your-mobile\/","og_locale":"en_US","og_type":"article","og_title":"testo 860i - wireless thermal imaging camera for your mobile","og_description":"testo 860i - the new wireless thermal imaging camera for smartphones with easy handling and image display in the testo Smart app.","og_url":"https:\/\/www.nordtec.se\/en\/product\/measuring-instruments\/thermal-imagers\/testo-860i-wireless-thermal-imaging-camera-for-your-mobile\/","og_site_name":"Nordtec","article_publisher":"https:\/\/www.facebook.com\/nordtecinstrument","article_modified_time":"2026-02-11T10:34:44+00:00","og_image":[{"width":800,"height":800,"url":"https:\/\/www.nordtec.se\/wp-content\/uploads\/2025\/03\/testo-860i-0560-0860-front_800x800.png","type":"image\/png"}],"twitter_card":"summary_large_image","twitter_misc":{"Est. reading time":"2 minutes"},"schema":{"@context":"https:\/\/schema.org","@graph":[{"@type":["WebPage","ItemPage"],"@id":"https:\/\/www.nordtec.se\/en\/product\/measuring-instruments\/thermal-imagers\/testo-860i-wireless-thermal-imaging-camera-for-your-mobile\/","url":"https:\/\/www.nordtec.se\/en\/product\/measuring-instruments\/thermal-imagers\/testo-860i-wireless-thermal-imaging-camera-for-your-mobile\/","name":"testo 860i - wireless thermal imaging camera for your mobile | Nordtec","isPartOf":{"@id":"https:\/\/www.nordtec.se\/en\/#website"},"primaryImageOfPage":{"@id":"https:\/\/www.nordtec.se\/en\/product\/measuring-instruments\/thermal-imagers\/testo-860i-wireless-thermal-imaging-camera-for-your-mobile\/#primaryimage"},"image":{"@id":"https:\/\/www.nordtec.se\/en\/product\/measuring-instruments\/thermal-imagers\/testo-860i-wireless-thermal-imaging-camera-for-your-mobile\/#primaryimage"},"thumbnailUrl":"https:\/\/www.nordtec.se\/wp-content\/uploads\/2025\/03\/testo-860i-0560-0860-front_800x800.png","datePublished":"2025-03-25T15:35:56+00:00","dateModified":"2026-02-11T10:34:44+00:00","description":"testo 860i - the new wireless thermal imaging camera for smartphones with easy handling and image display in the testo Smart app.","breadcrumb":{"@id":"https:\/\/www.nordtec.se\/en\/product\/measuring-instruments\/thermal-imagers\/testo-860i-wireless-thermal-imaging-camera-for-your-mobile\/#breadcrumb"},"inLanguage":"en-US","potentialAction":[{"@type":"ReadAction","target":["https:\/\/www.nordtec.se\/en\/product\/measuring-instruments\/thermal-imagers\/testo-860i-wireless-thermal-imaging-camera-for-your-mobile\/"]}]},{"@type":"ImageObject","inLanguage":"en-US","@id":"https:\/\/www.nordtec.se\/en\/product\/measuring-instruments\/thermal-imagers\/testo-860i-wireless-thermal-imaging-camera-for-your-mobile\/#primaryimage","url":"https:\/\/www.nordtec.se\/wp-content\/uploads\/2025\/03\/testo-860i-0560-0860-front_800x800.png","contentUrl":"https:\/\/www.nordtec.se\/wp-content\/uploads\/2025\/03\/testo-860i-0560-0860-front_800x800.png","width":800,"height":800,"caption":"testo 860i - Wireless thermal imaging camera"},{"@type":"BreadcrumbList","@id":"https:\/\/www.nordtec.se\/en\/product\/measuring-instruments\/thermal-imagers\/testo-860i-wireless-thermal-imaging-camera-for-your-mobile\/#breadcrumb","itemListElement":[{"@type":"ListItem","position":1,"name":"Hem","item":"https:\/\/www.nordtec.se\/en\/"},{"@type":"ListItem","position":2,"name":"Shop","item":"https:\/\/www.nordtec.se\/shop\/?lang=en"},{"@type":"ListItem","position":3,"name":"testo 860i &#8211; wireless thermal imaging camera for your mobile"}]},{"@type":"WebSite","@id":"https:\/\/www.nordtec.se\/en\/#website","url":"https:\/\/www.nordtec.se\/en\/","name":"Nordtec","description":"Din partner inom m\u00e4tteknik","publisher":{"@id":"https:\/\/www.nordtec.se\/en\/#organization"},"potentialAction":[{"@type":"SearchAction","target":{"@type":"EntryPoint","urlTemplate":"https:\/\/www.nordtec.se\/en\/?s={search_term_string}"},"query-input":{"@type":"PropertyValueSpecification","valueRequired":true,"valueName":"search_term_string"}}],"inLanguage":"en-US"},{"@type":"Organization","@id":"https:\/\/www.nordtec.se\/en\/#organization","name":"Nordtec Instrument AB","url":"https:\/\/www.nordtec.se\/en\/","logo":{"@type":"ImageObject","inLanguage":"en-US","@id":"https:\/\/www.nordtec.se\/en\/#\/schema\/logo\/image\/","url":"https:\/\/www.nordtec.se\/wp-content\/uploads\/2021\/08\/nordtec_logo_rgb-340px.png","contentUrl":"https:\/\/www.nordtec.se\/wp-content\/uploads\/2021\/08\/nordtec_logo_rgb-340px.png","width":340,"height":75,"caption":"Nordtec Instrument AB"},"image":{"@id":"https:\/\/www.nordtec.se\/en\/#\/schema\/logo\/image\/"},"sameAs":["https:\/\/www.facebook.com\/nordtecinstrument","https:\/\/www.instagram.com\/nordtec_instrument\/","https:\/\/www.linkedin.com\/company\/nordtec-instrument-ab\/","https:\/\/www.youtube.com\/channel\/UCbmAq3ZmfBKOGg7_igFURng"]}]}},"taxonomy_info":{"product_brand":[{"value":1435,"label":"Testo"}],"product_cat":[{"value":835,"label":"SmartProbes"},{"value":1426,"label":"testo Smart App"},{"value":794,"label":"Thermal imagers"}]},"featured_image_src_large":["https:\/\/www.nordtec.se\/wp-content\/uploads\/2025\/03\/testo-860i-0560-0860-front_800x800.png",800,800,false],"author_info":[],"comment_info":"","_links":{"self":[{"href":"https:\/\/www.nordtec.se\/en\/wp-json\/wp\/v2\/product\/52146","targetHints":{"allow":["GET"]}}],"collection":[{"href":"https:\/\/www.nordtec.se\/en\/wp-json\/wp\/v2\/product"}],"about":[{"href":"https:\/\/www.nordtec.se\/en\/wp-json\/wp\/v2\/types\/product"}],"version-history":[{"count":9,"href":"https:\/\/www.nordtec.se\/en\/wp-json\/wp\/v2\/product\/52146\/revisions"}],"predecessor-version":[{"id":57877,"href":"https:\/\/www.nordtec.se\/en\/wp-json\/wp\/v2\/product\/52146\/revisions\/57877"}],"wp:featuredmedia":[{"embeddable":true,"href":"https:\/\/www.nordtec.se\/en\/wp-json\/wp\/v2\/media\/52026"}],"wp:attachment":[{"href":"https:\/\/www.nordtec.se\/en\/wp-json\/wp\/v2\/media?parent=52146"}],"wp:term":[{"taxonomy":"product_brand","embeddable":true,"href":"https:\/\/www.nordtec.se\/en\/wp-json\/wp\/v2\/product_brand?post=52146"},{"taxonomy":"product_cat","embeddable":true,"href":"https:\/\/www.nordtec.se\/en\/wp-json\/wp\/v2\/product_cat?post=52146"},{"taxonomy":"product_tag","embeddable":true,"href":"https:\/\/www.nordtec.se\/en\/wp-json\/wp\/v2\/product_tag?post=52146"}],"curies":[{"name":"wp","href":"https:\/\/api.w.org\/{rel}","templated":true}]}}