{"id":54531,"date":"2025-09-16T15:19:00","date_gmt":"2025-09-16T13:19:00","guid":{"rendered":"https:\/\/www.nordtec.se\/?post_type=product&#038;p=54531"},"modified":"2026-04-20T13:12:39","modified_gmt":"2026-04-20T11:12:39","slug":"testo-162-h2-wifi-data-logger-for-temperature-and-humidity","status":"publish","type":"product","link":"https:\/\/www.nordtec.se\/en\/product\/measurement-systems\/testo-smart-connect-en\/testo-162-h2-wifi-data-logger-for-temperature-and-humidity\/","title":{"rendered":"testo 162 H2 &#8211; WiFi data logger for temperature and humidity with connection for external sensor"},"content":{"rendered":"<h2>testo 162 H2 &#8211; WiFi data logger for temperature and humidity with connection for external sensor<\/h2>\n<p>With the testo 162 H2 WiFi data logger, you can measure both temperature and humidity using an external temperature and humidity sensor. Thanks to this, measurements can be taken in both open and closed spaces. The data logger&#8217;s display shows you the current measured values, limit value violations and remaining battery life, while all measurement data is automatically sent to the testo Smart Connect cloud service via WiFi connection.<\/p>\n<p>testo 162 H2 belongs to the testo 162 series, connected data loggers for monitoring sensitive indoor environments. By combining different data loggers with internal sensors or external sensors, you get a flexible and adaptable measurement system that suits everything from offices and museums to warehouses and transport. Measurement data from all connected data loggers is collected in testo Smart Connect. You can also connect the 160 and 164 series data loggers for even more options and flexibility.<\/p>\n<h3>testo Smart Connect &#8211; a smarter way to monitor the climate<\/h3>\n<p>testo Smart Connect makes climate monitoring both easier and more reliable. All measurement data from your connected data loggers is sent here via WiFi connection and you get a clear overview of all measurement points, all in one place. After a quick start &#8211; creating an account, connecting your WiFi data loggers and setting alarm limits &#8211; the system does the rest. You&#8217;ll be informed instantly via push notification or email if a limit is exceeded. The result: full control and more time for other things. The testo Smart Connect cloud service is also compatible with the testo Smart app. Connect your account to the app for even more smart features.<\/p>\n<p><strong><a class=\"poppers\">Read this before creating an account &gt;&gt;<\/a><\/strong><\/p>\r\n<div id=\"poptext\">\r\n<p>When registering a cloud account in testo Smart Connect, an email address is required. We recommend that you do not use a \u201cpersonal\u201d email address. Instead, it is better to create a \u201cgeneral address\u201d that is not linked to a specific person. A suitable example could be \u201dinfo@exempel.com\u201d or similar.<\/p>\r\n<\/div>\r\n<p><a class=\"button\" href=\"http:\/\/www.smartconnect.testo.com\/\" target=\"_blank\" rel=\"noopener\">Log in to the cloud service<\/a><\/p>\r\n<p><a href=\"http:\/\/www.smartconnect.testo.com\/\" target=\"_blank\" rel=\"noopener\"><img loading=\"lazy\" decoding=\"async\" class=\"alignleft wp-image-60498\" src=\"https:\/\/www.nordtec.se\/wp-content\/uploads\/2026\/04\/testo-smart-connect-logo-300x300.png\" alt=\"testo Smart Connect\" width=\"68\" height=\"68\" srcset=\"https:\/\/www.nordtec.se\/wp-content\/uploads\/2026\/04\/testo-smart-connect-logo-300x300.png 300w, https:\/\/www.nordtec.se\/wp-content\/uploads\/2026\/04\/testo-smart-connect-logo-150x150.png 150w, https:\/\/www.nordtec.se\/wp-content\/uploads\/2026\/04\/testo-smart-connect-logo-768x768.png 768w, https:\/\/www.nordtec.se\/wp-content\/uploads\/2026\/04\/testo-smart-connect-logo-50x50.png 50w, https:\/\/www.nordtec.se\/wp-content\/uploads\/2026\/04\/testo-smart-connect-logo-324x324.png 324w, https:\/\/www.nordtec.se\/wp-content\/uploads\/2026\/04\/testo-smart-connect-logo-416x416.png 416w, https:\/\/www.nordtec.se\/wp-content\/uploads\/2026\/04\/testo-smart-connect-logo-100x100.png 100w, https:\/\/www.nordtec.se\/wp-content\/uploads\/2026\/04\/testo-smart-connect-logo-64x64.png 64w, https:\/\/www.nordtec.se\/wp-content\/uploads\/2026\/04\/testo-smart-connect-logo.png 800w\" sizes=\"auto, (max-width: 68px) 100vw, 68px\" \/><\/a><a href=\"https:\/\/www.nordtec.se\/en\/testo-smart-apps\/\" target=\"_blank\" rel=\"noopener\"><img loading=\"lazy\" decoding=\"async\" class=\"alignleft wp-image-33549\" src=\"https:\/\/www.nordtec.se\/wp-content\/uploads\/2023\/06\/App-Icon-testo-Smart-round_800px-300x300.png\" alt=\"Logga f\u00f6r testo Smart-appen\" width=\"68\" height=\"68\" srcset=\"https:\/\/www.nordtec.se\/wp-content\/uploads\/2023\/06\/App-Icon-testo-Smart-round_800px-300x300.png 300w, https:\/\/www.nordtec.se\/wp-content\/uploads\/2023\/06\/App-Icon-testo-Smart-round_800px-150x150.png 150w, https:\/\/www.nordtec.se\/wp-content\/uploads\/2023\/06\/App-Icon-testo-Smart-round_800px-768x768.png 768w, https:\/\/www.nordtec.se\/wp-content\/uploads\/2023\/06\/App-Icon-testo-Smart-round_800px-324x324.png 324w, https:\/\/www.nordtec.se\/wp-content\/uploads\/2023\/06\/App-Icon-testo-Smart-round_800px-416x416.png 416w, https:\/\/www.nordtec.se\/wp-content\/uploads\/2023\/06\/App-Icon-testo-Smart-round_800px-100x100.png 100w, https:\/\/www.nordtec.se\/wp-content\/uploads\/2023\/06\/App-Icon-testo-Smart-round_800px-64x64.png 64w, https:\/\/www.nordtec.se\/wp-content\/uploads\/2023\/06\/App-Icon-testo-Smart-round_800px.png 800w\" sizes=\"auto, (max-width: 68px) 100vw, 68px\" \/><\/a><\/p>\r\n<p>&nbsp;<\/p>\r\n<p>&nbsp;<\/p>\n<p>&nbsp;<\/p>\n<h3>Included in delivery<\/h3>\n<p>WiFi data logger testo 162 H2, batteries, micro USB cable, wall bracket, factory protocol and brief user manual.<\/p>\n<p><span class=\"ui-provider ed ayd aye ayf ayg ayh ayi ayj ayk ayl aym ayn ayo ayp ayq ayr ays ayt ayu ayv ayw ayx ayy ayz aza azb azc azd aze azf azg azh azi azj azk\" dir=\"ltr\"><strong>Fabriksprotokoll:<\/strong>\u00a0utf\u00e4rdas p\u00e5 fabriken efter en kontroll av att produkten fungerar och uppfyller angiven m\u00e4tnoggrannhet. L\u00e4s om <a href=\"https:\/\/www.nordtec.se\/kalibrering\/iso-9001-kraver-kalibrerad-matutrustning\/\"><u>skillnaden mellan fabriksprotokoll och ackrediterad kalibrering<\/u><\/a>.<\/span><\/p>\n<p>&nbsp;<\/p>\n","protected":false},"excerpt":{"rendered":"<p>Automatic monitoring of humidity and temperature via WiFi connection (replaces testo Saveris 2 H2)<\/p>\n<ul>\n<li>Connection for external humidity and temperature sensor<\/li>\n<li>Safe alarm function &#8211; exceeded limits are reported via push notification or email<\/li>\n<li>Measurement data is automatically stored in the cloud service &#8211; accessible anytime, anywhere<\/li>\n<\/ul>\n","protected":false},"featured_media":54539,"template":"","meta":{"_kad_blocks_custom_css":"","_kad_blocks_head_custom_js":"","_kad_blocks_body_custom_js":"","_kad_blocks_footer_custom_js":"","footnotes":""},"product_brand":[],"product_cat":[769,783,841,768,824,779,778,1403,1426,1402,843],"product_tag":[867,914,940],"class_list":{"0":"post-54531","1":"product","2":"type-product","3":"status-publish","4":"has-post-thumbnail","6":"product_cat-data-loggers","7":"product_cat-indoor-climate-working-environment","8":"product_cat-measurement-systems","9":"product_cat-measuring-instruments","10":"product_cat-moisture-loggers","11":"product_cat-moisture-meters","12":"product_cat-temperature-gauges","13":"product_cat-testo-162-en","14":"product_cat-testo-smart-app","15":"product_cat-testo-smart-connect-en","16":"product_cat-wifi-loggers","17":"product_tag-fukt-en","18":"product_tag-temperatur-en","19":"product_tag-wifi-en","21":"first","22":"instock","23":"taxable","24":"shipping-taxable","25":"purchasable","26":"product-type-simple"},"yoast_head":"<!-- This site is optimized with the Yoast SEO Premium plugin v27.3 (Yoast SEO v27.4) - https:\/\/yoast.com\/product\/yoast-seo-premium-wordpress\/ -->\n<title>testo 162 H2 - WiFi data logger for temperature and humidity with connection for external sensor | Nordtec<\/title>\n<meta name=\"description\" content=\"Cloud-based and automatic humidity and temperature monitoring via WiFi connection \u1405 WiFi data logger for temperature and humidity \u2713 Connection for external sensor\" \/>\n<meta name=\"robots\" content=\"index, follow, max-snippet:-1, max-image-preview:large, max-video-preview:-1\" \/>\n<link rel=\"canonical\" href=\"https:\/\/www.nordtec.se\/en\/product\/measurement-systems\/testo-smart-connect-en\/testo-162-h2-wifi-data-logger-for-temperature-and-humidity\/\" \/>\n<meta property=\"og:locale\" content=\"en_US\" \/>\n<meta property=\"og:type\" content=\"article\" \/>\n<meta property=\"og:title\" content=\"testo 162 H2 - WiFi data logger for temperature and humidity with connection for external sensor\" \/>\n<meta property=\"og:description\" content=\"Cloud-based and automatic humidity and temperature monitoring via WiFi connection \u1405 WiFi data logger for temperature and humidity \u2713 Connection for external sensor\" \/>\n<meta property=\"og:url\" content=\"https:\/\/www.nordtec.se\/en\/product\/measurement-systems\/testo-smart-connect-en\/testo-162-h2-wifi-data-logger-for-temperature-and-humidity\/\" \/>\n<meta property=\"og:site_name\" content=\"Nordtec\" \/>\n<meta property=\"article:publisher\" content=\"https:\/\/www.facebook.com\/nordtecinstrument\" \/>\n<meta property=\"article:modified_time\" content=\"2026-04-20T11:12:39+00:00\" \/>\n<meta property=\"og:image\" content=\"https:\/\/www.nordtec.se\/wp-content\/uploads\/2025\/09\/testo-162-h2-measuring-humidity-value-front_800px.png\" \/>\n\t<meta property=\"og:image:width\" content=\"800\" \/>\n\t<meta property=\"og:image:height\" content=\"800\" \/>\n\t<meta property=\"og:image:type\" content=\"image\/png\" \/>\n<meta name=\"twitter:card\" content=\"summary_large_image\" \/>\n<meta name=\"twitter:label1\" content=\"Est. reading time\" \/>\n\t<meta name=\"twitter:data1\" content=\"2 minutes\" \/>\n<script type=\"application\/ld+json\" class=\"yoast-schema-graph\">{\"@context\":\"https:\\\/\\\/schema.org\",\"@graph\":[{\"@type\":[\"WebPage\",\"ItemPage\"],\"@id\":\"https:\\\/\\\/www.nordtec.se\\\/en\\\/product\\\/measurement-systems\\\/testo-smart-connect-en\\\/testo-162-h2-wifi-data-logger-for-temperature-and-humidity\\\/\",\"url\":\"https:\\\/\\\/www.nordtec.se\\\/en\\\/product\\\/measurement-systems\\\/testo-smart-connect-en\\\/testo-162-h2-wifi-data-logger-for-temperature-and-humidity\\\/\",\"name\":\"testo 162 H2 - WiFi data logger for temperature and humidity with connection for external sensor | Nordtec\",\"isPartOf\":{\"@id\":\"https:\\\/\\\/www.nordtec.se\\\/en\\\/#website\"},\"primaryImageOfPage\":{\"@id\":\"https:\\\/\\\/www.nordtec.se\\\/en\\\/product\\\/measurement-systems\\\/testo-smart-connect-en\\\/testo-162-h2-wifi-data-logger-for-temperature-and-humidity\\\/#primaryimage\"},\"image\":{\"@id\":\"https:\\\/\\\/www.nordtec.se\\\/en\\\/product\\\/measurement-systems\\\/testo-smart-connect-en\\\/testo-162-h2-wifi-data-logger-for-temperature-and-humidity\\\/#primaryimage\"},\"thumbnailUrl\":\"https:\\\/\\\/www.nordtec.se\\\/wp-content\\\/uploads\\\/2025\\\/09\\\/testo-162-h2-measuring-humidity-value-front_800px.png\",\"datePublished\":\"2025-09-16T13:19:00+00:00\",\"dateModified\":\"2026-04-20T11:12:39+00:00\",\"description\":\"Cloud-based and automatic humidity and temperature monitoring via WiFi connection \u1405 WiFi data logger for temperature and humidity \u2713 Connection for external sensor\",\"breadcrumb\":{\"@id\":\"https:\\\/\\\/www.nordtec.se\\\/en\\\/product\\\/measurement-systems\\\/testo-smart-connect-en\\\/testo-162-h2-wifi-data-logger-for-temperature-and-humidity\\\/#breadcrumb\"},\"inLanguage\":\"en-US\",\"potentialAction\":[{\"@type\":\"ReadAction\",\"target\":[\"https:\\\/\\\/www.nordtec.se\\\/en\\\/product\\\/measurement-systems\\\/testo-smart-connect-en\\\/testo-162-h2-wifi-data-logger-for-temperature-and-humidity\\\/\"]}]},{\"@type\":\"ImageObject\",\"inLanguage\":\"en-US\",\"@id\":\"https:\\\/\\\/www.nordtec.se\\\/en\\\/product\\\/measurement-systems\\\/testo-smart-connect-en\\\/testo-162-h2-wifi-data-logger-for-temperature-and-humidity\\\/#primaryimage\",\"url\":\"https:\\\/\\\/www.nordtec.se\\\/wp-content\\\/uploads\\\/2025\\\/09\\\/testo-162-h2-measuring-humidity-value-front_800px.png\",\"contentUrl\":\"https:\\\/\\\/www.nordtec.se\\\/wp-content\\\/uploads\\\/2025\\\/09\\\/testo-162-h2-measuring-humidity-value-front_800px.png\",\"width\":800,\"height\":800,\"caption\":\"testo 162 H2 from the front\"},{\"@type\":\"BreadcrumbList\",\"@id\":\"https:\\\/\\\/www.nordtec.se\\\/en\\\/product\\\/measurement-systems\\\/testo-smart-connect-en\\\/testo-162-h2-wifi-data-logger-for-temperature-and-humidity\\\/#breadcrumb\",\"itemListElement\":[{\"@type\":\"ListItem\",\"position\":1,\"name\":\"Hem\",\"item\":\"https:\\\/\\\/www.nordtec.se\\\/en\\\/\"},{\"@type\":\"ListItem\",\"position\":2,\"name\":\"Shop\",\"item\":\"https:\\\/\\\/www.nordtec.se\\\/shop\\\/?lang=en\"},{\"@type\":\"ListItem\",\"position\":3,\"name\":\"testo 162 H2 &#8211; WiFi data logger for temperature and humidity with connection for external sensor\"}]},{\"@type\":\"WebSite\",\"@id\":\"https:\\\/\\\/www.nordtec.se\\\/en\\\/#website\",\"url\":\"https:\\\/\\\/www.nordtec.se\\\/en\\\/\",\"name\":\"Nordtec\",\"description\":\"Din partner inom m\u00e4tteknik\",\"publisher\":{\"@id\":\"https:\\\/\\\/www.nordtec.se\\\/en\\\/#organization\"},\"potentialAction\":[{\"@type\":\"SearchAction\",\"target\":{\"@type\":\"EntryPoint\",\"urlTemplate\":\"https:\\\/\\\/www.nordtec.se\\\/en\\\/?s={search_term_string}\"},\"query-input\":{\"@type\":\"PropertyValueSpecification\",\"valueRequired\":true,\"valueName\":\"search_term_string\"}}],\"inLanguage\":\"en-US\"},{\"@type\":\"Organization\",\"@id\":\"https:\\\/\\\/www.nordtec.se\\\/en\\\/#organization\",\"name\":\"Nordtec Instrument AB\",\"url\":\"https:\\\/\\\/www.nordtec.se\\\/en\\\/\",\"logo\":{\"@type\":\"ImageObject\",\"inLanguage\":\"en-US\",\"@id\":\"https:\\\/\\\/www.nordtec.se\\\/en\\\/#\\\/schema\\\/logo\\\/image\\\/\",\"url\":\"https:\\\/\\\/www.nordtec.se\\\/wp-content\\\/uploads\\\/2021\\\/08\\\/nordtec_logo_rgb-340px.png\",\"contentUrl\":\"https:\\\/\\\/www.nordtec.se\\\/wp-content\\\/uploads\\\/2021\\\/08\\\/nordtec_logo_rgb-340px.png\",\"width\":340,\"height\":75,\"caption\":\"Nordtec Instrument AB\"},\"image\":{\"@id\":\"https:\\\/\\\/www.nordtec.se\\\/en\\\/#\\\/schema\\\/logo\\\/image\\\/\"},\"sameAs\":[\"https:\\\/\\\/www.facebook.com\\\/nordtecinstrument\",\"https:\\\/\\\/www.instagram.com\\\/nordtec_instrument\\\/\",\"https:\\\/\\\/www.linkedin.com\\\/company\\\/nordtec-instrument-ab\\\/\",\"https:\\\/\\\/www.youtube.com\\\/channel\\\/UCbmAq3ZmfBKOGg7_igFURng\"]}]}<\/script>\n<!-- \/ Yoast SEO Premium plugin. -->","yoast_head_json":{"title":"testo 162 H2 - WiFi data logger for temperature and humidity with connection for external sensor | Nordtec","description":"Cloud-based and automatic humidity and temperature monitoring via WiFi connection \u1405 WiFi data logger for temperature and humidity \u2713 Connection for external sensor","robots":{"index":"index","follow":"follow","max-snippet":"max-snippet:-1","max-image-preview":"max-image-preview:large","max-video-preview":"max-video-preview:-1"},"canonical":"https:\/\/www.nordtec.se\/en\/product\/measurement-systems\/testo-smart-connect-en\/testo-162-h2-wifi-data-logger-for-temperature-and-humidity\/","og_locale":"en_US","og_type":"article","og_title":"testo 162 H2 - WiFi data logger for temperature and humidity with connection for external sensor","og_description":"Cloud-based and automatic humidity and temperature monitoring via WiFi connection \u1405 WiFi data logger for temperature and humidity \u2713 Connection for external sensor","og_url":"https:\/\/www.nordtec.se\/en\/product\/measurement-systems\/testo-smart-connect-en\/testo-162-h2-wifi-data-logger-for-temperature-and-humidity\/","og_site_name":"Nordtec","article_publisher":"https:\/\/www.facebook.com\/nordtecinstrument","article_modified_time":"2026-04-20T11:12:39+00:00","og_image":[{"width":800,"height":800,"url":"https:\/\/www.nordtec.se\/wp-content\/uploads\/2025\/09\/testo-162-h2-measuring-humidity-value-front_800px.png","type":"image\/png"}],"twitter_card":"summary_large_image","twitter_misc":{"Est. reading time":"2 minutes"},"schema":{"@context":"https:\/\/schema.org","@graph":[{"@type":["WebPage","ItemPage"],"@id":"https:\/\/www.nordtec.se\/en\/product\/measurement-systems\/testo-smart-connect-en\/testo-162-h2-wifi-data-logger-for-temperature-and-humidity\/","url":"https:\/\/www.nordtec.se\/en\/product\/measurement-systems\/testo-smart-connect-en\/testo-162-h2-wifi-data-logger-for-temperature-and-humidity\/","name":"testo 162 H2 - WiFi data logger for temperature and humidity with connection for external sensor | Nordtec","isPartOf":{"@id":"https:\/\/www.nordtec.se\/en\/#website"},"primaryImageOfPage":{"@id":"https:\/\/www.nordtec.se\/en\/product\/measurement-systems\/testo-smart-connect-en\/testo-162-h2-wifi-data-logger-for-temperature-and-humidity\/#primaryimage"},"image":{"@id":"https:\/\/www.nordtec.se\/en\/product\/measurement-systems\/testo-smart-connect-en\/testo-162-h2-wifi-data-logger-for-temperature-and-humidity\/#primaryimage"},"thumbnailUrl":"https:\/\/www.nordtec.se\/wp-content\/uploads\/2025\/09\/testo-162-h2-measuring-humidity-value-front_800px.png","datePublished":"2025-09-16T13:19:00+00:00","dateModified":"2026-04-20T11:12:39+00:00","description":"Cloud-based and automatic humidity and temperature monitoring via WiFi connection \u1405 WiFi data logger for temperature and humidity \u2713 Connection for external sensor","breadcrumb":{"@id":"https:\/\/www.nordtec.se\/en\/product\/measurement-systems\/testo-smart-connect-en\/testo-162-h2-wifi-data-logger-for-temperature-and-humidity\/#breadcrumb"},"inLanguage":"en-US","potentialAction":[{"@type":"ReadAction","target":["https:\/\/www.nordtec.se\/en\/product\/measurement-systems\/testo-smart-connect-en\/testo-162-h2-wifi-data-logger-for-temperature-and-humidity\/"]}]},{"@type":"ImageObject","inLanguage":"en-US","@id":"https:\/\/www.nordtec.se\/en\/product\/measurement-systems\/testo-smart-connect-en\/testo-162-h2-wifi-data-logger-for-temperature-and-humidity\/#primaryimage","url":"https:\/\/www.nordtec.se\/wp-content\/uploads\/2025\/09\/testo-162-h2-measuring-humidity-value-front_800px.png","contentUrl":"https:\/\/www.nordtec.se\/wp-content\/uploads\/2025\/09\/testo-162-h2-measuring-humidity-value-front_800px.png","width":800,"height":800,"caption":"testo 162 H2 from the front"},{"@type":"BreadcrumbList","@id":"https:\/\/www.nordtec.se\/en\/product\/measurement-systems\/testo-smart-connect-en\/testo-162-h2-wifi-data-logger-for-temperature-and-humidity\/#breadcrumb","itemListElement":[{"@type":"ListItem","position":1,"name":"Hem","item":"https:\/\/www.nordtec.se\/en\/"},{"@type":"ListItem","position":2,"name":"Shop","item":"https:\/\/www.nordtec.se\/shop\/?lang=en"},{"@type":"ListItem","position":3,"name":"testo 162 H2 &#8211; WiFi data logger for temperature and humidity with connection for external sensor"}]},{"@type":"WebSite","@id":"https:\/\/www.nordtec.se\/en\/#website","url":"https:\/\/www.nordtec.se\/en\/","name":"Nordtec","description":"Din partner inom m\u00e4tteknik","publisher":{"@id":"https:\/\/www.nordtec.se\/en\/#organization"},"potentialAction":[{"@type":"SearchAction","target":{"@type":"EntryPoint","urlTemplate":"https:\/\/www.nordtec.se\/en\/?s={search_term_string}"},"query-input":{"@type":"PropertyValueSpecification","valueRequired":true,"valueName":"search_term_string"}}],"inLanguage":"en-US"},{"@type":"Organization","@id":"https:\/\/www.nordtec.se\/en\/#organization","name":"Nordtec Instrument AB","url":"https:\/\/www.nordtec.se\/en\/","logo":{"@type":"ImageObject","inLanguage":"en-US","@id":"https:\/\/www.nordtec.se\/en\/#\/schema\/logo\/image\/","url":"https:\/\/www.nordtec.se\/wp-content\/uploads\/2021\/08\/nordtec_logo_rgb-340px.png","contentUrl":"https:\/\/www.nordtec.se\/wp-content\/uploads\/2021\/08\/nordtec_logo_rgb-340px.png","width":340,"height":75,"caption":"Nordtec Instrument AB"},"image":{"@id":"https:\/\/www.nordtec.se\/en\/#\/schema\/logo\/image\/"},"sameAs":["https:\/\/www.facebook.com\/nordtecinstrument","https:\/\/www.instagram.com\/nordtec_instrument\/","https:\/\/www.linkedin.com\/company\/nordtec-instrument-ab\/","https:\/\/www.youtube.com\/channel\/UCbmAq3ZmfBKOGg7_igFURng"]}]}},"taxonomy_info":{"product_cat":[{"value":769,"label":"Data loggers"},{"value":783,"label":"Indoor climate &amp; working environment"},{"value":841,"label":"Measurement systems"},{"value":768,"label":"Measuring instruments"},{"value":824,"label":"Moisture loggers"},{"value":779,"label":"Moisture meters"},{"value":778,"label":"Temperature gauges"},{"value":1403,"label":"testo 162"},{"value":1426,"label":"testo Smart App"},{"value":1402,"label":"testo Smart Connect"},{"value":843,"label":"Wifi loggers"}],"product_tag":[{"value":867,"label":"Fukt"},{"value":914,"label":"Temperatur"},{"value":940,"label":"Wifi"}]},"featured_image_src_large":["https:\/\/www.nordtec.se\/wp-content\/uploads\/2025\/09\/testo-162-h2-measuring-humidity-value-front_800px.png",800,800,false],"author_info":[],"comment_info":"","_links":{"self":[{"href":"https:\/\/www.nordtec.se\/en\/wp-json\/wp\/v2\/product\/54531","targetHints":{"allow":["GET"]}}],"collection":[{"href":"https:\/\/www.nordtec.se\/en\/wp-json\/wp\/v2\/product"}],"about":[{"href":"https:\/\/www.nordtec.se\/en\/wp-json\/wp\/v2\/types\/product"}],"version-history":[{"count":5,"href":"https:\/\/www.nordtec.se\/en\/wp-json\/wp\/v2\/product\/54531\/revisions"}],"predecessor-version":[{"id":60478,"href":"https:\/\/www.nordtec.se\/en\/wp-json\/wp\/v2\/product\/54531\/revisions\/60478"}],"wp:featuredmedia":[{"embeddable":true,"href":"https:\/\/www.nordtec.se\/en\/wp-json\/wp\/v2\/media\/54539"}],"wp:attachment":[{"href":"https:\/\/www.nordtec.se\/en\/wp-json\/wp\/v2\/media?parent=54531"}],"wp:term":[{"taxonomy":"product_brand","embeddable":true,"href":"https:\/\/www.nordtec.se\/en\/wp-json\/wp\/v2\/product_brand?post=54531"},{"taxonomy":"product_cat","embeddable":true,"href":"https:\/\/www.nordtec.se\/en\/wp-json\/wp\/v2\/product_cat?post=54531"},{"taxonomy":"product_tag","embeddable":true,"href":"https:\/\/www.nordtec.se\/en\/wp-json\/wp\/v2\/product_tag?post=54531"}],"curies":[{"name":"wp","href":"https:\/\/api.w.org\/{rel}","templated":true}]}}