{"id":54545,"date":"2025-09-16T16:15:57","date_gmt":"2025-09-16T14:15:57","guid":{"rendered":"https:\/\/www.nordtec.se\/?post_type=product&#038;p=54545"},"modified":"2026-04-20T13:18:50","modified_gmt":"2026-04-20T11:18:50","slug":"testo-162-iaq-wifi-data-logger-temperature-humidity-co2-pressure","status":"publish","type":"product","link":"https:\/\/www.nordtec.se\/en\/product\/measurement-systems\/testo-smart-connect-en\/testo-162-iaq-wifi-data-logger-temperature-humidity-co2-pressure\/","title":{"rendered":"testo 162 IAQ &#8211; WiFi data logger for temperature, humidity, CO2 and atmospheric pressure"},"content":{"rendered":"<h2>testo 162 IAQ &#8211; WiFi data logger for temperature, humidity, CO\u2082 and atmospheric pressure<\/h2>\n<p>The testo 162 IAQ is an easy-to-use WiFi data logger that measures four air quality parameters simultaneously. It is part of the testo 162 connected logger series, a complete measurement system for sensitive indoor environments. The series is designed for maximum flexibility: choose between loggers with built-in sensors or different types of external sensors and create a solution that gives you a full overview of the climate in your premises.<\/p>\n<p>With WiFi connection to testo Smart Connect, all data is automatically collected and available in real time via mobile, tablet or computer. The system immediately alerts you to any deviations and documentation is fully automatic &#8211; giving you full control over the environment and freeing up time for other things. You can also connect testo 160 and 164 series loggers to the same account in the cloud service, for even greater customization options.<\/p>\n<h3>testo 162 IAQ &#8211; WiFi data logger for full control of the indoor climate<\/h3>\n<p>The testo 162 IAQ uses integrated sensors to measure temperature, humidity, CO\u2082 and atmospheric pressure &#8211; everything you need to get a clear picture of climate conditions. This connected data logger is a perfect solution for reliable air quality monitoring in premises where you need to be in full control. Equipped with a display for easy reading of measurement data, remaining battery and any exceeded limit values. The measurement data is simultaneously sent automatically to testo Smart Connect via WiFi connection.<\/p>\n<h3>testo Smart Connect &#8211; climate monitoring in a smarter way<\/h3>\n<p>With testo Smart Connect, climate monitoring is both convenient and safe. All you need to do is create an account, connect your WiFi data loggers and set alarm limits &#8211; then the system works fully automatically. In case of anomalies, you will be immediately alerted via push notifications from the testo Smart app or via email. All measurement data is continuously transferred from all your connected loggers to the cloud and can be followed in real time via mobile, tablet or computer. On the platform, you get a clear overview of all measurement points, gathered in one place. By connecting the cloud service to the testo Smart app, you also get access to extra features, such as quick configuration, easy access to data and alarms through push notifications.<\/p>\n<p><strong><a class=\"poppers\">Read this before creating an account &gt;&gt;<\/a><\/strong><\/p>\r\n<div id=\"poptext\">\r\n<p>When registering a cloud account in testo Smart Connect, an email address is required. We recommend that you do not use a \u201cpersonal\u201d email address. Instead, it is better to create a \u201cgeneral address\u201d that is not linked to a specific person. A suitable example could be \u201dinfo@exempel.com\u201d or similar.<\/p>\r\n<\/div>\r\n<p><a class=\"button\" href=\"http:\/\/www.smartconnect.testo.com\/\" target=\"_blank\" rel=\"noopener\">Log in to the cloud service<\/a><\/p>\r\n<p><a href=\"http:\/\/www.smartconnect.testo.com\/\" target=\"_blank\" rel=\"noopener\"><img loading=\"lazy\" decoding=\"async\" class=\"alignleft wp-image-60498\" src=\"https:\/\/www.nordtec.se\/wp-content\/uploads\/2026\/04\/testo-smart-connect-logo-300x300.png\" alt=\"testo Smart Connect\" width=\"68\" height=\"68\" srcset=\"https:\/\/www.nordtec.se\/wp-content\/uploads\/2026\/04\/testo-smart-connect-logo-300x300.png 300w, https:\/\/www.nordtec.se\/wp-content\/uploads\/2026\/04\/testo-smart-connect-logo-150x150.png 150w, https:\/\/www.nordtec.se\/wp-content\/uploads\/2026\/04\/testo-smart-connect-logo-768x768.png 768w, https:\/\/www.nordtec.se\/wp-content\/uploads\/2026\/04\/testo-smart-connect-logo-50x50.png 50w, https:\/\/www.nordtec.se\/wp-content\/uploads\/2026\/04\/testo-smart-connect-logo-324x324.png 324w, https:\/\/www.nordtec.se\/wp-content\/uploads\/2026\/04\/testo-smart-connect-logo-416x416.png 416w, https:\/\/www.nordtec.se\/wp-content\/uploads\/2026\/04\/testo-smart-connect-logo-100x100.png 100w, https:\/\/www.nordtec.se\/wp-content\/uploads\/2026\/04\/testo-smart-connect-logo-64x64.png 64w, https:\/\/www.nordtec.se\/wp-content\/uploads\/2026\/04\/testo-smart-connect-logo.png 800w\" sizes=\"auto, (max-width: 68px) 100vw, 68px\" \/><\/a><a href=\"https:\/\/www.nordtec.se\/en\/testo-smart-apps\/\" target=\"_blank\" rel=\"noopener\"><img loading=\"lazy\" decoding=\"async\" class=\"alignleft wp-image-33549\" src=\"https:\/\/www.nordtec.se\/wp-content\/uploads\/2023\/06\/App-Icon-testo-Smart-round_800px-300x300.png\" alt=\"Logga f\u00f6r testo Smart-appen\" width=\"68\" height=\"68\" srcset=\"https:\/\/www.nordtec.se\/wp-content\/uploads\/2023\/06\/App-Icon-testo-Smart-round_800px-300x300.png 300w, https:\/\/www.nordtec.se\/wp-content\/uploads\/2023\/06\/App-Icon-testo-Smart-round_800px-150x150.png 150w, https:\/\/www.nordtec.se\/wp-content\/uploads\/2023\/06\/App-Icon-testo-Smart-round_800px-768x768.png 768w, https:\/\/www.nordtec.se\/wp-content\/uploads\/2023\/06\/App-Icon-testo-Smart-round_800px-324x324.png 324w, https:\/\/www.nordtec.se\/wp-content\/uploads\/2023\/06\/App-Icon-testo-Smart-round_800px-416x416.png 416w, https:\/\/www.nordtec.se\/wp-content\/uploads\/2023\/06\/App-Icon-testo-Smart-round_800px-100x100.png 100w, https:\/\/www.nordtec.se\/wp-content\/uploads\/2023\/06\/App-Icon-testo-Smart-round_800px-64x64.png 64w, https:\/\/www.nordtec.se\/wp-content\/uploads\/2023\/06\/App-Icon-testo-Smart-round_800px.png 800w\" sizes=\"auto, (max-width: 68px) 100vw, 68px\" \/><\/a><\/p>\r\n<p>&nbsp;<\/p>\r\n<p>&nbsp;<\/p>\n<p>&nbsp;<\/p>\n<h2>Included in delivery<\/h2>\n<p>WiFi data logger testo 162 IAQ, batteries, micro USB cable, wall bracket, factory protocol and brief user manual.<\/p>\n<p><span class=\"ui-provider ed ayd aye ayf ayg ayh ayi ayj ayk ayl aym ayn ayo ayp ayq ayr ays ayt ayu ayv ayw ayx ayy ayz aza azb azc azd aze azf azg azh azi azj azk\" dir=\"ltr\"><strong>Fabriksprotokoll:<\/strong>\u00a0utf\u00e4rdas p\u00e5 fabriken efter en kontroll av att produkten fungerar och uppfyller angiven m\u00e4tnoggrannhet. L\u00e4s om <a href=\"https:\/\/www.nordtec.se\/kalibrering\/iso-9001-kraver-kalibrerad-matutrustning\/\"><u>skillnaden mellan fabriksprotokoll och ackrediterad kalibrering<\/u><\/a>.<\/span><\/p>\n<p>&nbsp;<\/p>\n","protected":false},"excerpt":{"rendered":"<p>Automatic air quality monitoring via WiFi connection<\/p>\n<ul>\n<li>0 &#8230; 5 000 ppm CO2<\/li>\n<li>0 &#8230; +50 \u00b0C<\/li>\n<li>0 &#8230; 100 %RH<\/li>\n<li>600 &#8230; 1 100 mbar<\/li>\n<\/ul>\n","protected":false},"featured_media":54549,"template":"","meta":{"_kad_blocks_custom_css":"","_kad_blocks_head_custom_js":"","_kad_blocks_body_custom_js":"","_kad_blocks_footer_custom_js":"","footnotes":""},"product_brand":[],"product_cat":[798,769,783,841,768,824,779,778,1403,1426,1402,843],"product_tag":[867,914,940],"class_list":{"0":"post-54545","1":"product","2":"type-product","3":"status-publish","4":"has-post-thumbnail","6":"product_cat-co2-loggers","7":"product_cat-data-loggers","8":"product_cat-indoor-climate-working-environment","9":"product_cat-measurement-systems","10":"product_cat-measuring-instruments","11":"product_cat-moisture-loggers","12":"product_cat-moisture-meters","13":"product_cat-temperature-gauges","14":"product_cat-testo-162-en","15":"product_cat-testo-smart-app","16":"product_cat-testo-smart-connect-en","17":"product_cat-wifi-loggers","18":"product_tag-fukt-en","19":"product_tag-temperatur-en","20":"product_tag-wifi-en","22":"first","23":"instock","24":"taxable","25":"shipping-taxable","26":"purchasable","27":"product-type-simple"},"yoast_head":"<!-- This site is optimized with the Yoast SEO Premium plugin v27.3 (Yoast SEO v27.4) - https:\/\/yoast.com\/product\/yoast-seo-premium-wordpress\/ -->\n<title>testo 162 IAQ - WiFi data logger for temperature, humidity, CO2 and atmospheric pressure | Nordtec<\/title>\n<meta name=\"description\" content=\"Cloud-based and automatic air quality monitoring via WiFi connection \u1405 WiFi data logger for temperature, humidity, CO2 and atmospheric pressure\" \/>\n<meta name=\"robots\" content=\"index, follow, max-snippet:-1, max-image-preview:large, max-video-preview:-1\" \/>\n<link rel=\"canonical\" href=\"https:\/\/www.nordtec.se\/en\/product\/measurement-systems\/testo-smart-connect-en\/testo-162-iaq-wifi-data-logger-temperature-humidity-co2-pressure\/\" \/>\n<meta property=\"og:locale\" content=\"en_US\" \/>\n<meta property=\"og:type\" content=\"article\" \/>\n<meta property=\"og:title\" content=\"testo 162 IAQ - WiFi data logger for temperature, humidity, CO2 and atmospheric pressure\" \/>\n<meta property=\"og:description\" content=\"Cloud-based and automatic air quality monitoring via WiFi connection \u1405 WiFi data logger for temperature, humidity, CO2 and atmospheric pressure\" \/>\n<meta property=\"og:url\" content=\"https:\/\/www.nordtec.se\/en\/product\/measurement-systems\/testo-smart-connect-en\/testo-162-iaq-wifi-data-logger-temperature-humidity-co2-pressure\/\" \/>\n<meta property=\"og:site_name\" content=\"Nordtec\" \/>\n<meta property=\"article:publisher\" content=\"https:\/\/www.facebook.com\/nordtecinstrument\" \/>\n<meta property=\"article:modified_time\" content=\"2026-04-20T11:18:50+00:00\" \/>\n<meta property=\"og:image\" content=\"https:\/\/www.nordtec.se\/wp-content\/uploads\/2025\/09\/testo-162-iaq-measuring-indoor-air-quality-value-front_800px.png\" \/>\n\t<meta property=\"og:image:width\" content=\"800\" \/>\n\t<meta property=\"og:image:height\" content=\"800\" \/>\n\t<meta property=\"og:image:type\" content=\"image\/png\" \/>\n<meta name=\"twitter:card\" content=\"summary_large_image\" \/>\n<meta name=\"twitter:label1\" content=\"Est. reading time\" \/>\n\t<meta name=\"twitter:data1\" content=\"3 minutes\" \/>\n<script type=\"application\/ld+json\" class=\"yoast-schema-graph\">{\"@context\":\"https:\\\/\\\/schema.org\",\"@graph\":[{\"@type\":[\"WebPage\",\"ItemPage\"],\"@id\":\"https:\\\/\\\/www.nordtec.se\\\/en\\\/product\\\/measurement-systems\\\/testo-smart-connect-en\\\/testo-162-iaq-wifi-data-logger-temperature-humidity-co2-pressure\\\/\",\"url\":\"https:\\\/\\\/www.nordtec.se\\\/en\\\/product\\\/measurement-systems\\\/testo-smart-connect-en\\\/testo-162-iaq-wifi-data-logger-temperature-humidity-co2-pressure\\\/\",\"name\":\"testo 162 IAQ - WiFi data logger for temperature, humidity, CO2 and atmospheric pressure | Nordtec\",\"isPartOf\":{\"@id\":\"https:\\\/\\\/www.nordtec.se\\\/en\\\/#website\"},\"primaryImageOfPage\":{\"@id\":\"https:\\\/\\\/www.nordtec.se\\\/en\\\/product\\\/measurement-systems\\\/testo-smart-connect-en\\\/testo-162-iaq-wifi-data-logger-temperature-humidity-co2-pressure\\\/#primaryimage\"},\"image\":{\"@id\":\"https:\\\/\\\/www.nordtec.se\\\/en\\\/product\\\/measurement-systems\\\/testo-smart-connect-en\\\/testo-162-iaq-wifi-data-logger-temperature-humidity-co2-pressure\\\/#primaryimage\"},\"thumbnailUrl\":\"https:\\\/\\\/www.nordtec.se\\\/wp-content\\\/uploads\\\/2025\\\/09\\\/testo-162-iaq-measuring-indoor-air-quality-value-front_800px.png\",\"datePublished\":\"2025-09-16T14:15:57+00:00\",\"dateModified\":\"2026-04-20T11:18:50+00:00\",\"description\":\"Cloud-based and automatic air quality monitoring via WiFi connection \u1405 WiFi data logger for temperature, humidity, CO2 and atmospheric pressure\",\"breadcrumb\":{\"@id\":\"https:\\\/\\\/www.nordtec.se\\\/en\\\/product\\\/measurement-systems\\\/testo-smart-connect-en\\\/testo-162-iaq-wifi-data-logger-temperature-humidity-co2-pressure\\\/#breadcrumb\"},\"inLanguage\":\"en-US\",\"potentialAction\":[{\"@type\":\"ReadAction\",\"target\":[\"https:\\\/\\\/www.nordtec.se\\\/en\\\/product\\\/measurement-systems\\\/testo-smart-connect-en\\\/testo-162-iaq-wifi-data-logger-temperature-humidity-co2-pressure\\\/\"]}]},{\"@type\":\"ImageObject\",\"inLanguage\":\"en-US\",\"@id\":\"https:\\\/\\\/www.nordtec.se\\\/en\\\/product\\\/measurement-systems\\\/testo-smart-connect-en\\\/testo-162-iaq-wifi-data-logger-temperature-humidity-co2-pressure\\\/#primaryimage\",\"url\":\"https:\\\/\\\/www.nordtec.se\\\/wp-content\\\/uploads\\\/2025\\\/09\\\/testo-162-iaq-measuring-indoor-air-quality-value-front_800px.png\",\"contentUrl\":\"https:\\\/\\\/www.nordtec.se\\\/wp-content\\\/uploads\\\/2025\\\/09\\\/testo-162-iaq-measuring-indoor-air-quality-value-front_800px.png\",\"width\":800,\"height\":800,\"caption\":\"testo 162 IAQ from the front\"},{\"@type\":\"BreadcrumbList\",\"@id\":\"https:\\\/\\\/www.nordtec.se\\\/en\\\/product\\\/measurement-systems\\\/testo-smart-connect-en\\\/testo-162-iaq-wifi-data-logger-temperature-humidity-co2-pressure\\\/#breadcrumb\",\"itemListElement\":[{\"@type\":\"ListItem\",\"position\":1,\"name\":\"Hem\",\"item\":\"https:\\\/\\\/www.nordtec.se\\\/en\\\/\"},{\"@type\":\"ListItem\",\"position\":2,\"name\":\"Shop\",\"item\":\"https:\\\/\\\/www.nordtec.se\\\/shop\\\/?lang=en\"},{\"@type\":\"ListItem\",\"position\":3,\"name\":\"testo 162 IAQ &#8211; WiFi data logger for temperature, humidity, CO2 and atmospheric pressure\"}]},{\"@type\":\"WebSite\",\"@id\":\"https:\\\/\\\/www.nordtec.se\\\/en\\\/#website\",\"url\":\"https:\\\/\\\/www.nordtec.se\\\/en\\\/\",\"name\":\"Nordtec\",\"description\":\"Din partner inom m\u00e4tteknik\",\"publisher\":{\"@id\":\"https:\\\/\\\/www.nordtec.se\\\/en\\\/#organization\"},\"potentialAction\":[{\"@type\":\"SearchAction\",\"target\":{\"@type\":\"EntryPoint\",\"urlTemplate\":\"https:\\\/\\\/www.nordtec.se\\\/en\\\/?s={search_term_string}\"},\"query-input\":{\"@type\":\"PropertyValueSpecification\",\"valueRequired\":true,\"valueName\":\"search_term_string\"}}],\"inLanguage\":\"en-US\"},{\"@type\":\"Organization\",\"@id\":\"https:\\\/\\\/www.nordtec.se\\\/en\\\/#organization\",\"name\":\"Nordtec Instrument AB\",\"url\":\"https:\\\/\\\/www.nordtec.se\\\/en\\\/\",\"logo\":{\"@type\":\"ImageObject\",\"inLanguage\":\"en-US\",\"@id\":\"https:\\\/\\\/www.nordtec.se\\\/en\\\/#\\\/schema\\\/logo\\\/image\\\/\",\"url\":\"https:\\\/\\\/www.nordtec.se\\\/wp-content\\\/uploads\\\/2021\\\/08\\\/nordtec_logo_rgb-340px.png\",\"contentUrl\":\"https:\\\/\\\/www.nordtec.se\\\/wp-content\\\/uploads\\\/2021\\\/08\\\/nordtec_logo_rgb-340px.png\",\"width\":340,\"height\":75,\"caption\":\"Nordtec Instrument AB\"},\"image\":{\"@id\":\"https:\\\/\\\/www.nordtec.se\\\/en\\\/#\\\/schema\\\/logo\\\/image\\\/\"},\"sameAs\":[\"https:\\\/\\\/www.facebook.com\\\/nordtecinstrument\",\"https:\\\/\\\/www.instagram.com\\\/nordtec_instrument\\\/\",\"https:\\\/\\\/www.linkedin.com\\\/company\\\/nordtec-instrument-ab\\\/\",\"https:\\\/\\\/www.youtube.com\\\/channel\\\/UCbmAq3ZmfBKOGg7_igFURng\"]}]}<\/script>\n<!-- \/ Yoast SEO Premium plugin. -->","yoast_head_json":{"title":"testo 162 IAQ - WiFi data logger for temperature, humidity, CO2 and atmospheric pressure | Nordtec","description":"Cloud-based and automatic air quality monitoring via WiFi connection \u1405 WiFi data logger for temperature, humidity, CO2 and atmospheric pressure","robots":{"index":"index","follow":"follow","max-snippet":"max-snippet:-1","max-image-preview":"max-image-preview:large","max-video-preview":"max-video-preview:-1"},"canonical":"https:\/\/www.nordtec.se\/en\/product\/measurement-systems\/testo-smart-connect-en\/testo-162-iaq-wifi-data-logger-temperature-humidity-co2-pressure\/","og_locale":"en_US","og_type":"article","og_title":"testo 162 IAQ - WiFi data logger for temperature, humidity, CO2 and atmospheric pressure","og_description":"Cloud-based and automatic air quality monitoring via WiFi connection \u1405 WiFi data logger for temperature, humidity, CO2 and atmospheric pressure","og_url":"https:\/\/www.nordtec.se\/en\/product\/measurement-systems\/testo-smart-connect-en\/testo-162-iaq-wifi-data-logger-temperature-humidity-co2-pressure\/","og_site_name":"Nordtec","article_publisher":"https:\/\/www.facebook.com\/nordtecinstrument","article_modified_time":"2026-04-20T11:18:50+00:00","og_image":[{"width":800,"height":800,"url":"https:\/\/www.nordtec.se\/wp-content\/uploads\/2025\/09\/testo-162-iaq-measuring-indoor-air-quality-value-front_800px.png","type":"image\/png"}],"twitter_card":"summary_large_image","twitter_misc":{"Est. reading time":"3 minutes"},"schema":{"@context":"https:\/\/schema.org","@graph":[{"@type":["WebPage","ItemPage"],"@id":"https:\/\/www.nordtec.se\/en\/product\/measurement-systems\/testo-smart-connect-en\/testo-162-iaq-wifi-data-logger-temperature-humidity-co2-pressure\/","url":"https:\/\/www.nordtec.se\/en\/product\/measurement-systems\/testo-smart-connect-en\/testo-162-iaq-wifi-data-logger-temperature-humidity-co2-pressure\/","name":"testo 162 IAQ - WiFi data logger for temperature, humidity, CO2 and atmospheric pressure | Nordtec","isPartOf":{"@id":"https:\/\/www.nordtec.se\/en\/#website"},"primaryImageOfPage":{"@id":"https:\/\/www.nordtec.se\/en\/product\/measurement-systems\/testo-smart-connect-en\/testo-162-iaq-wifi-data-logger-temperature-humidity-co2-pressure\/#primaryimage"},"image":{"@id":"https:\/\/www.nordtec.se\/en\/product\/measurement-systems\/testo-smart-connect-en\/testo-162-iaq-wifi-data-logger-temperature-humidity-co2-pressure\/#primaryimage"},"thumbnailUrl":"https:\/\/www.nordtec.se\/wp-content\/uploads\/2025\/09\/testo-162-iaq-measuring-indoor-air-quality-value-front_800px.png","datePublished":"2025-09-16T14:15:57+00:00","dateModified":"2026-04-20T11:18:50+00:00","description":"Cloud-based and automatic air quality monitoring via WiFi connection \u1405 WiFi data logger for temperature, humidity, CO2 and atmospheric pressure","breadcrumb":{"@id":"https:\/\/www.nordtec.se\/en\/product\/measurement-systems\/testo-smart-connect-en\/testo-162-iaq-wifi-data-logger-temperature-humidity-co2-pressure\/#breadcrumb"},"inLanguage":"en-US","potentialAction":[{"@type":"ReadAction","target":["https:\/\/www.nordtec.se\/en\/product\/measurement-systems\/testo-smart-connect-en\/testo-162-iaq-wifi-data-logger-temperature-humidity-co2-pressure\/"]}]},{"@type":"ImageObject","inLanguage":"en-US","@id":"https:\/\/www.nordtec.se\/en\/product\/measurement-systems\/testo-smart-connect-en\/testo-162-iaq-wifi-data-logger-temperature-humidity-co2-pressure\/#primaryimage","url":"https:\/\/www.nordtec.se\/wp-content\/uploads\/2025\/09\/testo-162-iaq-measuring-indoor-air-quality-value-front_800px.png","contentUrl":"https:\/\/www.nordtec.se\/wp-content\/uploads\/2025\/09\/testo-162-iaq-measuring-indoor-air-quality-value-front_800px.png","width":800,"height":800,"caption":"testo 162 IAQ from the front"},{"@type":"BreadcrumbList","@id":"https:\/\/www.nordtec.se\/en\/product\/measurement-systems\/testo-smart-connect-en\/testo-162-iaq-wifi-data-logger-temperature-humidity-co2-pressure\/#breadcrumb","itemListElement":[{"@type":"ListItem","position":1,"name":"Hem","item":"https:\/\/www.nordtec.se\/en\/"},{"@type":"ListItem","position":2,"name":"Shop","item":"https:\/\/www.nordtec.se\/shop\/?lang=en"},{"@type":"ListItem","position":3,"name":"testo 162 IAQ &#8211; WiFi data logger for temperature, humidity, CO2 and atmospheric pressure"}]},{"@type":"WebSite","@id":"https:\/\/www.nordtec.se\/en\/#website","url":"https:\/\/www.nordtec.se\/en\/","name":"Nordtec","description":"Din partner inom m\u00e4tteknik","publisher":{"@id":"https:\/\/www.nordtec.se\/en\/#organization"},"potentialAction":[{"@type":"SearchAction","target":{"@type":"EntryPoint","urlTemplate":"https:\/\/www.nordtec.se\/en\/?s={search_term_string}"},"query-input":{"@type":"PropertyValueSpecification","valueRequired":true,"valueName":"search_term_string"}}],"inLanguage":"en-US"},{"@type":"Organization","@id":"https:\/\/www.nordtec.se\/en\/#organization","name":"Nordtec Instrument AB","url":"https:\/\/www.nordtec.se\/en\/","logo":{"@type":"ImageObject","inLanguage":"en-US","@id":"https:\/\/www.nordtec.se\/en\/#\/schema\/logo\/image\/","url":"https:\/\/www.nordtec.se\/wp-content\/uploads\/2021\/08\/nordtec_logo_rgb-340px.png","contentUrl":"https:\/\/www.nordtec.se\/wp-content\/uploads\/2021\/08\/nordtec_logo_rgb-340px.png","width":340,"height":75,"caption":"Nordtec Instrument AB"},"image":{"@id":"https:\/\/www.nordtec.se\/en\/#\/schema\/logo\/image\/"},"sameAs":["https:\/\/www.facebook.com\/nordtecinstrument","https:\/\/www.instagram.com\/nordtec_instrument\/","https:\/\/www.linkedin.com\/company\/nordtec-instrument-ab\/","https:\/\/www.youtube.com\/channel\/UCbmAq3ZmfBKOGg7_igFURng"]}]}},"taxonomy_info":{"product_cat":[{"value":798,"label":"CO2 loggers"},{"value":769,"label":"Data loggers"},{"value":783,"label":"Indoor climate &amp; working environment"},{"value":841,"label":"Measurement systems"},{"value":768,"label":"Measuring instruments"},{"value":824,"label":"Moisture loggers"},{"value":779,"label":"Moisture meters"},{"value":778,"label":"Temperature gauges"},{"value":1403,"label":"testo 162"},{"value":1426,"label":"testo Smart App"},{"value":1402,"label":"testo Smart Connect"},{"value":843,"label":"Wifi loggers"}],"product_tag":[{"value":867,"label":"Fukt"},{"value":914,"label":"Temperatur"},{"value":940,"label":"Wifi"}]},"featured_image_src_large":["https:\/\/www.nordtec.se\/wp-content\/uploads\/2025\/09\/testo-162-iaq-measuring-indoor-air-quality-value-front_800px.png",800,800,false],"author_info":[],"comment_info":"","_links":{"self":[{"href":"https:\/\/www.nordtec.se\/en\/wp-json\/wp\/v2\/product\/54545","targetHints":{"allow":["GET"]}}],"collection":[{"href":"https:\/\/www.nordtec.se\/en\/wp-json\/wp\/v2\/product"}],"about":[{"href":"https:\/\/www.nordtec.se\/en\/wp-json\/wp\/v2\/types\/product"}],"version-history":[{"count":5,"href":"https:\/\/www.nordtec.se\/en\/wp-json\/wp\/v2\/product\/54545\/revisions"}],"predecessor-version":[{"id":60481,"href":"https:\/\/www.nordtec.se\/en\/wp-json\/wp\/v2\/product\/54545\/revisions\/60481"}],"wp:featuredmedia":[{"embeddable":true,"href":"https:\/\/www.nordtec.se\/en\/wp-json\/wp\/v2\/media\/54549"}],"wp:attachment":[{"href":"https:\/\/www.nordtec.se\/en\/wp-json\/wp\/v2\/media?parent=54545"}],"wp:term":[{"taxonomy":"product_brand","embeddable":true,"href":"https:\/\/www.nordtec.se\/en\/wp-json\/wp\/v2\/product_brand?post=54545"},{"taxonomy":"product_cat","embeddable":true,"href":"https:\/\/www.nordtec.se\/en\/wp-json\/wp\/v2\/product_cat?post=54545"},{"taxonomy":"product_tag","embeddable":true,"href":"https:\/\/www.nordtec.se\/en\/wp-json\/wp\/v2\/product_tag?post=54545"}],"curies":[{"name":"wp","href":"https:\/\/api.w.org\/{rel}","templated":true}]}}