{"id":55735,"date":"2025-10-27T10:28:56","date_gmt":"2025-10-27T08:28:56","guid":{"rendered":"https:\/\/www.nordtec.se\/?post_type=product&#038;p=55735"},"modified":"2025-10-30T17:48:11","modified_gmt":"2025-10-30T15:48:11","slug":"testo-830-t4-ir-thermometer-with-small-measuring-area-kopia-2","status":"publish","type":"product","link":"https:\/\/www.nordtec.se\/en\/product\/measuring-instruments\/temperature-gauges\/ir-thermometers\/testo-830-t4-ir-thermometer-with-small-measuring-area-kopia-2\/","title":{"rendered":"testo 830-T4 &#8211; Measurement kit for IR and air"},"content":{"rendered":"<h2>testo 830-T4 &#8211; IR thermometer with small measuring area and two-point laser<\/h2>\n<p>This IR thermometer can measure the temperature of small objects from large distances and is great if you need to keep longer distances from the objects. Unique to the testo 830-T4 is the combination of a small measurement area (30:1), low price, two-point laser and the ability to connect external temperature sensors. This set includes a mini air sensor for quick air temperature measurements (3-4 sec), but the testo 830-T4 is also compatible with other types of sensors (see under the <em>Sensors<\/em> tab). The IR thermometer thus measures both non-contact and with an external sensor, making it a versatile tool for many different applications. The two laser dots mark the top and bottom of the measuring spot, so you know exactly which surface you are measuring. The issue factor is freely adjustable from 0.2 to 1.00. The backlit display is easy to read even in difficult lighting conditions.<\/p>\n<h2>Features and benefits of the IR thermometer testo 830-T4<\/h2>\n<ul>\n<li>30:1 optics for precise measurements on small objects at large distances<\/li>\n<li>The IR thermometer&#8217;s 2-point laser sight makes it easy to identify the measuring surface.<\/li>\n<li>Two alarm thresholds<\/li>\n<li>Light and sound alarms when limit values are exceeded<\/li>\n<li>Min\/max value display and hold function (freezes the current measured value)<\/li>\n<li>Wide range of external thermocouple sensors type K<\/li>\n<li>Comfortable one-handed handling thanks to its ergonomic design<\/li>\n<li>Clear, illuminated display<\/li>\n<\/ul>\n<p>The testo 830-T4 is compatible with a wide range of external thermocouple sensors type K. Spring-loaded fast surface temperature sensors, waterproof immersion sensors or a versatile wire sensor are some of the sensors to choose from.<\/p>\n<p>Using an external surface temperature sensor, you can set the emission factor for a specific material. On &#8220;difficult&#8221; surfaces, you can apply emission tape and then measure the temperature of the tape&#8217;s surface with the IR thermometer.<\/p>\n<h2>Included in delivery<\/h2>\n<p>IR temperature meter testo 830-T4 complete with battery, mini air sensor, Swedish manual and factory protocol.<\/p>\n<p><span class=\"ui-provider ed ayd aye ayf ayg ayh ayi ayj ayk ayl aym ayn ayo ayp ayq ayr ays ayt ayu ayv ayw ayx ayy ayz aza azb azc azd aze azf azg azh azi azj azk\" dir=\"ltr\"><strong>Fabriksprotokoll:<\/strong>\u00a0utf\u00e4rdas p\u00e5 fabriken efter en kontroll av att produkten fungerar och uppfyller angiven m\u00e4tnoggrannhet. L\u00e4s om <a href=\"https:\/\/www.nordtec.se\/kalibrering\/iso-9001-kraver-kalibrerad-matutrustning\/\"><u>skillnaden mellan fabriksprotokoll och ackrediterad kalibrering<\/u><\/a>.<\/span><\/p>\n","protected":false},"excerpt":{"rendered":"<p style=\"text-align: left;\">Small area IR thermometer with a two-point laser<\/p>\n<ul>\n<li style=\"text-align: left;\">Small measuring surface &#8211; measuring optics 30:1<\/li>\n<li style=\"text-align: left;\">Clear 2-point laser sight.<\/li>\n<li style=\"text-align: left;\">Combi instrument, mini air temperature sensor<\/li>\n<\/ul>\n","protected":false},"featured_media":55740,"template":"","meta":{"_kad_blocks_custom_css":"","_kad_blocks_head_custom_js":"","_kad_blocks_body_custom_js":"","_kad_blocks_footer_custom_js":"","footnotes":""},"product_brand":[1435],"product_cat":[787,782,781,786,768,778],"product_tag":[866,878,883,965,964,912,930],"class_list":{"0":"post-55735","1":"product","2":"type-product","3":"status-publish","4":"has-post-thumbnail","6":"product_brand-testo","7":"product_cat-building-technology","8":"product_cat-hvac-property","9":"product_cat-industry","10":"product_cat-ir-thermometers","11":"product_cat-measuring-instruments","12":"product_cat-temperature-gauges","13":"product_tag-fastighet-en","14":"product_tag-infrared-en","15":"product_tag-kylteknik-en","16":"product_tag-over-200-grader-en","17":"product_tag-over-50-grader-en","18":"product_tag-tek-en","19":"product_tag-under-minus-20-grader-en","21":"first","22":"onbackorder","23":"taxable","24":"shipping-taxable","25":"purchasable","26":"product-type-simple"},"yoast_head":"<!-- This site is optimized with the Yoast SEO Premium plugin v27.3 (Yoast SEO v27.4) - https:\/\/yoast.com\/product\/yoast-seo-premium-wordpress\/ -->\n<title>testo 830-T4 - Measurement kit for IR and air | Nordtec<\/title>\n<meta name=\"description\" content=\"IR thermometer with small measuring surface and two-point laser \u1405 Air sensor included \u2713 Small measuring surface - measuring optics 30:1 \u2713 Clear 2-point laser sight \u2713 Combination instrument\" \/>\n<meta name=\"robots\" content=\"index, follow, max-snippet:-1, max-image-preview:large, max-video-preview:-1\" \/>\n<link rel=\"canonical\" href=\"https:\/\/www.nordtec.se\/en\/product\/measuring-instruments\/temperature-gauges\/ir-thermometers\/testo-830-t4-ir-thermometer-with-small-measuring-area-kopia-2\/\" \/>\n<meta property=\"og:locale\" content=\"en_US\" \/>\n<meta property=\"og:type\" content=\"article\" \/>\n<meta property=\"og:title\" content=\"testo 830-T4 - Measurement kit for IR and air\" \/>\n<meta property=\"og:description\" content=\"IR thermometer with small measuring surface and two-point laser \u1405 Air sensor included \u2713 Small measuring surface - measuring optics 30:1 \u2713 Clear 2-point laser sight \u2713 Combination instrument\" \/>\n<meta property=\"og:url\" content=\"https:\/\/www.nordtec.se\/en\/product\/measuring-instruments\/temperature-gauges\/ir-thermometers\/testo-830-t4-ir-thermometer-with-small-measuring-area-kopia-2\/\" \/>\n<meta property=\"og:site_name\" content=\"Nordtec\" \/>\n<meta property=\"article:publisher\" content=\"https:\/\/www.facebook.com\/nordtecinstrument\" \/>\n<meta property=\"article:modified_time\" content=\"2025-10-30T15:48:11+00:00\" \/>\n<meta property=\"og:image\" content=\"https:\/\/www.nordtec.se\/wp-content\/uploads\/2025\/10\/testo-830-T4_IR_luft_800px.png\" \/>\n\t<meta property=\"og:image:width\" content=\"800\" \/>\n\t<meta property=\"og:image:height\" content=\"800\" \/>\n\t<meta property=\"og:image:type\" content=\"image\/png\" \/>\n<meta name=\"twitter:card\" content=\"summary_large_image\" \/>\n<meta name=\"twitter:label1\" content=\"Est. reading time\" \/>\n\t<meta name=\"twitter:data1\" content=\"2 minutes\" \/>\n<script type=\"application\/ld+json\" class=\"yoast-schema-graph\">{\"@context\":\"https:\\\/\\\/schema.org\",\"@graph\":[{\"@type\":[\"WebPage\",\"ItemPage\"],\"@id\":\"https:\\\/\\\/www.nordtec.se\\\/en\\\/product\\\/measuring-instruments\\\/temperature-gauges\\\/ir-thermometers\\\/testo-830-t4-ir-thermometer-with-small-measuring-area-kopia-2\\\/\",\"url\":\"https:\\\/\\\/www.nordtec.se\\\/en\\\/product\\\/measuring-instruments\\\/temperature-gauges\\\/ir-thermometers\\\/testo-830-t4-ir-thermometer-with-small-measuring-area-kopia-2\\\/\",\"name\":\"testo 830-T4 - Measurement kit for IR and air | Nordtec\",\"isPartOf\":{\"@id\":\"https:\\\/\\\/www.nordtec.se\\\/en\\\/#website\"},\"primaryImageOfPage\":{\"@id\":\"https:\\\/\\\/www.nordtec.se\\\/en\\\/product\\\/measuring-instruments\\\/temperature-gauges\\\/ir-thermometers\\\/testo-830-t4-ir-thermometer-with-small-measuring-area-kopia-2\\\/#primaryimage\"},\"image\":{\"@id\":\"https:\\\/\\\/www.nordtec.se\\\/en\\\/product\\\/measuring-instruments\\\/temperature-gauges\\\/ir-thermometers\\\/testo-830-t4-ir-thermometer-with-small-measuring-area-kopia-2\\\/#primaryimage\"},\"thumbnailUrl\":\"https:\\\/\\\/www.nordtec.se\\\/wp-content\\\/uploads\\\/2025\\\/10\\\/testo-830-T4_IR_luft_800px.png\",\"datePublished\":\"2025-10-27T08:28:56+00:00\",\"dateModified\":\"2025-10-30T15:48:11+00:00\",\"description\":\"IR thermometer with small measuring surface and two-point laser \u1405 Air sensor included \u2713 Small measuring surface - measuring optics 30:1 \u2713 Clear 2-point laser sight \u2713 Combination instrument\",\"breadcrumb\":{\"@id\":\"https:\\\/\\\/www.nordtec.se\\\/en\\\/product\\\/measuring-instruments\\\/temperature-gauges\\\/ir-thermometers\\\/testo-830-t4-ir-thermometer-with-small-measuring-area-kopia-2\\\/#breadcrumb\"},\"inLanguage\":\"en-US\",\"potentialAction\":[{\"@type\":\"ReadAction\",\"target\":[\"https:\\\/\\\/www.nordtec.se\\\/en\\\/product\\\/measuring-instruments\\\/temperature-gauges\\\/ir-thermometers\\\/testo-830-t4-ir-thermometer-with-small-measuring-area-kopia-2\\\/\"]}]},{\"@type\":\"ImageObject\",\"inLanguage\":\"en-US\",\"@id\":\"https:\\\/\\\/www.nordtec.se\\\/en\\\/product\\\/measuring-instruments\\\/temperature-gauges\\\/ir-thermometers\\\/testo-830-t4-ir-thermometer-with-small-measuring-area-kopia-2\\\/#primaryimage\",\"url\":\"https:\\\/\\\/www.nordtec.se\\\/wp-content\\\/uploads\\\/2025\\\/10\\\/testo-830-T4_IR_luft_800px.png\",\"contentUrl\":\"https:\\\/\\\/www.nordtec.se\\\/wp-content\\\/uploads\\\/2025\\\/10\\\/testo-830-T4_IR_luft_800px.png\",\"width\":800,\"height\":800,\"caption\":\"testo 830 T4 f\u00f6r temperaturm\u00e4tning\"},{\"@type\":\"BreadcrumbList\",\"@id\":\"https:\\\/\\\/www.nordtec.se\\\/en\\\/product\\\/measuring-instruments\\\/temperature-gauges\\\/ir-thermometers\\\/testo-830-t4-ir-thermometer-with-small-measuring-area-kopia-2\\\/#breadcrumb\",\"itemListElement\":[{\"@type\":\"ListItem\",\"position\":1,\"name\":\"Hem\",\"item\":\"https:\\\/\\\/www.nordtec.se\\\/en\\\/\"},{\"@type\":\"ListItem\",\"position\":2,\"name\":\"Shop\",\"item\":\"https:\\\/\\\/www.nordtec.se\\\/shop\\\/?lang=en\"},{\"@type\":\"ListItem\",\"position\":3,\"name\":\"testo 830-T4 &#8211; Measurement kit for IR and air\"}]},{\"@type\":\"WebSite\",\"@id\":\"https:\\\/\\\/www.nordtec.se\\\/en\\\/#website\",\"url\":\"https:\\\/\\\/www.nordtec.se\\\/en\\\/\",\"name\":\"Nordtec\",\"description\":\"Din partner inom m\u00e4tteknik\",\"publisher\":{\"@id\":\"https:\\\/\\\/www.nordtec.se\\\/en\\\/#organization\"},\"potentialAction\":[{\"@type\":\"SearchAction\",\"target\":{\"@type\":\"EntryPoint\",\"urlTemplate\":\"https:\\\/\\\/www.nordtec.se\\\/en\\\/?s={search_term_string}\"},\"query-input\":{\"@type\":\"PropertyValueSpecification\",\"valueRequired\":true,\"valueName\":\"search_term_string\"}}],\"inLanguage\":\"en-US\"},{\"@type\":\"Organization\",\"@id\":\"https:\\\/\\\/www.nordtec.se\\\/en\\\/#organization\",\"name\":\"Nordtec Instrument AB\",\"url\":\"https:\\\/\\\/www.nordtec.se\\\/en\\\/\",\"logo\":{\"@type\":\"ImageObject\",\"inLanguage\":\"en-US\",\"@id\":\"https:\\\/\\\/www.nordtec.se\\\/en\\\/#\\\/schema\\\/logo\\\/image\\\/\",\"url\":\"https:\\\/\\\/www.nordtec.se\\\/wp-content\\\/uploads\\\/2021\\\/08\\\/nordtec_logo_rgb-340px.png\",\"contentUrl\":\"https:\\\/\\\/www.nordtec.se\\\/wp-content\\\/uploads\\\/2021\\\/08\\\/nordtec_logo_rgb-340px.png\",\"width\":340,\"height\":75,\"caption\":\"Nordtec Instrument AB\"},\"image\":{\"@id\":\"https:\\\/\\\/www.nordtec.se\\\/en\\\/#\\\/schema\\\/logo\\\/image\\\/\"},\"sameAs\":[\"https:\\\/\\\/www.facebook.com\\\/nordtecinstrument\",\"https:\\\/\\\/www.instagram.com\\\/nordtec_instrument\\\/\",\"https:\\\/\\\/www.linkedin.com\\\/company\\\/nordtec-instrument-ab\\\/\",\"https:\\\/\\\/www.youtube.com\\\/channel\\\/UCbmAq3ZmfBKOGg7_igFURng\"]}]}<\/script>\n<!-- \/ Yoast SEO Premium plugin. -->","yoast_head_json":{"title":"testo 830-T4 - Measurement kit for IR and air | Nordtec","description":"IR thermometer with small measuring surface and two-point laser \u1405 Air sensor included \u2713 Small measuring surface - measuring optics 30:1 \u2713 Clear 2-point laser sight \u2713 Combination instrument","robots":{"index":"index","follow":"follow","max-snippet":"max-snippet:-1","max-image-preview":"max-image-preview:large","max-video-preview":"max-video-preview:-1"},"canonical":"https:\/\/www.nordtec.se\/en\/product\/measuring-instruments\/temperature-gauges\/ir-thermometers\/testo-830-t4-ir-thermometer-with-small-measuring-area-kopia-2\/","og_locale":"en_US","og_type":"article","og_title":"testo 830-T4 - Measurement kit for IR and air","og_description":"IR thermometer with small measuring surface and two-point laser \u1405 Air sensor included \u2713 Small measuring surface - measuring optics 30:1 \u2713 Clear 2-point laser sight \u2713 Combination instrument","og_url":"https:\/\/www.nordtec.se\/en\/product\/measuring-instruments\/temperature-gauges\/ir-thermometers\/testo-830-t4-ir-thermometer-with-small-measuring-area-kopia-2\/","og_site_name":"Nordtec","article_publisher":"https:\/\/www.facebook.com\/nordtecinstrument","article_modified_time":"2025-10-30T15:48:11+00:00","og_image":[{"width":800,"height":800,"url":"https:\/\/www.nordtec.se\/wp-content\/uploads\/2025\/10\/testo-830-T4_IR_luft_800px.png","type":"image\/png"}],"twitter_card":"summary_large_image","twitter_misc":{"Est. reading time":"2 minutes"},"schema":{"@context":"https:\/\/schema.org","@graph":[{"@type":["WebPage","ItemPage"],"@id":"https:\/\/www.nordtec.se\/en\/product\/measuring-instruments\/temperature-gauges\/ir-thermometers\/testo-830-t4-ir-thermometer-with-small-measuring-area-kopia-2\/","url":"https:\/\/www.nordtec.se\/en\/product\/measuring-instruments\/temperature-gauges\/ir-thermometers\/testo-830-t4-ir-thermometer-with-small-measuring-area-kopia-2\/","name":"testo 830-T4 - Measurement kit for IR and air | Nordtec","isPartOf":{"@id":"https:\/\/www.nordtec.se\/en\/#website"},"primaryImageOfPage":{"@id":"https:\/\/www.nordtec.se\/en\/product\/measuring-instruments\/temperature-gauges\/ir-thermometers\/testo-830-t4-ir-thermometer-with-small-measuring-area-kopia-2\/#primaryimage"},"image":{"@id":"https:\/\/www.nordtec.se\/en\/product\/measuring-instruments\/temperature-gauges\/ir-thermometers\/testo-830-t4-ir-thermometer-with-small-measuring-area-kopia-2\/#primaryimage"},"thumbnailUrl":"https:\/\/www.nordtec.se\/wp-content\/uploads\/2025\/10\/testo-830-T4_IR_luft_800px.png","datePublished":"2025-10-27T08:28:56+00:00","dateModified":"2025-10-30T15:48:11+00:00","description":"IR thermometer with small measuring surface and two-point laser \u1405 Air sensor included \u2713 Small measuring surface - measuring optics 30:1 \u2713 Clear 2-point laser sight \u2713 Combination instrument","breadcrumb":{"@id":"https:\/\/www.nordtec.se\/en\/product\/measuring-instruments\/temperature-gauges\/ir-thermometers\/testo-830-t4-ir-thermometer-with-small-measuring-area-kopia-2\/#breadcrumb"},"inLanguage":"en-US","potentialAction":[{"@type":"ReadAction","target":["https:\/\/www.nordtec.se\/en\/product\/measuring-instruments\/temperature-gauges\/ir-thermometers\/testo-830-t4-ir-thermometer-with-small-measuring-area-kopia-2\/"]}]},{"@type":"ImageObject","inLanguage":"en-US","@id":"https:\/\/www.nordtec.se\/en\/product\/measuring-instruments\/temperature-gauges\/ir-thermometers\/testo-830-t4-ir-thermometer-with-small-measuring-area-kopia-2\/#primaryimage","url":"https:\/\/www.nordtec.se\/wp-content\/uploads\/2025\/10\/testo-830-T4_IR_luft_800px.png","contentUrl":"https:\/\/www.nordtec.se\/wp-content\/uploads\/2025\/10\/testo-830-T4_IR_luft_800px.png","width":800,"height":800,"caption":"testo 830 T4 f\u00f6r temperaturm\u00e4tning"},{"@type":"BreadcrumbList","@id":"https:\/\/www.nordtec.se\/en\/product\/measuring-instruments\/temperature-gauges\/ir-thermometers\/testo-830-t4-ir-thermometer-with-small-measuring-area-kopia-2\/#breadcrumb","itemListElement":[{"@type":"ListItem","position":1,"name":"Hem","item":"https:\/\/www.nordtec.se\/en\/"},{"@type":"ListItem","position":2,"name":"Shop","item":"https:\/\/www.nordtec.se\/shop\/?lang=en"},{"@type":"ListItem","position":3,"name":"testo 830-T4 &#8211; Measurement kit for IR and air"}]},{"@type":"WebSite","@id":"https:\/\/www.nordtec.se\/en\/#website","url":"https:\/\/www.nordtec.se\/en\/","name":"Nordtec","description":"Din partner inom m\u00e4tteknik","publisher":{"@id":"https:\/\/www.nordtec.se\/en\/#organization"},"potentialAction":[{"@type":"SearchAction","target":{"@type":"EntryPoint","urlTemplate":"https:\/\/www.nordtec.se\/en\/?s={search_term_string}"},"query-input":{"@type":"PropertyValueSpecification","valueRequired":true,"valueName":"search_term_string"}}],"inLanguage":"en-US"},{"@type":"Organization","@id":"https:\/\/www.nordtec.se\/en\/#organization","name":"Nordtec Instrument AB","url":"https:\/\/www.nordtec.se\/en\/","logo":{"@type":"ImageObject","inLanguage":"en-US","@id":"https:\/\/www.nordtec.se\/en\/#\/schema\/logo\/image\/","url":"https:\/\/www.nordtec.se\/wp-content\/uploads\/2021\/08\/nordtec_logo_rgb-340px.png","contentUrl":"https:\/\/www.nordtec.se\/wp-content\/uploads\/2021\/08\/nordtec_logo_rgb-340px.png","width":340,"height":75,"caption":"Nordtec Instrument AB"},"image":{"@id":"https:\/\/www.nordtec.se\/en\/#\/schema\/logo\/image\/"},"sameAs":["https:\/\/www.facebook.com\/nordtecinstrument","https:\/\/www.instagram.com\/nordtec_instrument\/","https:\/\/www.linkedin.com\/company\/nordtec-instrument-ab\/","https:\/\/www.youtube.com\/channel\/UCbmAq3ZmfBKOGg7_igFURng"]}]}},"taxonomy_info":{"product_brand":[{"value":1435,"label":"Testo"}],"product_cat":[{"value":787,"label":"Building technology"},{"value":782,"label":"HVAC &amp; Property"},{"value":781,"label":"Industry"},{"value":786,"label":"IR thermometers"},{"value":768,"label":"Measuring instruments"},{"value":778,"label":"Temperature gauges"}],"product_tag":[{"value":866,"label":"Fastighet"},{"value":878,"label":"IR-termometrar"},{"value":883,"label":"Kylteknik"},{"value":965,"label":"\u00d6ver +200 \u00b0C"},{"value":964,"label":"\u00d6ver +50 \u00b0C"},{"value":912,"label":"TE typ K"},{"value":930,"label":"Under -20 \u00b0C"}]},"featured_image_src_large":["https:\/\/www.nordtec.se\/wp-content\/uploads\/2025\/10\/testo-830-T4_IR_luft_800px.png",800,800,false],"author_info":[],"comment_info":"","_links":{"self":[{"href":"https:\/\/www.nordtec.se\/en\/wp-json\/wp\/v2\/product\/55735","targetHints":{"allow":["GET"]}}],"collection":[{"href":"https:\/\/www.nordtec.se\/en\/wp-json\/wp\/v2\/product"}],"about":[{"href":"https:\/\/www.nordtec.se\/en\/wp-json\/wp\/v2\/types\/product"}],"version-history":[{"count":3,"href":"https:\/\/www.nordtec.se\/en\/wp-json\/wp\/v2\/product\/55735\/revisions"}],"predecessor-version":[{"id":55928,"href":"https:\/\/www.nordtec.se\/en\/wp-json\/wp\/v2\/product\/55735\/revisions\/55928"}],"wp:featuredmedia":[{"embeddable":true,"href":"https:\/\/www.nordtec.se\/en\/wp-json\/wp\/v2\/media\/55740"}],"wp:attachment":[{"href":"https:\/\/www.nordtec.se\/en\/wp-json\/wp\/v2\/media?parent=55735"}],"wp:term":[{"taxonomy":"product_brand","embeddable":true,"href":"https:\/\/www.nordtec.se\/en\/wp-json\/wp\/v2\/product_brand?post=55735"},{"taxonomy":"product_cat","embeddable":true,"href":"https:\/\/www.nordtec.se\/en\/wp-json\/wp\/v2\/product_cat?post=55735"},{"taxonomy":"product_tag","embeddable":true,"href":"https:\/\/www.nordtec.se\/en\/wp-json\/wp\/v2\/product_tag?post=55735"}],"curies":[{"name":"wp","href":"https:\/\/api.w.org\/{rel}","templated":true}]}}